{"id":2472,"date":"2021-02-16T17:22:13","date_gmt":"2021-02-16T17:22:13","guid":{"rendered":"https:\/\/gpsites.co\/cloud\/?page_id=9"},"modified":"2024-02-21T18:23:14","modified_gmt":"2024-02-21T18:23:14","slug":"home","status":"publish","type":"page","link":"https:\/\/esisoc.com\/de\/","title":{"rendered":"Startseite"},"content":{"rendered":"<div class=\"gb-container gb-container-6bff6dc5\">\n<div class=\"gb-container gb-container-e5987bb8\">\n<div class=\"gb-container gb-container-1441dfeb\">\n\n<h1 class=\"gb-headline gb-headline-1f9858a2 gb-headline-text\"><strong>DATEN<sup>+<\/sup>AI-L\u00f6sungen <span style=\"font-size: smaller;\"><sup><mark style=\"background-color:rgba(0, 0, 0, 0)\" class=\"has-inline-color has-base-3-color\">f\u00fcr<\/mark><\/sup><mark style=\"background-color:rgba(0, 0, 0, 0)\" class=\"has-inline-color has-accent-color\">Wachsendes Gesch\u00e4ft<\/mark><\/span><\/strong><\/h1>\n\n\n\n<p class=\"gb-headline gb-headline-3560bafb gb-headline-text\">Next-Level-L\u00f6sungen in den Bereichen Daten, KI und IT.<\/p>\n\n\n\n<div class=\"wp-block-columns is-layout-flex wp-container-core-columns-layout-1 wp-block-columns-is-layout-flex\">\n<div class=\"wp-block-column is-layout-flow wp-block-column-is-layout-flow\" style=\"flex-basis:66.66%\">\n<a class=\"gb-button gb-button-9d145d46\" href=\"https:\/\/esisoc.com\/de\/lebenslauf-einreichen\/\" target=\"_blank\" rel=\"noopener noreferrer\"><span class=\"gb-button-text\">FINDEN SIE JETZT IHREN N\u00c4CHSTEN JOB<\/span><span class=\"gb-icon\"><svg viewbox=\"0 0 16 16\" class=\"bi bi-arrow-right-short\" height=\"16\" width=\"16\" xmlns=\"http:\/\/www.w3.org\/2000\/svg\">   <path d=\"M4 8a.5.5 0 0 1 .5-.5h5.793L8.146 5.354a.5.5 0 1 1 .708-.708l3 3a.5.5 0 0 1 0 .708l-3 3a.5.5 0 0 1-.708-.708L10.293 8.5H4.5A.5.5 0 0 1 4 8z\"><\/path> <\/svg><\/span><\/a>\n<\/div>\n\n\n\n<div class=\"wp-block-column is-layout-flow wp-block-column-is-layout-flow\" style=\"flex-basis:33.33%\">\n<a class=\"gb-button gb-button-4c6d6f72\" href=\"https:\/\/esisoc.com\/de\/eine-stelle-ausschreiben\/\" target=\"_blank\" rel=\"noopener noreferrer\"><span class=\"gb-button-text\">Ich stelle ein<\/span><span class=\"gb-icon\"><svg viewbox=\"0 0 16 16\" class=\"bi bi-arrow-right-short\" height=\"16\" width=\"16\" xmlns=\"http:\/\/www.w3.org\/2000\/svg\">   <path d=\"M4 8a.5.5 0 0 1 .5-.5h5.793L8.146 5.354a.5.5 0 1 1 .708-.708l3 3a.5.5 0 0 1 0 .708l-3 3a.5.5 0 0 1-.708-.708L10.293 8.5H4.5A.5.5 0 0 1 4 8z\"><\/path> <\/svg><\/span><\/a>\n<\/div>\n<\/div>\n\n<\/div>\n<\/div>\n<\/div>\n\n<div class=\"gb-container gb-container-906045d0\">\n<div class=\"gb-container gb-container-ba6b213d\">\n\n<p class=\"gb-headline gb-headline-79a1c004\"><span class=\"gb-icon\"><svg viewbox=\"0 0 16 16\" class=\"bi bi-trophy\" height=\"16\" width=\"16\" xmlns=\"http:\/\/www.w3.org\/2000\/svg\">   <path d=\"M2.5.5A.5.5 0 0 1 3 0h10a.5.5 0 0 1 .5.5c0 .538-.012 1.05-.034 1.536a3 3 0 1 1-1.133 5.89c-.79 1.865-1.878 2.777-2.833 3.011v2.173l1.425.356c.194.048.377.135.537.255L13.3 15.1a.5.5 0 0 1-.3.9H3a.5.5 0 0 1-.3-.9l1.838-1.379c.16-.12.343-.207.537-.255L6.5 13.11v-2.173c-.955-.234-2.043-1.146-2.833-3.012a3 3 0 1 1-1.132-5.89A33.076 33.076 0 0 1 2.5.5zm.099 2.54a2 2 0 0 0 .72 3.935c-.333-1.05-.588-2.346-.72-3.935zm10.083 3.935a2 2 0 0 0 .72-3.935c-.133 1.59-.388 2.885-.72 3.935zM3.504 1c.007.517.026 1.006.056 1.469.13 2.028.457 3.546.87 4.667C5.294 9.48 6.484 10 7 10a.5.5 0 0 1 .5.5v2.61a1 1 0 0 1-.757.97l-1.426.356a.5.5 0 0 0-.179.085L4.5 15h7l-.638-.479a.501.501 0 0 0-.18-.085l-1.425-.356a1 1 0 0 1-.757-.97V10.5A.5.5 0 0 1 9 10c.516 0 1.706-.52 2.57-2.864.413-1.12.74-2.64.87-4.667.03-.463.049-.952.056-1.469H3.504z\"><\/path> <\/svg><\/span><span class=\"gb-headline-text\">Erstklassige Leistung<\/span><\/p>\n\n\n\n<p class=\"gb-headline gb-headline-54757213 gb-headline-text\">Von Clutch als f\u00fchrend im Bereich IT-Innovation ausgezeichnet.<\/p>\n\n<\/div>\n\n<div class=\"gb-container gb-container-9bc069e7\">\n\n<p class=\"gb-headline gb-headline-206f673d\"><span class=\"gb-icon\"><svg viewbox=\"0 0 16 16\" class=\"bi bi-lock\" height=\"16\" width=\"16\" xmlns=\"http:\/\/www.w3.org\/2000\/svg\">   <path d=\"M8 1a2 2 0 0 1 2 2v4H6V3a2 2 0 0 1 2-2zm3 6V3a3 3 0 0 0-6 0v4a2 2 0 0 0-2 2v5a2 2 0 0 0 2 2h6a2 2 0 0 0 2-2V9a2 2 0 0 0-2-2zM5 8h6a1 1 0 0 1 1 1v5a1 1 0 0 1-1 1H5a1 1 0 0 1-1-1V9a1 1 0 0 1 1-1z\"><\/path> <\/svg><\/span><span class=\"gb-headline-text\">Innovative L\u00f6sungen<\/span><\/p>\n\n\n\n<p>Die digitale Transformation mit modernen Strategien vorantreiben.<\/p>\n\n<\/div>\n\n<div class=\"gb-container gb-container-989b8c14\">\n\n<p class=\"gb-headline gb-headline-9bd1ddd3\"><span class=\"gb-icon\"><svg viewbox=\"0 0 16 16\" class=\"bi bi-shield-check\" height=\"16\" width=\"16\" xmlns=\"http:\/\/www.w3.org\/2000\/svg\">   <path d=\"M5.338 1.59a61.44 61.44 0 0 0-2.837.856.481.481 0 0 0-.328.39c-.554 4.157.726 7.19 2.253 9.188a10.725 10.725 0 0 0 2.287 2.233c.346.244.652.42.893.533.12.057.218.095.293.118a.55.55 0 0 0 .101.025.615.615 0 0 0 .1-.025c.076-.023.174-.061.294-.118.24-.113.547-.29.893-.533a10.726 10.726 0 0 0 2.287-2.233c1.527-1.997 2.807-5.031 2.253-9.188a.48.48 0 0 0-.328-.39c-.651-.213-1.75-.56-2.837-.855C9.552 1.29 8.531 1.067 8 1.067c-.53 0-1.552.223-2.662.524zM5.072.56C6.157.265 7.31 0 8 0s1.843.265 2.928.56c1.11.3 2.229.655 2.887.87a1.54 1.54 0 0 1 1.044 1.262c.596 4.477-.787 7.795-2.465 9.99a11.775 11.775 0 0 1-2.517 2.453 7.159 7.159 0 0 1-1.048.625c-.28.132-.581.24-.829.24s-.548-.108-.829-.24a7.158 7.158 0 0 1-1.048-.625 11.777 11.777 0 0 1-2.517-2.453C1.928 10.487.545 7.169 1.141 2.692A1.54 1.54 0 0 1 2.185 1.43 62.456 62.456 0 0 1 5.072.56z\"><\/path>   <path d=\"M10.854 5.146a.5.5 0 0 1 0 .708l-3 3a.5.5 0 0 1-.708 0l-1.5-1.5a.5.5 0 1 1 .708-.708L7.5 7.793l2.646-2.647a.5.5 0 0 1 .708 0z\"><\/path> <\/svg><\/span><span class=\"gb-headline-text\">Weltweit anerkannt<\/span><\/p>\n\n\n\n<p class=\"gb-headline gb-headline-d4d3a263 gb-headline-text\">Partner der Wahl f\u00fcr \u00fcber 1000 internationale Unternehmen.<\/p>\n\n<\/div>\n<\/div>\n\n<div class=\"gb-container gb-container-56b4537c alignwide\">\n<div class=\"gb-container gb-container-c95b6af6 alignwide\">\n<div class=\"gb-container gb-container-5d860c6d\">\n\n<div class=\"wp-block-columns is-layout-flex wp-container-core-columns-layout-2 wp-block-columns-is-layout-flex\">\n<div class=\"wp-block-column is-layout-flow wp-block-column-is-layout-flow\">\n<h1 class=\"gb-headline gb-headline-e9d1ef15 gb-headline-text\"><strong>Was ist die n\u00e4chste <\/strong><\/h1>\n\n\n\n<h1 class=\"gb-headline gb-headline-d0dc8451 gb-headline-text\"><strong>Schritt in Ihrer Karriere?<\/strong><\/h1>\n<\/div>\n\n\n\n<div class=\"wp-block-column is-layout-flow wp-block-column-is-layout-flow\">\n<a class=\"gb-button gb-button-4b314091 gb-button-text\" href=\"https:\/\/esisoc.com\/de\/arbeitsplatze\/\" target=\"_blank\" rel=\"noopener noreferrer\">FINDEN SIE JETZT IHREN N\u00c4CHSTEN JOB<\/a>\n<\/div>\n<\/div>\n\n<\/div>\n<\/div>\n<\/div>\n\n<div class=\"gb-container gb-container-ab8d6465\">\n<div class=\"gb-container gb-container-1ac9b3ae alignwide\">\n\n<h2 class=\"gb-headline gb-headline-bdd306dc gb-headline-text\"><strong>Teil einer globalen Gemeinschaft sein<\/strong><\/h2>\n\n\n\n<p>Wir haben mehr als 4.500 Fachleuten aus der ganzen Welt geholfen, ihr Leben zu ver\u00e4ndern.<\/p>\n\n\n\n<p>Sie k\u00f6nnen der N\u00e4chste sein<\/p>\n\n\n\n<a class=\"gb-button gb-button-7a66189b gb-button-text\" href=\"https:\/\/esisoc.com\/de\/registrieren\/\" target=\"_blank\" rel=\"noopener noreferrer\">JETZT ANMELDEN<\/a>\n\n<\/div>\n<\/div>\n\n<div class=\"gb-container gb-container-70e219d6\">\n\n<div class=\"wp-block-columns is-layout-flex wp-container-core-columns-layout-3 wp-block-columns-is-layout-flex\">\n<div class=\"wp-block-column is-layout-flow wp-block-column-is-layout-flow\">\n<h2 class=\"gb-headline gb-headline-c5d60cb8 gb-headline-text\"><strong>Ihre Karriere ist unser Auftrag<\/strong><\/h2>\n\n\n\n<p class=\"has-text-align-center\">Sie kennen den n\u00e4chsten Schritt, den Sie gehen wollen. Wir sind hier, um Sie auf dem Weg dorthin zu unterst\u00fctzen.<\/p>\n<\/div>\n<\/div>\n\n<\/div>\n\n<div class=\"gb-container gb-container-f7eecdb5\">\n<div class=\"gb-container gb-container-60ad3251\">\n<div class=\"gb-grid-wrapper gb-grid-wrapper-330be022\">\n<div class=\"gb-grid-column gb-grid-column-00b9f36c\"><div class=\"gb-container gb-container-00b9f36c\">\n\n<h4 class=\"gb-headline gb-headline-bafeb5f6\"><span class=\"gb-icon\"><svg viewbox=\"0 0 16 16\" class=\"bi bi-cloud-download\" height=\"16\" width=\"16\" xmlns=\"http:\/\/www.w3.org\/2000\/svg\">   <path d=\"M4.406 1.342A5.53 5.53 0 0 1 8 0c2.69 0 4.923 2 5.166 4.579C14.758 4.804 16 6.137 16 7.773 16 9.569 14.502 11 12.687 11H10a.5.5 0 0 1 0-1h2.688C13.979 10 15 8.988 15 7.773c0-1.216-1.02-2.228-2.313-2.228h-.5v-.5C12.188 2.825 10.328 1 8 1a4.53 4.53 0 0 0-2.941 1.1c-.757.652-1.153 1.438-1.153 2.055v.448l-.445.049C2.064 4.805 1 5.952 1 7.318 1 8.785 2.23 10 3.781 10H6a.5.5 0 0 1 0 1H3.781C1.708 11 0 9.366 0 7.318c0-1.763 1.266-3.223 2.942-3.593.143-.863.698-1.723 1.464-2.383z\"><\/path>   <path d=\"M7.646 15.854a.5.5 0 0 0 .708 0l3-3a.5.5 0 0 0-.708-.708L8.5 14.293V5.5a.5.5 0 0 0-1 0v8.793l-2.146-2.147a.5.5 0 0 0-.708.708l3 3z\"><\/path> <\/svg><\/span><span class=\"gb-headline-text\"><strong>Land top Jobs<\/strong><\/span><\/h4>\n\n\n\n<p>Ein Anbieter, alle Produkte f\u00fcr technische Talente, die Sie brauchen.<\/p>\n\n<\/div><\/div>\n\n<div class=\"gb-grid-column gb-grid-column-69fe2156\"><div class=\"gb-container gb-container-69fe2156\">\n\n<h4 class=\"gb-headline gb-headline-1887caaf\"><span class=\"gb-icon\"><svg viewbox=\"0 0 16 16\" class=\"bi bi-cpu\" height=\"16\" width=\"16\" xmlns=\"http:\/\/www.w3.org\/2000\/svg\">   <path d=\"M5 0a.5.5 0 0 1 .5.5V2h1V.5a.5.5 0 0 1 1 0V2h1V.5a.5.5 0 0 1 1 0V2h1V.5a.5.5 0 0 1 1 0V2A2.5 2.5 0 0 1 14 4.5h1.5a.5.5 0 0 1 0 1H14v1h1.5a.5.5 0 0 1 0 1H14v1h1.5a.5.5 0 0 1 0 1H14v1h1.5a.5.5 0 0 1 0 1H14a2.5 2.5 0 0 1-2.5 2.5v1.5a.5.5 0 0 1-1 0V14h-1v1.5a.5.5 0 0 1-1 0V14h-1v1.5a.5.5 0 0 1-1 0V14h-1v1.5a.5.5 0 0 1-1 0V14A2.5 2.5 0 0 1 2 11.5H.5a.5.5 0 0 1 0-1H2v-1H.5a.5.5 0 0 1 0-1H2v-1H.5a.5.5 0 0 1 0-1H2v-1H.5a.5.5 0 0 1 0-1H2A2.5 2.5 0 0 1 4.5 2V.5A.5.5 0 0 1 5 0zm-.5 3A1.5 1.5 0 0 0 3 4.5v7A1.5 1.5 0 0 0 4.5 13h7a1.5 1.5 0 0 0 1.5-1.5v-7A1.5 1.5 0 0 0 11.5 3h-7zM5 6.5A1.5 1.5 0 0 1 6.5 5h3A1.5 1.5 0 0 1 11 6.5v3A1.5 1.5 0 0 1 9.5 11h-3A1.5 1.5 0 0 1 5 9.5v-3zM6.5 6a.5.5 0 0 0-.5.5v3a.5.5 0 0 0 .5.5h3a.5.5 0 0 0 .5-.5v-3a.5.5 0 0 0-.5-.5h-3z\"><\/path> <\/svg><\/span><span class=\"gb-headline-text\"><strong>Employer Branding<\/strong><\/span><\/h4>\n\n\n\n<p>Steigern Sie Ihre Markenbekanntheit in Ihren Zielsegmenten, zeigen Sie Ihre Unterscheidungsmerkmale als Arbeitgeber und erh\u00f6hen Sie die Qualit\u00e4t und Quantit\u00e4t der Bewerber.<\/p>\n\n<\/div><\/div>\n\n<div class=\"gb-grid-column gb-grid-column-0e0f4ab4\"><div class=\"gb-container gb-container-0e0f4ab4\">\n\n<h4 class=\"gb-headline gb-headline-de7ff87a\"><span class=\"gb-icon\"><svg viewbox=\"0 0 16 16\" class=\"bi bi-shield-lock\" height=\"16\" width=\"16\" xmlns=\"http:\/\/www.w3.org\/2000\/svg\">   <path d=\"M5.338 1.59a61.44 61.44 0 0 0-2.837.856.481.481 0 0 0-.328.39c-.554 4.157.726 7.19 2.253 9.188a10.725 10.725 0 0 0 2.287 2.233c.346.244.652.42.893.533.12.057.218.095.293.118a.55.55 0 0 0 .101.025.615.615 0 0 0 .1-.025c.076-.023.174-.061.294-.118.24-.113.547-.29.893-.533a10.726 10.726 0 0 0 2.287-2.233c1.527-1.997 2.807-5.031 2.253-9.188a.48.48 0 0 0-.328-.39c-.651-.213-1.75-.56-2.837-.855C9.552 1.29 8.531 1.067 8 1.067c-.53 0-1.552.223-2.662.524zM5.072.56C6.157.265 7.31 0 8 0s1.843.265 2.928.56c1.11.3 2.229.655 2.887.87a1.54 1.54 0 0 1 1.044 1.262c.596 4.477-.787 7.795-2.465 9.99a11.775 11.775 0 0 1-2.517 2.453 7.159 7.159 0 0 1-1.048.625c-.28.132-.581.24-.829.24s-.548-.108-.829-.24a7.158 7.158 0 0 1-1.048-.625 11.777 11.777 0 0 1-2.517-2.453C1.928 10.487.545 7.169 1.141 2.692A1.54 1.54 0 0 1 2.185 1.43 62.456 62.456 0 0 1 5.072.56z\"><\/path>   <path d=\"M9.5 6.5a1.5 1.5 0 0 1-1 1.415l.385 1.99a.5.5 0 0 1-.491.595h-.788a.5.5 0 0 1-.49-.595l.384-1.99a1.5 1.5 0 1 1 2-1.415z\"><\/path> <\/svg><\/span><span class=\"gb-headline-text\"><strong>Plattform f\u00fcr die Personalbeschaffung<\/strong><\/span><\/h4>\n\n\n\n<p>Suchen Sie direkt aus unserer 250.000-Benutzer-Basis, verwalten Sie vorgepr\u00fcfte Fachkr\u00e4fte und integrieren Sie sie in Ihr ATS. Vom Junior Dev bis zum CTO, von ein paar bis zu Hunderten von Einstellungen.<\/p>\n\n<\/div><\/div>\n<\/div>\n<\/div>\n<\/div>\n\n<div class=\"gb-container gb-container-5d9e4e5e\">\n\n<div class=\"wp-block-columns is-layout-flex wp-container-core-columns-layout-4 wp-block-columns-is-layout-flex\">\n<div class=\"wp-block-column is-layout-flow wp-block-column-is-layout-flow\">\n<h3 class=\"gb-headline gb-headline-8cb45011 gb-headline-text\"><strong>Sie haben es in der Hand, Ihre Karriere zu lenken, wo immer Sie wollen, Ihr Leben zu verbessern und die Zukunft zu erreichen, die Sie verdienen.<br>Wir sind hier, um Ihnen dabei zu helfen.<\/strong><\/h3>\n\n\n\n<h2 class=\"gb-headline gb-headline-26119011 gb-headline-text\"><strong>Wir halten Ihnen den R\u00fccken frei.<\/strong><\/h2>\n<\/div>\n<\/div>\n\n<\/div>\n\n<div class=\"gb-container gb-container-069b3014\">\n<div class=\"gb-container gb-container-a52d310d\"><\/div>\n<\/div>\n\n<div class=\"gb-container gb-container-c24a294f\">\n<div class=\"gb-container gb-container-d95221ab\">\n\n<h3 class=\"gb-headline gb-headline-532e1c42\"><span class=\"gb-icon\"><svg xmlns=\"http:\/\/www.w3.org\/2000\/svg\" viewbox=\"0 0 8.145 54.189\"><path d=\"M4.262 40.052V0l-.439.438v39.613l.439.001zm-.439 3.853v9.845l.438.438.001-10.284-.439.001zm3.883-11.29v17.518l.439-.439V32.615h-.439zm0-8.273h.439V9.495l-.439-.439v15.286zM.439 21.074V4.056L0 4.495l.001 16.579h.438zm.001 6.274l-.439-.001v19.347l.439.439V27.348z\"><\/path><\/svg><\/span><span class=\"gb-headline-text\"><strong>Unsere Dienstleistungen<\/strong><\/span><\/h3>\n\n\n<div class=\"gb-grid-wrapper gb-grid-wrapper-0193ca1f\">\n<div class=\"gb-grid-column gb-grid-column-0cd33333\"><div class=\"gb-container gb-container-0cd33333\">\n\n<h4 class=\"gb-headline gb-headline-502f41dc\"><span class=\"gb-icon\"><svg viewbox=\"0 0 16 16\" class=\"bi bi-cloud-download\" height=\"16\" width=\"16\" xmlns=\"http:\/\/www.w3.org\/2000\/svg\">   <path d=\"M4.406 1.342A5.53 5.53 0 0 1 8 0c2.69 0 4.923 2 5.166 4.579C14.758 4.804 16 6.137 16 7.773 16 9.569 14.502 11 12.687 11H10a.5.5 0 0 1 0-1h2.688C13.979 10 15 8.988 15 7.773c0-1.216-1.02-2.228-2.313-2.228h-.5v-.5C12.188 2.825 10.328 1 8 1a4.53 4.53 0 0 0-2.941 1.1c-.757.652-1.153 1.438-1.153 2.055v.448l-.445.049C2.064 4.805 1 5.952 1 7.318 1 8.785 2.23 10 3.781 10H6a.5.5 0 0 1 0 1H3.781C1.708 11 0 9.366 0 7.318c0-1.763 1.266-3.223 2.942-3.593.143-.863.698-1.723 1.464-2.383z\"><\/path>   <path d=\"M7.646 15.854a.5.5 0 0 0 .708 0l3-3a.5.5 0 0 0-.708-.708L8.5 14.293V5.5a.5.5 0 0 0-1 0v8.793l-2.146-2.147a.5.5 0 0 0-.708.708l3 3z\"><\/path> <\/svg><\/span><span class=\"gb-headline-text\"><strong>Einfache Stellenausschreibung<\/strong><\/span><\/h4>\n\n\n\n<p class=\"gb-headline gb-headline-80733a66 gb-headline-text\">Schnelles und einfaches Einstellungsverfahren mit einem benutzerfreundlichen Dashboard f\u00fcr Inserate.<\/p>\n\n<\/div><\/div>\n\n<div class=\"gb-grid-column gb-grid-column-76a6f8c4\"><div class=\"gb-container gb-container-76a6f8c4\">\n\n<h4 class=\"gb-headline gb-headline-aff2410e\"><span class=\"gb-icon\"><svg viewbox=\"0 0 16 16\" class=\"bi bi-cpu\" height=\"16\" width=\"16\" xmlns=\"http:\/\/www.w3.org\/2000\/svg\">   <path d=\"M5 0a.5.5 0 0 1 .5.5V2h1V.5a.5.5 0 0 1 1 0V2h1V.5a.5.5 0 0 1 1 0V2h1V.5a.5.5 0 0 1 1 0V2A2.5 2.5 0 0 1 14 4.5h1.5a.5.5 0 0 1 0 1H14v1h1.5a.5.5 0 0 1 0 1H14v1h1.5a.5.5 0 0 1 0 1H14v1h1.5a.5.5 0 0 1 0 1H14a2.5 2.5 0 0 1-2.5 2.5v1.5a.5.5 0 0 1-1 0V14h-1v1.5a.5.5 0 0 1-1 0V14h-1v1.5a.5.5 0 0 1-1 0V14h-1v1.5a.5.5 0 0 1-1 0V14A2.5 2.5 0 0 1 2 11.5H.5a.5.5 0 0 1 0-1H2v-1H.5a.5.5 0 0 1 0-1H2v-1H.5a.5.5 0 0 1 0-1H2v-1H.5a.5.5 0 0 1 0-1H2A2.5 2.5 0 0 1 4.5 2V.5A.5.5 0 0 1 5 0zm-.5 3A1.5 1.5 0 0 0 3 4.5v7A1.5 1.5 0 0 0 4.5 13h7a1.5 1.5 0 0 0 1.5-1.5v-7A1.5 1.5 0 0 0 11.5 3h-7zM5 6.5A1.5 1.5 0 0 1 6.5 5h3A1.5 1.5 0 0 1 11 6.5v3A1.5 1.5 0 0 1 9.5 11h-3A1.5 1.5 0 0 1 5 9.5v-3zM6.5 6a.5.5 0 0 0-.5.5v3a.5.5 0 0 0 .5.5h3a.5.5 0 0 0 .5-.5v-3a.5.5 0 0 0-.5-.5h-3z\"><\/path> <\/svg><\/span><span class=\"gb-headline-text\"><strong>Gezielte Talente<\/strong><\/span><\/h4>\n\n\n\n<p class=\"gb-headline gb-headline-f14fd155 gb-headline-text\">Direkter Zugang zu einem Nischenpool von IT-Experten, der qualitativ hochwertige Anwendungen gew\u00e4hrleistet.<\/p>\n\n<\/div><\/div>\n\n<div class=\"gb-grid-column gb-grid-column-3a777be8\"><div class=\"gb-container gb-container-3a777be8\">\n\n<h4 class=\"gb-headline gb-headline-963e4511\"><span class=\"gb-icon\"><svg viewbox=\"0 0 16 16\" class=\"bi bi-shield-lock\" height=\"16\" width=\"16\" xmlns=\"http:\/\/www.w3.org\/2000\/svg\">   <path d=\"M5.338 1.59a61.44 61.44 0 0 0-2.837.856.481.481 0 0 0-.328.39c-.554 4.157.726 7.19 2.253 9.188a10.725 10.725 0 0 0 2.287 2.233c.346.244.652.42.893.533.12.057.218.095.293.118a.55.55 0 0 0 .101.025.615.615 0 0 0 .1-.025c.076-.023.174-.061.294-.118.24-.113.547-.29.893-.533a10.726 10.726 0 0 0 2.287-2.233c1.527-1.997 2.807-5.031 2.253-9.188a.48.48 0 0 0-.328-.39c-.651-.213-1.75-.56-2.837-.855C9.552 1.29 8.531 1.067 8 1.067c-.53 0-1.552.223-2.662.524zM5.072.56C6.157.265 7.31 0 8 0s1.843.265 2.928.56c1.11.3 2.229.655 2.887.87a1.54 1.54 0 0 1 1.044 1.262c.596 4.477-.787 7.795-2.465 9.99a11.775 11.775 0 0 1-2.517 2.453 7.159 7.159 0 0 1-1.048.625c-.28.132-.581.24-.829.24s-.548-.108-.829-.24a7.158 7.158 0 0 1-1.048-.625 11.777 11.777 0 0 1-2.517-2.453C1.928 10.487.545 7.169 1.141 2.692A1.54 1.54 0 0 1 2.185 1.43 62.456 62.456 0 0 1 5.072.56z\"><\/path>   <path d=\"M9.5 6.5a1.5 1.5 0 0 1-1 1.415l.385 1.99a.5.5 0 0 1-.491.595h-.788a.5.5 0 0 1-.49-.595l.384-1.99a1.5 1.5 0 1 1 2-1.415z\"><\/path> <\/svg><\/span><span class=\"gb-headline-text\"><strong>Employer Branding<\/strong><\/span><\/h4>\n\n\n\n<p class=\"gb-headline gb-headline-10d42bcb gb-headline-text\">Steigern Sie Ihre Attraktivit\u00e4t f\u00fcr Bewerber, indem Sie Ihre Unternehmenskultur und Ihre Werte darstellen.<\/p>\n\n<\/div><\/div>\n\n<div class=\"gb-grid-column gb-grid-column-8412f109\"><div class=\"gb-container gb-container-8412f109\">\n\n<h4 class=\"gb-headline gb-headline-b514b27b\"><span class=\"gb-icon\"><svg viewbox=\"0 0 16 16\" class=\"bi bi-save\" height=\"16\" width=\"16\" xmlns=\"http:\/\/www.w3.org\/2000\/svg\">   <path d=\"M2 1a1 1 0 0 0-1 1v12a1 1 0 0 0 1 1h12a1 1 0 0 0 1-1V2a1 1 0 0 0-1-1H9.5a1 1 0 0 0-1 1v7.293l2.646-2.647a.5.5 0 0 1 .708.708l-3.5 3.5a.5.5 0 0 1-.708 0l-3.5-3.5a.5.5 0 1 1 .708-.708L7.5 9.293V2a2 2 0 0 1 2-2H14a2 2 0 0 1 2 2v12a2 2 0 0 1-2 2H2a2 2 0 0 1-2-2V2a2 2 0 0 1 2-2h2.5a.5.5 0 0 1 0 1H2z\"><\/path> <\/svg><\/span><span class=\"gb-headline-text\"><strong>Job-Management-Tools<\/strong><\/span><\/h4>\n\n\n\n<p class=\"gb-headline gb-headline-faa509b3 gb-headline-text\">Effiziente Verwaltung: Einfaches Verfolgen, Verwalten und Analysieren von Stellenangeboten.<\/p>\n\n<\/div><\/div>\n<\/div>\n\n\n<a class=\"gb-button gb-button-888e0b19\" href=\"https:\/\/esisoc.com\/de\/dienstleistungen\/\" target=\"_blank\" rel=\"noopener noreferrer\"><span class=\"gb-button-text\">Mehr erfahren<\/span><span class=\"gb-icon\"><svg viewbox=\"0 0 16 16\" class=\"bi bi-arrow-right-short\" height=\"16\" width=\"16\" xmlns=\"http:\/\/www.w3.org\/2000\/svg\">   <path d=\"M4 8a.5.5 0 0 1 .5-.5h5.793L8.146 5.354a.5.5 0 1 1 .708-.708l3 3a.5.5 0 0 1 0 .708l-3 3a.5.5 0 0 1-.708-.708L10.293 8.5H4.5A.5.5 0 0 1 4 8z\"><\/path> <\/svg><\/span><\/a>\n\n<\/div>\n<\/div>\n\n<div class=\"gb-container gb-container-6fff4a51\"><\/div>","protected":false},"excerpt":{"rendered":"<p>DATA+AI Solutions forGrowing Business L\u00f6sungen der n\u00e4chsten Generation f\u00fcr Daten, KI und IT. Premier Excellence Von Clutch als f\u00fchrend im Bereich IT-Innovation ausgezeichnet. Innovative L\u00f6sungen F\u00f6rderung der digitalen Transformation mit modernsten Strategien. Global Endorsed Partner of Choice f\u00fcr \u00fcber 1000 internationale Unternehmen. Was ist der n\u00e4chste Schritt in Ihrer Karriere? Werden Sie Teil einer globalen Gemeinschaft Wir haben ... Weiterlesen ... <a title=\"Startseite\" class=\"read-more\" href=\"https:\/\/esisoc.com\/de\/\" aria-label=\"Mehr Informationen \u00fcber Home\">Weiterlesen &#8230;<\/a><\/p>","protected":false},"author":2,"featured_media":0,"parent":0,"menu_order":0,"comment_status":"closed","ping_status":"closed","template":"","meta":{"footnotes":""},"yoast_head":"<!-- This site is optimized with the Yoast SEO Premium plugin v21.9 (Yoast SEO v21.9.1) - https:\/\/yoast.com\/wordpress\/plugins\/seo\/ -->\n<title>Home - ESISOC | ESSID Solutions<\/title>\n<meta name=\"robots\" content=\"index, follow, max-snippet:-1, max-image-preview:large, max-video-preview:-1\" \/>\n<link rel=\"canonical\" href=\"https:\/\/esisoc.com\/de\/\" \/>\n<meta property=\"og:locale\" content=\"de_DE\" \/>\n<meta property=\"og:type\" content=\"article\" \/>\n<meta property=\"og:title\" content=\"Home\" \/>\n<meta property=\"og:description\" content=\"DATA+AI Solutions forGrowing Business Next-Level Solutions in Data, AI, and IT. Premier Excellence Distinguished as a leader by Clutch in IT innovation. Innovative Solutions Driving digital transformation with state-of-the-art strategies. Globally Endorsed Partner of choice for over 1000 international firms. What\u2019s the next step in your career? Be part of a global community We\u2019ve helped ... Weiterlesen ...\" \/>\n<meta property=\"og:url\" content=\"https:\/\/esisoc.com\/de\/\" \/>\n<meta property=\"og:site_name\" content=\"ESISOC | ESSID Solutions\" \/>\n<meta property=\"article:modified_time\" content=\"2024-02-21T18:23:14+00:00\" \/>\n<meta name=\"twitter:card\" content=\"summary_large_image\" \/>\n<meta name=\"twitter:label1\" content=\"Gesch\u00e4tzte Lesezeit\" \/>\n\t<meta name=\"twitter:data1\" content=\"2\u00a0Minuten\" \/>\n<script type=\"application\/ld+json\" class=\"yoast-schema-graph\">{\"@context\":\"https:\/\/schema.org\",\"@graph\":[{\"@type\":\"WebPage\",\"@id\":\"https:\/\/esisoc.com\/\",\"url\":\"https:\/\/esisoc.com\/\",\"name\":\"Home - ESISOC | ESSID Solutions\",\"isPartOf\":{\"@id\":\"https:\/\/esisoc.com\/#website\"},\"datePublished\":\"2021-02-16T17:22:13+00:00\",\"dateModified\":\"2024-02-21T18:23:14+00:00\",\"breadcrumb\":{\"@id\":\"https:\/\/esisoc.com\/#breadcrumb\"},\"inLanguage\":\"de\",\"potentialAction\":[{\"@type\":\"ReadAction\",\"target\":[\"https:\/\/esisoc.com\/\"]}]},{\"@type\":\"BreadcrumbList\",\"@id\":\"https:\/\/esisoc.com\/#breadcrumb\",\"itemListElement\":[{\"@type\":\"ListItem\",\"position\":1,\"name\":\"Home\",\"item\":\"https:\/\/esisoc.com\/\"},{\"@type\":\"ListItem\",\"position\":2,\"name\":\"Home\"}]},{\"@type\":\"WebSite\",\"@id\":\"https:\/\/esisoc.com\/#website\",\"url\":\"https:\/\/esisoc.com\/\",\"name\":\"ESISOC | ESSID Solutions\",\"description\":\"Data Science Consulting and AI | Online Books, Videos, Courses and more\",\"publisher\":{\"@id\":\"https:\/\/esisoc.com\/#organization\"},\"potentialAction\":[{\"@type\":\"SearchAction\",\"target\":{\"@type\":\"EntryPoint\",\"urlTemplate\":\"https:\/\/esisoc.com\/?s={search_term_string}\"},\"query-input\":\"required name=search_term_string\"}],\"inLanguage\":\"de\"},{\"@type\":\"Organization\",\"@id\":\"https:\/\/esisoc.com\/#organization\",\"name\":\"ESISOC | ESSID Solutions\",\"url\":\"https:\/\/esisoc.com\/\",\"logo\":{\"@type\":\"ImageObject\",\"inLanguage\":\"de\",\"@id\":\"https:\/\/esisoc.com\/#\/schema\/logo\/image\/\",\"url\":\"https:\/\/esisoc.com\/wp-content\/uploads\/2024\/02\/logo-esisoc.png\",\"contentUrl\":\"https:\/\/esisoc.com\/wp-content\/uploads\/2024\/02\/logo-esisoc.png\",\"width\":350,\"height\":63,\"caption\":\"ESISOC | ESSID Solutions\"},\"image\":{\"@id\":\"https:\/\/esisoc.com\/#\/schema\/logo\/image\/\"}}]}<\/script>\n<!-- \/ Yoast SEO Premium plugin. -->","yoast_head_json":{"title":"Home - ESISOC | ESSID Solutions","robots":{"index":"index","follow":"follow","max-snippet":"max-snippet:-1","max-image-preview":"max-image-preview:large","max-video-preview":"max-video-preview:-1"},"canonical":"https:\/\/esisoc.com\/de\/","og_locale":"de_DE","og_type":"article","og_title":"Home","og_description":"DATA+AI Solutions forGrowing Business Next-Level Solutions in Data, AI, and IT. Premier Excellence Distinguished as a leader by Clutch in IT innovation. Innovative Solutions Driving digital transformation with state-of-the-art strategies. Globally Endorsed Partner of choice for over 1000 international firms. What\u2019s the next step in your career? Be part of a global community We\u2019ve helped ... Weiterlesen ...","og_url":"https:\/\/esisoc.com\/de\/","og_site_name":"ESISOC | ESSID Solutions","article_modified_time":"2024-02-21T18:23:14+00:00","twitter_card":"summary_large_image","twitter_misc":{"Gesch\u00e4tzte Lesezeit":"2\u00a0Minuten"},"schema":{"@context":"https:\/\/schema.org","@graph":[{"@type":"WebPage","@id":"https:\/\/esisoc.com\/","url":"https:\/\/esisoc.com\/","name":"Home - ESISOC | ESSID Solutions","isPartOf":{"@id":"https:\/\/esisoc.com\/#website"},"datePublished":"2021-02-16T17:22:13+00:00","dateModified":"2024-02-21T18:23:14+00:00","breadcrumb":{"@id":"https:\/\/esisoc.com\/#breadcrumb"},"inLanguage":"de","potentialAction":[{"@type":"ReadAction","target":["https:\/\/esisoc.com\/"]}]},{"@type":"BreadcrumbList","@id":"https:\/\/esisoc.com\/#breadcrumb","itemListElement":[{"@type":"ListItem","position":1,"name":"Home","item":"https:\/\/esisoc.com\/"},{"@type":"ListItem","position":2,"name":"Home"}]},{"@type":"WebSite","@id":"https:\/\/esisoc.com\/#website","url":"https:\/\/esisoc.com\/","name":"ESISOC | ESSID Solutions","description":"Data Science Consulting and AI | Online Books, Videos, Courses and more","publisher":{"@id":"https:\/\/esisoc.com\/#organization"},"potentialAction":[{"@type":"SearchAction","target":{"@type":"EntryPoint","urlTemplate":"https:\/\/esisoc.com\/?s={search_term_string}"},"query-input":"required name=search_term_string"}],"inLanguage":"de"},{"@type":"Organization","@id":"https:\/\/esisoc.com\/#organization","name":"ESISOC | ESSID Solutions","url":"https:\/\/esisoc.com\/","logo":{"@type":"ImageObject","inLanguage":"de","@id":"https:\/\/esisoc.com\/#\/schema\/logo\/image\/","url":"https:\/\/esisoc.com\/wp-content\/uploads\/2024\/02\/logo-esisoc.png","contentUrl":"https:\/\/esisoc.com\/wp-content\/uploads\/2024\/02\/logo-esisoc.png","width":350,"height":63,"caption":"ESISOC | ESSID Solutions"},"image":{"@id":"https:\/\/esisoc.com\/#\/schema\/logo\/image\/"}}]}},"_links":{"self":[{"href":"https:\/\/esisoc.com\/de\/wp-json\/wp\/v2\/pages\/2472"}],"collection":[{"href":"https:\/\/esisoc.com\/de\/wp-json\/wp\/v2\/pages"}],"about":[{"href":"https:\/\/esisoc.com\/de\/wp-json\/wp\/v2\/types\/page"}],"author":[{"embeddable":true,"href":"https:\/\/esisoc.com\/de\/wp-json\/wp\/v2\/users\/2"}],"replies":[{"embeddable":true,"href":"https:\/\/esisoc.com\/de\/wp-json\/wp\/v2\/comments?post=2472"}],"version-history":[{"count":51,"href":"https:\/\/esisoc.com\/de\/wp-json\/wp\/v2\/pages\/2472\/revisions"}],"predecessor-version":[{"id":3309,"href":"https:\/\/esisoc.com\/de\/wp-json\/wp\/v2\/pages\/2472\/revisions\/3309"}],"wp:attachment":[{"href":"https:\/\/esisoc.com\/de\/wp-json\/wp\/v2\/media?parent=2472"}],"curies":[{"name":"wp","href":"https:\/\/api.w.org\/{rel}","templated":true}]}}