{"id":2511,"date":"2024-02-17T21:43:51","date_gmt":"2024-02-17T21:43:51","guid":{"rendered":"https:\/\/esisoc.com\/post-a-job\/"},"modified":"2024-02-17T21:43:51","modified_gmt":"2024-02-17T21:43:51","slug":"post-a-job","status":"publish","type":"page","link":"https:\/\/esisoc.com\/de\/eine-stelle-ausschreiben\/","title":{"rendered":"Job ausschreiben"},"content":{"rendered":"<form action=\"\/de\/wp-json\/wp\/v2\/pages\/2511\" method=\"post\" id=\"submit-job-form\" class=\"job-manager-form\" enctype=\"multipart\/form-data\" data-trp-original-action=\"\/de\/wp-json\/wp\/v2\/pages\/2511\">\n\n\t\n\t\n\t\n\t\t\t<fieldset class=\"fieldset-login_required\">\n\t\t<label>Bereits einen Account?<\/label>\n\t\t<div class=\"field account-sign-in\">\n\t\t\t<a class=\"button\" href=\"https:\/\/esisoc.com\/de\/sich-anmelden\/?redirect_to=https%3A%2F%2Fesisoc.com%2Fde%2Feine-stelle-ausschreiben%2F\">Anmelden<\/a>\n\n\t\t\t\n\t\t\t\tWenn du kein Konto hast, kannst du unten ein Konto erstellen, indem du deine E-Mail-Adresse und deinen Benutzername eingibst.\t\t\t\t\t\t\t\t\tDie Kontodaten werden per E-Mail best\u00e4tigt.\t\t\t\t\n\t\t\t\t\t<\/div>\n\t<\/fieldset>\n\t\t\t\t<fieldset class=\"fieldset-create_account_email\">\n\t\t\t\t<label\n\t\t\t\t\tfor=\"create_account_email\">Ihre E-Mail-Adresse<\/label>\n\t\t\t\t<div class=\"field required-field draft-required\">\n\t\t\t\t\t<input type=\"text\" class=\"input-text\" name=\"create_account_email\" id=\"create_account_email\" placeholder=\"ihre@email.de\" value=\"\" maxlength=\"\" required \/>\n\t\t\t\t<\/div>\n\t\t\t<\/fieldset>\n\t\t\t\n\t\n\t\n\t\t<!-- Job Information Fields -->\n\t\t\n\t\t\t\t\t<fieldset class=\"fieldset-job_title fieldset-type-text\">\n\t\t\t\t<label for=\"job_title\">Berufsbezeichnung<\/label>\n\t\t\t\t<div class=\"field required-field\">\n\t\t\t\t\t<input type=\"text\" class=\"input-text\" name=\"job_title\" id=\"job_title\" placeholder=\"\" value=\"\" maxlength=\"\" required \/>\n\t\t\t\t<\/div>\n\t\t\t<\/fieldset>\n\t\t\t\t\t<fieldset class=\"fieldset-job_location fieldset-type-text\">\n\t\t\t\t<label for=\"job_location\">Arbeitsort <small>(optional)<\/small><\/label>\n\t\t\t\t<div class=\"field\">\n\t\t\t\t\t<input type=\"text\" class=\"input-text\" name=\"job_location\" id=\"job_location\" placeholder=\"z.B. &quot;Berlin&quot;\" value=\"\" maxlength=\"\"  \/>\n<small class=\"description\">Lasst dieses Feld leer, wenn der Ort nicht wichtig ist<\/small>\t\t\t\t<\/div>\n\t\t\t<\/fieldset>\n\t\t\t\t\t<fieldset class=\"fieldset-remote_position fieldset-type-checkbox\">\n\t\t\t\t<label for=\"remote_position\">Entfernte Position <small>(optional)<\/small><\/label>\n\t\t\t\t<div class=\"field\">\n\t\t\t\t\t<input type=\"checkbox\" class=\"input-checkbox\" name=\"remote_position\" id=\"remote_position\"  value=\"1\"  \/>\n<small class=\"description\">W\u00e4hlen Sie aus, ob es sich um eine Remote Position handelt.<\/small>\t\t\t\t<\/div>\n\t\t\t<\/fieldset>\n\t\t\t\t\t<fieldset class=\"fieldset-job_type fieldset-type-term-multiselect\">\n\t\t\t\t<label for=\"job_type\">Job Art<\/label>\n\t\t\t\t<div class=\"field required-field\">\n\t\t\t\t\t<select name='job_type[]' id='job_type' class='job-manager-category-dropdown' multiple='multiple' data-placeholder='W\u00e4hle eine Jobart&hellip;' data-no_results_text='Keine passenden Ergebnisse' data-multiple_text='Optionen ausw\u00e4hlen'>\n\t<option class=\"level-0\" value=\"24\">Freiberuflich<\/option>\n\t<option class=\"level-0\" value=\"21\" selected=\"selected\">Vollzeit<\/option>\n\t<option class=\"level-0\" value=\"25\">Praktikum<\/option>\n\t<option class=\"level-0\" value=\"22\">Halbtags<\/option>\n\t<option class=\"level-0\" value=\"23\">Vor\u00fcbergehend<\/option>\n<\/select>\n\t\t\t\t<\/div>\n\t\t\t<\/fieldset>\n\t\t\t\t\t<fieldset class=\"fieldset-job_description fieldset-type-wp-editor\">\n\t\t\t\t<label for=\"job_description\">Beschreibung<\/label>\n\t\t\t\t<div class=\"field required-field\">\n\t\t\t\t\t<div id=\"wp-job_description-wrap\" class=\"wp-core-ui wp-editor-wrap tmce-active\"><link rel='stylesheet' id='dashicons-css' href='https:\/\/esisoc.com\/wp-includes\/css\/dashicons.min.css?ver=6.4.8' media='all' \/>\n<link rel='stylesheet' id='editor-buttons-css' href='https:\/\/esisoc.com\/wp-includes\/css\/editor.min.css?ver=6.4.8' media='all' \/>\n<style> .mce-top-part button { background-color: rgba(0,0,0,0.0) !important; } <\/style>\n<div id=\"wp-job_description-editor-container\" class=\"wp-editor-container\"><textarea class=\"wp-editor-area\" rows=\"8\" autocomplete=\"off\" cols=\"40\" name=\"job_description\" id=\"job_description\"><\/textarea><\/div>\n<\/div>\n\n\t\t\t\t<\/div>\n\t\t\t<\/fieldset>\n\t\t\t\t\t<fieldset class=\"fieldset-job_schedule_listing fieldset-type-date\">\n\t\t\t\t<label for=\"job_schedule_listing\">Geplantes Datum <small>(optional)<\/small><\/label>\n\t\t\t\t<div class=\"field\">\n\t\t\t\t\t<input type=\"text\" class=\"input-date job-manager-datepicker\" name=\"job_schedule_listing\" id=\"job_schedule_listing\" placeholder=\"\" value=\"\"  \/>\n<small class=\"description\">Legen Sie optional das Datum fest, an dem dieser Eintrag ver\u00f6ffentlicht werden soll.<\/small>\t\t\t\t<\/div>\n\t\t\t<\/fieldset>\n\t\t\t\t\t<fieldset class=\"fieldset-application fieldset-type-text\">\n\t\t\t\t<label for=\"application\">E-Mail oder URL f\u00fcr Bewerbung<\/label>\n\t\t\t\t<div class=\"field required-field\">\n\t\t\t\t\t<input type=\"text\" class=\"input-text\" name=\"application\" id=\"application\" placeholder=\"Geben Sie eine E-Mailadresse oder Webseiten URL ein\" value=\"\" maxlength=\"\" required \/>\n\t\t\t\t<\/div>\n\t\t\t<\/fieldset>\n\t\t\t\t\t<fieldset class=\"fieldset-job_salary fieldset-type-text\">\n\t\t\t\t<label for=\"job_salary\">Gehalt <small>(optional)<\/small><\/label>\n\t\t\t\t<div class=\"field\">\n\t\t\t\t\t<input type=\"text\" class=\"input-text\" name=\"job_salary\" id=\"job_salary\" placeholder=\"z.B. 20000\" value=\"\" maxlength=\"\"  \/>\n\t\t\t\t<\/div>\n\t\t\t<\/fieldset>\n\t\t\t\t\t<fieldset class=\"fieldset-job_salary_currency fieldset-type-text\">\n\t\t\t\t<label for=\"job_salary_currency\">Gehaltsw\u00e4hrung <small>(optional)<\/small><\/label>\n\t\t\t\t<div class=\"field\">\n\t\t\t\t\t<input type=\"text\" class=\"input-text\" name=\"job_salary_currency\" id=\"job_salary_currency\" placeholder=\"z. B. EUR\" value=\"\" maxlength=\"\"  \/>\n<small class=\"description\">F\u00fcgen Sie eine Gehaltsw\u00e4hrung hinzu, dieses Feld ist optional. Lassen Sie es leer, um die Standard-Gehaltsw\u00e4hrung zu verwenden.<\/small>\t\t\t\t<\/div>\n\t\t\t<\/fieldset>\n\t\t\t\t\t<fieldset class=\"fieldset-job_salary_unit fieldset-type-select\">\n\t\t\t\t<label for=\"job_salary_unit\">Gehaltseinheit <small>(optional)<\/small><\/label>\n\t\t\t\t<div class=\"field\">\n\t\t\t\t\t<select name=\"job_salary_unit\" id=\"job_salary_unit\"  autocomplete=\"off\">\n\t\t\t<option value=\"\" >--<\/option>\n\t\t\t<option value=\"YEAR\" >Jahr<\/option>\n\t\t\t<option value=\"MONTH\" >Monat<\/option>\n\t\t\t<option value=\"WEEK\" >Woche<\/option>\n\t\t\t<option value=\"DAY\" >Tag<\/option>\n\t\t\t<option value=\"HOUR\" >Stunde<\/option>\n\t<\/select>\n<small class=\"description\">F\u00fcgen Sie eine Gehaltsperiode hinzu. Dieses Feld ist optional. Leer f\u00fcr Standard Zahlungszeitraum, sofern definiert.<\/small>\t\t\t\t<\/div>\n\t\t\t<\/fieldset>\n\t\t\n\t\t\n\t\t<!-- Company Information Fields -->\n\t\t\t\t\t<h2>Firmendetails<\/h2>\n\n\t\t\t\n\t\t\t\t\t\t\t<fieldset class=\"fieldset-company_name fieldset-type-text\">\n\t\t\t\t\t<label for=\"company_name\">Firmenname<\/label>\n\t\t\t\t\t<div class=\"field required-field\">\n\t\t\t\t\t\t<input type=\"text\" class=\"input-text\" name=\"company_name\" id=\"company_name\" placeholder=\"Gib den Unternehmensnamen ein\" value=\"\" maxlength=\"\" required \/>\n\t\t\t\t\t<\/div>\n\t\t\t\t<\/fieldset>\n\t\t\t\t\t\t\t<fieldset class=\"fieldset-company_website fieldset-type-text\">\n\t\t\t\t\t<label for=\"company_website\">Webseite <small>(optional)<\/small><\/label>\n\t\t\t\t\t<div class=\"field\">\n\t\t\t\t\t\t<input type=\"text\" class=\"input-text\" name=\"company_website\" id=\"company_website\" placeholder=\"http:\/\/\" value=\"\" maxlength=\"\"  \/>\n\t\t\t\t\t<\/div>\n\t\t\t\t<\/fieldset>\n\t\t\t\t\t\t\t<fieldset class=\"fieldset-company_tagline fieldset-type-text\">\n\t\t\t\t\t<label for=\"company_tagline\">Untertitel <small>(optional)<\/small><\/label>\n\t\t\t\t\t<div class=\"field\">\n\t\t\t\t\t\t<input type=\"text\" class=\"input-text\" name=\"company_tagline\" id=\"company_tagline\" placeholder=\"Beschreiben Sie kurz Ihr Unternehmen\" value=\"\" maxlength=\"64\"  \/>\n\t\t\t\t\t<\/div>\n\t\t\t\t<\/fieldset>\n\t\t\t\t\t\t\t<fieldset class=\"fieldset-company_video fieldset-type-text\">\n\t\t\t\t\t<label for=\"company_video\">Video <small>(optional)<\/small><\/label>\n\t\t\t\t\t<div class=\"field\">\n\t\t\t\t\t\t<input type=\"text\" class=\"input-text\" name=\"company_video\" id=\"company_video\" placeholder=\"Ein Link zu einem Video \u00fcber dein Unternehmen\" value=\"\" maxlength=\"\"  \/>\n\t\t\t\t\t<\/div>\n\t\t\t\t<\/fieldset>\n\t\t\t\t\t\t\t<fieldset class=\"fieldset-company_twitter fieldset-type-text\">\n\t\t\t\t\t<label for=\"company_twitter\">Twitter-Benutzername <small>(optional)<\/small><\/label>\n\t\t\t\t\t<div class=\"field\">\n\t\t\t\t\t\t<input type=\"text\" class=\"input-text\" name=\"company_twitter\" id=\"company_twitter\" placeholder=\"@IhreFirma\" value=\"\" maxlength=\"\"  \/>\n\t\t\t\t\t<\/div>\n\t\t\t\t<\/fieldset>\n\t\t\t\t\t\t\t<fieldset class=\"fieldset-company_logo fieldset-type-file\">\n\t\t\t\t\t<label for=\"company_logo\">Logo <small>(optional)<\/small><\/label>\n\t\t\t\t\t<div class=\"field\">\n\t\t\t\t\t\t<div class=\"job-manager-uploaded-files\">\n\t<\/div>\n\n<input\n\ttype=\"file\"\n\tclass=\"input-text\"\n\tdata-file_types=\"jpg|jpeg|gif|png\"\n\t\t\t\tname=\"company_logo\"\n\tid=\"company_logo\"\n\tplaceholder=\"\"\n\/>\n<small class=\"description\">\n\t\t\tMaximale Dateigr\u00f6\u00dfe: 6 GB.\t<\/small>\n\t\t\t\t\t<\/div>\n\t\t\t\t<\/fieldset>\n\t\t\t\n\t\t\t\t\t\n\t\t\n\t\t<p>\n\t\t\t<input type=\"hidden\" name=\"job_manager_form\" value=\"submit-job\" \/>\n\t\t\t<input type=\"hidden\" name=\"job_id\" value=\"0\" \/>\n\t\t\t<input type=\"hidden\" name=\"step\" value=\"0\" \/>\n\t\t\t<input type=\"submit\" name=\"submit_job\" class=\"button\" value=\"Vorschau\" \/>\n\t\t\t<input type=\"submit\" name=\"save_draft\" class=\"button secondary save_draft\" value=\"Entwurf speichern\" formnovalidate \/>\t\t\t<span class=\"spinner\" style=\"background-image: url(https:\/\/esisoc.com\/wp-includes\/images\/spinner.gif);\"><\/span>\n\t\t<\/p>\n\n\t<input type=\"hidden\" name=\"trp-form-language\" value=\"de\"\/><\/form>","protected":false},"excerpt":{"rendered":"","protected":false},"author":1,"featured_media":0,"parent":0,"menu_order":0,"comment_status":"closed","ping_status":"closed","template":"","meta":{"footnotes":""},"yoast_head":"<!-- This site is optimized with the Yoast SEO Premium plugin v21.9 (Yoast SEO v21.9.1) - https:\/\/yoast.com\/wordpress\/plugins\/seo\/ -->\n<title>Post a Job - ESISOC | ESSID Solutions<\/title>\n<meta name=\"robots\" content=\"index, follow, max-snippet:-1, max-image-preview:large, max-video-preview:-1\" \/>\n<link rel=\"canonical\" href=\"https:\/\/esisoc.com\/de\/eine-stelle-ausschreiben\/\" \/>\n<meta property=\"og:locale\" content=\"de_DE\" \/>\n<meta property=\"og:type\" content=\"article\" \/>\n<meta property=\"og:title\" content=\"Post a Job\" \/>\n<meta property=\"og:url\" content=\"https:\/\/esisoc.com\/de\/eine-stelle-ausschreiben\/\" \/>\n<meta property=\"og:site_name\" content=\"ESISOC | ESSID Solutions\" \/>\n<meta name=\"twitter:card\" content=\"summary_large_image\" \/>\n<script type=\"application\/ld+json\" class=\"yoast-schema-graph\">{\"@context\":\"https:\/\/schema.org\",\"@graph\":[{\"@type\":\"WebPage\",\"@id\":\"https:\/\/esisoc.com\/post-a-job\/\",\"url\":\"https:\/\/esisoc.com\/post-a-job\/\",\"name\":\"Post a Job - ESISOC | ESSID Solutions\",\"isPartOf\":{\"@id\":\"https:\/\/esisoc.com\/#website\"},\"datePublished\":\"2024-02-17T21:43:51+00:00\",\"dateModified\":\"2024-02-17T21:43:51+00:00\",\"breadcrumb\":{\"@id\":\"https:\/\/esisoc.com\/post-a-job\/#breadcrumb\"},\"inLanguage\":\"de\",\"potentialAction\":[{\"@type\":\"ReadAction\",\"target\":[\"https:\/\/esisoc.com\/post-a-job\/\"]}]},{\"@type\":\"BreadcrumbList\",\"@id\":\"https:\/\/esisoc.com\/post-a-job\/#breadcrumb\",\"itemListElement\":[{\"@type\":\"ListItem\",\"position\":1,\"name\":\"Home\",\"item\":\"https:\/\/esisoc.com\/\"},{\"@type\":\"ListItem\",\"position\":2,\"name\":\"Post a Job\"}]},{\"@type\":\"WebSite\",\"@id\":\"https:\/\/esisoc.com\/#website\",\"url\":\"https:\/\/esisoc.com\/\",\"name\":\"ESISOC | ESSID Solutions\",\"description\":\"Data Science Consulting and AI | Online Books, Videos, Courses and more\",\"publisher\":{\"@id\":\"https:\/\/esisoc.com\/#organization\"},\"potentialAction\":[{\"@type\":\"SearchAction\",\"target\":{\"@type\":\"EntryPoint\",\"urlTemplate\":\"https:\/\/esisoc.com\/?s={search_term_string}\"},\"query-input\":\"required name=search_term_string\"}],\"inLanguage\":\"de\"},{\"@type\":\"Organization\",\"@id\":\"https:\/\/esisoc.com\/#organization\",\"name\":\"ESISOC | ESSID Solutions\",\"url\":\"https:\/\/esisoc.com\/\",\"logo\":{\"@type\":\"ImageObject\",\"inLanguage\":\"de\",\"@id\":\"https:\/\/esisoc.com\/#\/schema\/logo\/image\/\",\"url\":\"https:\/\/esisoc.com\/wp-content\/uploads\/2024\/02\/logo-esisoc.png\",\"contentUrl\":\"https:\/\/esisoc.com\/wp-content\/uploads\/2024\/02\/logo-esisoc.png\",\"width\":350,\"height\":63,\"caption\":\"ESISOC | ESSID Solutions\"},\"image\":{\"@id\":\"https:\/\/esisoc.com\/#\/schema\/logo\/image\/\"}}]}<\/script>\n<!-- \/ Yoast SEO Premium plugin. -->","yoast_head_json":{"title":"Post a Job - ESISOC | ESSID Solutions","robots":{"index":"index","follow":"follow","max-snippet":"max-snippet:-1","max-image-preview":"max-image-preview:large","max-video-preview":"max-video-preview:-1"},"canonical":"https:\/\/esisoc.com\/de\/eine-stelle-ausschreiben\/","og_locale":"de_DE","og_type":"article","og_title":"Post a Job","og_url":"https:\/\/esisoc.com\/de\/eine-stelle-ausschreiben\/","og_site_name":"ESISOC | ESSID Solutions","twitter_card":"summary_large_image","schema":{"@context":"https:\/\/schema.org","@graph":[{"@type":"WebPage","@id":"https:\/\/esisoc.com\/post-a-job\/","url":"https:\/\/esisoc.com\/post-a-job\/","name":"Post a Job - ESISOC | ESSID Solutions","isPartOf":{"@id":"https:\/\/esisoc.com\/#website"},"datePublished":"2024-02-17T21:43:51+00:00","dateModified":"2024-02-17T21:43:51+00:00","breadcrumb":{"@id":"https:\/\/esisoc.com\/post-a-job\/#breadcrumb"},"inLanguage":"de","potentialAction":[{"@type":"ReadAction","target":["https:\/\/esisoc.com\/post-a-job\/"]}]},{"@type":"BreadcrumbList","@id":"https:\/\/esisoc.com\/post-a-job\/#breadcrumb","itemListElement":[{"@type":"ListItem","position":1,"name":"Home","item":"https:\/\/esisoc.com\/"},{"@type":"ListItem","position":2,"name":"Post a Job"}]},{"@type":"WebSite","@id":"https:\/\/esisoc.com\/#website","url":"https:\/\/esisoc.com\/","name":"ESISOC | ESSID Solutions","description":"Data Science Consulting and AI | Online Books, Videos, Courses and more","publisher":{"@id":"https:\/\/esisoc.com\/#organization"},"potentialAction":[{"@type":"SearchAction","target":{"@type":"EntryPoint","urlTemplate":"https:\/\/esisoc.com\/?s={search_term_string}"},"query-input":"required name=search_term_string"}],"inLanguage":"de"},{"@type":"Organization","@id":"https:\/\/esisoc.com\/#organization","name":"ESISOC | ESSID Solutions","url":"https:\/\/esisoc.com\/","logo":{"@type":"ImageObject","inLanguage":"de","@id":"https:\/\/esisoc.com\/#\/schema\/logo\/image\/","url":"https:\/\/esisoc.com\/wp-content\/uploads\/2024\/02\/logo-esisoc.png","contentUrl":"https:\/\/esisoc.com\/wp-content\/uploads\/2024\/02\/logo-esisoc.png","width":350,"height":63,"caption":"ESISOC | ESSID Solutions"},"image":{"@id":"https:\/\/esisoc.com\/#\/schema\/logo\/image\/"}}]}},"_links":{"self":[{"href":"https:\/\/esisoc.com\/de\/wp-json\/wp\/v2\/pages\/2511"}],"collection":[{"href":"https:\/\/esisoc.com\/de\/wp-json\/wp\/v2\/pages"}],"about":[{"href":"https:\/\/esisoc.com\/de\/wp-json\/wp\/v2\/types\/page"}],"author":[{"embeddable":true,"href":"https:\/\/esisoc.com\/de\/wp-json\/wp\/v2\/users\/1"}],"replies":[{"embeddable":true,"href":"https:\/\/esisoc.com\/de\/wp-json\/wp\/v2\/comments?post=2511"}],"version-history":[{"count":0,"href":"https:\/\/esisoc.com\/de\/wp-json\/wp\/v2\/pages\/2511\/revisions"}],"wp:attachment":[{"href":"https:\/\/esisoc.com\/de\/wp-json\/wp\/v2\/media?parent=2511"}],"curies":[{"name":"wp","href":"https:\/\/api.w.org\/{rel}","templated":true}]}}