{"id":2800,"date":"2024-02-18T13:11:07","date_gmt":"2024-02-18T13:11:07","guid":{"rendered":"https:\/\/esisoc.com\/?page_id=2800"},"modified":"2024-02-18T13:11:11","modified_gmt":"2024-02-18T13:11:11","slug":"business-leadership-academy-terms-conditions","status":"publish","type":"page","link":"https:\/\/esisoc.com\/de\/business-leadership-academy-bedingungen\/","title":{"rendered":"Allgemeine Gesch\u00e4ftsbedingungen der Business Leadership Academy"},"content":{"rendered":"<p><em>Diese Bedingungen wurden zuletzt am 18. Oktober 2023 aktualisiert.<\/em><\/p>\n\n\n\n<p>Die nachstehenden Bedingungen gelten f\u00fcr die Nutzung der Plattform von Essiso, der Essiso Business Leadership Academy (\"Essiso\") durch den Kunden.<strong><em>Essiso Business Leadership Academy<\/em><\/strong>\"), wie unten beschrieben. F\u00fcr alle hier nicht definierten Begriffe gelten die Definitionen, die ihnen im Rahmenvertrag f\u00fcr Dienstleistungen (\"<strong><em>Vereinbarung<\/em><\/strong>\") zwischen Essiso und dem Kunden.<\/p>\n\n\n\n<ol>\n<li>Essiso Business Leadership Academy-Angebot. Durch den Erwerb des Zugangs zur Essiso Business Leadership Academy, wie im entsprechenden Bestellformular angegeben, erh\u00e4lt der Kunde Lizenzen f\u00fcr den Zugang zu bestimmten Lerninhalten (die \"<strong><em>Kohorten-Lizenzen<\/em><\/strong>\"), die \u00fcber eine Online-Lernplattform (die \"<strong><em>Essiso Business Leadership Academy Plattform<\/em><\/strong>\"), die Cohort Services (wie unten definiert) umfasst.<\/li>\n\n\n\n<li>Essiso Business Leadership Academy Plattform. Der Kunde erh\u00e4lt Zugang zur Essiso Business Leadership Academy Plattform, wie im entsprechenden Bestellformular angegeben, wo die Benutzer auf die spezifischen Lerninhalte der Kohorte zugreifen k\u00f6nnen (\"<strong><em>Essiso Business Leadership Academy Inhalt<\/em><\/strong>\") und\/oder jegliche gesch\u00fctzte Inhalte, Materialien und Informationen des Kunden (\"<strong><em>Kunde IP<\/em><\/strong>\"). Der Kunde kann den Zugang f\u00fcr zus\u00e4tzliche Benutzer der Essiso Business Leadership Academy Plattform (\u00fcber die im entsprechenden Bestellformular angegebenen Benutzer hinaus) erwerben, vorbehaltlich einer zus\u00e4tzlichen Geb\u00fchr und der hierin dargelegten Bedingungen und Konditionen.<\/li>\n\n\n\n<li>Cohort-Lizenzen. Der Zugang zum Inhalt der Essiso Business Leadership Academy ist auf Benutzer mit Kohortenlizenzen beschr\u00e4nkt und steht f\u00fcr die Dauer eines entsprechenden Kohortenprogramms (oder einer anderen zwischen den Parteien vereinbarten Dauer) zur Verf\u00fcgung, das jeweils aus mindestens 25 Teilnehmern besteht (die \"<strong><em>Kohortenprogramm<\/em><\/strong>\"). Der Kunde wird Essiso mindestens sechs Wochen vor dem Start eines Kohortenprogramms benachrichtigen. Wenn ein Kohortenprogramm ohne Verschulden von Essiso abgesagt oder verschoben werden muss (z.B. weil die erforderliche Teilnehmerzahl von 25 Personen nicht erreicht wurde, usw.), \u00fcbernimmt Essiso keine Haftung f\u00fcr eine solche Absage und kann eine zus\u00e4tzliche Geb\u00fchr f\u00fcr die Durchf\u00fchrung des verschobenen Kohortenprogramms verlangen. Jeder Antrag auf Verschiebung eines Kohortenprogramms durch den Kunden muss mindestens 14 Tage vorher schriftlich mitgeteilt werden.<\/li>\n\n\n\n<li>Zus\u00e4tzliche Dienstleistungen. Optionale Produkte Dritter (\"<strong><em>Anbieter Add-ons<\/em><\/strong>\") oder zus\u00e4tzliche Unterst\u00fctzungsdienste (\"<strong><em>Kohorten-Dienste<\/em><\/strong>\") k\u00f6nnen in der Essiso Business Leadership Academy enthalten sein. Die Verf\u00fcgbarkeit der Vendor Add-ons und\/oder Cohort Services ist in der Cohort-Lizenz des Kunden zu einem zus\u00e4tzlichen Preis pro Benutzer enthalten, der in einem Bestellformular festgelegt wird. Die Cohort-Dienste sind nicht f\u00fcr kundeneigene Inhalte verf\u00fcgbar. Vom Kunden angeforderte zus\u00e4tzliche Dienste werden zu zus\u00e4tzlichen Kosten separat angeboten.<\/li>\n\n\n\n<li>IP des Kunden. Der Kunde sichert zu und gew\u00e4hrleistet, dass er alle Rechte, Titel und Interessen an dem gesamten IP des Kunden besitzt, das Essiso zur Erbringung der im jeweiligen Bestellformular genannten Dienstleistungen zur Verf\u00fcgung gestellt wurde, und dass er Essiso und seine verbundenen Unternehmen, Tochtergesellschaften, Direktoren, leitenden Angestellten, Mitarbeiter und Vertreter in Bezug auf jegliche Anspr\u00fcche gegen Essiso in Bezug auf dieses IP des Kunden verteidigt, entsch\u00e4digt und schadlos h\u00e4lt.<\/li>\n\n\n\n<li>Beschr\u00e4nkungen f\u00fcr die Verwendung von Lizenzen. Jede Kohortenlizenz ist, sobald sie einem Benutzer zugewiesen wurde, nur f\u00fcr diesen Benutzer bestimmt und darf nicht zugewiesen oder mit einer anderen Person \u00fcber ein gemeinsames Login oder eine andere Methode geteilt werden. Alle Cohort-Lizenzen laufen am einj\u00e4hrigen Jahrestag der Ausstellung dieser Cohort-Lizenzen durch Essiso ab und m\u00fcssen danach j\u00e4hrlich erneuert werden.<\/li>\n<\/ol>","protected":false},"excerpt":{"rendered":"<p>Diese Allgemeinen Gesch\u00e4ftsbedingungen wurden zuletzt am 18. Oktober 2023 aktualisiert. Die nachstehenden Bedingungen gelten f\u00fcr die Nutzung der Plattform von Essiso, Essiso Business Leadership Academy (\"Essiso Business Leadership Academy\"), durch den Kunden, wie unten beschrieben. Alle Begriffe, die hier nicht definiert sind, haben die Definitionen, die ihnen im Master Services Agreement (\"Vertrag\") zwischen Essiso und dem Kunden zugeordnet sind.<\/p>","protected":false},"author":2,"featured_media":0,"parent":0,"menu_order":0,"comment_status":"closed","ping_status":"closed","template":"","meta":{"footnotes":""},"yoast_head":"<!-- This site is optimized with the Yoast SEO Premium plugin v21.9 (Yoast SEO v21.9.1) - https:\/\/yoast.com\/wordpress\/plugins\/seo\/ -->\n<title>Business Leadership Academy Terms &amp; Conditions - ESISOC | ESSID Solutions<\/title>\n<meta name=\"robots\" content=\"index, follow, max-snippet:-1, max-image-preview:large, max-video-preview:-1\" \/>\n<link rel=\"canonical\" href=\"https:\/\/esisoc.com\/de\/business-leadership-academy-bedingungen\/\" \/>\n<meta property=\"og:locale\" content=\"de_DE\" \/>\n<meta property=\"og:type\" content=\"article\" \/>\n<meta property=\"og:title\" content=\"Business Leadership Academy Terms &amp; Conditions\" \/>\n<meta property=\"og:description\" content=\"These terms and conditions were last updated on October 18, 2023. The terms and conditions below apply to Customer\u2019s use of Essiso\u2019s platform, Essiso Business Leadership Academy (\u201cEssiso Business Leadership Academy\u201d), as described below. All terms not defined herein have the definitions ascribed to them in the Master Services Agreement (\u201cAgreement\u201d) between Essiso and Customer.\" \/>\n<meta property=\"og:url\" content=\"https:\/\/esisoc.com\/de\/business-leadership-academy-bedingungen\/\" \/>\n<meta property=\"og:site_name\" content=\"ESISOC | ESSID Solutions\" \/>\n<meta property=\"article:modified_time\" content=\"2024-02-18T13:11:11+00:00\" \/>\n<meta name=\"twitter:card\" content=\"summary_large_image\" \/>\n<meta name=\"twitter:label1\" content=\"Gesch\u00e4tzte Lesezeit\" \/>\n\t<meta name=\"twitter:data1\" content=\"3\u00a0Minuten\" \/>\n<script type=\"application\/ld+json\" class=\"yoast-schema-graph\">{\"@context\":\"https:\/\/schema.org\",\"@graph\":[{\"@type\":\"WebPage\",\"@id\":\"https:\/\/esisoc.com\/business-leadership-academy-terms-conditions\/\",\"url\":\"https:\/\/esisoc.com\/business-leadership-academy-terms-conditions\/\",\"name\":\"Business Leadership Academy Terms &amp; Conditions - ESISOC | ESSID Solutions\",\"isPartOf\":{\"@id\":\"https:\/\/esisoc.com\/#website\"},\"datePublished\":\"2024-02-18T13:11:07+00:00\",\"dateModified\":\"2024-02-18T13:11:11+00:00\",\"breadcrumb\":{\"@id\":\"https:\/\/esisoc.com\/business-leadership-academy-terms-conditions\/#breadcrumb\"},\"inLanguage\":\"de\",\"potentialAction\":[{\"@type\":\"ReadAction\",\"target\":[\"https:\/\/esisoc.com\/business-leadership-academy-terms-conditions\/\"]}]},{\"@type\":\"BreadcrumbList\",\"@id\":\"https:\/\/esisoc.com\/business-leadership-academy-terms-conditions\/#breadcrumb\",\"itemListElement\":[{\"@type\":\"ListItem\",\"position\":1,\"name\":\"Home\",\"item\":\"https:\/\/esisoc.com\/\"},{\"@type\":\"ListItem\",\"position\":2,\"name\":\"Business Leadership Academy Terms &amp; Conditions\"}]},{\"@type\":\"WebSite\",\"@id\":\"https:\/\/esisoc.com\/#website\",\"url\":\"https:\/\/esisoc.com\/\",\"name\":\"ESISOC | ESSID Solutions\",\"description\":\"Data Science Consulting and AI | Online Books, Videos, Courses and more\",\"publisher\":{\"@id\":\"https:\/\/esisoc.com\/#organization\"},\"potentialAction\":[{\"@type\":\"SearchAction\",\"target\":{\"@type\":\"EntryPoint\",\"urlTemplate\":\"https:\/\/esisoc.com\/?s={search_term_string}\"},\"query-input\":\"required name=search_term_string\"}],\"inLanguage\":\"de\"},{\"@type\":\"Organization\",\"@id\":\"https:\/\/esisoc.com\/#organization\",\"name\":\"ESISOC | ESSID Solutions\",\"url\":\"https:\/\/esisoc.com\/\",\"logo\":{\"@type\":\"ImageObject\",\"inLanguage\":\"de\",\"@id\":\"https:\/\/esisoc.com\/#\/schema\/logo\/image\/\",\"url\":\"https:\/\/esisoc.com\/wp-content\/uploads\/2024\/02\/logo-esisoc.png\",\"contentUrl\":\"https:\/\/esisoc.com\/wp-content\/uploads\/2024\/02\/logo-esisoc.png\",\"width\":350,\"height\":63,\"caption\":\"ESISOC | ESSID Solutions\"},\"image\":{\"@id\":\"https:\/\/esisoc.com\/#\/schema\/logo\/image\/\"}}]}<\/script>\n<!-- \/ Yoast SEO Premium plugin. -->","yoast_head_json":{"title":"Business Leadership Academy Terms &amp; Conditions - ESISOC | ESSID Solutions","robots":{"index":"index","follow":"follow","max-snippet":"max-snippet:-1","max-image-preview":"max-image-preview:large","max-video-preview":"max-video-preview:-1"},"canonical":"https:\/\/esisoc.com\/de\/business-leadership-academy-bedingungen\/","og_locale":"de_DE","og_type":"article","og_title":"Business Leadership Academy Terms &amp; Conditions","og_description":"These terms and conditions were last updated on October 18, 2023. The terms and conditions below apply to Customer\u2019s use of Essiso\u2019s platform, Essiso Business Leadership Academy (\u201cEssiso Business Leadership Academy\u201d), as described below. All terms not defined herein have the definitions ascribed to them in the Master Services Agreement (\u201cAgreement\u201d) between Essiso and Customer.","og_url":"https:\/\/esisoc.com\/de\/business-leadership-academy-bedingungen\/","og_site_name":"ESISOC | ESSID Solutions","article_modified_time":"2024-02-18T13:11:11+00:00","twitter_card":"summary_large_image","twitter_misc":{"Gesch\u00e4tzte Lesezeit":"3\u00a0Minuten"},"schema":{"@context":"https:\/\/schema.org","@graph":[{"@type":"WebPage","@id":"https:\/\/esisoc.com\/business-leadership-academy-terms-conditions\/","url":"https:\/\/esisoc.com\/business-leadership-academy-terms-conditions\/","name":"Business Leadership Academy Terms &amp; Conditions - ESISOC | ESSID Solutions","isPartOf":{"@id":"https:\/\/esisoc.com\/#website"},"datePublished":"2024-02-18T13:11:07+00:00","dateModified":"2024-02-18T13:11:11+00:00","breadcrumb":{"@id":"https:\/\/esisoc.com\/business-leadership-academy-terms-conditions\/#breadcrumb"},"inLanguage":"de","potentialAction":[{"@type":"ReadAction","target":["https:\/\/esisoc.com\/business-leadership-academy-terms-conditions\/"]}]},{"@type":"BreadcrumbList","@id":"https:\/\/esisoc.com\/business-leadership-academy-terms-conditions\/#breadcrumb","itemListElement":[{"@type":"ListItem","position":1,"name":"Home","item":"https:\/\/esisoc.com\/"},{"@type":"ListItem","position":2,"name":"Business Leadership Academy Terms &amp; Conditions"}]},{"@type":"WebSite","@id":"https:\/\/esisoc.com\/#website","url":"https:\/\/esisoc.com\/","name":"ESISOC | ESSID Solutions","description":"Data Science Consulting and AI | Online Books, Videos, Courses and more","publisher":{"@id":"https:\/\/esisoc.com\/#organization"},"potentialAction":[{"@type":"SearchAction","target":{"@type":"EntryPoint","urlTemplate":"https:\/\/esisoc.com\/?s={search_term_string}"},"query-input":"required name=search_term_string"}],"inLanguage":"de"},{"@type":"Organization","@id":"https:\/\/esisoc.com\/#organization","name":"ESISOC | ESSID Solutions","url":"https:\/\/esisoc.com\/","logo":{"@type":"ImageObject","inLanguage":"de","@id":"https:\/\/esisoc.com\/#\/schema\/logo\/image\/","url":"https:\/\/esisoc.com\/wp-content\/uploads\/2024\/02\/logo-esisoc.png","contentUrl":"https:\/\/esisoc.com\/wp-content\/uploads\/2024\/02\/logo-esisoc.png","width":350,"height":63,"caption":"ESISOC | ESSID Solutions"},"image":{"@id":"https:\/\/esisoc.com\/#\/schema\/logo\/image\/"}}]}},"_links":{"self":[{"href":"https:\/\/esisoc.com\/de\/wp-json\/wp\/v2\/pages\/2800"}],"collection":[{"href":"https:\/\/esisoc.com\/de\/wp-json\/wp\/v2\/pages"}],"about":[{"href":"https:\/\/esisoc.com\/de\/wp-json\/wp\/v2\/types\/page"}],"author":[{"embeddable":true,"href":"https:\/\/esisoc.com\/de\/wp-json\/wp\/v2\/users\/2"}],"replies":[{"embeddable":true,"href":"https:\/\/esisoc.com\/de\/wp-json\/wp\/v2\/comments?post=2800"}],"version-history":[{"count":1,"href":"https:\/\/esisoc.com\/de\/wp-json\/wp\/v2\/pages\/2800\/revisions"}],"predecessor-version":[{"id":2802,"href":"https:\/\/esisoc.com\/de\/wp-json\/wp\/v2\/pages\/2800\/revisions\/2802"}],"wp:attachment":[{"href":"https:\/\/esisoc.com\/de\/wp-json\/wp\/v2\/media?parent=2800"}],"curies":[{"name":"wp","href":"https:\/\/api.w.org\/{rel}","templated":true}]}}