{"id":2803,"date":"2024-02-18T13:11:55","date_gmt":"2024-02-18T13:11:55","guid":{"rendered":"https:\/\/esisoc.com\/?page_id=2803"},"modified":"2024-02-18T13:11:58","modified_gmt":"2024-02-18T13:11:58","slug":"business-pro-terms-conditions","status":"publish","type":"page","link":"https:\/\/esisoc.com\/de\/business-pro-bedingungen-bedingungen\/","title":{"rendered":"Business Pro Bedingungen und Konditionen"},"content":{"rendered":"<p><em>Diese Bedingungen wurden zuletzt am 1. Juni 2023 aktualisiert.<\/em><\/p>\n\n\n\n<p>Diese Essiso Business Pro Allgemeinen Gesch\u00e4ftsbedingungen (diese&nbsp;<strong><em>\"Bedingungen\"<\/em><\/strong>) gelten f\u00fcr den Zugang und die Nutzung von Essiso Business Pro durch den Kunden. Alle Begriffe, die in diesen Bedingungen nicht anderweitig definiert sind, haben die Bedeutung, die ihnen im Rahmenvertrag f\u00fcr Dienstleistungen zwischen Essiso und dem Kunden (der&nbsp;<strong><em>\"Vereinbarung\"<\/em><\/strong>).<\/p>\n\n\n\n<ol>\n<li>Essiso Business Pro ist ein Dienst, der ein interaktives Erlebnis mit praktischen Lern\u00fcbungen, Arbeitsbereichen, Rollenpfaden und Bewertungen bietet.<\/li>\n\n\n\n<li>Die Benutzer k\u00f6nnen \u00fcber Essiso Business Pro auf bestimmte Plattformen von Drittanbietern zugreifen, f\u00fcr die gesonderte Bedingungen gelten und die diesen unterliegen.<\/li>\n\n\n\n<li>Der Kunde erkennt an und stimmt zu, dass: (a) Der Kunde ist allein verantwortlich f\u00fcr alle Inhalte, die er oder seine Benutzer im Zusammenhang mit der Nutzung von Essiso Business Pro eingeben (zusammen,&nbsp;<strong><em>\"Interaktive Inhalte\"<\/em><\/strong>), auch auf den Serverinstanzen, die interaktive Umgebungen als Teil von Essiso Business Pro bereitstellen (<strong><em>\"Interaktive Sitzungen\"<\/em><\/strong>); und (b) Essiso, seine verbundenen Unternehmen oder Lizenzgeber werden den interaktiven Inhalt nicht aufbewahren, sichern oder speichern.<\/li>\n\n\n\n<li>Die Parteien vereinbaren, dass die folgenden Punkte in die Nutzungsbedingungen aufgenommen werden. In Bezug auf die Essiso Business Pro Dienste wird der Kunde nicht, noch erlaubt er seinen Benutzern:<ol><li>Web-, Datenbank- oder Forum-Zugang zu gew\u00e4hren oder Kryptow\u00e4hrung zu sch\u00fcrfen, auf oder \u00fcber Essiso Business Pro,<\/li><\/ol><ol><li>\u00dcberschreitung der Nutzungsbeschr\u00e4nkungen (einschlie\u00dflich, aber nicht beschr\u00e4nkt auf die Anzahl oder Dauer der interaktiven Sitzungen oder die Anzahl der Benutzer), die f\u00fcr die Nutzung von Essiso Business Pro durch den Kunden gelten,<\/li><\/ol><ol><li>eine interaktive Sitzung in einer kommerziellen Produktionsumgebung zu nutzen oder darauf zuzugreifen, oder<\/li><\/ol>\n<ol>\n<li>bei der Nutzung von Essiso Business Pro andere Daten oder Informationen als simulierte, anonyme, nicht personenbezogene, nicht lebende Daten zu verwenden.<\/li>\n<\/ol>\n<\/li>\n\n\n\n<li>Zus\u00e4tzlich zu den Rechtsmitteln, die Essiso im Rahmen des Vertrags zur Verf\u00fcgung stehen, kann Essiso interaktive Inhalte, die gegen die Nutzungsbedingungen versto\u00dfen, entfernen.<\/li>\n<\/ol>","protected":false},"excerpt":{"rendered":"<p>Diese Bedingungen wurden zuletzt am 1. Juni 2023 aktualisiert. Diese Allgemeinen Gesch\u00e4ftsbedingungen f\u00fcr Essiso Business Pro (diese \"Bedingungen\") gelten f\u00fcr den Zugang und die Nutzung von Essiso Business Pro durch den Kunden. Alle Begriffe, die in diesen Bedingungen nicht anderweitig definiert sind, haben die Bedeutung, die ihnen im Rahmenvertrag f\u00fcr Dienstleistungen zwischen Essiso und dem Kunden (der \"Vertrag\") zugeschrieben wird.<\/p>","protected":false},"author":2,"featured_media":0,"parent":0,"menu_order":0,"comment_status":"closed","ping_status":"closed","template":"","meta":{"footnotes":""},"yoast_head":"<!-- This site is optimized with the Yoast SEO Premium plugin v21.9 (Yoast SEO v21.9.1) - https:\/\/yoast.com\/wordpress\/plugins\/seo\/ -->\n<title>Business Pro Terms &amp; Conditions - ESISOC | ESSID Solutions<\/title>\n<meta name=\"robots\" content=\"index, follow, max-snippet:-1, max-image-preview:large, max-video-preview:-1\" \/>\n<link rel=\"canonical\" href=\"https:\/\/esisoc.com\/de\/business-pro-bedingungen-bedingungen\/\" \/>\n<meta property=\"og:locale\" content=\"de_DE\" \/>\n<meta property=\"og:type\" content=\"article\" \/>\n<meta property=\"og:title\" content=\"Business Pro Terms &amp; Conditions\" \/>\n<meta property=\"og:description\" content=\"These terms and conditions were last updated on June 1, 2023. These Essiso Business Pro Terms and Conditions (these&nbsp;\u201cTerms\u201d) apply to Customer\u2019s access and use of Essiso Business Pro. All terms not otherwise defined in these Terms will have the meanings ascribed to them in the Master Services Agreement between Essiso and Customer (the&nbsp;\u201cAgreement\u201d).\" \/>\n<meta property=\"og:url\" content=\"https:\/\/esisoc.com\/de\/business-pro-bedingungen-bedingungen\/\" \/>\n<meta property=\"og:site_name\" content=\"ESISOC | ESSID Solutions\" \/>\n<meta property=\"article:modified_time\" content=\"2024-02-18T13:11:58+00:00\" \/>\n<meta name=\"twitter:card\" content=\"summary_large_image\" \/>\n<meta name=\"twitter:label1\" content=\"Gesch\u00e4tzte Lesezeit\" \/>\n\t<meta name=\"twitter:data1\" content=\"2\u00a0Minuten\" \/>\n<script type=\"application\/ld+json\" class=\"yoast-schema-graph\">{\"@context\":\"https:\/\/schema.org\",\"@graph\":[{\"@type\":\"WebPage\",\"@id\":\"https:\/\/esisoc.com\/business-pro-terms-conditions\/\",\"url\":\"https:\/\/esisoc.com\/business-pro-terms-conditions\/\",\"name\":\"Business Pro Terms &amp; Conditions - ESISOC | ESSID Solutions\",\"isPartOf\":{\"@id\":\"https:\/\/esisoc.com\/#website\"},\"datePublished\":\"2024-02-18T13:11:55+00:00\",\"dateModified\":\"2024-02-18T13:11:58+00:00\",\"breadcrumb\":{\"@id\":\"https:\/\/esisoc.com\/business-pro-terms-conditions\/#breadcrumb\"},\"inLanguage\":\"de\",\"potentialAction\":[{\"@type\":\"ReadAction\",\"target\":[\"https:\/\/esisoc.com\/business-pro-terms-conditions\/\"]}]},{\"@type\":\"BreadcrumbList\",\"@id\":\"https:\/\/esisoc.com\/business-pro-terms-conditions\/#breadcrumb\",\"itemListElement\":[{\"@type\":\"ListItem\",\"position\":1,\"name\":\"Home\",\"item\":\"https:\/\/esisoc.com\/\"},{\"@type\":\"ListItem\",\"position\":2,\"name\":\"Business Pro Terms &amp; Conditions\"}]},{\"@type\":\"WebSite\",\"@id\":\"https:\/\/esisoc.com\/#website\",\"url\":\"https:\/\/esisoc.com\/\",\"name\":\"ESISOC | ESSID Solutions\",\"description\":\"Data Science Consulting and AI | Online Books, Videos, Courses and more\",\"publisher\":{\"@id\":\"https:\/\/esisoc.com\/#organization\"},\"potentialAction\":[{\"@type\":\"SearchAction\",\"target\":{\"@type\":\"EntryPoint\",\"urlTemplate\":\"https:\/\/esisoc.com\/?s={search_term_string}\"},\"query-input\":\"required name=search_term_string\"}],\"inLanguage\":\"de\"},{\"@type\":\"Organization\",\"@id\":\"https:\/\/esisoc.com\/#organization\",\"name\":\"ESISOC | ESSID Solutions\",\"url\":\"https:\/\/esisoc.com\/\",\"logo\":{\"@type\":\"ImageObject\",\"inLanguage\":\"de\",\"@id\":\"https:\/\/esisoc.com\/#\/schema\/logo\/image\/\",\"url\":\"https:\/\/esisoc.com\/wp-content\/uploads\/2024\/02\/logo-esisoc.png\",\"contentUrl\":\"https:\/\/esisoc.com\/wp-content\/uploads\/2024\/02\/logo-esisoc.png\",\"width\":350,\"height\":63,\"caption\":\"ESISOC | ESSID Solutions\"},\"image\":{\"@id\":\"https:\/\/esisoc.com\/#\/schema\/logo\/image\/\"}}]}<\/script>\n<!-- \/ Yoast SEO Premium plugin. -->","yoast_head_json":{"title":"Business Pro Terms &amp; Conditions - ESISOC | ESSID Solutions","robots":{"index":"index","follow":"follow","max-snippet":"max-snippet:-1","max-image-preview":"max-image-preview:large","max-video-preview":"max-video-preview:-1"},"canonical":"https:\/\/esisoc.com\/de\/business-pro-bedingungen-bedingungen\/","og_locale":"de_DE","og_type":"article","og_title":"Business Pro Terms &amp; Conditions","og_description":"These terms and conditions were last updated on June 1, 2023. These Essiso Business Pro Terms and Conditions (these&nbsp;\u201cTerms\u201d) apply to Customer\u2019s access and use of Essiso Business Pro. All terms not otherwise defined in these Terms will have the meanings ascribed to them in the Master Services Agreement between Essiso and Customer (the&nbsp;\u201cAgreement\u201d).","og_url":"https:\/\/esisoc.com\/de\/business-pro-bedingungen-bedingungen\/","og_site_name":"ESISOC | ESSID Solutions","article_modified_time":"2024-02-18T13:11:58+00:00","twitter_card":"summary_large_image","twitter_misc":{"Gesch\u00e4tzte Lesezeit":"2\u00a0Minuten"},"schema":{"@context":"https:\/\/schema.org","@graph":[{"@type":"WebPage","@id":"https:\/\/esisoc.com\/business-pro-terms-conditions\/","url":"https:\/\/esisoc.com\/business-pro-terms-conditions\/","name":"Business Pro Terms &amp; Conditions - ESISOC | ESSID Solutions","isPartOf":{"@id":"https:\/\/esisoc.com\/#website"},"datePublished":"2024-02-18T13:11:55+00:00","dateModified":"2024-02-18T13:11:58+00:00","breadcrumb":{"@id":"https:\/\/esisoc.com\/business-pro-terms-conditions\/#breadcrumb"},"inLanguage":"de","potentialAction":[{"@type":"ReadAction","target":["https:\/\/esisoc.com\/business-pro-terms-conditions\/"]}]},{"@type":"BreadcrumbList","@id":"https:\/\/esisoc.com\/business-pro-terms-conditions\/#breadcrumb","itemListElement":[{"@type":"ListItem","position":1,"name":"Home","item":"https:\/\/esisoc.com\/"},{"@type":"ListItem","position":2,"name":"Business Pro Terms &amp; Conditions"}]},{"@type":"WebSite","@id":"https:\/\/esisoc.com\/#website","url":"https:\/\/esisoc.com\/","name":"ESISOC | ESSID Solutions","description":"Data Science Consulting and AI | Online Books, Videos, Courses and more","publisher":{"@id":"https:\/\/esisoc.com\/#organization"},"potentialAction":[{"@type":"SearchAction","target":{"@type":"EntryPoint","urlTemplate":"https:\/\/esisoc.com\/?s={search_term_string}"},"query-input":"required name=search_term_string"}],"inLanguage":"de"},{"@type":"Organization","@id":"https:\/\/esisoc.com\/#organization","name":"ESISOC | ESSID Solutions","url":"https:\/\/esisoc.com\/","logo":{"@type":"ImageObject","inLanguage":"de","@id":"https:\/\/esisoc.com\/#\/schema\/logo\/image\/","url":"https:\/\/esisoc.com\/wp-content\/uploads\/2024\/02\/logo-esisoc.png","contentUrl":"https:\/\/esisoc.com\/wp-content\/uploads\/2024\/02\/logo-esisoc.png","width":350,"height":63,"caption":"ESISOC | ESSID Solutions"},"image":{"@id":"https:\/\/esisoc.com\/#\/schema\/logo\/image\/"}}]}},"_links":{"self":[{"href":"https:\/\/esisoc.com\/de\/wp-json\/wp\/v2\/pages\/2803"}],"collection":[{"href":"https:\/\/esisoc.com\/de\/wp-json\/wp\/v2\/pages"}],"about":[{"href":"https:\/\/esisoc.com\/de\/wp-json\/wp\/v2\/types\/page"}],"author":[{"embeddable":true,"href":"https:\/\/esisoc.com\/de\/wp-json\/wp\/v2\/users\/2"}],"replies":[{"embeddable":true,"href":"https:\/\/esisoc.com\/de\/wp-json\/wp\/v2\/comments?post=2803"}],"version-history":[{"count":1,"href":"https:\/\/esisoc.com\/de\/wp-json\/wp\/v2\/pages\/2803\/revisions"}],"predecessor-version":[{"id":2805,"href":"https:\/\/esisoc.com\/de\/wp-json\/wp\/v2\/pages\/2803\/revisions\/2805"}],"wp:attachment":[{"href":"https:\/\/esisoc.com\/de\/wp-json\/wp\/v2\/media?parent=2803"}],"curies":[{"name":"wp","href":"https:\/\/api.w.org\/{rel}","templated":true}]}}