{"id":2809,"date":"2024-02-18T13:14:55","date_gmt":"2024-02-18T13:14:55","guid":{"rendered":"https:\/\/esisoc.com\/?page_id=2809"},"modified":"2024-02-18T13:14:58","modified_gmt":"2024-02-18T13:14:58","slug":"promotions-policy","status":"publish","type":"page","link":"https:\/\/esisoc.com\/de\/beforderungspolitik\/","title":{"rendered":"F\u00f6rderungspolitik"},"content":{"rendered":"<p><em>Diese F\u00f6rderungspolitik wurde zuletzt am 22. Dezember 2023 aktualisiert.<\/em><\/p>\n\n\n\n<p>Diese F\u00f6rderungspolitik (\"<strong>Politik<\/strong>\") enth\u00e4lt Informationen \u00fcber Methoden, mit denen Essiso-Lehrer f\u00fcr ihre Inhalte werben k\u00f6nnen, wie z.B. Lehrergutscheine, Kursempfehlungslinks und die optionalen Marketingprogramme von Essiso. Diese Richtlinie ist durch Verweis in unsere&nbsp;<a href=\"https:\/\/www.udemy.com\/terms\/\" target=\"_blank\" rel=\"noreferrer noopener\">Nutzungsbedingungen<\/a>&nbsp;und&nbsp;<a href=\"https:\/\/www.udemy.com\/terms\/instructor\/\" target=\"_blank\" rel=\"noreferrer noopener\">Ausbilder Begriffe<\/a>. Alle in Gro\u00dfbuchstaben geschriebenen Begriffe, die in dieser Richtlinie nicht definiert sind, werden wie in den Nutzungsbedingungen oder den Ausbilderbedingungen angegeben definiert.<\/p>\n\n\n\n<p>Sie k\u00f6nnen \u00fcbersetzte Versionen dieser Politik finden, indem Sie unserem&nbsp;<a href=\"https:\/\/support.udemy.com\/hc\/articles\/229603768-How-to-Change-Your-Language-Settings\" target=\"_blank\" rel=\"noreferrer noopener\">Sprachliche Hinweise im Help Center<\/a>. Die folgenden \u00dcbersetzungen sind auch f\u00fcr Sprachen verf\u00fcgbar, die vom Help Center nicht unterst\u00fctzt werden:<\/p>\n\n\n\n<ul>\n<li>Chinesisch - Traditionell (<a href=\"https:\/\/support.udemy.com\/hc\/en-us\/articles\/115013202407#zh-tw\" target=\"_blank\" rel=\"noreferrer noopener\">\u4fc3\u92b7\u653f\u7b56<\/a>)<\/li>\n\n\n\n<li>Chinesisch - Vereinfacht (<a href=\"https:\/\/support.udemy.com\/hc\/en-us\/articles\/115013202407#zh-hk\" target=\"_blank\" rel=\"noreferrer noopener\">\u63a8\u5e7f\u653f\u7b56<\/a>)<\/li>\n\n\n\n<li>Niederl\u00e4ndisch (<a href=\"https:\/\/support.udemy.com\/hc\/en-us\/articles\/115013202407##nl\" target=\"_blank\" rel=\"noreferrer noopener\">Promotiebeleid<\/a>)<\/li>\n\n\n\n<li>Russisch (<a href=\"https:\/\/support.udemy.com\/hc\/en-us\/articles\/115013202407##ru\" target=\"_blank\" rel=\"noreferrer noopener\">\u041f\u043e\u043b\u0438\u0442\u0438\u043a\u0430 \u043f\u043e\u0440\u044f\u0434\u043a\u0430 \u043f\u0440\u043e\u0432\u0435\u0434\u0435\u043d\u0438\u044f \u043f\u0440\u043e\u043c\u043e\u0430\u043a\u0446\u0438\u0439<\/a>)<\/li>\n\n\n\n<li>Rum\u00e4nisch (<a href=\"https:\/\/support.udemy.com\/hc\/en-us\/articles\/115013202407##ro\" target=\"_blank\" rel=\"noreferrer noopener\">Absatzf\u00f6rderungspolitik<\/a>)<\/li>\n\n\n\n<li>Indonesisch (<a href=\"https:\/\/support.udemy.com\/hc\/en-us\/articles\/115013202407##in\" target=\"_blank\" rel=\"noreferrer noopener\">Kebijakan Promosi<\/a>)<\/li>\n\n\n\n<li>Thail\u00e4ndisch (<a href=\"https:\/\/support.udemy.com\/hc\/en-us\/articles\/115013202407##th\" target=\"_blank\" rel=\"noreferrer noopener\">\u0e19\u0e42\u0e22\u0e1a\u0e32\u0e22\u0e42\u0e1b\u0e23\u0e42\u0e21\u0e0a\u0e31\u0e48\u0e19<\/a>)<\/li>\n\n\n\n<li>Vietnamesisch (<a href=\"https:\/\/support.udemy.com\/hc\/en-us\/articles\/115013202407#h_01HJP4K17KNP5JRXRCJRKMFVEZ\" target=\"_blank\" rel=\"noreferrer noopener\">Ch\u00ednh s\u00e1ch khuy\u1ebfn m\u1ea1i<\/a>)<\/li>\n<\/ul>\n\n\n\n<p>Jede Version dieser Richtlinie in einer anderen Sprache als Englisch wird aus Gr\u00fcnden der Bequemlichkeit zur Verf\u00fcgung gestellt, und Sie verstehen und stimmen zu, dass im Falle eines Konflikts die englische Sprache ma\u00dfgeblich ist.<\/p>\n\n\n\n<h2 class=\"wp-block-heading\" id=\"h_01HAQT4TCC7E2B3FDTCFSM3JJ0\"><strong>1. Wie die F\u00f6rderprogramme funktionieren<\/strong><\/h2>\n\n\n\n<p>Essiso bietet Premium-Ausbildern die M\u00f6glichkeit, an F\u00f6rderprogrammen teilzunehmen, f\u00fcr die Sie sich \u00fcber das&nbsp;<a href=\"https:\/\/www.udemy.com\/user\/edit-instructor-info\/\" target=\"_blank\" rel=\"noreferrer noopener\">Seite F\u00f6rdervereinbarungen<\/a>&nbsp;Ihrer Ausbilder-Einstellungen oder durch eine schriftliche Vereinbarung (auch per E-Mail) zwischen Ihnen und Essiso f\u00fcr bestimmte Programme, wie unten beschrieben. Die angebotenen spezifischen Programme k\u00f6nnen sich von Zeit zu Zeit \u00e4ndern.&nbsp;<\/p>\n\n\n\n<p>Nicht alle Angebote oder Programme werden in allen geographischen Gebieten oder f\u00fcr alle Essiso-Inhalte verf\u00fcgbar sein. Essiso entscheidet nach eigenem Ermessen, welche Inhalte im Rahmen der Aktionsprogramme angeboten werden und legt die Verkaufspreise fest oder aktualisiert sie. Essiso kann Ihre Inhalte jederzeit und nach eigenem Ermessen, mit oder ohne Benachrichtigung an Sie, aus den Aktionsprogrammen entfernen.<\/p>\n\n\n\n<p>Die unten angegebenen Rabattbetr\u00e4ge sind N\u00e4herungswerte, da der tats\u00e4chliche Rabatt aufgrund von Rundungen und W\u00e4hrungsumrechnungen etwas h\u00f6her sein kann. Essiso garantiert kein Mindestma\u00df an Erfolg im Zusammenhang mit den Aktionsprogrammen.<\/p>\n\n\n\n<h2 class=\"wp-block-heading\" id=\"h_01HAQT4TCCFSQAX23NV84BPZAA\"><strong>2. Essiso Deals Programm<\/strong><\/h2>\n\n\n\n<p>Das Essiso Deals Programm hilft Ihnen, Ihr Umsatzpotential zu erh\u00f6hen, indem es Essiso erm\u00f6glicht, Ihre Inhalte zu einem attraktiven Preisnachlass im Rahmen von gezielten Werbeaktionen anzubieten, sowie Ihren Listenpreis zu optimieren. Das Deals-Programm erm\u00f6glicht es Essiso, Ihre Inhalte Studenten zu einem erm\u00e4\u00dfigten Preis oder einem Listenpreis anzubieten, der nicht unter $9,99 USD (oder dem lokalen \u00c4quivalent) liegt, au\u00dfer bei Verk\u00e4ufen an die Wiederverk\u00e4ufer oder Distributoren von Essiso, wo der Preis niedriger sein kann. Der Klarheit halber bestimmt Essiso den lokalen Gegenwert von $9,99 USD anhand wirtschaftlicher Faktoren wie der Kaufkraft, anstatt eine direkte W\u00e4hrungsumrechnung vorzunehmen. Eine Tabelle der Mindestverkaufspreise nach Rabatt in jedem der wichtigsten M\u00e4rkte von Essiso finden Sie in unserer&nbsp;<a href=\"https:\/\/support.udemy.com\/hc\/articles\/229605368-Instructors-Udemy-s-Pricing-Tiers-For-Courses\" target=\"_blank\" rel=\"noreferrer noopener\">Help Center-Artikel \u00fcber Preisstufen<\/a>. Wir behalten uns das Recht vor, diese Tabelle von Zeit zu Zeit zu aktualisieren und die Optionen der Grundpreisstufe zu \u00e4ndern.<\/p>\n\n\n\n<p>Wenn ein Verkauf an einen Essiso-Wiederverk\u00e4ufer oder -Vertriebspartner zu einem Verkaufspreis f\u00fcr Ihren Inhalt f\u00fchrt, der niedriger ist als der in dieser Richtlinie erlaubte, wird Essiso Ihren Umsatzanteil auf der Grundlage eines in dieser Richtlinie erlaubten Bruttobetrags berechnen.<\/p>\n\n\n\n<p>Angebote Die Angebote des Programms k\u00f6nnen \u00fcber die Dienste, Nutzerkommunikation oder Plattformen Dritter beworben werden, und die Dauer der Angebote kann variieren.<\/p>\n\n\n\n<p>Sie k\u00f6nnen sich jederzeit aus dem Deals-Programm austragen. Ihre Inhalte unterliegen jedoch weiterhin den geltenden Verk\u00e4ufen, Kampagnen oder Werbeaktionen, die zu dem Zeitpunkt, an dem Sie sich abmelden, bereits aktiv sind, bis diese Verk\u00e4ufe, Kampagnen oder Werbeaktionen abgeschlossen sind.<\/p>\n\n\n\n<h2 class=\"wp-block-heading\" id=\"h_01HAQT4TCCRW5RGS9PQPGAVNP7\"><strong>3. Essiso Business Programm<\/strong><\/h2>\n\n\n\n<p>Premium-Lehrer k\u00f6nnen auch an unserem Abonnementprogramm (\"<strong>Essiso Business Programm<\/strong>\"), vorbehaltlich der zus\u00e4tzlichen Bedingungen in diesem Abschnitt. Das Essiso Business Programm besteht aus den abonnementbasierten Inhaltssammlungen von Essiso, die f\u00fcr Privatkunden und Gesch\u00e4ftskunden, einschlie\u00dflich privater, \u00f6ffentlicher, gemeinn\u00fctziger und staatlicher Organisationen (\"<strong>Abonnement-Kunden<\/strong>\"), die eine ausgew\u00e4hlte Gruppe der besten Inhalte von Essiso f\u00fcr die berufliche und pers\u00f6nliche Entwicklung enth\u00e4lt.&nbsp;<\/p>\n\n\n\n<p>Durch die Teilnahme am Essiso Business Programm erkl\u00e4ren Sie sich damit einverstanden, dass Ihr gesamter Inhalt f\u00fcr die Aufnahme in die abonnementbasierten Inhaltssammlungen von Essiso in Frage kommt. Wir k\u00f6nnen entscheiden, ob wir Ihre Inhalte f\u00fcr die Aufnahme in eine Sammlung ausw\u00e4hlen, einschlie\u00dflich aller Zus\u00e4tze, Variationen oder Untergruppen dieser Sammlung, und k\u00f6nnen die Auswahl von Zeit zu Zeit nach unserem alleinigen Ermessen \u00e4ndern.<\/p>\n\n\n\n<p>Da die Sammlungen auf einem Abonnement basieren, k\u00f6nnen wir nach eigenem Ermessen Verkaufspreise festlegen und kostenlose Testversionen anbieten. Solange Ihr Inhalt in einer Sammlung enthalten ist, k\u00f6nnen Sie ihn nicht unver\u00f6ffentlicht lassen oder ihn privat machen.&nbsp;<\/p>\n\n\n\n<p>Wenn Sie zugestimmt haben, Beurteilungsfragen (wie unten definiert) zu stellen, unterliegen Sie auch den zus\u00e4tzlichen Bedingungen in Abschnitt 4 (Beurteilungen).<\/p>\n\n\n\n<p>F\u00fcr Lehrkr\u00e4fte, die sich bereits f\u00fcr das \"Essiso-Abonnementprogramm\" entschieden haben, gelten die Bestimmungen dieses Abschnitts.&nbsp;&nbsp;<\/p>\n\n\n\n<p><strong>3.1 Anteil an den Einnahmen<\/strong><\/p>\n\n\n\n<p>Mit der Teilnahme am Essiso Business Programm erkl\u00e4ren Sie sich damit einverstanden, dass Ihr Anteil an den Einnahmen f\u00fcr jede Sammlung wie folgt berechnet wird:<\/p>\n\n\n\n<ol>\n<li>Jeden Monat berechnet Essiso die gesamten monatlichen Abonnementgeb\u00fchren, die an Essiso im Namen aller derzeitigen Abonnementkunden einer solchen Sammlung gezahlt wurden, abz\u00fcglich aller anfallenden Transaktionssteuern, Devisengeb\u00fchren und Geb\u00fchren Dritter, wie z.B. Wiederverk\u00e4ufer-, Werbe-, Vertriebs- oder Zahlungsbearbeitungsgeb\u00fchren.<\/li>\n\n\n\n<li>Zwanzig Prozent (20%) dieses Betrags werden den an der Sammlung teilnehmenden Ausbildern zugewiesen (\"Ausbilder-Einnahmepool\"), wie weiter unten beschrieben. Im Jahr 2025 betr\u00e4gt der Einnahmenanteil 17,5% und im Jahr 2026 15%.<\/li>\n\n\n\n<li>Jeden Monat berechnet Essiso die Gesamtminuten der Inhalte (einschlie\u00dflich Kursvideos, Quiz, \u00dcbungstests und Codierungs\u00fcbungen) in dieser Sammlung, die von allen aktuellen Abonnementkunden durch ihr Abonnement dieser Sammlung konsumiert wurden (\"<strong>Insgesamt verbrauchte Minuten<\/strong>\"). Aus Gr\u00fcnden der Klarheit beinhaltet die Gesamtzahl der verbrauchten Minuten nicht den Verbrauch durch den Zugang \u00fcber eine kostenlose Testversion.<\/li>\n\n\n\n<li>Jeden Monat berechnet Essiso auch, wie viele der insgesamt verbrauchten Minuten auf jeden Ihrer Inhalte entfallen, der in diesem Monat in der Sammlung enthalten war (\"<strong>Ihr Inhaltsprotokoll<\/strong>&#8220;).<\/li>\n\n\n\n<li>Um Ihren monatlichen Umsatzanteil zu berechnen, teilt Essiso den Einnahmepool des Lehrers durch die insgesamt verbrauchten Minuten und multipliziert diesen Betrag pro Minute mit Ihren Inhaltsminuten.<\/li>\n<\/ol>\n\n\n\n<p>Wenn Essiso zus\u00e4tzliche Arten von Inhalten (wie z.B. Bewertungen und \u00dcbungen) \u00fcber die Sammlungen zur Verf\u00fcgung stellt, k\u00f6nnen wir den obigen Unterabschnitt (3) aktualisieren, um zus\u00e4tzliche Arten von Inhalten zu spezifizieren, die in die Berechnungen zur Ermittlung der verbrauchten Gesamtminuten und Ihrer Inhaltsminuten einbezogen werden.<\/p>\n\n\n\n<p><strong>3.2 Ausschlie\u00dflichkeit<\/strong><\/p>\n\n\n\n<p>Sobald Ihr Inhalt in eine Sammlung aufgenommen wurde, erkl\u00e4ren Sie sich damit einverstanden, dass Sie keine On-Demand-Inhalte, wie z. B. aufgezeichnete Kurse, anbieten, die in direktem Wettbewerb zu diesem Inhalt stehen oder den Verkauf auf einer anderen Website oder Plattform als Ihrer eigenen beeintr\u00e4chtigen, es sei denn, es ist etwas anderes f\u00fcr Bewertungsfragen vorgesehen. Zur Klarstellung: Dies gilt nicht f\u00fcr literarische Werke oder pers\u00f6nliche Schulungen. Wenn Sie sich entscheiden, Ihre Teilnahme am Essiso Business Programm zu beenden, stimmen Sie zu, dass diese Exklusivit\u00e4tsklausel in Kraft bleibt, bis wir Ihre Inhalte aus allen Sammlungen entfernen.<\/p>\n\n\n\n<p><strong>3.3 Beendigung<\/strong><\/p>\n\n\n\n<p>Sie k\u00f6nnen Ihre Teilnahme am Essiso Business Program jederzeit per E-Mail an instructorsupport@Essiso.com k\u00fcndigen. Essiso wird Ihre Inhalte innerhalb von 12 Monaten nach der Beendigung aus den Kollektionen entfernen und Ihnen weiterhin Umsatzbeteiligungen auf der Grundlage der zu diesem Zeitpunkt g\u00fcltigen Tarife zahlen, bis Ihre Inhalte aus der jeweiligen Kollektion entfernt werden.&nbsp;<\/p>\n\n\n\n<p>Sobald Ihre Inhalte aus irgendeinem Grund aus einer Sammlung entfernt werden, k\u00f6nnen sich Abonnementkunden nicht mehr f\u00fcr Ihre Inhalte anmelden und Sie erhalten keine Umsatzbeteiligung mehr aus dieser Sammlung. Jeder einzelne Endnutzer, der sich zuvor f\u00fcr Ihre Inhalte angemeldet hat, kann jedoch weiterhin auf diese Inhalte zugreifen, solange er die entsprechende Sammlung abonniert hat.<\/p>\n\n\n\n<h2 class=\"wp-block-heading\" id=\"h_01HAQT4TCCA2WTYXYDH63WJBC5\"><strong>4. Beurteilungen<\/strong><\/h2>\n\n\n\n<p>Die Bewertungen von Essiso (\"<strong>Beurteilungen<\/strong>\") bestehen aus Frage- und Antwortpaaren mit Erl\u00e4uterungen (jeweils ein \"<strong>Bewertung Frage<\/strong>\"), um die F\u00e4higkeiten und das Lernen in bestimmten Themen, F\u00e4higkeiten, Bereichen oder Berufen zu messen. Beurteilungen werden von Essiso als eigenst\u00e4ndiger Inhaltstyp, getrennt von Kursen, zur Verf\u00fcgung gestellt. Zur Verdeutlichung: \u00dcbungstests, Quiz, Kodier\u00fcbungen und Labore werden nicht als Pr\u00fcfungen oder Pr\u00fcfungsfragen betrachtet.&nbsp;<\/p>\n\n\n\n<p>Mit der \u00dcbermittlung einer Bewertungsfrage, wie zwischen uns schriftlich (auch per E-Mail) vereinbart, erkl\u00e4ren Sie sich mit den Bedingungen in diesem Abschnitt einverstanden.<\/p>\n\n\n\n<p>Wir k\u00f6nnen entscheiden, ob wir Ihre Bewertungsfrage f\u00fcr die Aufnahme in Essiso.com oder in das Essiso Business Programm ausw\u00e4hlen, und wir k\u00f6nnen diese Auswahl von Zeit zu Zeit und nach unserem alleinigen Ermessen \u00e4ndern. Wenn Ihre Bewertungsfrage in das Essiso Business Programm aufgenommen wird, dann unterliegen Sie den oben genannten Bedingungen f\u00fcr dieses Programm.&nbsp;<\/p>\n\n\n\n<p>Sie erkl\u00e4ren sich damit einverstanden, dass Ihre Bewertungsfragen allen Kriterien entsprechen, die schriftlich (auch per E-Mail) zwischen Ihnen und Essiso vereinbart wurden, wie z.B. Thema, Format, Bereich, Schwierigkeitsgrad und Anzahl.<\/p>\n\n\n\n<p>Indem Sie Ihre Bewertungsfrage zur Verf\u00fcgung stellen, gew\u00e4hren Sie Essiso die ausschlie\u00dfliche Lizenz, Ihre Bewertungsfrage zu verwenden, zu kopieren, zu vervielf\u00e4ltigen, zu verbreiten, auszustellen, zu ver\u00f6ffentlichen und abgeleitete Werke davon zu erstellen. Sie erkl\u00e4ren sich damit einverstanden, dass Sie Ihre Bewertungsfrage nicht anderen zur Verf\u00fcgung stellen (auch nicht \u00fcber Ihre eigene Website oder Plattform) oder Dritten eine Lizenz erteilen oder gestatten, dies zu tun.<\/p>\n\n\n\n<p>Sie k\u00f6nnen Ihre Lizenz f\u00fcr eine Bewertungsfrage jederzeit k\u00fcndigen, indem Sie eine E-Mail an&nbsp;<a href=\"mailto:instructorsupport@udemy.com\" target=\"_blank\" rel=\"noreferrer noopener\">instructorsupport@Essiso.com<\/a>. Essiso wird Ihre Bewertungsfrage innerhalb von 12 Monaten nach der Beendigung aus den Diensten entfernen und Ihnen den entsprechenden Umsatzanteil auf der Grundlage der zu diesem Zeitpunkt geltenden Tarife weiterzahlen, bis Ihre Bewertungsfrage aus dem entsprechenden Teil der Dienste entfernt wird.&nbsp;&nbsp;<\/p>\n\n\n\n<h2 class=\"wp-block-heading\" id=\"h_01HAQT4TCCRZAHXABR549YMG95\"><strong>5. \u00c4nderungen<\/strong><\/h2>\n\n\n\n<p>Wir k\u00f6nnen diese Richtlinie von Zeit zu Zeit aktualisieren, um unsere Praktiken zu verdeutlichen oder um neue oder andere Praktiken zu ber\u00fccksichtigen. Wenn wir eine wesentliche \u00c4nderung vornehmen, werden wir Sie auf auff\u00e4llige Weise benachrichtigen, z. B. per E-Mail an die in Ihrem Konto angegebene E-Mail-Adresse oder durch Ver\u00f6ffentlichung einer Mitteilung \u00fcber unsere Dienste. \u00c4nderungen werden an dem Tag wirksam, an dem sie ver\u00f6ffentlicht werden, sofern nicht anders angegeben.<\/p>\n\n\n\n<h2 class=\"wp-block-heading\" id=\"h_01HAQT4TCCRYHZJ9PVWV04AHJ7\"><strong>6. Wie Sie uns kontaktieren k\u00f6nnen<\/strong><\/h2>\n\n\n\n<p>Wenn Sie Fragen zu dieser Richtlinie haben, wenden Sie sich bitte an unsere&nbsp;<a href=\"https:\/\/support.udemy.com\/hc\/requests\/new?type=instructor\" target=\"_blank\" rel=\"noreferrer noopener\">Betreuungsteam<\/a>.<\/p>","protected":false},"excerpt":{"rendered":"<p>This Promotions Policy was last updated on 22nd December 2023. This Promotions Policy (\u201cPolicy\u201d) includes information about methods that Essiso instructors can use to promote their content, including instructor coupons, course referral links, and Essiso\u2019s optional marketing programs. This Policy is incorporated by reference into our&nbsp;Terms of Use&nbsp;and&nbsp;Instructor Terms. Any capitalized terms that aren\u2019t defined &#8230; <a title=\"F\u00f6rderungspolitik\" class=\"read-more\" href=\"https:\/\/esisoc.com\/de\/beforderungspolitik\/\" aria-label=\"Mehr Informationen \u00fcber Promotions Policy\">Weiterlesen &#8230;<\/a><\/p>","protected":false},"author":2,"featured_media":0,"parent":0,"menu_order":0,"comment_status":"closed","ping_status":"closed","template":"","meta":{"footnotes":""},"yoast_head":"<!-- This site is optimized with the Yoast SEO Premium plugin v21.9 (Yoast SEO v21.9.1) - https:\/\/yoast.com\/wordpress\/plugins\/seo\/ -->\n<title>Promotions Policy - ESISOC | ESSID Solutions<\/title>\n<meta name=\"robots\" content=\"index, follow, max-snippet:-1, max-image-preview:large, max-video-preview:-1\" \/>\n<link rel=\"canonical\" href=\"https:\/\/esisoc.com\/de\/beforderungspolitik\/\" \/>\n<meta property=\"og:locale\" content=\"de_DE\" \/>\n<meta property=\"og:type\" content=\"article\" \/>\n<meta property=\"og:title\" content=\"Promotions Policy\" \/>\n<meta property=\"og:description\" content=\"This Promotions Policy was last updated on 22nd December 2023. This Promotions Policy (\u201cPolicy\u201d) includes information about methods that Essiso instructors can use to promote their content, including instructor coupons, course referral links, and Essiso\u2019s optional marketing programs. This Policy is incorporated by reference into our&nbsp;Terms of Use&nbsp;and&nbsp;Instructor Terms. Any capitalized terms that aren\u2019t defined ... Weiterlesen ...\" \/>\n<meta property=\"og:url\" content=\"https:\/\/esisoc.com\/de\/beforderungspolitik\/\" \/>\n<meta property=\"og:site_name\" content=\"ESISOC | ESSID Solutions\" \/>\n<meta property=\"article:modified_time\" content=\"2024-02-18T13:14:58+00:00\" \/>\n<meta name=\"twitter:card\" content=\"summary_large_image\" \/>\n<meta name=\"twitter:label1\" content=\"Gesch\u00e4tzte Lesezeit\" \/>\n\t<meta name=\"twitter:data1\" content=\"8\u00a0Minuten\" \/>\n<script type=\"application\/ld+json\" class=\"yoast-schema-graph\">{\"@context\":\"https:\/\/schema.org\",\"@graph\":[{\"@type\":\"WebPage\",\"@id\":\"https:\/\/esisoc.com\/promotions-policy\/\",\"url\":\"https:\/\/esisoc.com\/promotions-policy\/\",\"name\":\"Promotions Policy - ESISOC | ESSID Solutions\",\"isPartOf\":{\"@id\":\"https:\/\/esisoc.com\/#website\"},\"datePublished\":\"2024-02-18T13:14:55+00:00\",\"dateModified\":\"2024-02-18T13:14:58+00:00\",\"breadcrumb\":{\"@id\":\"https:\/\/esisoc.com\/promotions-policy\/#breadcrumb\"},\"inLanguage\":\"de\",\"potentialAction\":[{\"@type\":\"ReadAction\",\"target\":[\"https:\/\/esisoc.com\/promotions-policy\/\"]}]},{\"@type\":\"BreadcrumbList\",\"@id\":\"https:\/\/esisoc.com\/promotions-policy\/#breadcrumb\",\"itemListElement\":[{\"@type\":\"ListItem\",\"position\":1,\"name\":\"Home\",\"item\":\"https:\/\/esisoc.com\/\"},{\"@type\":\"ListItem\",\"position\":2,\"name\":\"Promotions Policy\"}]},{\"@type\":\"WebSite\",\"@id\":\"https:\/\/esisoc.com\/#website\",\"url\":\"https:\/\/esisoc.com\/\",\"name\":\"ESISOC | ESSID Solutions\",\"description\":\"Data Science Consulting and AI | Online Books, Videos, Courses and more\",\"publisher\":{\"@id\":\"https:\/\/esisoc.com\/#organization\"},\"potentialAction\":[{\"@type\":\"SearchAction\",\"target\":{\"@type\":\"EntryPoint\",\"urlTemplate\":\"https:\/\/esisoc.com\/?s={search_term_string}\"},\"query-input\":\"required name=search_term_string\"}],\"inLanguage\":\"de\"},{\"@type\":\"Organization\",\"@id\":\"https:\/\/esisoc.com\/#organization\",\"name\":\"ESISOC | ESSID Solutions\",\"url\":\"https:\/\/esisoc.com\/\",\"logo\":{\"@type\":\"ImageObject\",\"inLanguage\":\"de\",\"@id\":\"https:\/\/esisoc.com\/#\/schema\/logo\/image\/\",\"url\":\"https:\/\/esisoc.com\/wp-content\/uploads\/2024\/02\/logo-esisoc.png\",\"contentUrl\":\"https:\/\/esisoc.com\/wp-content\/uploads\/2024\/02\/logo-esisoc.png\",\"width\":350,\"height\":63,\"caption\":\"ESISOC | ESSID Solutions\"},\"image\":{\"@id\":\"https:\/\/esisoc.com\/#\/schema\/logo\/image\/\"}}]}<\/script>\n<!-- \/ Yoast SEO Premium plugin. -->","yoast_head_json":{"title":"Promotions Policy - ESISOC | ESSID Solutions","robots":{"index":"index","follow":"follow","max-snippet":"max-snippet:-1","max-image-preview":"max-image-preview:large","max-video-preview":"max-video-preview:-1"},"canonical":"https:\/\/esisoc.com\/de\/beforderungspolitik\/","og_locale":"de_DE","og_type":"article","og_title":"Promotions Policy","og_description":"This Promotions Policy was last updated on 22nd December 2023. This Promotions Policy (\u201cPolicy\u201d) includes information about methods that Essiso instructors can use to promote their content, including instructor coupons, course referral links, and Essiso\u2019s optional marketing programs. This Policy is incorporated by reference into our&nbsp;Terms of Use&nbsp;and&nbsp;Instructor Terms. Any capitalized terms that aren\u2019t defined ... Weiterlesen ...","og_url":"https:\/\/esisoc.com\/de\/beforderungspolitik\/","og_site_name":"ESISOC | ESSID Solutions","article_modified_time":"2024-02-18T13:14:58+00:00","twitter_card":"summary_large_image","twitter_misc":{"Gesch\u00e4tzte Lesezeit":"8\u00a0Minuten"},"schema":{"@context":"https:\/\/schema.org","@graph":[{"@type":"WebPage","@id":"https:\/\/esisoc.com\/promotions-policy\/","url":"https:\/\/esisoc.com\/promotions-policy\/","name":"Promotions Policy - ESISOC | ESSID Solutions","isPartOf":{"@id":"https:\/\/esisoc.com\/#website"},"datePublished":"2024-02-18T13:14:55+00:00","dateModified":"2024-02-18T13:14:58+00:00","breadcrumb":{"@id":"https:\/\/esisoc.com\/promotions-policy\/#breadcrumb"},"inLanguage":"de","potentialAction":[{"@type":"ReadAction","target":["https:\/\/esisoc.com\/promotions-policy\/"]}]},{"@type":"BreadcrumbList","@id":"https:\/\/esisoc.com\/promotions-policy\/#breadcrumb","itemListElement":[{"@type":"ListItem","position":1,"name":"Home","item":"https:\/\/esisoc.com\/"},{"@type":"ListItem","position":2,"name":"Promotions Policy"}]},{"@type":"WebSite","@id":"https:\/\/esisoc.com\/#website","url":"https:\/\/esisoc.com\/","name":"ESISOC | ESSID Solutions","description":"Data Science Consulting and AI | Online Books, Videos, Courses and more","publisher":{"@id":"https:\/\/esisoc.com\/#organization"},"potentialAction":[{"@type":"SearchAction","target":{"@type":"EntryPoint","urlTemplate":"https:\/\/esisoc.com\/?s={search_term_string}"},"query-input":"required name=search_term_string"}],"inLanguage":"de"},{"@type":"Organization","@id":"https:\/\/esisoc.com\/#organization","name":"ESISOC | ESSID Solutions","url":"https:\/\/esisoc.com\/","logo":{"@type":"ImageObject","inLanguage":"de","@id":"https:\/\/esisoc.com\/#\/schema\/logo\/image\/","url":"https:\/\/esisoc.com\/wp-content\/uploads\/2024\/02\/logo-esisoc.png","contentUrl":"https:\/\/esisoc.com\/wp-content\/uploads\/2024\/02\/logo-esisoc.png","width":350,"height":63,"caption":"ESISOC | ESSID Solutions"},"image":{"@id":"https:\/\/esisoc.com\/#\/schema\/logo\/image\/"}}]}},"_links":{"self":[{"href":"https:\/\/esisoc.com\/de\/wp-json\/wp\/v2\/pages\/2809"}],"collection":[{"href":"https:\/\/esisoc.com\/de\/wp-json\/wp\/v2\/pages"}],"about":[{"href":"https:\/\/esisoc.com\/de\/wp-json\/wp\/v2\/types\/page"}],"author":[{"embeddable":true,"href":"https:\/\/esisoc.com\/de\/wp-json\/wp\/v2\/users\/2"}],"replies":[{"embeddable":true,"href":"https:\/\/esisoc.com\/de\/wp-json\/wp\/v2\/comments?post=2809"}],"version-history":[{"count":1,"href":"https:\/\/esisoc.com\/de\/wp-json\/wp\/v2\/pages\/2809\/revisions"}],"predecessor-version":[{"id":2811,"href":"https:\/\/esisoc.com\/de\/wp-json\/wp\/v2\/pages\/2809\/revisions\/2811"}],"wp:attachment":[{"href":"https:\/\/esisoc.com\/de\/wp-json\/wp\/v2\/media?parent=2809"}],"curies":[{"name":"wp","href":"https:\/\/api.w.org\/{rel}","templated":true}]}}