{"id":2800,"date":"2024-02-18T13:11:07","date_gmt":"2024-02-18T13:11:07","guid":{"rendered":"https:\/\/esisoc.com\/?page_id=2800"},"modified":"2024-02-18T13:11:11","modified_gmt":"2024-02-18T13:11:11","slug":"business-leadership-academy-terms-conditions","status":"publish","type":"page","link":"https:\/\/esisoc.com\/es\/academia-de-liderazgo-empresarial-condiciones\/","title":{"rendered":"T\u00e9rminos y condiciones de la Academia de Liderazgo Empresarial"},"content":{"rendered":"<p><em>Estas condiciones se actualizaron por \u00faltima vez el 18 de octubre de 2023.<\/em><\/p>\n\n\n\n<p>Los siguientes t\u00e9rminos y condiciones se aplican al uso por parte del Cliente de la plataforma de Essiso, Essiso Business Leadership Academy (\"<strong><em>Academia de Liderazgo Empresarial Essiso<\/em><\/strong>\"), tal y como se describe a continuaci\u00f3n. Todos los t\u00e9rminos no definidos en el presente documento tienen las definiciones que se les atribuyen en el Contrato marco de servicios (\"<strong><em>Acuerdo<\/em><\/strong>\") entre Essiso y el Cliente.<\/p>\n\n\n\n<ol>\n<li>Oferta de la Academia de Liderazgo Empresarial Essiso. Al adquirir el acceso a la Academia de Liderazgo Empresarial Essiso, tal y como se especifica en el correspondiente Formulario de Pedido, el Cliente recibir\u00e1 licencias para acceder a contenidos de aprendizaje espec\u00edficos (el \"<strong><em>Licencias de cohorte<\/em><\/strong>\") accesible a trav\u00e9s de una plataforma de aprendizaje en l\u00ednea (la \"<strong><em>Plataforma de la Academia de Liderazgo Empresarial Essiso<\/em><\/strong>\") que incluye los Servicios de Cohorte (tal y como se definen a continuaci\u00f3n).<\/li>\n\n\n\n<li>Plataforma de la Academia de Liderazgo Empresarial Essiso. Se proporcionar\u00e1 al Cliente acceso a la Plataforma de la Academia de Liderazgo Empresarial Essiso, tal como se detalla en el Formulario de Pedido aplicable, donde los Usuarios podr\u00e1n acceder al contenido de aprendizaje espec\u00edfico de la cohorte (\"<strong><em>Contenido de la Academia de Liderazgo Empresarial Essiso<\/em><\/strong>\") y\/o cualquier contenido, material e informaci\u00f3n propiedad del Cliente (\"<strong><em>IP del cliente<\/em><\/strong>\"). El Cliente puede adquirir acceso para Usuarios adicionales de la Plataforma Essiso Business Leadership Academy (en exceso de los que figuran en el Formulario de Pedido aplicable), sujeto a una tarifa adicional y a los t\u00e9rminos y condiciones establecidos en el presente documento.<\/li>\n\n\n\n<li>Licencias de cohorte. El acceso al Contenido de la Academia de Liderazgo Empresarial Essiso est\u00e1 limitado a los Usuarios con Licencias de Cohorte y est\u00e1 disponible para la duraci\u00f3n de un programa de cohorte aplicable (o cualquier otra duraci\u00f3n acordada entre las Partes), cada uno de los cuales constar\u00e1 de un m\u00ednimo de 25 participantes (la \"<strong><em>Programa de cohortes<\/em><\/strong>\"). El Cliente notificar\u00e1 a Essiso al menos seis semanas antes del lanzamiento de un Programa de Cohortes. En la medida en que un Programa de Cohortes tenga que ser cancelado o reprogramado por causas ajenas a Essiso (por ejemplo, no se alcanzaron los 25 participantes requeridos, etc.), Essiso no tendr\u00e1 ninguna responsabilidad por dicha cancelaci\u00f3n y podr\u00e1 cobrar una tarifa adicional para acomodar el Programa de Cohortes reprogramado. Cualquier solicitud de reprogramaci\u00f3n de un Programa de Cohortes por parte del Cliente requiere una notificaci\u00f3n por escrito con al menos 14 d\u00edas de antelaci\u00f3n.<\/li>\n\n\n\n<li>Servicios adicionales. Productos opcionales de terceros (\"<strong><em>Complementos para proveedores<\/em><\/strong>\") o servicios de apoyo adicionales (\"<strong><em>Servicios de cohortes<\/em><\/strong>\") pueden incluirse con la Academia de Liderazgo Empresarial Essiso. La disponibilidad de los Complementos del Vendedor y\/o los Servicios de Cohorte se incluye con la Licencia de Cohorte del Cliente a un coste adicional por Usuario, que se establecer\u00e1 en un Formulario de Pedido. Los Servicios de Cohorte no est\u00e1n disponibles para el contenido propiedad del Cliente. Todos los servicios adicionales solicitados por el Cliente se determinar\u00e1n por separado y tendr\u00e1n un coste adicional.<\/li>\n\n\n\n<li>Propiedad intelectual del cliente. El Cliente declara y garantiza que el Cliente tiene todos los derechos, t\u00edtulos e intereses sobre toda la IP del Cliente proporcionada a Essiso para realizar los Servicios establecidos en el Formulario de Pedido aplicable y defender\u00e1, indemnizar\u00e1 y mantendr\u00e1 indemne a Essiso y sus Afiliadas, subsidiarias, directores, funcionarios, empleados y agentes con respecto a cualquier reclamaci\u00f3n contra Essiso en relaci\u00f3n con dicha IP del Cliente.<\/li>\n\n\n\n<li>Restricciones en el uso de licencias. Cada Licencia de Cohorte, una vez asignada a un Usuario, es \u00fanica para dicho Usuario y no puede ser asignada o compartida con ninguna otra persona a trav\u00e9s de un inicio de sesi\u00f3n compartido o cualquier otro m\u00e9todo. Todas las Licencias de Cohorte caducan en la fecha del primer aniversario de la emisi\u00f3n de dichas Licencias de Cohorte por parte de Essiso y deben renovarse anualmente a partir de entonces.<\/li>\n<\/ol>","protected":false},"excerpt":{"rendered":"<p>Estos t\u00e9rminos y condiciones se actualizaron por \u00faltima vez el 18 de octubre de 2023. Los siguientes t\u00e9rminos y condiciones se aplican al uso por parte del Cliente de la plataforma de Essiso, Essiso Business Leadership Academy (\"Essiso Business Leadership Academy\"), tal y como se describe a continuaci\u00f3n. Todos los t\u00e9rminos no definidos en el presente documento tienen las definiciones que se les atribuyen en el Contrato Marco de Servicios (\"Contrato\") entre Essiso y el Cliente.<\/p>","protected":false},"author":2,"featured_media":0,"parent":0,"menu_order":0,"comment_status":"closed","ping_status":"closed","template":"","meta":{"footnotes":""},"yoast_head":"<!-- This site is optimized with the Yoast SEO Premium plugin v21.9 (Yoast SEO v21.9.1) - https:\/\/yoast.com\/wordpress\/plugins\/seo\/ -->\n<title>Business Leadership Academy Terms &amp; Conditions - ESISOC | ESSID Solutions<\/title>\n<meta name=\"robots\" content=\"index, follow, max-snippet:-1, max-image-preview:large, max-video-preview:-1\" \/>\n<link rel=\"canonical\" href=\"https:\/\/esisoc.com\/es\/academia-de-liderazgo-empresarial-condiciones\/\" \/>\n<meta property=\"og:locale\" content=\"es_ES\" \/>\n<meta property=\"og:type\" content=\"article\" \/>\n<meta property=\"og:title\" content=\"Business Leadership Academy Terms &amp; Conditions\" \/>\n<meta property=\"og:description\" content=\"These terms and conditions were last updated on October 18, 2023. The terms and conditions below apply to Customer\u2019s use of Essiso\u2019s platform, Essiso Business Leadership Academy (\u201cEssiso Business Leadership Academy\u201d), as described below. All terms not defined herein have the definitions ascribed to them in the Master Services Agreement (\u201cAgreement\u201d) between Essiso and Customer.\" \/>\n<meta property=\"og:url\" content=\"https:\/\/esisoc.com\/es\/academia-de-liderazgo-empresarial-condiciones\/\" \/>\n<meta property=\"og:site_name\" content=\"ESISOC | ESSID Solutions\" \/>\n<meta property=\"article:modified_time\" content=\"2024-02-18T13:11:11+00:00\" \/>\n<meta name=\"twitter:card\" content=\"summary_large_image\" \/>\n<meta name=\"twitter:label1\" content=\"Tiempo de lectura\" \/>\n\t<meta name=\"twitter:data1\" content=\"3 minutos\" \/>\n<script type=\"application\/ld+json\" class=\"yoast-schema-graph\">{\"@context\":\"https:\/\/schema.org\",\"@graph\":[{\"@type\":\"WebPage\",\"@id\":\"https:\/\/esisoc.com\/business-leadership-academy-terms-conditions\/\",\"url\":\"https:\/\/esisoc.com\/business-leadership-academy-terms-conditions\/\",\"name\":\"Business Leadership Academy Terms &amp; Conditions - ESISOC | ESSID Solutions\",\"isPartOf\":{\"@id\":\"https:\/\/esisoc.com\/#website\"},\"datePublished\":\"2024-02-18T13:11:07+00:00\",\"dateModified\":\"2024-02-18T13:11:11+00:00\",\"breadcrumb\":{\"@id\":\"https:\/\/esisoc.com\/business-leadership-academy-terms-conditions\/#breadcrumb\"},\"inLanguage\":\"es\",\"potentialAction\":[{\"@type\":\"ReadAction\",\"target\":[\"https:\/\/esisoc.com\/business-leadership-academy-terms-conditions\/\"]}]},{\"@type\":\"BreadcrumbList\",\"@id\":\"https:\/\/esisoc.com\/business-leadership-academy-terms-conditions\/#breadcrumb\",\"itemListElement\":[{\"@type\":\"ListItem\",\"position\":1,\"name\":\"Home\",\"item\":\"https:\/\/esisoc.com\/\"},{\"@type\":\"ListItem\",\"position\":2,\"name\":\"Business Leadership Academy Terms &amp; Conditions\"}]},{\"@type\":\"WebSite\",\"@id\":\"https:\/\/esisoc.com\/#website\",\"url\":\"https:\/\/esisoc.com\/\",\"name\":\"ESISOC | ESSID Solutions\",\"description\":\"Data Science Consulting and AI | Online Books, Videos, Courses and more\",\"publisher\":{\"@id\":\"https:\/\/esisoc.com\/#organization\"},\"potentialAction\":[{\"@type\":\"SearchAction\",\"target\":{\"@type\":\"EntryPoint\",\"urlTemplate\":\"https:\/\/esisoc.com\/?s={search_term_string}\"},\"query-input\":\"required name=search_term_string\"}],\"inLanguage\":\"es\"},{\"@type\":\"Organization\",\"@id\":\"https:\/\/esisoc.com\/#organization\",\"name\":\"ESISOC | ESSID Solutions\",\"url\":\"https:\/\/esisoc.com\/\",\"logo\":{\"@type\":\"ImageObject\",\"inLanguage\":\"es\",\"@id\":\"https:\/\/esisoc.com\/#\/schema\/logo\/image\/\",\"url\":\"https:\/\/esisoc.com\/wp-content\/uploads\/2024\/02\/logo-esisoc.png\",\"contentUrl\":\"https:\/\/esisoc.com\/wp-content\/uploads\/2024\/02\/logo-esisoc.png\",\"width\":350,\"height\":63,\"caption\":\"ESISOC | ESSID Solutions\"},\"image\":{\"@id\":\"https:\/\/esisoc.com\/#\/schema\/logo\/image\/\"}}]}<\/script>\n<!-- \/ Yoast SEO Premium plugin. -->","yoast_head_json":{"title":"Business Leadership Academy Terms &amp; Conditions - ESISOC | ESSID Solutions","robots":{"index":"index","follow":"follow","max-snippet":"max-snippet:-1","max-image-preview":"max-image-preview:large","max-video-preview":"max-video-preview:-1"},"canonical":"https:\/\/esisoc.com\/es\/academia-de-liderazgo-empresarial-condiciones\/","og_locale":"es_ES","og_type":"article","og_title":"Business Leadership Academy Terms &amp; Conditions","og_description":"These terms and conditions were last updated on October 18, 2023. The terms and conditions below apply to Customer\u2019s use of Essiso\u2019s platform, Essiso Business Leadership Academy (\u201cEssiso Business Leadership Academy\u201d), as described below. All terms not defined herein have the definitions ascribed to them in the Master Services Agreement (\u201cAgreement\u201d) between Essiso and Customer.","og_url":"https:\/\/esisoc.com\/es\/academia-de-liderazgo-empresarial-condiciones\/","og_site_name":"ESISOC | ESSID Solutions","article_modified_time":"2024-02-18T13:11:11+00:00","twitter_card":"summary_large_image","twitter_misc":{"Tiempo de lectura":"3 minutos"},"schema":{"@context":"https:\/\/schema.org","@graph":[{"@type":"WebPage","@id":"https:\/\/esisoc.com\/business-leadership-academy-terms-conditions\/","url":"https:\/\/esisoc.com\/business-leadership-academy-terms-conditions\/","name":"Business Leadership Academy Terms &amp; Conditions - ESISOC | ESSID Solutions","isPartOf":{"@id":"https:\/\/esisoc.com\/#website"},"datePublished":"2024-02-18T13:11:07+00:00","dateModified":"2024-02-18T13:11:11+00:00","breadcrumb":{"@id":"https:\/\/esisoc.com\/business-leadership-academy-terms-conditions\/#breadcrumb"},"inLanguage":"es","potentialAction":[{"@type":"ReadAction","target":["https:\/\/esisoc.com\/business-leadership-academy-terms-conditions\/"]}]},{"@type":"BreadcrumbList","@id":"https:\/\/esisoc.com\/business-leadership-academy-terms-conditions\/#breadcrumb","itemListElement":[{"@type":"ListItem","position":1,"name":"Home","item":"https:\/\/esisoc.com\/"},{"@type":"ListItem","position":2,"name":"Business Leadership Academy Terms &amp; Conditions"}]},{"@type":"WebSite","@id":"https:\/\/esisoc.com\/#website","url":"https:\/\/esisoc.com\/","name":"ESISOC | ESSID Solutions","description":"Data Science Consulting and AI | Online Books, Videos, Courses and more","publisher":{"@id":"https:\/\/esisoc.com\/#organization"},"potentialAction":[{"@type":"SearchAction","target":{"@type":"EntryPoint","urlTemplate":"https:\/\/esisoc.com\/?s={search_term_string}"},"query-input":"required name=search_term_string"}],"inLanguage":"es"},{"@type":"Organization","@id":"https:\/\/esisoc.com\/#organization","name":"ESISOC | ESSID Solutions","url":"https:\/\/esisoc.com\/","logo":{"@type":"ImageObject","inLanguage":"es","@id":"https:\/\/esisoc.com\/#\/schema\/logo\/image\/","url":"https:\/\/esisoc.com\/wp-content\/uploads\/2024\/02\/logo-esisoc.png","contentUrl":"https:\/\/esisoc.com\/wp-content\/uploads\/2024\/02\/logo-esisoc.png","width":350,"height":63,"caption":"ESISOC | ESSID Solutions"},"image":{"@id":"https:\/\/esisoc.com\/#\/schema\/logo\/image\/"}}]}},"_links":{"self":[{"href":"https:\/\/esisoc.com\/es\/wp-json\/wp\/v2\/pages\/2800"}],"collection":[{"href":"https:\/\/esisoc.com\/es\/wp-json\/wp\/v2\/pages"}],"about":[{"href":"https:\/\/esisoc.com\/es\/wp-json\/wp\/v2\/types\/page"}],"author":[{"embeddable":true,"href":"https:\/\/esisoc.com\/es\/wp-json\/wp\/v2\/users\/2"}],"replies":[{"embeddable":true,"href":"https:\/\/esisoc.com\/es\/wp-json\/wp\/v2\/comments?post=2800"}],"version-history":[{"count":1,"href":"https:\/\/esisoc.com\/es\/wp-json\/wp\/v2\/pages\/2800\/revisions"}],"predecessor-version":[{"id":2802,"href":"https:\/\/esisoc.com\/es\/wp-json\/wp\/v2\/pages\/2800\/revisions\/2802"}],"wp:attachment":[{"href":"https:\/\/esisoc.com\/es\/wp-json\/wp\/v2\/media?parent=2800"}],"curies":[{"name":"wp","href":"https:\/\/api.w.org\/{rel}","templated":true}]}}