{"id":2803,"date":"2024-02-18T13:11:55","date_gmt":"2024-02-18T13:11:55","guid":{"rendered":"https:\/\/esisoc.com\/?page_id=2803"},"modified":"2024-02-18T13:11:58","modified_gmt":"2024-02-18T13:11:58","slug":"business-pro-terms-conditions","status":"publish","type":"page","link":"https:\/\/esisoc.com\/es\/business-pro-condiciones\/","title":{"rendered":"T\u00e9rminos y condiciones de Business Pro"},"content":{"rendered":"<p><em>Estas condiciones se actualizaron por \u00faltima vez el 1 de junio de 2023.<\/em><\/p>\n\n\n\n<p>Los presentes T\u00e9rminos y Condiciones de Essiso Business Pro (estos&nbsp;<strong><em>\"Condiciones\"<\/em><\/strong>) se aplican al acceso y uso de Essiso Business Pro por parte del Cliente. Todos los t\u00e9rminos no definidos de otro modo en las presentes Condiciones tendr\u00e1n el significado que se les atribuye en el Contrato Marco de Servicios entre Essiso y el Cliente (el&nbsp;<strong><em>\"Acuerdo\"<\/em><\/strong>).<\/p>\n\n\n\n<ol>\n<li>Essiso Business Pro es un servicio que proporciona una experiencia interactiva que contiene laboratorios de aprendizaje pr\u00e1ctico, espacios de trabajo, rutas de roles y evaluaciones.<\/li>\n\n\n\n<li>Los usuarios pueden acceder a determinadas plataformas de terceros a trav\u00e9s de Essiso Business Pro, que se rigen y est\u00e1n sujetas a t\u00e9rminos y condiciones independientes.<\/li>\n\n\n\n<li>El Cliente reconoce y acepta que: (a) El Cliente es el \u00fanico responsable de todo el contenido introducido por el Cliente o sus Usuarios en relaci\u00f3n con el uso de Essiso Business Pro (colectivamente,&nbsp;<strong><em>\"Contenidos interactivos\"<\/em><\/strong>), incluidas las instancias de servidor que proporcionan entornos interactivos como parte de Essiso Business Pro (<strong><em>\"Sesiones interactivas\"<\/em><\/strong>); y (b) Essiso, sus filiales o licenciantes no conservar\u00e1n, realizar\u00e1n copias de seguridad ni almacenar\u00e1n el Contenido interactivo.<\/li>\n\n\n\n<li>Las partes acuerdan que lo siguiente se incorpora a las Condiciones de uso. Con respecto a los Servicios Essiso Business Pro, el Cliente no podr\u00e1, ni permitir\u00e1 que sus Usuarios:<ol><li>Proporcionar acceso a la web, bases de datos o foros, o participar en la miner\u00eda de criptomoneda, en o a trav\u00e9s de Essiso Business Pro,<\/li><\/ol><ol><li>Superar las limitaciones de uso (incluidas, entre otras, la cantidad o duraci\u00f3n de la Sesi\u00f3n interactiva o las limitaciones de n\u00famero de Usuarios) aplicables al uso de Essiso Business Pro por parte del Cliente,<\/li><\/ol><ol><li>Utilizar o acceder a una Sesi\u00f3n interactiva en cualquier entorno de producci\u00f3n comercial, o<\/li><\/ol>\n<ol>\n<li>utilizar cualquier dato o informaci\u00f3n que no sean datos simulados, an\u00f3nimos, no personales y no reales al utilizar Essiso Business Pro.<\/li>\n<\/ol>\n<\/li>\n\n\n\n<li>Adem\u00e1s de los recursos de que dispone Essiso en virtud del Contrato, Essiso puede eliminar cualquier Contenido interactivo que infrinja las Condiciones de uso.<\/li>\n<\/ol>","protected":false},"excerpt":{"rendered":"<p>Estos t\u00e9rminos y condiciones se actualizaron por \u00faltima vez el 1 de junio de 2023. Estos T\u00e9rminos y Condiciones de Essiso Business Pro (estos \"T\u00e9rminos\") se aplican al acceso y uso de Essiso Business Pro por parte del Cliente. Todos los t\u00e9rminos no definidos de otro modo en estas Condiciones tendr\u00e1n el significado que se les atribuye en el Contrato Marco de Servicios entre Essiso y el Cliente (el \"Contrato\").<\/p>","protected":false},"author":2,"featured_media":0,"parent":0,"menu_order":0,"comment_status":"closed","ping_status":"closed","template":"","meta":{"footnotes":""},"yoast_head":"<!-- This site is optimized with the Yoast SEO Premium plugin v21.9 (Yoast SEO v21.9.1) - https:\/\/yoast.com\/wordpress\/plugins\/seo\/ -->\n<title>Business Pro Terms &amp; Conditions - ESISOC | ESSID Solutions<\/title>\n<meta name=\"robots\" content=\"index, follow, max-snippet:-1, max-image-preview:large, max-video-preview:-1\" \/>\n<link rel=\"canonical\" href=\"https:\/\/esisoc.com\/es\/business-pro-condiciones\/\" \/>\n<meta property=\"og:locale\" content=\"es_ES\" \/>\n<meta property=\"og:type\" content=\"article\" \/>\n<meta property=\"og:title\" content=\"Business Pro Terms &amp; Conditions\" \/>\n<meta property=\"og:description\" content=\"These terms and conditions were last updated on June 1, 2023. These Essiso Business Pro Terms and Conditions (these&nbsp;\u201cTerms\u201d) apply to Customer\u2019s access and use of Essiso Business Pro. All terms not otherwise defined in these Terms will have the meanings ascribed to them in the Master Services Agreement between Essiso and Customer (the&nbsp;\u201cAgreement\u201d).\" \/>\n<meta property=\"og:url\" content=\"https:\/\/esisoc.com\/es\/business-pro-condiciones\/\" \/>\n<meta property=\"og:site_name\" content=\"ESISOC | ESSID Solutions\" \/>\n<meta property=\"article:modified_time\" content=\"2024-02-18T13:11:58+00:00\" \/>\n<meta name=\"twitter:card\" content=\"summary_large_image\" \/>\n<meta name=\"twitter:label1\" content=\"Tiempo de lectura\" \/>\n\t<meta name=\"twitter:data1\" content=\"2 minutos\" \/>\n<script type=\"application\/ld+json\" class=\"yoast-schema-graph\">{\"@context\":\"https:\/\/schema.org\",\"@graph\":[{\"@type\":\"WebPage\",\"@id\":\"https:\/\/esisoc.com\/business-pro-terms-conditions\/\",\"url\":\"https:\/\/esisoc.com\/business-pro-terms-conditions\/\",\"name\":\"Business Pro Terms &amp; Conditions - ESISOC | ESSID Solutions\",\"isPartOf\":{\"@id\":\"https:\/\/esisoc.com\/#website\"},\"datePublished\":\"2024-02-18T13:11:55+00:00\",\"dateModified\":\"2024-02-18T13:11:58+00:00\",\"breadcrumb\":{\"@id\":\"https:\/\/esisoc.com\/business-pro-terms-conditions\/#breadcrumb\"},\"inLanguage\":\"es\",\"potentialAction\":[{\"@type\":\"ReadAction\",\"target\":[\"https:\/\/esisoc.com\/business-pro-terms-conditions\/\"]}]},{\"@type\":\"BreadcrumbList\",\"@id\":\"https:\/\/esisoc.com\/business-pro-terms-conditions\/#breadcrumb\",\"itemListElement\":[{\"@type\":\"ListItem\",\"position\":1,\"name\":\"Home\",\"item\":\"https:\/\/esisoc.com\/\"},{\"@type\":\"ListItem\",\"position\":2,\"name\":\"Business Pro Terms &amp; Conditions\"}]},{\"@type\":\"WebSite\",\"@id\":\"https:\/\/esisoc.com\/#website\",\"url\":\"https:\/\/esisoc.com\/\",\"name\":\"ESISOC | ESSID Solutions\",\"description\":\"Data Science Consulting and AI | Online Books, Videos, Courses and more\",\"publisher\":{\"@id\":\"https:\/\/esisoc.com\/#organization\"},\"potentialAction\":[{\"@type\":\"SearchAction\",\"target\":{\"@type\":\"EntryPoint\",\"urlTemplate\":\"https:\/\/esisoc.com\/?s={search_term_string}\"},\"query-input\":\"required name=search_term_string\"}],\"inLanguage\":\"es\"},{\"@type\":\"Organization\",\"@id\":\"https:\/\/esisoc.com\/#organization\",\"name\":\"ESISOC | ESSID Solutions\",\"url\":\"https:\/\/esisoc.com\/\",\"logo\":{\"@type\":\"ImageObject\",\"inLanguage\":\"es\",\"@id\":\"https:\/\/esisoc.com\/#\/schema\/logo\/image\/\",\"url\":\"https:\/\/esisoc.com\/wp-content\/uploads\/2024\/02\/logo-esisoc.png\",\"contentUrl\":\"https:\/\/esisoc.com\/wp-content\/uploads\/2024\/02\/logo-esisoc.png\",\"width\":350,\"height\":63,\"caption\":\"ESISOC | ESSID Solutions\"},\"image\":{\"@id\":\"https:\/\/esisoc.com\/#\/schema\/logo\/image\/\"}}]}<\/script>\n<!-- \/ Yoast SEO Premium plugin. -->","yoast_head_json":{"title":"Business Pro Terms &amp; Conditions - ESISOC | ESSID Solutions","robots":{"index":"index","follow":"follow","max-snippet":"max-snippet:-1","max-image-preview":"max-image-preview:large","max-video-preview":"max-video-preview:-1"},"canonical":"https:\/\/esisoc.com\/es\/business-pro-condiciones\/","og_locale":"es_ES","og_type":"article","og_title":"Business Pro Terms &amp; Conditions","og_description":"These terms and conditions were last updated on June 1, 2023. These Essiso Business Pro Terms and Conditions (these&nbsp;\u201cTerms\u201d) apply to Customer\u2019s access and use of Essiso Business Pro. All terms not otherwise defined in these Terms will have the meanings ascribed to them in the Master Services Agreement between Essiso and Customer (the&nbsp;\u201cAgreement\u201d).","og_url":"https:\/\/esisoc.com\/es\/business-pro-condiciones\/","og_site_name":"ESISOC | ESSID Solutions","article_modified_time":"2024-02-18T13:11:58+00:00","twitter_card":"summary_large_image","twitter_misc":{"Tiempo de lectura":"2 minutos"},"schema":{"@context":"https:\/\/schema.org","@graph":[{"@type":"WebPage","@id":"https:\/\/esisoc.com\/business-pro-terms-conditions\/","url":"https:\/\/esisoc.com\/business-pro-terms-conditions\/","name":"Business Pro Terms &amp; Conditions - ESISOC | ESSID Solutions","isPartOf":{"@id":"https:\/\/esisoc.com\/#website"},"datePublished":"2024-02-18T13:11:55+00:00","dateModified":"2024-02-18T13:11:58+00:00","breadcrumb":{"@id":"https:\/\/esisoc.com\/business-pro-terms-conditions\/#breadcrumb"},"inLanguage":"es","potentialAction":[{"@type":"ReadAction","target":["https:\/\/esisoc.com\/business-pro-terms-conditions\/"]}]},{"@type":"BreadcrumbList","@id":"https:\/\/esisoc.com\/business-pro-terms-conditions\/#breadcrumb","itemListElement":[{"@type":"ListItem","position":1,"name":"Home","item":"https:\/\/esisoc.com\/"},{"@type":"ListItem","position":2,"name":"Business Pro Terms &amp; Conditions"}]},{"@type":"WebSite","@id":"https:\/\/esisoc.com\/#website","url":"https:\/\/esisoc.com\/","name":"ESISOC | ESSID Solutions","description":"Data Science Consulting and AI | Online Books, Videos, Courses and more","publisher":{"@id":"https:\/\/esisoc.com\/#organization"},"potentialAction":[{"@type":"SearchAction","target":{"@type":"EntryPoint","urlTemplate":"https:\/\/esisoc.com\/?s={search_term_string}"},"query-input":"required name=search_term_string"}],"inLanguage":"es"},{"@type":"Organization","@id":"https:\/\/esisoc.com\/#organization","name":"ESISOC | ESSID Solutions","url":"https:\/\/esisoc.com\/","logo":{"@type":"ImageObject","inLanguage":"es","@id":"https:\/\/esisoc.com\/#\/schema\/logo\/image\/","url":"https:\/\/esisoc.com\/wp-content\/uploads\/2024\/02\/logo-esisoc.png","contentUrl":"https:\/\/esisoc.com\/wp-content\/uploads\/2024\/02\/logo-esisoc.png","width":350,"height":63,"caption":"ESISOC | ESSID Solutions"},"image":{"@id":"https:\/\/esisoc.com\/#\/schema\/logo\/image\/"}}]}},"_links":{"self":[{"href":"https:\/\/esisoc.com\/es\/wp-json\/wp\/v2\/pages\/2803"}],"collection":[{"href":"https:\/\/esisoc.com\/es\/wp-json\/wp\/v2\/pages"}],"about":[{"href":"https:\/\/esisoc.com\/es\/wp-json\/wp\/v2\/types\/page"}],"author":[{"embeddable":true,"href":"https:\/\/esisoc.com\/es\/wp-json\/wp\/v2\/users\/2"}],"replies":[{"embeddable":true,"href":"https:\/\/esisoc.com\/es\/wp-json\/wp\/v2\/comments?post=2803"}],"version-history":[{"count":1,"href":"https:\/\/esisoc.com\/es\/wp-json\/wp\/v2\/pages\/2803\/revisions"}],"predecessor-version":[{"id":2805,"href":"https:\/\/esisoc.com\/es\/wp-json\/wp\/v2\/pages\/2803\/revisions\/2805"}],"wp:attachment":[{"href":"https:\/\/esisoc.com\/es\/wp-json\/wp\/v2\/media?parent=2803"}],"curies":[{"name":"wp","href":"https:\/\/api.w.org\/{rel}","templated":true}]}}