{"id":2806,"date":"2024-02-18T13:13:36","date_gmt":"2024-02-18T13:13:36","guid":{"rendered":"https:\/\/esisoc.com\/?page_id=2806"},"modified":"2024-02-18T13:13:39","modified_gmt":"2024-02-18T13:13:39","slug":"launch-services","status":"publish","type":"page","link":"https:\/\/esisoc.com\/es\/servicios-de-lanzamiento\/","title":{"rendered":"Servicios de lanzamiento"},"content":{"rendered":"<p><em>Este Acuerdo se actualiz\u00f3 por \u00faltima vez el 1 de junio de 2023.<\/em><\/p>\n\n\n\n<h2 class=\"wp-block-heading\" id=\"h-1-scope-of-launch-services\">1. Alcance de los servicios de lanzamiento<\/h2>\n\n\n\n<p>Essiso proporcionar\u00e1 acceso a un gestor de proyectos dedicado y a un programa de lanzamiento para ayudar a los Clientes con el lanzamiento de los Servicios, tal y como se detalla en el Anexo A ((<strong><em>\"Servicios de lanzamiento\"<\/em><\/strong>). La prestaci\u00f3n de los Servicios de lanzamiento est\u00e1 supeditada a que el Cliente adquiera suscripciones para utilizar los Servicios que se prestan en virtud del Contrato marco de servicios ((<strong><em>\"MSA\"<\/em><\/strong>). Salvo que se indique espec\u00edficamente lo contrario en el presente documento, el MSA continuar\u00e1 en pleno vigor y efecto y se complementa e incorpora al presente documento por referencia.<\/p>\n\n\n\n<h2 class=\"wp-block-heading\" id=\"h-2-customer-cooperation-responsibilities\">2. Cooperaci\u00f3n del cliente\/Responsabilidades<\/h2>\n\n\n\n<p>El Cliente cooperar\u00e1 razonablemente y de buena fe con Essiso en la prestaci\u00f3n de los Servicios de Lanzamiento mediante, sin limitaci\u00f3n, (a) la asignaci\u00f3n de recursos suficientes y la realizaci\u00f3n puntual de cualquier tarea razonablemente necesaria para permitir a Essiso cumplir con sus obligaciones en virtud de cada Orden de Pedido, (b) la entrega puntual de cualquier material y otras obligaciones requeridas en virtud de cada Orden de Pedido, (c) la respuesta puntual a las consultas de Essiso relacionadas con los Servicios de Lanzamiento, (d) asignar un gestor de proyecto interno para cada Orden de Pedido que sirva como punto de contacto principal para Essiso, (e) participar activamente en las reuniones programadas del proyecto, (f) de manera oportuna y sin cargo alguno para Essiso, acceso a los empleados y agentes adecuados y bien informados, acceso administrativo continuo a Essiso, y coordinaci\u00f3n de reuniones remotas en l\u00ednea y telef\u00f3nicas, todo seg\u00fan lo razonablemente requerido por Essiso, y (g) informaci\u00f3n, datos y comentarios completos, precisos y oportunos, todo seg\u00fan lo razonablemente requerido.<\/p>\n\n\n\n<h2 class=\"wp-block-heading\" id=\"h-3-term\">3. Plazo<\/h2>\n\n\n\n<p>El presente Anexo permanecer\u00e1 en vigor hasta (a) la finalizaci\u00f3n de los Servicios de Lanzamiento o (b) 9 meses a partir de la fecha de la Orden de Pedido, lo que suceda primero.<\/p>\n\n\n\n<h2 class=\"wp-block-heading\" id=\"h-4-fees-and-expenses\">4. 4. Comisiones y gastos<\/h2>\n\n\n\n<p>Todos los Servicios de Lanzamiento se facturar\u00e1n de acuerdo con los t\u00e9rminos del MSA tras la recepci\u00f3n de una Orden de Pedido firmada. Todos los importes de los Servicios de Lanzamiento, incluidos los viajes y gastos relacionados con los Servicios de Lanzamiento, vencen y son pagaderos de acuerdo con los t\u00e9rminos de la Orden de Pedido.<\/p>\n\n\n\n<h2 class=\"wp-block-heading\" id=\"h-5-ndependent-contractor\">5. Contratista independiente<\/h2>\n\n\n\n<p>Cada una de las Partes, incluidos empleados y consultores, mantendr\u00e1 en todo momento la condici\u00f3n de contratista independiente con respecto a la otra.<\/p>\n\n\n\n<h2 class=\"wp-block-heading\" id=\"h-6-intellectual-property\">6. 6. Propiedad intelectual<\/h2>\n\n\n\n<p>Salvo que se establezca expresamente en el presente Addendum, ninguna de las partes concede a la otra, expresa o impl\u00edcitamente, Derechos de Propiedad Intelectual.<\/p>\n\n\n\n<h2 class=\"wp-block-heading\" id=\"h-7-warranties-and-disclaimer\">7. Garant\u00edas y exenci\u00f3n de responsabilidad<\/h2>\n\n\n\n<p>Essiso garantiza que los Servicios de Lanzamiento se llevar\u00e1n a cabo de una manera profesional y profesional de acuerdo con las normas generalmente aceptadas en la industria, de conformidad con el Anexo A y Essiso cumplir\u00e1 con todas las leyes aplicables en la prestaci\u00f3n de los Servicios de Lanzamiento. Para cualquier incumplimiento de la garant\u00eda anterior, excluyendo al Gestor del Programa de Aprendizaje, la \u00fanica soluci\u00f3n y nuestra total responsabilidad ser\u00e1 la repetici\u00f3n de los Servicios de Lanzamiento aplicables. Salvo lo dispuesto expresamente en esta secci\u00f3n, Essiso proporciona los Servicios de Lanzamiento tal cual y no ofrece garant\u00edas de ning\u00fan tipo, expresas o impl\u00edcitas. Aunque Essiso har\u00e1 esfuerzos razonables para realizar los Servicios de Lanzamiento dentro del Plazo, Essiso no garantiza que los Servicios de Lanzamiento se completar\u00e1n dentro del Plazo.<\/p>\n\n\n\n<h2 class=\"wp-block-heading\" id=\"h-8-schedule-a\">8. Anexo A<\/h2>\n\n\n\n<p>Los servicios de lanzamiento ayudan a los clientes con el lanzamiento de los productos Essiso proporcionando un gestor de proyectos para acelerar el tiempo de lanzamiento. El equipo de Essiso ofrece servicios de lanzamiento que pueden incluir las siguientes fases:<\/p>\n\n\n\n<ul>\n<li><strong>Desc\u00fabrelo:<\/strong><\/li>\n<\/ul>\n\n\n\n<p>La fase de descubrimiento es una oportunidad para conectar Essiso y las partes interesadas del cliente. La fase de descubrimiento incluye una reuni\u00f3n de lanzamiento del proyecto que incluye: revisi\u00f3n del contrato, alineaci\u00f3n de objetivos y presentaci\u00f3n de los servicios de lanzamiento. Una vez finalizado el lanzamiento del proyecto, comienzan las actividades de movilizaci\u00f3n, que incluyen la alineaci\u00f3n de las partes interesadas, el calendario de lanzamiento propuesto, el alcance y la coordinaci\u00f3n de recursos.<\/p>\n\n\n\n<ul>\n<li><strong>Plan:<\/strong><\/li>\n<\/ul>\n\n\n\n<p>Todo el desarrollo del plan del proyecto, incluida la definici\u00f3n, secuenciaci\u00f3n, calendario, duraci\u00f3n, desarrollo de hitos y planificaci\u00f3n de recursos, se crea durante la fase de planificaci\u00f3n. Cualquier riesgo o dependencia del cliente se identifica y se comunica a las partes interesadas del cliente.<\/p>\n\n\n\n<ul>\n<li><strong>Ejecutar:<\/strong><\/li>\n<\/ul>\n\n\n\n<p>Toda la configuraci\u00f3n del producto se completa en la fase de ejecuci\u00f3n. El gestor de proyectos realiza revisiones semanales del estado del proyecto que se comunican por correo electr\u00f3nico. El director del proyecto organizar\u00e1 la colaboraci\u00f3n con los expertos en la materia de Essiso para proporcionar al cliente los recursos necesarios para el cumplimiento de cada hito. La configuraci\u00f3n del producto Essiso, la asignaci\u00f3n de licencias, la coordinaci\u00f3n de recursos y la planificaci\u00f3n de la gesti\u00f3n de cambios se completan durante esta fase para preparar el lanzamiento.<\/p>\n\n\n\n<ul>\n<li><strong>Lanzamiento:<\/strong><\/li>\n<\/ul>\n\n\n\n<p>La fase de lanzamiento comienza cuando se han completado todos los elementos de la fase de ejecuci\u00f3n. La fase de lanzamiento incluye la formaci\u00f3n de los clientes, el plan de comunicaci\u00f3n y las plantillas facilitadas, y el lanzamiento de los productos.<\/p>\n\n\n\n<ul>\n<li><strong>Despu\u00e9s del lanzamiento:<\/strong><\/li>\n<\/ul>\n\n\n\n<p>El Gestor de Proyectos apoyar\u00e1 el proyecto durante 10 d\u00edas laborables despu\u00e9s de la puesta en marcha y durante este tiempo supervisar\u00e1 el lanzamiento para comprobar el progreso de los objetivos, identificar \u00e1reas de mejora y optimizar las m\u00e9tricas de \u00e9xito. El gestor de proyectos enviar\u00e1 una comunicaci\u00f3n formal por correo electr\u00f3nico para dar por concluido el proyecto de lanzamiento.<\/p>","protected":false},"excerpt":{"rendered":"<p>Este Acuerdo fue actualizado por \u00faltima vez el 1 de junio de 2023. 1. Alcance de los Servicios de Lanzamiento Essiso proporcionar\u00e1 acceso a un gerente de proyecto dedicado y un programa de lanzamiento para ayudar a los Clientes con el lanzamiento de los Servicios como se detalla en el Anexo A (\"Servicios de Lanzamiento\"). La prestaci\u00f3n de los Servicios de Lanzamiento est\u00e1 supeditada a que el Cliente adquiera ... Leer m\u00e1s <a title=\"Servicios de lanzamiento\" class=\"read-more\" href=\"https:\/\/esisoc.com\/es\/servicios-de-lanzamiento\/\" aria-label=\"Leer m\u00e1s sobre Launch Services\">Leer m\u00e1s<\/a><\/p>","protected":false},"author":2,"featured_media":0,"parent":0,"menu_order":0,"comment_status":"closed","ping_status":"closed","template":"","meta":{"footnotes":""},"yoast_head":"<!-- This site is optimized with the Yoast SEO Premium plugin v21.9 (Yoast SEO v21.9.1) - https:\/\/yoast.com\/wordpress\/plugins\/seo\/ -->\n<title>Launch Services - ESISOC | ESSID Solutions<\/title>\n<meta name=\"robots\" content=\"index, follow, max-snippet:-1, max-image-preview:large, max-video-preview:-1\" \/>\n<link rel=\"canonical\" href=\"https:\/\/esisoc.com\/es\/servicios-de-lanzamiento\/\" \/>\n<meta property=\"og:locale\" content=\"es_ES\" \/>\n<meta property=\"og:type\" content=\"article\" \/>\n<meta property=\"og:title\" content=\"Launch Services\" \/>\n<meta property=\"og:description\" content=\"This Agreement was last updated on June 1, 2023. 1. Scope of Launch Services Essiso will provide access to a dedicated project manager and launch program to assist Customers with the launch of the Services as further detailed in Schedule A ((\u201cLaunch Services\u201d). The provision of the Launch Services is contingent upon the Customer purchasing ... Leer m\u00e1s\" \/>\n<meta property=\"og:url\" content=\"https:\/\/esisoc.com\/es\/servicios-de-lanzamiento\/\" \/>\n<meta property=\"og:site_name\" content=\"ESISOC | ESSID Solutions\" \/>\n<meta property=\"article:modified_time\" content=\"2024-02-18T13:13:39+00:00\" \/>\n<meta name=\"twitter:card\" content=\"summary_large_image\" \/>\n<meta name=\"twitter:label1\" content=\"Tiempo de lectura\" \/>\n\t<meta name=\"twitter:data1\" content=\"4 minutos\" \/>\n<script type=\"application\/ld+json\" class=\"yoast-schema-graph\">{\"@context\":\"https:\/\/schema.org\",\"@graph\":[{\"@type\":\"WebPage\",\"@id\":\"https:\/\/esisoc.com\/launch-services\/\",\"url\":\"https:\/\/esisoc.com\/launch-services\/\",\"name\":\"Launch Services - ESISOC | ESSID Solutions\",\"isPartOf\":{\"@id\":\"https:\/\/esisoc.com\/#website\"},\"datePublished\":\"2024-02-18T13:13:36+00:00\",\"dateModified\":\"2024-02-18T13:13:39+00:00\",\"breadcrumb\":{\"@id\":\"https:\/\/esisoc.com\/launch-services\/#breadcrumb\"},\"inLanguage\":\"es\",\"potentialAction\":[{\"@type\":\"ReadAction\",\"target\":[\"https:\/\/esisoc.com\/launch-services\/\"]}]},{\"@type\":\"BreadcrumbList\",\"@id\":\"https:\/\/esisoc.com\/launch-services\/#breadcrumb\",\"itemListElement\":[{\"@type\":\"ListItem\",\"position\":1,\"name\":\"Home\",\"item\":\"https:\/\/esisoc.com\/\"},{\"@type\":\"ListItem\",\"position\":2,\"name\":\"Launch Services\"}]},{\"@type\":\"WebSite\",\"@id\":\"https:\/\/esisoc.com\/#website\",\"url\":\"https:\/\/esisoc.com\/\",\"name\":\"ESISOC | ESSID Solutions\",\"description\":\"Data Science Consulting and AI | Online Books, Videos, Courses and more\",\"publisher\":{\"@id\":\"https:\/\/esisoc.com\/#organization\"},\"potentialAction\":[{\"@type\":\"SearchAction\",\"target\":{\"@type\":\"EntryPoint\",\"urlTemplate\":\"https:\/\/esisoc.com\/?s={search_term_string}\"},\"query-input\":\"required name=search_term_string\"}],\"inLanguage\":\"es\"},{\"@type\":\"Organization\",\"@id\":\"https:\/\/esisoc.com\/#organization\",\"name\":\"ESISOC | ESSID Solutions\",\"url\":\"https:\/\/esisoc.com\/\",\"logo\":{\"@type\":\"ImageObject\",\"inLanguage\":\"es\",\"@id\":\"https:\/\/esisoc.com\/#\/schema\/logo\/image\/\",\"url\":\"https:\/\/esisoc.com\/wp-content\/uploads\/2024\/02\/logo-esisoc.png\",\"contentUrl\":\"https:\/\/esisoc.com\/wp-content\/uploads\/2024\/02\/logo-esisoc.png\",\"width\":350,\"height\":63,\"caption\":\"ESISOC | ESSID Solutions\"},\"image\":{\"@id\":\"https:\/\/esisoc.com\/#\/schema\/logo\/image\/\"}}]}<\/script>\n<!-- \/ Yoast SEO Premium plugin. -->","yoast_head_json":{"title":"Launch Services - ESISOC | ESSID Solutions","robots":{"index":"index","follow":"follow","max-snippet":"max-snippet:-1","max-image-preview":"max-image-preview:large","max-video-preview":"max-video-preview:-1"},"canonical":"https:\/\/esisoc.com\/es\/servicios-de-lanzamiento\/","og_locale":"es_ES","og_type":"article","og_title":"Launch Services","og_description":"This Agreement was last updated on June 1, 2023. 1. Scope of Launch Services Essiso will provide access to a dedicated project manager and launch program to assist Customers with the launch of the Services as further detailed in Schedule A ((\u201cLaunch Services\u201d). The provision of the Launch Services is contingent upon the Customer purchasing ... Leer m\u00e1s","og_url":"https:\/\/esisoc.com\/es\/servicios-de-lanzamiento\/","og_site_name":"ESISOC | ESSID Solutions","article_modified_time":"2024-02-18T13:13:39+00:00","twitter_card":"summary_large_image","twitter_misc":{"Tiempo de lectura":"4 minutos"},"schema":{"@context":"https:\/\/schema.org","@graph":[{"@type":"WebPage","@id":"https:\/\/esisoc.com\/launch-services\/","url":"https:\/\/esisoc.com\/launch-services\/","name":"Launch Services - ESISOC | ESSID Solutions","isPartOf":{"@id":"https:\/\/esisoc.com\/#website"},"datePublished":"2024-02-18T13:13:36+00:00","dateModified":"2024-02-18T13:13:39+00:00","breadcrumb":{"@id":"https:\/\/esisoc.com\/launch-services\/#breadcrumb"},"inLanguage":"es","potentialAction":[{"@type":"ReadAction","target":["https:\/\/esisoc.com\/launch-services\/"]}]},{"@type":"BreadcrumbList","@id":"https:\/\/esisoc.com\/launch-services\/#breadcrumb","itemListElement":[{"@type":"ListItem","position":1,"name":"Home","item":"https:\/\/esisoc.com\/"},{"@type":"ListItem","position":2,"name":"Launch Services"}]},{"@type":"WebSite","@id":"https:\/\/esisoc.com\/#website","url":"https:\/\/esisoc.com\/","name":"ESISOC | ESSID Solutions","description":"Data Science Consulting and AI | Online Books, Videos, Courses and more","publisher":{"@id":"https:\/\/esisoc.com\/#organization"},"potentialAction":[{"@type":"SearchAction","target":{"@type":"EntryPoint","urlTemplate":"https:\/\/esisoc.com\/?s={search_term_string}"},"query-input":"required name=search_term_string"}],"inLanguage":"es"},{"@type":"Organization","@id":"https:\/\/esisoc.com\/#organization","name":"ESISOC | ESSID Solutions","url":"https:\/\/esisoc.com\/","logo":{"@type":"ImageObject","inLanguage":"es","@id":"https:\/\/esisoc.com\/#\/schema\/logo\/image\/","url":"https:\/\/esisoc.com\/wp-content\/uploads\/2024\/02\/logo-esisoc.png","contentUrl":"https:\/\/esisoc.com\/wp-content\/uploads\/2024\/02\/logo-esisoc.png","width":350,"height":63,"caption":"ESISOC | ESSID Solutions"},"image":{"@id":"https:\/\/esisoc.com\/#\/schema\/logo\/image\/"}}]}},"_links":{"self":[{"href":"https:\/\/esisoc.com\/es\/wp-json\/wp\/v2\/pages\/2806"}],"collection":[{"href":"https:\/\/esisoc.com\/es\/wp-json\/wp\/v2\/pages"}],"about":[{"href":"https:\/\/esisoc.com\/es\/wp-json\/wp\/v2\/types\/page"}],"author":[{"embeddable":true,"href":"https:\/\/esisoc.com\/es\/wp-json\/wp\/v2\/users\/2"}],"replies":[{"embeddable":true,"href":"https:\/\/esisoc.com\/es\/wp-json\/wp\/v2\/comments?post=2806"}],"version-history":[{"count":1,"href":"https:\/\/esisoc.com\/es\/wp-json\/wp\/v2\/pages\/2806\/revisions"}],"predecessor-version":[{"id":2808,"href":"https:\/\/esisoc.com\/es\/wp-json\/wp\/v2\/pages\/2806\/revisions\/2808"}],"wp:attachment":[{"href":"https:\/\/esisoc.com\/es\/wp-json\/wp\/v2\/media?parent=2806"}],"curies":[{"name":"wp","href":"https:\/\/api.w.org\/{rel}","templated":true}]}}