{"id":2809,"date":"2024-02-18T13:14:55","date_gmt":"2024-02-18T13:14:55","guid":{"rendered":"https:\/\/esisoc.com\/?page_id=2809"},"modified":"2024-02-18T13:14:58","modified_gmt":"2024-02-18T13:14:58","slug":"promotions-policy","status":"publish","type":"page","link":"https:\/\/esisoc.com\/es\/politica-de-promociones\/","title":{"rendered":"Pol\u00edtica de promociones"},"content":{"rendered":"<p><em>Esta Pol\u00edtica de promociones se actualiz\u00f3 por \u00faltima vez el 22 de diciembre de 2023.<\/em><\/p>\n\n\n\n<p>La presente Pol\u00edtica de promociones (\"<strong>Pol\u00edtica<\/strong>\") incluye informaci\u00f3n sobre los m\u00e9todos que los instructores de Essiso pueden utilizar para promocionar sus contenidos, incluidos los cupones para instructores, los enlaces de recomendaci\u00f3n de cursos y los programas de marketing opcionales de Essiso. Esta Pol\u00edtica se incorpora por referencia a nuestra&nbsp;<a href=\"https:\/\/www.udemy.com\/terms\/\" target=\"_blank\" rel=\"noreferrer noopener\">Condiciones de uso<\/a>&nbsp;y&nbsp;<a href=\"https:\/\/www.udemy.com\/terms\/instructor\/\" target=\"_blank\" rel=\"noreferrer noopener\">T\u00e9rminos del instructor<\/a>. Los t\u00e9rminos en may\u00fasculas que no se definen en esta Pol\u00edtica se definen seg\u00fan se especifica en las Condiciones de Uso o en las Condiciones del Instructor.<\/p>\n\n\n\n<p>Puede encontrar versiones traducidas de esta Pol\u00edtica siguiendo nuestro&nbsp;<a href=\"https:\/\/support.udemy.com\/hc\/articles\/229603768-How-to-Change-Your-Language-Settings\" target=\"_blank\" rel=\"noreferrer noopener\">Instrucciones de idioma del Centro de ayuda<\/a>. Las siguientes traducciones tambi\u00e9n est\u00e1n disponibles para idiomas no compatibles con el Centro de ayuda:<\/p>\n\n\n\n<ul>\n<li>Chino - Tradicional (<a href=\"https:\/\/support.udemy.com\/hc\/en-us\/articles\/115013202407#zh-tw\" target=\"_blank\" rel=\"noreferrer noopener\">\u4fc3\u92b7\u653f\u7b56<\/a>)<\/li>\n\n\n\n<li>Chino simplificado (<a href=\"https:\/\/support.udemy.com\/hc\/en-us\/articles\/115013202407#zh-hk\" target=\"_blank\" rel=\"noreferrer noopener\">\u63a8\u5e7f\u653f\u7b56<\/a>)<\/li>\n\n\n\n<li>neerland\u00e9s (<a href=\"https:\/\/support.udemy.com\/hc\/en-us\/articles\/115013202407##nl\" target=\"_blank\" rel=\"noreferrer noopener\">Promotiebeleid<\/a>)<\/li>\n\n\n\n<li>Ruso (<a href=\"https:\/\/support.udemy.com\/hc\/en-us\/articles\/115013202407##ru\" target=\"_blank\" rel=\"noreferrer noopener\">\u041f\u043e\u043b\u0438\u0442\u0438\u043a\u0430 \u043f\u043e\u0440\u044f\u0434\u043a\u0430 \u043f\u0440\u043e\u0432\u0435\u0434\u0435\u043d\u0438\u044f \u043f\u0440\u043e\u043c\u043e\u0430\u043a\u0446\u0438\u0439<\/a>)<\/li>\n\n\n\n<li>Rumano (<a href=\"https:\/\/support.udemy.com\/hc\/en-us\/articles\/115013202407##ro\" target=\"_blank\" rel=\"noreferrer noopener\">Pol\u00edtica de promoci\u00f3n<\/a>)<\/li>\n\n\n\n<li>indonesio (<a href=\"https:\/\/support.udemy.com\/hc\/en-us\/articles\/115013202407##in\" target=\"_blank\" rel=\"noreferrer noopener\">Promociones<\/a>)<\/li>\n\n\n\n<li>Tailand\u00e9s (<a href=\"https:\/\/support.udemy.com\/hc\/en-us\/articles\/115013202407##th\" target=\"_blank\" rel=\"noreferrer noopener\">\u0e19\u0e42\u0e22\u0e1a\u0e32\u0e22\u0e42\u0e1b\u0e23\u0e42\u0e21\u0e0a\u0e31\u0e48\u0e19<\/a>)<\/li>\n\n\n\n<li>vietnamita (<a href=\"https:\/\/support.udemy.com\/hc\/en-us\/articles\/115013202407#h_01HJP4K17KNP5JRXRCJRKMFVEZ\" target=\"_blank\" rel=\"noreferrer noopener\">Ch\u00ednh s\u00e1ch khuy\u1ebfn m\u1ea1i<\/a>)<\/li>\n<\/ul>\n\n\n\n<p>Cualquier versi\u00f3n de esta Pol\u00edtica en un idioma distinto del ingl\u00e9s se proporciona por conveniencia y usted entiende y acepta que el idioma ingl\u00e9s prevalecer\u00e1 en caso de conflicto.<\/p>\n\n\n\n<h2 class=\"wp-block-heading\" id=\"h_01HAQT4TCC7E2B3FDTCFSM3JJ0\"><strong>1. C\u00f3mo funcionan los programas de promoci\u00f3n<\/strong><\/h2>\n\n\n\n<p>Essiso ofrece a los instructores premium la oportunidad de participar en Programas Promocionales, a los que puede optar a trav\u00e9s de la secci\u00f3n&nbsp;<a href=\"https:\/\/www.udemy.com\/user\/edit-instructor-info\/\" target=\"_blank\" rel=\"noreferrer noopener\">P\u00e1gina de acuerdos promocionales<\/a>&nbsp;de la configuraci\u00f3n de su instructor o mediante un acuerdo escrito (incluido por correo electr\u00f3nico) entre usted y Essiso para determinados programas, como se detalla a continuaci\u00f3n. Los programas espec\u00edficos ofrecidos pueden cambiar de vez en cuando.&nbsp;<\/p>\n\n\n\n<p>No todas las ofertas o programas estar\u00e1n disponibles en todos los territorios geogr\u00e1ficos o para todos los contenidos de Essiso. Essiso tiene la facultad exclusiva de determinar qu\u00e9 contenido ofrecer como parte de los Programas Promocionales y de establecer o actualizar los precios de venta. Essiso podr\u00c3\u00a1 eliminar cualquiera de sus contenidos de los Programas Promocionales en cualquier momento y a su entera discreci\u00c3\u00b3n, con o sin previo aviso.<\/p>\n\n\n\n<p>Los importes de descuento mencionados a continuaci\u00f3n son aproximados, ya que el descuento real puede ser ligeramente superior debido al redondeo y a la conversi\u00f3n de divisas. Essiso no garantiza ning\u00fan nivel m\u00ednimo de \u00e9xito en relaci\u00f3n con los Programas Promocionales.<\/p>\n\n\n\n<h2 class=\"wp-block-heading\" id=\"h_01HAQT4TCCFSQAX23NV84BPZAA\"><strong>2. Programa Essiso Deals<\/strong><\/h2>\n\n\n\n<p>El Programa de Ofertas de Essiso ayuda a aumentar su potencial de ingresos al permitir a Essiso ofrecer su contenido con un descuento atractivo como parte de promociones espec\u00edficas, as\u00ed como optimizar su precio de lista. El Programa de Ofertas permite a Essiso ofrecer su contenido a los estudiantes a un precio con descuento o precio de lista no inferior a $9,99 USD (o equivalente local), excepto en las ventas a revendedores o distribuidores de Essiso, donde el precio puede ser inferior. Para mayor claridad, Essiso determina los equivalentes locales de $9,99 USD utilizando factores econ\u00f3micos como el poder adquisitivo, en lugar de emplear una conversi\u00f3n directa de divisas. Encontrar\u00e1 una tabla con los precios m\u00ednimos de venta despu\u00e9s de descuento en cada uno de los principales mercados de Essiso en nuestro&nbsp;<a href=\"https:\/\/support.udemy.com\/hc\/articles\/229605368-Instructors-Udemy-s-Pricing-Tiers-For-Courses\" target=\"_blank\" rel=\"noreferrer noopener\">Art\u00edculo del Centro de ayuda sobre niveles de precios<\/a>. Nos reservamos el derecho a actualizar esta tabla y a modificar las opciones de niveles de precios base de vez en cuando.<\/p>\n\n\n\n<p>Cuando una venta a un revendedor o distribuidor de Essiso resulte en un precio de venta de su contenido inferior al permitido por esta Pol\u00c3tica, Essiso calcular\u00c3\u00a1 su cuota de ingresos bas\u00c3\u00a1ndose en un Importe Bruto permitido por esta Pol\u00c3tica.<\/p>\n\n\n\n<p>Ofertas Las ofertas del Programa pueden promocionarse a trav\u00e9s de los Servicios, comunicaciones de usuarios o plataformas de terceros, y la duraci\u00f3n de las ofertas puede variar.<\/p>\n\n\n\n<p>Puede darse de baja del Programa de ofertas en cualquier momento. Sin embargo, sus contenidos seguir\u00e1n sujetos a las ventas, campa\u00f1as o promociones aplicables que ya est\u00e9n activas en el momento en que se d\u00e9 de baja, hasta que finalicen dichas ventas, campa\u00f1as o promociones.<\/p>\n\n\n\n<h2 class=\"wp-block-heading\" id=\"h_01HAQT4TCCRW5RGS9PQPGAVNP7\"><strong>3. Programa empresarial Essiso<\/strong><\/h2>\n\n\n\n<p>Los instructores Premium tambi\u00e9n pueden participar en nuestro programa de suscripci\u00f3n (\"<strong>Programa empresarial Essiso<\/strong>\"), sujeto a los t\u00e9rminos adicionales de esta secci\u00f3n. El Programa Essiso Business consiste en colecciones de contenidos de Essiso basadas en suscripciones y disponibles para consumidores particulares y clientes empresariales, incluidas organizaciones privadas, p\u00fablicas, sin \u00e1nimo de lucro y gubernamentales (\"<strong>Clientes abonados<\/strong>\"), que presenta un selecto grupo de los mejores contenidos de Essiso para el desarrollo de competencias profesionales y personales.&nbsp;<\/p>\n\n\n\n<p>Al optar por el Programa Empresarial de Essiso, usted acepta que todo su contenido sea elegible para su inclusi\u00f3n en las colecciones de contenido basadas en suscripci\u00f3n de Essiso. Podemos elegir si seleccionamos su contenido para su inclusi\u00f3n en cualquier colecci\u00f3n, incluyendo cualquier complemento, variaci\u00f3n o subconjunto de esa colecci\u00f3n, y podemos cambiar la selecci\u00f3n de vez en cuando a nuestra entera discreci\u00f3n.<\/p>\n\n\n\n<p>Dado que las colecciones se basan en suscripciones, podemos seleccionar precios de venta y ofrecer pruebas gratuitas a nuestra discreci\u00f3n. Mientras su contenido est\u00e9 incluido en una colecci\u00f3n, no podr\u00e1 despublicarlo ni hacerlo privado.&nbsp;<\/p>\n\n\n\n<p>Si ha aceptado proporcionar alguna Pregunta de Evaluaci\u00f3n (tal y como se define m\u00e1s adelante), tambi\u00e9n estar\u00e1 sujeto a los t\u00e9rminos adicionales de la Secci\u00f3n 4 (Evaluaciones).<\/p>\n\n\n\n<p>Los instructores que hayan optado previamente por el \"Programa de suscripci\u00f3n a Essiso\" est\u00e1n sujetos a los t\u00e9rminos de esta secci\u00f3n.&nbsp;&nbsp;<\/p>\n\n\n\n<p><strong>3.1 Cuota de ingresos<\/strong><\/p>\n\n\n\n<p>Al participar en el Programa para empresas de Essiso, usted acepta que, por cada cobro, su cuota de ingresos se calcule del siguiente modo:<\/p>\n\n\n\n<ol>\n<li>Cada mes, Essiso calcular\u00e1 el total de las cuotas de suscripci\u00f3n mensuales pagadas a Essiso en nombre de todos los Clientes de Suscripci\u00f3n actuales de dicho cobro menos los Impuestos sobre Transacciones aplicables, las comisiones por cambio de divisas y las comisiones de terceros, como las comisiones de revendedor, promoci\u00f3n, distribuci\u00f3n o procesamiento de pagos.<\/li>\n\n\n\n<li>El 20% (20%) de este importe se asignar\u00e1 a los instructores que participen en dicha recaudaci\u00f3n (\"Fondo de ingresos de instructores\"), tal y como se describe m\u00e1s adelante. En 2025, el reparto de ingresos ser\u00e1 de 17,5%, y en 2026, el reparto de ingresos ser\u00e1 de 15%.<\/li>\n\n\n\n<li>Cada mes, Essiso calcular\u00e1 el total de minutos de contenido (incluidos v\u00eddeos de cursos, cuestionarios, ex\u00e1menes pr\u00e1cticos y ejercicios de codificaci\u00f3n) de dicha colecci\u00f3n consumidos por todos los Clientes de suscripci\u00f3n actuales a trav\u00e9s de su suscripci\u00f3n a dicha colecci\u00f3n (\"<strong>Total de minutos consumidos<\/strong>\"). Para mayor claridad, el Total de Minutos Consumidos no incluye ning\u00fan consumo por acceso a trav\u00e9s de una prueba gratuita.<\/li>\n\n\n\n<li>Cada mes, Essiso tambi\u00e9n calcular\u00e1 cu\u00e1ntos de los Minutos Totales Consumidos son atribuibles a cada uno de sus elementos de contenido que se incluyeron en dicha colecci\u00f3n ese mes (\"<strong>Sus minutos de contenido<\/strong>&#8220;).<\/li>\n\n\n\n<li>Para calcular su cuota de ingresos cada mes, Essiso dividir\u00e1 el fondo de ingresos del instructor por el total de minutos consumidos y, a continuaci\u00f3n, multiplicar\u00e1 esa cantidad por minuto por sus minutos de contenido.<\/li>\n<\/ol>\n\n\n\n<p>A medida que Essiso ponga a disposici\u00f3n tipos adicionales de contenido (como evaluaciones y laboratorios) a trav\u00e9s de las colecciones, podremos actualizar la subsecci\u00f3n (3) anterior para especificar tipos adicionales de contenido que se incluir\u00e1n en los c\u00e1lculos para determinar los Minutos totales consumidos y sus Minutos de contenido.<\/p>\n\n\n\n<p><strong>3.2 Exclusividad<\/strong><\/p>\n\n\n\n<p>Salvo que se disponga lo contrario en las Preguntas de evaluaci\u00f3n que figuran a continuaci\u00f3n, una vez que su contenido se incluya en una colecci\u00f3n, usted se compromete a no empezar a ofrecer ning\u00fan contenido a la carta, como cursos pregrabados, que compita directamente con las ventas de ese contenido o las perjudique en cualquier sitio o plataforma que no sea el suyo. Para mayor claridad, esto no incluye obras literarias ni cursos de formaci\u00f3n presenciales. Si decide poner fin a su participaci\u00f3n en el Programa empresarial de Essiso, acepta que esta disposici\u00f3n de exclusividad permanecer\u00e1 en vigor hasta que eliminemos su contenido de todas las colecciones.<\/p>\n\n\n\n<p><strong>3.3 Rescisi\u00f3n<\/strong><\/p>\n\n\n\n<p>Puede optar por cancelar su participaci\u00f3n en el Programa empresarial de Essiso en cualquier momento enviando un correo electr\u00f3nico a instructorsupport@Essiso.com. Essiso eliminar\u00e1 su contenido de las colecciones en un plazo de 12 meses a partir de la rescisi\u00f3n y seguir\u00e1 pag\u00e1ndole la participaci\u00f3n en los ingresos en funci\u00f3n de las tarifas vigentes en ese momento hasta que su contenido se elimine de la colecci\u00f3n correspondiente.&nbsp;<\/p>\n\n\n\n<p>Una vez que su contenido se elimine por cualquier motivo de una colecci\u00f3n, los clientes suscritos ya no podr\u00e1n inscribirse en su contenido y usted dejar\u00e1 de obtener ingresos compartidos de esa colecci\u00f3n. Sin embargo, cualquier usuario final que se haya suscrito previamente a su contenido podr\u00e1 seguir accediendo al mismo mientras siga suscrito a la colecci\u00f3n en cuesti\u00f3n.<\/p>\n\n\n\n<h2 class=\"wp-block-heading\" id=\"h_01HAQT4TCCA2WTYXYDH63WJBC5\"><strong>4. Evaluaciones<\/strong><\/h2>\n\n\n\n<p>Las evaluaciones de Essiso (\"<strong>Evaluaciones<\/strong>\") consisten en pares de preguntas y respuestas con explicaciones (cada uno, un \"<strong>Pregunta de evaluaci\u00f3n<\/strong>\") para medir la competencia y el aprendizaje en determinados temas, competencias, dominios u ocupaciones. Essiso ofrece las evaluaciones como un tipo de contenido independiente, separado de los cursos. Para mayor claridad, las pruebas pr\u00e1cticas, los cuestionarios, los ejercicios de codificaci\u00f3n y los laboratorios no se consideran evaluaciones ni preguntas de evaluaci\u00f3n.&nbsp;<\/p>\n\n\n\n<p>Al proporcionar una Pregunta de Evaluaci\u00f3n, seg\u00fan lo acordado mutuamente por escrito (incluido por correo electr\u00f3nico), usted acepta los t\u00e9rminos de esta secci\u00f3n.<\/p>\n\n\n\n<p>Podemos decidir si seleccionamos su Pregunta de Evaluaci\u00f3n para su inclusi\u00f3n en Essiso.com o en el Programa Empresarial Essiso, y podemos cambiar esa selecci\u00f3n de vez en cuando y a nuestra entera discreci\u00f3n. Si su Pregunta de Evaluaci\u00f3n se incluye en el Programa Empresarial de Essiso, usted estar\u00e1 sujeto a los t\u00e9rminos pertinentes a dicho programa.&nbsp;<\/p>\n\n\n\n<p>Usted acepta que sus Preguntas de Evaluaci\u00f3n cumplir\u00e1n todos los criterios que usted y Essiso acuerden por escrito (incluso por correo electr\u00f3nico), como el tema, el formato, el dominio, el nivel de dificultad y la cantidad.<\/p>\n\n\n\n<p>Al proporcionar su Pregunta de Evaluaci\u00f3n, usted concede a Essiso una licencia exclusiva para utilizar, copiar, reproducir, distribuir, mostrar, publicar y preparar trabajos derivados de su Pregunta de Evaluaci\u00f3n. Usted se compromete a no poner su pregunta de evaluaci\u00f3n a disposici\u00f3n de terceros (ni siquiera a trav\u00e9s de su propio sitio o plataforma), ni a autorizar o permitir a terceros que lo hagan.<\/p>\n\n\n\n<p>Puede optar por rescindir su licencia de una Pregunta de Evaluaci\u00f3n en cualquier momento enviando un correo electr\u00f3nico a&nbsp;<a href=\"mailto:instructorsupport@udemy.com\" target=\"_blank\" rel=\"noreferrer noopener\">instructorsupport@Essiso.com<\/a>. Essiso eliminar\u00e1 su Pregunta de Evaluaci\u00f3n de los Servicios en un plazo de 12 meses a partir de la rescisi\u00f3n y continuar\u00e1 pag\u00e1ndole cualquier participaci\u00f3n en los ingresos pertinente basada en las tarifas vigentes en ese momento hasta que su Pregunta de Evaluaci\u00f3n se elimine de la parte correspondiente de los Servicios.&nbsp;&nbsp;<\/p>\n\n\n\n<h2 class=\"wp-block-heading\" id=\"h_01HAQT4TCCRZAHXABR549YMG95\"><strong>5. Modificaciones<\/strong><\/h2>\n\n\n\n<p>Podemos actualizar esta Pol\u00edtica de vez en cuando para aclarar nuestras pr\u00e1cticas o para reflejar pr\u00e1cticas nuevas o diferentes. Si realizamos alg\u00fan cambio sustancial, se lo notificaremos utilizando medios destacados como el env\u00edo de un aviso por correo electr\u00f3nico a la direcci\u00f3n de correo electr\u00f3nico especificada en su cuenta o la publicaci\u00f3n de un aviso a trav\u00e9s de nuestros Servicios. Las modificaciones entrar\u00e1n en vigor el d\u00eda en que se publiquen, a menos que se indique lo contrario.<\/p>\n\n\n\n<h2 class=\"wp-block-heading\" id=\"h_01HAQT4TCCRYHZJ9PVWV04AHJ7\"><strong>6. C\u00f3mo ponerse en contacto con nosotros<\/strong><\/h2>\n\n\n\n<p>Si tiene alguna pregunta sobre esta Pol\u00edtica, p\u00f3ngase en contacto con nuestro&nbsp;<a href=\"https:\/\/support.udemy.com\/hc\/requests\/new?type=instructor\" target=\"_blank\" rel=\"noreferrer noopener\">equipo de apoyo<\/a>.<\/p>","protected":false},"excerpt":{"rendered":"<p>This Promotions Policy was last updated on 22nd December 2023. This Promotions Policy (\u201cPolicy\u201d) includes information about methods that Essiso instructors can use to promote their content, including instructor coupons, course referral links, and Essiso\u2019s optional marketing programs. This Policy is incorporated by reference into our&nbsp;Terms of Use&nbsp;and&nbsp;Instructor Terms. Any capitalized terms that aren\u2019t defined &#8230; <a title=\"Pol\u00edtica de promociones\" class=\"read-more\" href=\"https:\/\/esisoc.com\/es\/politica-de-promociones\/\" aria-label=\"Leer m\u00e1s sobre Promotions Policy\">Leer m\u00e1s<\/a><\/p>","protected":false},"author":2,"featured_media":0,"parent":0,"menu_order":0,"comment_status":"closed","ping_status":"closed","template":"","meta":{"footnotes":""},"yoast_head":"<!-- This site is optimized with the Yoast SEO Premium plugin v21.9 (Yoast SEO v21.9.1) - https:\/\/yoast.com\/wordpress\/plugins\/seo\/ -->\n<title>Promotions Policy - ESISOC | ESSID Solutions<\/title>\n<meta name=\"robots\" content=\"index, follow, max-snippet:-1, max-image-preview:large, max-video-preview:-1\" \/>\n<link rel=\"canonical\" href=\"https:\/\/esisoc.com\/es\/politica-de-promociones\/\" \/>\n<meta property=\"og:locale\" content=\"es_ES\" \/>\n<meta property=\"og:type\" content=\"article\" \/>\n<meta property=\"og:title\" content=\"Promotions Policy\" \/>\n<meta property=\"og:description\" content=\"This Promotions Policy was last updated on 22nd December 2023. This Promotions Policy (\u201cPolicy\u201d) includes information about methods that Essiso instructors can use to promote their content, including instructor coupons, course referral links, and Essiso\u2019s optional marketing programs. This Policy is incorporated by reference into our&nbsp;Terms of Use&nbsp;and&nbsp;Instructor Terms. Any capitalized terms that aren\u2019t defined ... Leer m\u00e1s\" \/>\n<meta property=\"og:url\" content=\"https:\/\/esisoc.com\/es\/politica-de-promociones\/\" \/>\n<meta property=\"og:site_name\" content=\"ESISOC | ESSID Solutions\" \/>\n<meta property=\"article:modified_time\" content=\"2024-02-18T13:14:58+00:00\" \/>\n<meta name=\"twitter:card\" content=\"summary_large_image\" \/>\n<meta name=\"twitter:label1\" content=\"Tiempo de lectura\" \/>\n\t<meta name=\"twitter:data1\" content=\"8 minutos\" \/>\n<script type=\"application\/ld+json\" class=\"yoast-schema-graph\">{\"@context\":\"https:\/\/schema.org\",\"@graph\":[{\"@type\":\"WebPage\",\"@id\":\"https:\/\/esisoc.com\/promotions-policy\/\",\"url\":\"https:\/\/esisoc.com\/promotions-policy\/\",\"name\":\"Promotions Policy - ESISOC | ESSID Solutions\",\"isPartOf\":{\"@id\":\"https:\/\/esisoc.com\/#website\"},\"datePublished\":\"2024-02-18T13:14:55+00:00\",\"dateModified\":\"2024-02-18T13:14:58+00:00\",\"breadcrumb\":{\"@id\":\"https:\/\/esisoc.com\/promotions-policy\/#breadcrumb\"},\"inLanguage\":\"es\",\"potentialAction\":[{\"@type\":\"ReadAction\",\"target\":[\"https:\/\/esisoc.com\/promotions-policy\/\"]}]},{\"@type\":\"BreadcrumbList\",\"@id\":\"https:\/\/esisoc.com\/promotions-policy\/#breadcrumb\",\"itemListElement\":[{\"@type\":\"ListItem\",\"position\":1,\"name\":\"Home\",\"item\":\"https:\/\/esisoc.com\/\"},{\"@type\":\"ListItem\",\"position\":2,\"name\":\"Promotions Policy\"}]},{\"@type\":\"WebSite\",\"@id\":\"https:\/\/esisoc.com\/#website\",\"url\":\"https:\/\/esisoc.com\/\",\"name\":\"ESISOC | ESSID Solutions\",\"description\":\"Data Science Consulting and AI | Online Books, Videos, Courses and more\",\"publisher\":{\"@id\":\"https:\/\/esisoc.com\/#organization\"},\"potentialAction\":[{\"@type\":\"SearchAction\",\"target\":{\"@type\":\"EntryPoint\",\"urlTemplate\":\"https:\/\/esisoc.com\/?s={search_term_string}\"},\"query-input\":\"required name=search_term_string\"}],\"inLanguage\":\"es\"},{\"@type\":\"Organization\",\"@id\":\"https:\/\/esisoc.com\/#organization\",\"name\":\"ESISOC | ESSID Solutions\",\"url\":\"https:\/\/esisoc.com\/\",\"logo\":{\"@type\":\"ImageObject\",\"inLanguage\":\"es\",\"@id\":\"https:\/\/esisoc.com\/#\/schema\/logo\/image\/\",\"url\":\"https:\/\/esisoc.com\/wp-content\/uploads\/2024\/02\/logo-esisoc.png\",\"contentUrl\":\"https:\/\/esisoc.com\/wp-content\/uploads\/2024\/02\/logo-esisoc.png\",\"width\":350,\"height\":63,\"caption\":\"ESISOC | ESSID Solutions\"},\"image\":{\"@id\":\"https:\/\/esisoc.com\/#\/schema\/logo\/image\/\"}}]}<\/script>\n<!-- \/ Yoast SEO Premium plugin. -->","yoast_head_json":{"title":"Promotions Policy - ESISOC | ESSID Solutions","robots":{"index":"index","follow":"follow","max-snippet":"max-snippet:-1","max-image-preview":"max-image-preview:large","max-video-preview":"max-video-preview:-1"},"canonical":"https:\/\/esisoc.com\/es\/politica-de-promociones\/","og_locale":"es_ES","og_type":"article","og_title":"Promotions Policy","og_description":"This Promotions Policy was last updated on 22nd December 2023. This Promotions Policy (\u201cPolicy\u201d) includes information about methods that Essiso instructors can use to promote their content, including instructor coupons, course referral links, and Essiso\u2019s optional marketing programs. This Policy is incorporated by reference into our&nbsp;Terms of Use&nbsp;and&nbsp;Instructor Terms. Any capitalized terms that aren\u2019t defined ... Leer m\u00e1s","og_url":"https:\/\/esisoc.com\/es\/politica-de-promociones\/","og_site_name":"ESISOC | ESSID Solutions","article_modified_time":"2024-02-18T13:14:58+00:00","twitter_card":"summary_large_image","twitter_misc":{"Tiempo de lectura":"8 minutos"},"schema":{"@context":"https:\/\/schema.org","@graph":[{"@type":"WebPage","@id":"https:\/\/esisoc.com\/promotions-policy\/","url":"https:\/\/esisoc.com\/promotions-policy\/","name":"Promotions Policy - ESISOC | ESSID Solutions","isPartOf":{"@id":"https:\/\/esisoc.com\/#website"},"datePublished":"2024-02-18T13:14:55+00:00","dateModified":"2024-02-18T13:14:58+00:00","breadcrumb":{"@id":"https:\/\/esisoc.com\/promotions-policy\/#breadcrumb"},"inLanguage":"es","potentialAction":[{"@type":"ReadAction","target":["https:\/\/esisoc.com\/promotions-policy\/"]}]},{"@type":"BreadcrumbList","@id":"https:\/\/esisoc.com\/promotions-policy\/#breadcrumb","itemListElement":[{"@type":"ListItem","position":1,"name":"Home","item":"https:\/\/esisoc.com\/"},{"@type":"ListItem","position":2,"name":"Promotions Policy"}]},{"@type":"WebSite","@id":"https:\/\/esisoc.com\/#website","url":"https:\/\/esisoc.com\/","name":"ESISOC | ESSID Solutions","description":"Data Science Consulting and AI | Online Books, Videos, Courses and more","publisher":{"@id":"https:\/\/esisoc.com\/#organization"},"potentialAction":[{"@type":"SearchAction","target":{"@type":"EntryPoint","urlTemplate":"https:\/\/esisoc.com\/?s={search_term_string}"},"query-input":"required name=search_term_string"}],"inLanguage":"es"},{"@type":"Organization","@id":"https:\/\/esisoc.com\/#organization","name":"ESISOC | ESSID Solutions","url":"https:\/\/esisoc.com\/","logo":{"@type":"ImageObject","inLanguage":"es","@id":"https:\/\/esisoc.com\/#\/schema\/logo\/image\/","url":"https:\/\/esisoc.com\/wp-content\/uploads\/2024\/02\/logo-esisoc.png","contentUrl":"https:\/\/esisoc.com\/wp-content\/uploads\/2024\/02\/logo-esisoc.png","width":350,"height":63,"caption":"ESISOC | ESSID Solutions"},"image":{"@id":"https:\/\/esisoc.com\/#\/schema\/logo\/image\/"}}]}},"_links":{"self":[{"href":"https:\/\/esisoc.com\/es\/wp-json\/wp\/v2\/pages\/2809"}],"collection":[{"href":"https:\/\/esisoc.com\/es\/wp-json\/wp\/v2\/pages"}],"about":[{"href":"https:\/\/esisoc.com\/es\/wp-json\/wp\/v2\/types\/page"}],"author":[{"embeddable":true,"href":"https:\/\/esisoc.com\/es\/wp-json\/wp\/v2\/users\/2"}],"replies":[{"embeddable":true,"href":"https:\/\/esisoc.com\/es\/wp-json\/wp\/v2\/comments?post=2809"}],"version-history":[{"count":1,"href":"https:\/\/esisoc.com\/es\/wp-json\/wp\/v2\/pages\/2809\/revisions"}],"predecessor-version":[{"id":2811,"href":"https:\/\/esisoc.com\/es\/wp-json\/wp\/v2\/pages\/2809\/revisions\/2811"}],"wp:attachment":[{"href":"https:\/\/esisoc.com\/es\/wp-json\/wp\/v2\/media?parent=2809"}],"curies":[{"name":"wp","href":"https:\/\/api.w.org\/{rel}","templated":true}]}}