{"id":2800,"date":"2024-02-18T13:11:07","date_gmt":"2024-02-18T13:11:07","guid":{"rendered":"https:\/\/esisoc.com\/?page_id=2800"},"modified":"2024-02-18T13:11:11","modified_gmt":"2024-02-18T13:11:11","slug":"business-leadership-academy-terms-conditions","status":"publish","type":"page","link":"https:\/\/esisoc.com\/fr\/business-leadership-academy-conditions-generales\/","title":{"rendered":"Conditions g\u00e9n\u00e9rales d'utilisation de la Business Leadership Academy"},"content":{"rendered":"<p><em>Les pr\u00e9sentes conditions g\u00e9n\u00e9rales ont \u00e9t\u00e9 mises \u00e0 jour pour la derni\u00e8re fois le 18 octobre 2023.<\/em><\/p>\n\n\n\n<p>Les conditions g\u00e9n\u00e9rales ci-dessous s'appliquent \u00e0 l'utilisation par le client de la plate-forme d'Essiso, Essiso Business Leadership Academy (\"Essiso Business Leadership Academy\").<strong><em>Acad\u00e9mie de leadership commercial Essiso<\/em><\/strong>\"), tel que d\u00e9crit ci-dessous. Tous les termes qui ne sont pas d\u00e9finis dans le pr\u00e9sent document ont la d\u00e9finition qui leur est attribu\u00e9e dans l'accord-cadre de services (\"Master Services Agreement\") (\"Master Services Agreement\").<strong><em>Accord<\/em><\/strong>\") entre Essiso et le client.<\/p>\n\n\n\n<ol>\n<li>Offre de l'Essiso Business Leadership Academy. En achetant l'acc\u00e8s \u00e0 l'Essiso Business Leadership Academy, comme sp\u00e9cifi\u00e9 dans le bon de commande correspondant, le Client recevra des licences lui permettant d'acc\u00e9der \u00e0 un contenu d'apprentissage sp\u00e9cifique (l'\"offre Essiso Business Leadership Academy\").<strong><em>Licences de cohorte<\/em><\/strong>\") accessible par le biais d'une plateforme d'apprentissage en ligne (le \"<strong><em>Plateforme Essiso Business Leadership Academy<\/em><\/strong>\") qui comprend les services aux cohortes (tels que d\u00e9finis ci-dessous).<\/li>\n\n\n\n<li>Plateforme Essiso Business Leadership Academy. Le Client aura acc\u00e8s \u00e0 la plate-forme de l'Essiso Business Leadership Academy, comme indiqu\u00e9 dans le formulaire de commande applicable, o\u00f9 les utilisateurs peuvent acc\u00e9der au contenu d'apprentissage de la cohorte sp\u00e9cifique (\"le contenu d'apprentissage de la cohorte\"), et le Client aura acc\u00e8s \u00e0 la plate-forme de l'Essiso Business Leadership Academy.<strong><em>Contenu de l'Essiso Business Leadership Academy<\/em><\/strong>\") et\/ou tout contenu, mat\u00e9riel et information appartenant au client (\"<strong><em>IP client<\/em><\/strong>\"). Le client peut acheter un acc\u00e8s pour des utilisateurs suppl\u00e9mentaires de la plate-forme Essiso Business Leadership Academy (en plus de ceux figurant dans le bon de commande applicable), moyennant des frais suppl\u00e9mentaires et conform\u00e9ment aux conditions g\u00e9n\u00e9rales \u00e9nonc\u00e9es dans le pr\u00e9sent document.<\/li>\n\n\n\n<li>Licences de cohorte. L'acc\u00e8s au contenu de l'Essiso Business Leadership Academy est limit\u00e9 aux utilisateurs disposant d'une licence de cohorte et est disponible pour la dur\u00e9e d'un programme de cohorte applicable (ou toute autre dur\u00e9e convenue entre les parties), chacun d'entre eux \u00e9tant compos\u00e9 d'un minimum de 25 participants (le \"programme de cohorte\").<strong><em>Programme de cohorte<\/em><\/strong>\"). Le Client informera Essiso au moins six semaines avant le lancement d'un Programme de Cohorte. Dans la mesure o\u00f9 un Programme de Cohorte doit \u00eatre annul\u00e9 ou reprogramm\u00e9 sans qu'il y ait faute de la part d'Essiso (par exemple, le nombre de 25 participants requis n'a pas \u00e9t\u00e9 atteint, etc.), Essiso n'est pas responsable de cette annulation et peut facturer des frais suppl\u00e9mentaires pour organiser le Programme de Cohorte reprogramm\u00e9. Toute demande de report d'un programme de cohorte par le client doit \u00eatre notifi\u00e9e par \u00e9crit au moins 14 jours \u00e0 l'avance.<\/li>\n\n\n\n<li>Services suppl\u00e9mentaires. Les produits tiers optionnels (\"<strong><em>Compl\u00e9ments du fournisseur<\/em><\/strong>\") ou des services d'appui suppl\u00e9mentaires (\"<strong><em>Services aux cohortes<\/em><\/strong>\") peuvent \u00eatre inclus dans l'Essiso Business Leadership Academy. La disponibilit\u00e9 des modules compl\u00e9mentaires du fournisseur et\/ou des services de cohorte est incluse dans la licence de cohorte du client, moyennant un co\u00fbt suppl\u00e9mentaire par utilisateur, qui sera indiqu\u00e9 dans un bon de commande. Les Services de Cohorte ne sont pas disponibles pour le contenu propri\u00e9taire du Client. Tout service suppl\u00e9mentaire demand\u00e9 par le Client fera l'objet d'un devis s\u00e9par\u00e9, moyennant un co\u00fbt suppl\u00e9mentaire.<\/li>\n\n\n\n<li>Propri\u00e9t\u00e9 intellectuelle du client. Le Client d\u00e9clare et garantit qu'il a tous les droits, titres et int\u00e9r\u00eats sur toute la PI du Client fournie \u00e0 Essiso pour ex\u00e9cuter les Services d\u00e9finis dans le Bon de commande applicable et qu'il d\u00e9fendra, indemnisera et d\u00e9gagera de toute responsabilit\u00e9 Essiso et ses Affili\u00e9s, filiales, directeurs, cadres, employ\u00e9s et agents en ce qui concerne toute r\u00e9clamation \u00e0 l'encontre d'Essiso concernant cette PI du Client.<\/li>\n\n\n\n<li>Restrictions sur l'utilisation des licences. Chaque licence de cohorte, une fois attribu\u00e9e \u00e0 un utilisateur, est unique \u00e0 cet utilisateur et ne peut \u00eatre attribu\u00e9e ou partag\u00e9e avec une autre personne par le biais d'une connexion partag\u00e9e ou de toute autre m\u00e9thode. Toutes les licences de cohorte expirent \u00e0 la date d'anniversaire d'un an de la d\u00e9livrance de ces licences de cohorte par Essiso et doivent \u00eatre renouvel\u00e9es chaque ann\u00e9e par la suite.<\/li>\n<\/ol>","protected":false},"excerpt":{"rendered":"<p>Les pr\u00e9sentes conditions g\u00e9n\u00e9rales ont \u00e9t\u00e9 mises \u00e0 jour pour la derni\u00e8re fois le 18 octobre 2023. Les conditions g\u00e9n\u00e9rales ci-dessous s'appliquent \u00e0 l'utilisation par le Client de la plateforme d'Essiso, Essiso Business Leadership Academy (\" Essiso Business Leadership Academy \"), telle que d\u00e9crite ci-dessous. Tous les termes qui ne sont pas d\u00e9finis dans le pr\u00e9sent document ont la d\u00e9finition qui leur est attribu\u00e9e dans le contrat-cadre de services (\" Contrat \") conclu entre Essiso et le Client.<\/p>","protected":false},"author":2,"featured_media":0,"parent":0,"menu_order":0,"comment_status":"closed","ping_status":"closed","template":"","meta":{"footnotes":""},"yoast_head":"<!-- This site is optimized with the Yoast SEO Premium plugin v21.9 (Yoast SEO v21.9.1) - https:\/\/yoast.com\/wordpress\/plugins\/seo\/ -->\n<title>Business Leadership Academy Terms &amp; Conditions - ESISOC | ESSID Solutions<\/title>\n<meta name=\"robots\" content=\"index, follow, max-snippet:-1, max-image-preview:large, max-video-preview:-1\" \/>\n<link rel=\"canonical\" href=\"https:\/\/esisoc.com\/fr\/business-leadership-academy-conditions-generales\/\" \/>\n<meta property=\"og:locale\" content=\"fr_FR\" \/>\n<meta property=\"og:type\" content=\"article\" \/>\n<meta property=\"og:title\" content=\"Business Leadership Academy Terms &amp; Conditions\" \/>\n<meta property=\"og:description\" content=\"These terms and conditions were last updated on October 18, 2023. The terms and conditions below apply to Customer\u2019s use of Essiso\u2019s platform, Essiso Business Leadership Academy (\u201cEssiso Business Leadership Academy\u201d), as described below. All terms not defined herein have the definitions ascribed to them in the Master Services Agreement (\u201cAgreement\u201d) between Essiso and Customer.\" \/>\n<meta property=\"og:url\" content=\"https:\/\/esisoc.com\/fr\/business-leadership-academy-conditions-generales\/\" \/>\n<meta property=\"og:site_name\" content=\"ESISOC | ESSID Solutions\" \/>\n<meta property=\"article:modified_time\" content=\"2024-02-18T13:11:11+00:00\" \/>\n<meta name=\"twitter:card\" content=\"summary_large_image\" \/>\n<meta name=\"twitter:label1\" content=\"Dur\u00e9e de lecture estim\u00e9e\" \/>\n\t<meta name=\"twitter:data1\" content=\"3 minutes\" \/>\n<script type=\"application\/ld+json\" class=\"yoast-schema-graph\">{\"@context\":\"https:\/\/schema.org\",\"@graph\":[{\"@type\":\"WebPage\",\"@id\":\"https:\/\/esisoc.com\/business-leadership-academy-terms-conditions\/\",\"url\":\"https:\/\/esisoc.com\/business-leadership-academy-terms-conditions\/\",\"name\":\"Business Leadership Academy Terms &amp; Conditions - ESISOC | ESSID Solutions\",\"isPartOf\":{\"@id\":\"https:\/\/esisoc.com\/#website\"},\"datePublished\":\"2024-02-18T13:11:07+00:00\",\"dateModified\":\"2024-02-18T13:11:11+00:00\",\"breadcrumb\":{\"@id\":\"https:\/\/esisoc.com\/business-leadership-academy-terms-conditions\/#breadcrumb\"},\"inLanguage\":\"fr-FR\",\"potentialAction\":[{\"@type\":\"ReadAction\",\"target\":[\"https:\/\/esisoc.com\/business-leadership-academy-terms-conditions\/\"]}]},{\"@type\":\"BreadcrumbList\",\"@id\":\"https:\/\/esisoc.com\/business-leadership-academy-terms-conditions\/#breadcrumb\",\"itemListElement\":[{\"@type\":\"ListItem\",\"position\":1,\"name\":\"Home\",\"item\":\"https:\/\/esisoc.com\/\"},{\"@type\":\"ListItem\",\"position\":2,\"name\":\"Business Leadership Academy Terms &amp; Conditions\"}]},{\"@type\":\"WebSite\",\"@id\":\"https:\/\/esisoc.com\/#website\",\"url\":\"https:\/\/esisoc.com\/\",\"name\":\"ESISOC | ESSID Solutions\",\"description\":\"Data Science Consulting and AI | Online Books, Videos, Courses and more\",\"publisher\":{\"@id\":\"https:\/\/esisoc.com\/#organization\"},\"potentialAction\":[{\"@type\":\"SearchAction\",\"target\":{\"@type\":\"EntryPoint\",\"urlTemplate\":\"https:\/\/esisoc.com\/?s={search_term_string}\"},\"query-input\":\"required name=search_term_string\"}],\"inLanguage\":\"fr-FR\"},{\"@type\":\"Organization\",\"@id\":\"https:\/\/esisoc.com\/#organization\",\"name\":\"ESISOC | ESSID Solutions\",\"url\":\"https:\/\/esisoc.com\/\",\"logo\":{\"@type\":\"ImageObject\",\"inLanguage\":\"fr-FR\",\"@id\":\"https:\/\/esisoc.com\/#\/schema\/logo\/image\/\",\"url\":\"https:\/\/esisoc.com\/wp-content\/uploads\/2024\/02\/logo-esisoc.png\",\"contentUrl\":\"https:\/\/esisoc.com\/wp-content\/uploads\/2024\/02\/logo-esisoc.png\",\"width\":350,\"height\":63,\"caption\":\"ESISOC | ESSID Solutions\"},\"image\":{\"@id\":\"https:\/\/esisoc.com\/#\/schema\/logo\/image\/\"}}]}<\/script>\n<!-- \/ Yoast SEO Premium plugin. -->","yoast_head_json":{"title":"Business Leadership Academy Terms &amp; Conditions - ESISOC | ESSID Solutions","robots":{"index":"index","follow":"follow","max-snippet":"max-snippet:-1","max-image-preview":"max-image-preview:large","max-video-preview":"max-video-preview:-1"},"canonical":"https:\/\/esisoc.com\/fr\/business-leadership-academy-conditions-generales\/","og_locale":"fr_FR","og_type":"article","og_title":"Business Leadership Academy Terms &amp; Conditions","og_description":"These terms and conditions were last updated on October 18, 2023. The terms and conditions below apply to Customer\u2019s use of Essiso\u2019s platform, Essiso Business Leadership Academy (\u201cEssiso Business Leadership Academy\u201d), as described below. All terms not defined herein have the definitions ascribed to them in the Master Services Agreement (\u201cAgreement\u201d) between Essiso and Customer.","og_url":"https:\/\/esisoc.com\/fr\/business-leadership-academy-conditions-generales\/","og_site_name":"ESISOC | ESSID Solutions","article_modified_time":"2024-02-18T13:11:11+00:00","twitter_card":"summary_large_image","twitter_misc":{"Dur\u00e9e de lecture estim\u00e9e":"3 minutes"},"schema":{"@context":"https:\/\/schema.org","@graph":[{"@type":"WebPage","@id":"https:\/\/esisoc.com\/business-leadership-academy-terms-conditions\/","url":"https:\/\/esisoc.com\/business-leadership-academy-terms-conditions\/","name":"Business Leadership Academy Terms &amp; Conditions - ESISOC | ESSID Solutions","isPartOf":{"@id":"https:\/\/esisoc.com\/#website"},"datePublished":"2024-02-18T13:11:07+00:00","dateModified":"2024-02-18T13:11:11+00:00","breadcrumb":{"@id":"https:\/\/esisoc.com\/business-leadership-academy-terms-conditions\/#breadcrumb"},"inLanguage":"fr-FR","potentialAction":[{"@type":"ReadAction","target":["https:\/\/esisoc.com\/business-leadership-academy-terms-conditions\/"]}]},{"@type":"BreadcrumbList","@id":"https:\/\/esisoc.com\/business-leadership-academy-terms-conditions\/#breadcrumb","itemListElement":[{"@type":"ListItem","position":1,"name":"Home","item":"https:\/\/esisoc.com\/"},{"@type":"ListItem","position":2,"name":"Business Leadership Academy Terms &amp; Conditions"}]},{"@type":"WebSite","@id":"https:\/\/esisoc.com\/#website","url":"https:\/\/esisoc.com\/","name":"ESISOC | ESSID Solutions","description":"Data Science Consulting and AI | Online Books, Videos, Courses and more","publisher":{"@id":"https:\/\/esisoc.com\/#organization"},"potentialAction":[{"@type":"SearchAction","target":{"@type":"EntryPoint","urlTemplate":"https:\/\/esisoc.com\/?s={search_term_string}"},"query-input":"required name=search_term_string"}],"inLanguage":"fr-FR"},{"@type":"Organization","@id":"https:\/\/esisoc.com\/#organization","name":"ESISOC | ESSID Solutions","url":"https:\/\/esisoc.com\/","logo":{"@type":"ImageObject","inLanguage":"fr-FR","@id":"https:\/\/esisoc.com\/#\/schema\/logo\/image\/","url":"https:\/\/esisoc.com\/wp-content\/uploads\/2024\/02\/logo-esisoc.png","contentUrl":"https:\/\/esisoc.com\/wp-content\/uploads\/2024\/02\/logo-esisoc.png","width":350,"height":63,"caption":"ESISOC | ESSID Solutions"},"image":{"@id":"https:\/\/esisoc.com\/#\/schema\/logo\/image\/"}}]}},"_links":{"self":[{"href":"https:\/\/esisoc.com\/fr\/wp-json\/wp\/v2\/pages\/2800"}],"collection":[{"href":"https:\/\/esisoc.com\/fr\/wp-json\/wp\/v2\/pages"}],"about":[{"href":"https:\/\/esisoc.com\/fr\/wp-json\/wp\/v2\/types\/page"}],"author":[{"embeddable":true,"href":"https:\/\/esisoc.com\/fr\/wp-json\/wp\/v2\/users\/2"}],"replies":[{"embeddable":true,"href":"https:\/\/esisoc.com\/fr\/wp-json\/wp\/v2\/comments?post=2800"}],"version-history":[{"count":1,"href":"https:\/\/esisoc.com\/fr\/wp-json\/wp\/v2\/pages\/2800\/revisions"}],"predecessor-version":[{"id":2802,"href":"https:\/\/esisoc.com\/fr\/wp-json\/wp\/v2\/pages\/2800\/revisions\/2802"}],"wp:attachment":[{"href":"https:\/\/esisoc.com\/fr\/wp-json\/wp\/v2\/media?parent=2800"}],"curies":[{"name":"wp","href":"https:\/\/api.w.org\/{rel}","templated":true}]}}