{"id":2803,"date":"2024-02-18T13:11:55","date_gmt":"2024-02-18T13:11:55","guid":{"rendered":"https:\/\/esisoc.com\/?page_id=2803"},"modified":"2024-02-18T13:11:58","modified_gmt":"2024-02-18T13:11:58","slug":"business-pro-terms-conditions","status":"publish","type":"page","link":"https:\/\/esisoc.com\/fr\/business-pro-conditions-generales\/","title":{"rendered":"Conditions g\u00e9n\u00e9rales d'utilisation de Business Pro"},"content":{"rendered":"<p><em>Les pr\u00e9sentes conditions g\u00e9n\u00e9rales ont \u00e9t\u00e9 mises \u00e0 jour pour la derni\u00e8re fois le 1er juin 2023.<\/em><\/p>\n\n\n\n<p>Les pr\u00e9sentes conditions g\u00e9n\u00e9rales d'utilisation d'Essiso Business Pro (les pr\u00e9sentes&nbsp;<strong><em>\"Conditions\"<\/em><\/strong>) s'appliquent \u00e0 l'acc\u00e8s et \u00e0 l'utilisation d'Essiso Business Pro par le client. Tous les termes qui ne sont pas autrement d\u00e9finis dans les pr\u00e9sentes conditions auront la signification qui leur est attribu\u00e9e dans le contrat-cadre de services conclu entre Essiso et le client (le \"contrat-cadre de services\").&nbsp;<strong><em>\"Accord\"<\/em><\/strong>).<\/p>\n\n\n\n<ol>\n<li>Essiso Business Pro est un service qui offre une exp\u00e9rience interactive contenant des laboratoires d'apprentissage pratiques, des espaces de travail, des parcours de r\u00f4les et des \u00e9valuations.<\/li>\n\n\n\n<li>Les utilisateurs peuvent acc\u00e9der \u00e0 certaines plateformes tierces via Essiso Business Pro, qui sont r\u00e9gies et soumises \u00e0 des conditions g\u00e9n\u00e9rales distinctes.<\/li>\n\n\n\n<li>Le client reconna\u00eet et accepte que : (a) le client est seul responsable de tout le contenu saisi par le client ou ses utilisateurs dans le cadre de l'utilisation d'Essiso Business Pro (collectivement,&nbsp;<strong><em>\"Contenu interactif<\/em><\/strong>), y compris sur les instances de serveur qui fournissent des environnements interactifs dans le cadre d'Essiso Business Pro (<strong><em>\"Sessions interactives<\/em><\/strong>) ; et (b) Essiso, ses soci\u00e9t\u00e9s affili\u00e9es ou ses conc\u00e9dants ne conserveront pas, ne sauvegarderont pas ou ne stockeront pas le contenu interactif.<\/li>\n\n\n\n<li>Les parties conviennent que les \u00e9l\u00e9ments suivants sont int\u00e9gr\u00e9s aux conditions d'utilisation. En ce qui concerne les services Essiso Business Pro, le client ne doit pas, et ne doit pas permettre \u00e0 ses utilisateurs de :<ol><li>Fournir un acc\u00e8s au Web, \u00e0 une base de donn\u00e9es ou \u00e0 un forum, ou s'engager dans le minage de crypto-monnaie, sur ou par l'interm\u00e9diaire d'Essiso Business Pro,<\/li><\/ol><ol><li>D\u00e9passer les limites d'utilisation (y compris, mais sans s'y limiter, la quantit\u00e9 ou la dur\u00e9e des sessions interactives, ou les limites du nombre d'utilisateurs) applicables \u00e0 l'utilisation d'Essiso Business Pro par le Client,<\/li><\/ol><ol><li>utiliser une session interactive ou y acc\u00e9der dans un environnement de production commerciale, ou<\/li><\/ol>\n<ol>\n<li>utiliser des donn\u00e9es ou des informations autres que des donn\u00e9es simul\u00e9es, anonymes, non personnelles et non vivantes lors de l'utilisation d'Essiso Business Pro.<\/li>\n<\/ol>\n<\/li>\n\n\n\n<li>Outre les recours dont dispose Essiso en vertu du contrat, Essiso peut supprimer tout Contenu interactif qui viole les Conditions d'utilisation.<\/li>\n<\/ol>","protected":false},"excerpt":{"rendered":"<p>Les pr\u00e9sentes conditions g\u00e9n\u00e9rales ont \u00e9t\u00e9 mises \u00e0 jour pour la derni\u00e8re fois le 1er juin 2023. Les pr\u00e9sentes conditions g\u00e9n\u00e9rales d'Essiso Business Pro (les \" Conditions \") s'appliquent \u00e0 l'acc\u00e8s et \u00e0 l'utilisation d'Essiso Business Pro par le Client. Tous les termes qui ne sont pas autrement d\u00e9finis dans les pr\u00e9sentes Conditions auront la signification qui leur est attribu\u00e9e dans le Contrat cadre de services entre Essiso et le Client (le \"Contrat\").<\/p>","protected":false},"author":2,"featured_media":0,"parent":0,"menu_order":0,"comment_status":"closed","ping_status":"closed","template":"","meta":{"footnotes":""},"yoast_head":"<!-- This site is optimized with the Yoast SEO Premium plugin v21.9 (Yoast SEO v21.9.1) - https:\/\/yoast.com\/wordpress\/plugins\/seo\/ -->\n<title>Business Pro Terms &amp; Conditions - ESISOC | ESSID Solutions<\/title>\n<meta name=\"robots\" content=\"index, follow, max-snippet:-1, max-image-preview:large, max-video-preview:-1\" \/>\n<link rel=\"canonical\" href=\"https:\/\/esisoc.com\/fr\/business-pro-conditions-generales\/\" \/>\n<meta property=\"og:locale\" content=\"fr_FR\" \/>\n<meta property=\"og:type\" content=\"article\" \/>\n<meta property=\"og:title\" content=\"Business Pro Terms &amp; Conditions\" \/>\n<meta property=\"og:description\" content=\"These terms and conditions were last updated on June 1, 2023. These Essiso Business Pro Terms and Conditions (these&nbsp;\u201cTerms\u201d) apply to Customer\u2019s access and use of Essiso Business Pro. All terms not otherwise defined in these Terms will have the meanings ascribed to them in the Master Services Agreement between Essiso and Customer (the&nbsp;\u201cAgreement\u201d).\" \/>\n<meta property=\"og:url\" content=\"https:\/\/esisoc.com\/fr\/business-pro-conditions-generales\/\" \/>\n<meta property=\"og:site_name\" content=\"ESISOC | ESSID Solutions\" \/>\n<meta property=\"article:modified_time\" content=\"2024-02-18T13:11:58+00:00\" \/>\n<meta name=\"twitter:card\" content=\"summary_large_image\" \/>\n<meta name=\"twitter:label1\" content=\"Dur\u00e9e de lecture estim\u00e9e\" \/>\n\t<meta name=\"twitter:data1\" content=\"2 minutes\" \/>\n<script type=\"application\/ld+json\" class=\"yoast-schema-graph\">{\"@context\":\"https:\/\/schema.org\",\"@graph\":[{\"@type\":\"WebPage\",\"@id\":\"https:\/\/esisoc.com\/business-pro-terms-conditions\/\",\"url\":\"https:\/\/esisoc.com\/business-pro-terms-conditions\/\",\"name\":\"Business Pro Terms &amp; Conditions - ESISOC | ESSID Solutions\",\"isPartOf\":{\"@id\":\"https:\/\/esisoc.com\/#website\"},\"datePublished\":\"2024-02-18T13:11:55+00:00\",\"dateModified\":\"2024-02-18T13:11:58+00:00\",\"breadcrumb\":{\"@id\":\"https:\/\/esisoc.com\/business-pro-terms-conditions\/#breadcrumb\"},\"inLanguage\":\"fr-FR\",\"potentialAction\":[{\"@type\":\"ReadAction\",\"target\":[\"https:\/\/esisoc.com\/business-pro-terms-conditions\/\"]}]},{\"@type\":\"BreadcrumbList\",\"@id\":\"https:\/\/esisoc.com\/business-pro-terms-conditions\/#breadcrumb\",\"itemListElement\":[{\"@type\":\"ListItem\",\"position\":1,\"name\":\"Home\",\"item\":\"https:\/\/esisoc.com\/\"},{\"@type\":\"ListItem\",\"position\":2,\"name\":\"Business Pro Terms &amp; Conditions\"}]},{\"@type\":\"WebSite\",\"@id\":\"https:\/\/esisoc.com\/#website\",\"url\":\"https:\/\/esisoc.com\/\",\"name\":\"ESISOC | ESSID Solutions\",\"description\":\"Data Science Consulting and AI | Online Books, Videos, Courses and more\",\"publisher\":{\"@id\":\"https:\/\/esisoc.com\/#organization\"},\"potentialAction\":[{\"@type\":\"SearchAction\",\"target\":{\"@type\":\"EntryPoint\",\"urlTemplate\":\"https:\/\/esisoc.com\/?s={search_term_string}\"},\"query-input\":\"required name=search_term_string\"}],\"inLanguage\":\"fr-FR\"},{\"@type\":\"Organization\",\"@id\":\"https:\/\/esisoc.com\/#organization\",\"name\":\"ESISOC | ESSID Solutions\",\"url\":\"https:\/\/esisoc.com\/\",\"logo\":{\"@type\":\"ImageObject\",\"inLanguage\":\"fr-FR\",\"@id\":\"https:\/\/esisoc.com\/#\/schema\/logo\/image\/\",\"url\":\"https:\/\/esisoc.com\/wp-content\/uploads\/2024\/02\/logo-esisoc.png\",\"contentUrl\":\"https:\/\/esisoc.com\/wp-content\/uploads\/2024\/02\/logo-esisoc.png\",\"width\":350,\"height\":63,\"caption\":\"ESISOC | ESSID Solutions\"},\"image\":{\"@id\":\"https:\/\/esisoc.com\/#\/schema\/logo\/image\/\"}}]}<\/script>\n<!-- \/ Yoast SEO Premium plugin. -->","yoast_head_json":{"title":"Business Pro Terms &amp; Conditions - ESISOC | ESSID Solutions","robots":{"index":"index","follow":"follow","max-snippet":"max-snippet:-1","max-image-preview":"max-image-preview:large","max-video-preview":"max-video-preview:-1"},"canonical":"https:\/\/esisoc.com\/fr\/business-pro-conditions-generales\/","og_locale":"fr_FR","og_type":"article","og_title":"Business Pro Terms &amp; Conditions","og_description":"These terms and conditions were last updated on June 1, 2023. These Essiso Business Pro Terms and Conditions (these&nbsp;\u201cTerms\u201d) apply to Customer\u2019s access and use of Essiso Business Pro. All terms not otherwise defined in these Terms will have the meanings ascribed to them in the Master Services Agreement between Essiso and Customer (the&nbsp;\u201cAgreement\u201d).","og_url":"https:\/\/esisoc.com\/fr\/business-pro-conditions-generales\/","og_site_name":"ESISOC | ESSID Solutions","article_modified_time":"2024-02-18T13:11:58+00:00","twitter_card":"summary_large_image","twitter_misc":{"Dur\u00e9e de lecture estim\u00e9e":"2 minutes"},"schema":{"@context":"https:\/\/schema.org","@graph":[{"@type":"WebPage","@id":"https:\/\/esisoc.com\/business-pro-terms-conditions\/","url":"https:\/\/esisoc.com\/business-pro-terms-conditions\/","name":"Business Pro Terms &amp; Conditions - ESISOC | ESSID Solutions","isPartOf":{"@id":"https:\/\/esisoc.com\/#website"},"datePublished":"2024-02-18T13:11:55+00:00","dateModified":"2024-02-18T13:11:58+00:00","breadcrumb":{"@id":"https:\/\/esisoc.com\/business-pro-terms-conditions\/#breadcrumb"},"inLanguage":"fr-FR","potentialAction":[{"@type":"ReadAction","target":["https:\/\/esisoc.com\/business-pro-terms-conditions\/"]}]},{"@type":"BreadcrumbList","@id":"https:\/\/esisoc.com\/business-pro-terms-conditions\/#breadcrumb","itemListElement":[{"@type":"ListItem","position":1,"name":"Home","item":"https:\/\/esisoc.com\/"},{"@type":"ListItem","position":2,"name":"Business Pro Terms &amp; Conditions"}]},{"@type":"WebSite","@id":"https:\/\/esisoc.com\/#website","url":"https:\/\/esisoc.com\/","name":"ESISOC | ESSID Solutions","description":"Data Science Consulting and AI | Online Books, Videos, Courses and more","publisher":{"@id":"https:\/\/esisoc.com\/#organization"},"potentialAction":[{"@type":"SearchAction","target":{"@type":"EntryPoint","urlTemplate":"https:\/\/esisoc.com\/?s={search_term_string}"},"query-input":"required name=search_term_string"}],"inLanguage":"fr-FR"},{"@type":"Organization","@id":"https:\/\/esisoc.com\/#organization","name":"ESISOC | ESSID Solutions","url":"https:\/\/esisoc.com\/","logo":{"@type":"ImageObject","inLanguage":"fr-FR","@id":"https:\/\/esisoc.com\/#\/schema\/logo\/image\/","url":"https:\/\/esisoc.com\/wp-content\/uploads\/2024\/02\/logo-esisoc.png","contentUrl":"https:\/\/esisoc.com\/wp-content\/uploads\/2024\/02\/logo-esisoc.png","width":350,"height":63,"caption":"ESISOC | ESSID Solutions"},"image":{"@id":"https:\/\/esisoc.com\/#\/schema\/logo\/image\/"}}]}},"_links":{"self":[{"href":"https:\/\/esisoc.com\/fr\/wp-json\/wp\/v2\/pages\/2803"}],"collection":[{"href":"https:\/\/esisoc.com\/fr\/wp-json\/wp\/v2\/pages"}],"about":[{"href":"https:\/\/esisoc.com\/fr\/wp-json\/wp\/v2\/types\/page"}],"author":[{"embeddable":true,"href":"https:\/\/esisoc.com\/fr\/wp-json\/wp\/v2\/users\/2"}],"replies":[{"embeddable":true,"href":"https:\/\/esisoc.com\/fr\/wp-json\/wp\/v2\/comments?post=2803"}],"version-history":[{"count":1,"href":"https:\/\/esisoc.com\/fr\/wp-json\/wp\/v2\/pages\/2803\/revisions"}],"predecessor-version":[{"id":2805,"href":"https:\/\/esisoc.com\/fr\/wp-json\/wp\/v2\/pages\/2803\/revisions\/2805"}],"wp:attachment":[{"href":"https:\/\/esisoc.com\/fr\/wp-json\/wp\/v2\/media?parent=2803"}],"curies":[{"name":"wp","href":"https:\/\/api.w.org\/{rel}","templated":true}]}}