{"id":2806,"date":"2024-02-18T13:13:36","date_gmt":"2024-02-18T13:13:36","guid":{"rendered":"https:\/\/esisoc.com\/?page_id=2806"},"modified":"2024-02-18T13:13:39","modified_gmt":"2024-02-18T13:13:39","slug":"launch-services","status":"publish","type":"page","link":"https:\/\/esisoc.com\/fr\/services-de-lancement\/","title":{"rendered":"Services de lancement"},"content":{"rendered":"<p><em>Le pr\u00e9sent accord a \u00e9t\u00e9 mis \u00e0 jour pour la derni\u00e8re fois le 1er juin 2023.<\/em><\/p>\n\n\n\n<h2 class=\"wp-block-heading\" id=\"h-1-scope-of-launch-services\">1. Port\u00e9e des services de lancement<\/h2>\n\n\n\n<p>Essiso fournira l'acc\u00e8s \u00e0 un gestionnaire de projet d\u00e9di\u00e9 et \u00e0 un programme de lancement pour aider les clients \u00e0 lancer les services, comme indiqu\u00e9 plus en d\u00e9tail dans l'annexe A ((<strong><em>\"Services de lancement<\/em><\/strong>). La fourniture des services de lancement est subordonn\u00e9e \u00e0 l'achat par le client d'abonnements pour l'utilisation des services, qui sont fournis conform\u00e9ment \u00e0 l'accord-cadre de services ((<strong><em>\"MSA\"<\/em><\/strong>). Sauf mention expresse dans le pr\u00e9sent document, l'accord de garantie mutuelle reste pleinement en vigueur et fait l'objet d'un compl\u00e9ment et d'une incorporation par r\u00e9f\u00e9rence dans le pr\u00e9sent document.<\/p>\n\n\n\n<h2 class=\"wp-block-heading\" id=\"h-2-customer-cooperation-responsibilities\">2. Coop\u00e9ration\/responsabilit\u00e9s du client<\/h2>\n\n\n\n<p>Le Client coop\u00e9rera raisonnablement et de bonne foi avec Essiso dans l'ex\u00e9cution des Services de Lancement, notamment en (a) allouant des ressources suffisantes et en ex\u00e9cutant en temps utile toutes les t\u00e2ches raisonnablement n\u00e9cessaires pour permettre \u00e0 Essiso d'ex\u00e9cuter ses obligations au titre de chaque Bon de Commande, (b) livrant en temps utile tout mat\u00e9riel et autres obligations requises au titre de chaque Bon de Commande, (c) r\u00e9pondant en temps utile aux demandes d'Essiso relatives aux Services de Lancement, (d) d\u00e9signer un chef de projet interne pour chaque Bon de commande qui servira de point de contact principal pour Essiso, (e) participer activement aux r\u00e9unions de projet programm\u00e9es, (f) en temps utile et sans frais pour Essiso, acc\u00e9der aux employ\u00e9s et agents appropri\u00e9s et comp\u00e9tents, assurer un acc\u00e8s administratif continu \u00e0 Essiso, et coordonner les r\u00e9unions t\u00e9l\u00e9phoniques et en ligne \u00e0 distance, tout ce qui est raisonnablement requis par Essiso, et (g) fournir des informations, des donn\u00e9es et un retour d'information complets, exacts et opportuns, tout ce qui est raisonnablement requis.<\/p>\n\n\n\n<h2 class=\"wp-block-heading\" id=\"h-3-term\">3. Dur\u00e9e<\/h2>\n\n\n\n<p>Le pr\u00e9sent avenant restera en vigueur jusqu'\u00e0 la premi\u00e8re des deux dates suivantes : (a) l'ach\u00e8vement des services de lancement ou (b) 9 mois \u00e0 compter de la date du bon de commande.<\/p>\n\n\n\n<h2 class=\"wp-block-heading\" id=\"h-4-fees-and-expenses\">4. Honoraires et d\u00e9penses<\/h2>\n\n\n\n<p>Toutes les prestations de lancement sont factur\u00e9es conform\u00e9ment aux dispositions de l'accord de services de lancement, sur r\u00e9ception d'un bon de commande sign\u00e9. Tous les montants relatifs aux services de lancement, y compris les frais de d\u00e9placement et les d\u00e9penses li\u00e9es aux services de lancement, sont dus et payables conform\u00e9ment aux dispositions du bon de commande.<\/p>\n\n\n\n<h2 class=\"wp-block-heading\" id=\"h-5-ndependent-contractor\">5. Entrepreneur ind\u00e9pendant<\/h2>\n\n\n\n<p>Chaque partie, y compris les employ\u00e9s et les consultants, conservera \u00e0 tout moment le statut d'entrepreneur ind\u00e9pendant l'une par rapport \u00e0 l'autre.<\/p>\n\n\n\n<h2 class=\"wp-block-heading\" id=\"h-6-intellectual-property\">6. Propri\u00e9t\u00e9 intellectuelle<\/h2>\n\n\n\n<p>Sauf disposition expresse du pr\u00e9sent addendum, aucune des parties n'accorde \u00e0 l'autre partie, de mani\u00e8re expresse ou implicite, des droits de propri\u00e9t\u00e9 intellectuelle.<\/p>\n\n\n\n<h2 class=\"wp-block-heading\" id=\"h-7-warranties-and-disclaimer\">7. Garanties et d\u00e9ni de responsabilit\u00e9<\/h2>\n\n\n\n<p>Essiso garantit que les Services de Lancement seront ex\u00e9cut\u00e9s de mani\u00e8re professionnelle et selon les r\u00e8gles de l'art, conform\u00e9ment aux normes industrielles g\u00e9n\u00e9ralement accept\u00e9es, en conformit\u00e9 avec l'Annexe A, et qu'Essiso se conformera \u00e0 toutes les lois applicables dans le cadre de la fourniture des Services de Lancement. Pour toute violation de la garantie ci-dessus, \u00e0 l'exclusion du Responsable du Programme d'Apprentissage, le recours exclusif et l'enti\u00e8re responsabilit\u00e9 d'Essiso seront la r\u00e9-ex\u00e9cution des Services de Lancement applicables. Sauf disposition expresse dans la pr\u00e9sente section, Essiso fournit les Services de lancement en l'\u00e9tat et ne donne aucune garantie, expresse ou implicite, de quelque nature que ce soit. Bien qu'Essiso fasse des efforts raisonnables pour ex\u00e9cuter les Services de Lancement pendant la Dur\u00e9e, Essiso ne garantit pas que les Services de Lancement seront achev\u00e9s pendant la Dur\u00e9e.<\/p>\n\n\n\n<h2 class=\"wp-block-heading\" id=\"h-8-schedule-a\">8. Annexe A<\/h2>\n\n\n\n<p>Les services de lancement aident les clients \u00e0 lancer les produits Essiso en mettant \u00e0 leur disposition un chef de projet afin d'acc\u00e9l\u00e9rer le d\u00e9lai de lancement. L'\u00e9quipe d'Essiso fournit des services de lancement qui peuvent inclure les phases suivantes :<\/p>\n\n\n\n<ul>\n<li><strong>D\u00e9couvrir :<\/strong><\/li>\n<\/ul>\n\n\n\n<p>La phase de d\u00e9couverte est l'occasion de mettre en relation les parties prenantes d'Essiso et du client. La phase de d\u00e9couverte comprend une r\u00e9union de lancement du projet, avec examen du contrat, alignement des objectifs et pr\u00e9sentation des services de lancement. Une fois le lancement du projet termin\u00e9, les activit\u00e9s de mobilisation commencent, notamment l'alignement des parties prenantes, le calendrier de lancement propos\u00e9, la d\u00e9finition du champ d'application et la coordination des ressources.<\/p>\n\n\n\n<ul>\n<li><strong>Plan :<\/strong><\/li>\n<\/ul>\n\n\n\n<p>L'ensemble du plan du projet, y compris la d\u00e9finition, le s\u00e9quen\u00e7age, le calendrier, la dur\u00e9e, le d\u00e9veloppement des \u00e9tapes et la planification des ressources, est cr\u00e9\u00e9 au cours de la phase de planification. Les risques ou les d\u00e9pendances du client sont identifi\u00e9s et communiqu\u00e9s aux parties prenantes du client.<\/p>\n\n\n\n<ul>\n<li><strong>Ex\u00e9cuter :<\/strong><\/li>\n<\/ul>\n\n\n\n<p>Toute la configuration du produit est r\u00e9alis\u00e9e au cours de la phase d'ex\u00e9cution. Le chef de projet effectue des revues hebdomadaires de l'\u00e9tat d'avancement du projet, communiqu\u00e9es par courrier \u00e9lectronique. Le chef de projet orchestre la collaboration avec les experts en la mati\u00e8re d'Essiso afin de fournir au client les ressources n\u00e9cessaires \u00e0 la r\u00e9alisation de chaque \u00e9tape. La configuration du produit Essiso, l'attribution des licences, la coordination des ressources et la planification de la gestion du changement sont r\u00e9alis\u00e9es au cours de cette phase afin de pr\u00e9parer le lancement.<\/p>\n\n\n\n<ul>\n<li><strong>Lancement :<\/strong><\/li>\n<\/ul>\n\n\n\n<p>La phase de lancement commence lorsque tous les \u00e9l\u00e9ments de la phase d'ex\u00e9cution sont termin\u00e9s. La phase de lancement comprend la formation des clients, le plan de communication et les mod\u00e8les fournis, ainsi que le lancement du ou des produits.<\/p>\n\n\n\n<ul>\n<li><strong>Apr\u00e8s le lancement :<\/strong><\/li>\n<\/ul>\n\n\n\n<p>Le gestionnaire de projet soutiendra le projet pendant 10 jours ouvrables apr\u00e8s la mise en service et, pendant cette p\u00e9riode, il surveillera le lancement pour v\u00e9rifier la progression des objectifs, identifier les domaines \u00e0 am\u00e9liorer et optimiser les mesures de r\u00e9ussite. Le gestionnaire de projet fournira une communication formelle par courrier \u00e9lectronique pour conclure le projet de lancement.<\/p>","protected":false},"excerpt":{"rendered":"<p>Le pr\u00e9sent accord a \u00e9t\u00e9 mis \u00e0 jour pour la derni\u00e8re fois le 1er juin 2023. 1. Port\u00e9e des services de lancement Essiso fournira l'acc\u00e8s \u00e0 un chef de projet d\u00e9di\u00e9 et \u00e0 un programme de lancement afin d'aider les clients \u00e0 lancer les services tels que d\u00e9taill\u00e9s dans l'annexe A (\" services de lancement \"). La fourniture des Services de lancement est subordonn\u00e9e \u00e0 l'achat par le Client ... Lire plus <a title=\"Services de lancement\" class=\"read-more\" href=\"https:\/\/esisoc.com\/fr\/services-de-lancement\/\" aria-label=\"Read more about Launch Services\">Lire plus<\/a><\/p>","protected":false},"author":2,"featured_media":0,"parent":0,"menu_order":0,"comment_status":"closed","ping_status":"closed","template":"","meta":{"footnotes":""},"yoast_head":"<!-- This site is optimized with the Yoast SEO Premium plugin v21.9 (Yoast SEO v21.9.1) - https:\/\/yoast.com\/wordpress\/plugins\/seo\/ -->\n<title>Launch Services - ESISOC | ESSID Solutions<\/title>\n<meta name=\"robots\" content=\"index, follow, max-snippet:-1, max-image-preview:large, max-video-preview:-1\" \/>\n<link rel=\"canonical\" href=\"https:\/\/esisoc.com\/fr\/services-de-lancement\/\" \/>\n<meta property=\"og:locale\" content=\"fr_FR\" \/>\n<meta property=\"og:type\" content=\"article\" \/>\n<meta property=\"og:title\" content=\"Launch Services\" \/>\n<meta property=\"og:description\" content=\"This Agreement was last updated on June 1, 2023. 1. Scope of Launch Services Essiso will provide access to a dedicated project manager and launch program to assist Customers with the launch of the Services as further detailed in Schedule A ((\u201cLaunch Services\u201d). The provision of the Launch Services is contingent upon the Customer purchasing ... Lire plus\" \/>\n<meta property=\"og:url\" content=\"https:\/\/esisoc.com\/fr\/services-de-lancement\/\" \/>\n<meta property=\"og:site_name\" content=\"ESISOC | ESSID Solutions\" \/>\n<meta property=\"article:modified_time\" content=\"2024-02-18T13:13:39+00:00\" \/>\n<meta name=\"twitter:card\" content=\"summary_large_image\" \/>\n<meta name=\"twitter:label1\" content=\"Dur\u00e9e de lecture estim\u00e9e\" \/>\n\t<meta name=\"twitter:data1\" content=\"4 minutes\" \/>\n<script type=\"application\/ld+json\" class=\"yoast-schema-graph\">{\"@context\":\"https:\/\/schema.org\",\"@graph\":[{\"@type\":\"WebPage\",\"@id\":\"https:\/\/esisoc.com\/launch-services\/\",\"url\":\"https:\/\/esisoc.com\/launch-services\/\",\"name\":\"Launch Services - ESISOC | ESSID Solutions\",\"isPartOf\":{\"@id\":\"https:\/\/esisoc.com\/#website\"},\"datePublished\":\"2024-02-18T13:13:36+00:00\",\"dateModified\":\"2024-02-18T13:13:39+00:00\",\"breadcrumb\":{\"@id\":\"https:\/\/esisoc.com\/launch-services\/#breadcrumb\"},\"inLanguage\":\"fr-FR\",\"potentialAction\":[{\"@type\":\"ReadAction\",\"target\":[\"https:\/\/esisoc.com\/launch-services\/\"]}]},{\"@type\":\"BreadcrumbList\",\"@id\":\"https:\/\/esisoc.com\/launch-services\/#breadcrumb\",\"itemListElement\":[{\"@type\":\"ListItem\",\"position\":1,\"name\":\"Home\",\"item\":\"https:\/\/esisoc.com\/\"},{\"@type\":\"ListItem\",\"position\":2,\"name\":\"Launch Services\"}]},{\"@type\":\"WebSite\",\"@id\":\"https:\/\/esisoc.com\/#website\",\"url\":\"https:\/\/esisoc.com\/\",\"name\":\"ESISOC | ESSID Solutions\",\"description\":\"Data Science Consulting and AI | Online Books, Videos, Courses and more\",\"publisher\":{\"@id\":\"https:\/\/esisoc.com\/#organization\"},\"potentialAction\":[{\"@type\":\"SearchAction\",\"target\":{\"@type\":\"EntryPoint\",\"urlTemplate\":\"https:\/\/esisoc.com\/?s={search_term_string}\"},\"query-input\":\"required name=search_term_string\"}],\"inLanguage\":\"fr-FR\"},{\"@type\":\"Organization\",\"@id\":\"https:\/\/esisoc.com\/#organization\",\"name\":\"ESISOC | ESSID Solutions\",\"url\":\"https:\/\/esisoc.com\/\",\"logo\":{\"@type\":\"ImageObject\",\"inLanguage\":\"fr-FR\",\"@id\":\"https:\/\/esisoc.com\/#\/schema\/logo\/image\/\",\"url\":\"https:\/\/esisoc.com\/wp-content\/uploads\/2024\/02\/logo-esisoc.png\",\"contentUrl\":\"https:\/\/esisoc.com\/wp-content\/uploads\/2024\/02\/logo-esisoc.png\",\"width\":350,\"height\":63,\"caption\":\"ESISOC | ESSID Solutions\"},\"image\":{\"@id\":\"https:\/\/esisoc.com\/#\/schema\/logo\/image\/\"}}]}<\/script>\n<!-- \/ Yoast SEO Premium plugin. -->","yoast_head_json":{"title":"Launch Services - ESISOC | ESSID Solutions","robots":{"index":"index","follow":"follow","max-snippet":"max-snippet:-1","max-image-preview":"max-image-preview:large","max-video-preview":"max-video-preview:-1"},"canonical":"https:\/\/esisoc.com\/fr\/services-de-lancement\/","og_locale":"fr_FR","og_type":"article","og_title":"Launch Services","og_description":"This Agreement was last updated on June 1, 2023. 1. Scope of Launch Services Essiso will provide access to a dedicated project manager and launch program to assist Customers with the launch of the Services as further detailed in Schedule A ((\u201cLaunch Services\u201d). The provision of the Launch Services is contingent upon the Customer purchasing ... Lire plus","og_url":"https:\/\/esisoc.com\/fr\/services-de-lancement\/","og_site_name":"ESISOC | ESSID Solutions","article_modified_time":"2024-02-18T13:13:39+00:00","twitter_card":"summary_large_image","twitter_misc":{"Dur\u00e9e de lecture estim\u00e9e":"4 minutes"},"schema":{"@context":"https:\/\/schema.org","@graph":[{"@type":"WebPage","@id":"https:\/\/esisoc.com\/launch-services\/","url":"https:\/\/esisoc.com\/launch-services\/","name":"Launch Services - ESISOC | ESSID Solutions","isPartOf":{"@id":"https:\/\/esisoc.com\/#website"},"datePublished":"2024-02-18T13:13:36+00:00","dateModified":"2024-02-18T13:13:39+00:00","breadcrumb":{"@id":"https:\/\/esisoc.com\/launch-services\/#breadcrumb"},"inLanguage":"fr-FR","potentialAction":[{"@type":"ReadAction","target":["https:\/\/esisoc.com\/launch-services\/"]}]},{"@type":"BreadcrumbList","@id":"https:\/\/esisoc.com\/launch-services\/#breadcrumb","itemListElement":[{"@type":"ListItem","position":1,"name":"Home","item":"https:\/\/esisoc.com\/"},{"@type":"ListItem","position":2,"name":"Launch Services"}]},{"@type":"WebSite","@id":"https:\/\/esisoc.com\/#website","url":"https:\/\/esisoc.com\/","name":"ESISOC | ESSID Solutions","description":"Data Science Consulting and AI | Online Books, Videos, Courses and more","publisher":{"@id":"https:\/\/esisoc.com\/#organization"},"potentialAction":[{"@type":"SearchAction","target":{"@type":"EntryPoint","urlTemplate":"https:\/\/esisoc.com\/?s={search_term_string}"},"query-input":"required name=search_term_string"}],"inLanguage":"fr-FR"},{"@type":"Organization","@id":"https:\/\/esisoc.com\/#organization","name":"ESISOC | ESSID Solutions","url":"https:\/\/esisoc.com\/","logo":{"@type":"ImageObject","inLanguage":"fr-FR","@id":"https:\/\/esisoc.com\/#\/schema\/logo\/image\/","url":"https:\/\/esisoc.com\/wp-content\/uploads\/2024\/02\/logo-esisoc.png","contentUrl":"https:\/\/esisoc.com\/wp-content\/uploads\/2024\/02\/logo-esisoc.png","width":350,"height":63,"caption":"ESISOC | ESSID Solutions"},"image":{"@id":"https:\/\/esisoc.com\/#\/schema\/logo\/image\/"}}]}},"_links":{"self":[{"href":"https:\/\/esisoc.com\/fr\/wp-json\/wp\/v2\/pages\/2806"}],"collection":[{"href":"https:\/\/esisoc.com\/fr\/wp-json\/wp\/v2\/pages"}],"about":[{"href":"https:\/\/esisoc.com\/fr\/wp-json\/wp\/v2\/types\/page"}],"author":[{"embeddable":true,"href":"https:\/\/esisoc.com\/fr\/wp-json\/wp\/v2\/users\/2"}],"replies":[{"embeddable":true,"href":"https:\/\/esisoc.com\/fr\/wp-json\/wp\/v2\/comments?post=2806"}],"version-history":[{"count":1,"href":"https:\/\/esisoc.com\/fr\/wp-json\/wp\/v2\/pages\/2806\/revisions"}],"predecessor-version":[{"id":2808,"href":"https:\/\/esisoc.com\/fr\/wp-json\/wp\/v2\/pages\/2806\/revisions\/2808"}],"wp:attachment":[{"href":"https:\/\/esisoc.com\/fr\/wp-json\/wp\/v2\/media?parent=2806"}],"curies":[{"name":"wp","href":"https:\/\/api.w.org\/{rel}","templated":true}]}}