{"id":2809,"date":"2024-02-18T13:14:55","date_gmt":"2024-02-18T13:14:55","guid":{"rendered":"https:\/\/esisoc.com\/?page_id=2809"},"modified":"2024-02-18T13:14:58","modified_gmt":"2024-02-18T13:14:58","slug":"promotions-policy","status":"publish","type":"page","link":"https:\/\/esisoc.com\/fr\/politique-de-promotion\/","title":{"rendered":"Politique de promotion"},"content":{"rendered":"<p><em>Cette politique de promotion a \u00e9t\u00e9 mise \u00e0 jour pour la derni\u00e8re fois le 22 d\u00e9cembre 2023.<\/em><\/p>\n\n\n\n<p>La pr\u00e9sente politique de promotion (\"<strong>Politique<\/strong>\") comprend des informations sur les m\u00e9thodes que les instructeurs d'Essiso peuvent utiliser pour promouvoir leur contenu, y compris les coupons d'instructeur, les liens de r\u00e9f\u00e9rencement des cours et les programmes de marketing optionnels d'Essiso. Cette politique est incorpor\u00e9e par r\u00e9f\u00e9rence dans notre&nbsp;<a href=\"https:\/\/www.udemy.com\/terms\/\" target=\"_blank\" rel=\"noreferrer noopener\">Conditions d'utilisation<\/a>&nbsp;et&nbsp;<a href=\"https:\/\/www.udemy.com\/terms\/instructor\/\" target=\"_blank\" rel=\"noreferrer noopener\">Termes de l'instructeur<\/a>. Tous les termes en majuscules qui ne sont pas d\u00e9finis dans la pr\u00e9sente politique sont d\u00e9finis comme sp\u00e9cifi\u00e9 dans les conditions d'utilisation ou les conditions applicables aux instructeurs.<\/p>\n\n\n\n<p>Vous pouvez trouver des versions traduites de la pr\u00e9sente politique en suivant les liens suivants&nbsp;<a href=\"https:\/\/support.udemy.com\/hc\/articles\/229603768-How-to-Change-Your-Language-Settings\" target=\"_blank\" rel=\"noreferrer noopener\">Instructions linguistiques du centre d'aide<\/a>. Les traductions suivantes sont \u00e9galement disponibles pour les langues non prises en charge par le Centre d'aide :<\/p>\n\n\n\n<ul>\n<li>Chinois - Traditionnel (<a href=\"https:\/\/support.udemy.com\/hc\/en-us\/articles\/115013202407#zh-tw\" target=\"_blank\" rel=\"noreferrer noopener\">\u4fc3\u92b7\u653f\u7b56<\/a>)<\/li>\n\n\n\n<li>Chinois - simplifi\u00e9 (<a href=\"https:\/\/support.udemy.com\/hc\/en-us\/articles\/115013202407#zh-hk\" target=\"_blank\" rel=\"noreferrer noopener\">\u63a8\u5e7f\u653f\u7b56<\/a>)<\/li>\n\n\n\n<li>N\u00e9erlandais (<a href=\"https:\/\/support.udemy.com\/hc\/en-us\/articles\/115013202407##nl\" target=\"_blank\" rel=\"noreferrer noopener\">Promotiebeleid<\/a>)<\/li>\n\n\n\n<li>Russe (<a href=\"https:\/\/support.udemy.com\/hc\/en-us\/articles\/115013202407##ru\" target=\"_blank\" rel=\"noreferrer noopener\">\u041f\u043e\u043b\u0438\u0442\u0438\u043a\u0430 \u043f\u043e\u0440\u044f\u0434\u043a\u0430 \u043f\u0440\u043e\u0432\u0435\u0434\u0435\u043d\u0438\u044f \u043f\u0440\u043e\u043c\u043e\u0430\u043a\u0446\u0438\u0439<\/a>)<\/li>\n\n\n\n<li>Roumain (<a href=\"https:\/\/support.udemy.com\/hc\/en-us\/articles\/115013202407##ro\" target=\"_blank\" rel=\"noreferrer noopener\">Politique de promotion<\/a>)<\/li>\n\n\n\n<li>Indon\u00e9sien (<a href=\"https:\/\/support.udemy.com\/hc\/en-us\/articles\/115013202407##in\" target=\"_blank\" rel=\"noreferrer noopener\">Promotion de l'emploi<\/a>)<\/li>\n\n\n\n<li>Tha\u00eflandais (<a href=\"https:\/\/support.udemy.com\/hc\/en-us\/articles\/115013202407##th\" target=\"_blank\" rel=\"noreferrer noopener\">\u0e19\u0e42\u0e22\u0e1a\u0e32\u0e22\u0e42\u0e1b\u0e23\u0e42\u0e21\u0e0a\u0e31\u0e48\u0e19<\/a>)<\/li>\n\n\n\n<li>Vietnamien (<a href=\"https:\/\/support.udemy.com\/hc\/en-us\/articles\/115013202407#h_01HJP4K17KNP5JRXRCJRKMFVEZ\" target=\"_blank\" rel=\"noreferrer noopener\">Ch\u00ednh s\u00e1ch khuy\u1ebfn m\u1ea1i<\/a>)<\/li>\n<\/ul>\n\n\n\n<p>Toute version de la pr\u00e9sente politique dans une langue autre que l'anglais est fournie pour des raisons de commodit\u00e9 et vous comprenez et acceptez que la langue anglaise pr\u00e9vaudra en cas de conflit.<\/p>\n\n\n\n<h2 class=\"wp-block-heading\" id=\"h_01HAQT4TCC7E2B3FDTCFSM3JJ0\"><strong>1. Fonctionnement des programmes de promotion<\/strong><\/h2>\n\n\n\n<p>Essiso offre aux instructeurs premium la possibilit\u00e9 de participer \u00e0 des programmes promotionnels, auxquels vous pouvez participer par le biais de la page d'accueil.&nbsp;<a href=\"https:\/\/www.udemy.com\/user\/edit-instructor-info\/\" target=\"_blank\" rel=\"noreferrer noopener\">Page des accords promotionnels<\/a>&nbsp;de votre instructeur ou par un accord \u00e9crit (y compris par e-mail) entre vous et Essiso pour certains programmes, comme d\u00e9taill\u00e9 ci-dessous. Les programmes sp\u00e9cifiques propos\u00e9s peuvent changer de temps \u00e0 autre.&nbsp;<\/p>\n\n\n\n<p>Toutes les offres ou tous les programmes ne seront pas disponibles dans tous les territoires g\u00e9ographiques ou pour tous les contenus d'Essiso. Essiso a toute latitude pour d\u00e9terminer le contenu \u00e0 offrir dans le cadre des programmes promotionnels et pour fixer ou mettre \u00e0 jour les prix de vente. Essiso peut retirer votre contenu des programmes promotionnels \u00e0 tout moment et \u00e0 sa seule discr\u00e9tion, avec ou sans pr\u00e9avis.<\/p>\n\n\n\n<p>Les montants des remises mentionn\u00e9s ci-dessous sont approximatifs, la remise r\u00e9elle pouvant \u00eatre l\u00e9g\u00e8rement sup\u00e9rieure en raison des arrondis et de la conversion des devises. Essiso ne garantit aucun niveau minimum de r\u00e9ussite dans le cadre des programmes promotionnels.<\/p>\n\n\n\n<h2 class=\"wp-block-heading\" id=\"h_01HAQT4TCCFSQAX23NV84BPZAA\"><strong>2. Programme Essiso Deals<\/strong><\/h2>\n\n\n\n<p>Le programme d'offres d'Essiso vous aide \u00e0 augmenter votre potentiel de revenus en permettant \u00e0 Essiso de proposer votre contenu \u00e0 un prix r\u00e9duit dans le cadre de promotions cibl\u00e9es, ainsi que d'optimiser votre prix de vente. Le programme d'offres permet \u00e0 Essiso de proposer votre contenu aux \u00e9tudiants \u00e0 un prix r\u00e9duit ou \u00e0 un prix de catalogue qui ne soit pas inf\u00e9rieur \u00e0 $9,99 USD (ou l'\u00e9quivalent local), sauf pour les ventes aux revendeurs ou distributeurs d'Essiso, o\u00f9 le prix peut \u00eatre inf\u00e9rieur. Pour plus de clart\u00e9, Essiso d\u00e9termine les \u00e9quivalents locaux de $9,99 USD en utilisant des facteurs \u00e9conomiques tels que le pouvoir d'achat, plut\u00f4t qu'en utilisant une conversion mon\u00e9taire directe. Un tableau des prix de vente minimaux apr\u00e8s remise dans chacun des principaux march\u00e9s d'Essiso se trouve dans la section&nbsp;<a href=\"https:\/\/support.udemy.com\/hc\/articles\/229605368-Instructors-Udemy-s-Pricing-Tiers-For-Courses\" target=\"_blank\" rel=\"noreferrer noopener\">Article du centre d'aide sur les niveaux de prix<\/a>. Nous nous r\u00e9servons le droit de mettre \u00e0 jour ce tableau et de modifier les options de prix de base de temps \u00e0 autre.<\/p>\n\n\n\n<p>Lorsqu'une vente \u00e0 un revendeur ou \u00e0 un distributeur d'Essiso se traduit par un prix de vente de votre contenu inf\u00e9rieur \u00e0 celui autoris\u00e9 par la pr\u00e9sente politique, Essiso calculera votre part de revenus sur la base d'un montant brut autoris\u00e9 par la pr\u00e9sente politique.<\/p>\n\n\n\n<p>Offres Les offres du programme peuvent \u00eatre promues par le biais des services, des communications des utilisateurs ou de plateformes tierces, et la dur\u00e9e des offres peut varier.<\/p>\n\n\n\n<p>Vous pouvez vous retirer du programme d'offres \u00e0 tout moment. Toutefois, votre contenu restera soumis \u00e0 toutes les ventes, campagnes ou promotions applicables qui sont d\u00e9j\u00e0 actives au moment o\u00f9 vous vous d\u00e9sengagez, jusqu'\u00e0 ce que ces ventes, campagnes ou promotions soient termin\u00e9es.<\/p>\n\n\n\n<h2 class=\"wp-block-heading\" id=\"h_01HAQT4TCCRW5RGS9PQPGAVNP7\"><strong>3. Programme Essiso pour les entreprises<\/strong><\/h2>\n\n\n\n<p>Les instructeurs premium peuvent \u00e9galement participer \u00e0 notre programme d'abonnement (\"<strong>Programme Essiso pour les entreprises<\/strong>\"), sous r\u00e9serve des conditions suppl\u00e9mentaires \u00e9nonc\u00e9es dans la pr\u00e9sente section. Le programme Essiso Business consiste en des collections de contenu par abonnement d'Essiso disponibles pour les consommateurs individuels et les clients professionnels, y compris les organisations priv\u00e9es, publiques, \u00e0 but non lucratif et gouvernementales (\"<strong>Clients abonn\u00e9s<\/strong>\"), qui pr\u00e9sente une s\u00e9lection des meilleurs contenus d'Essiso en mati\u00e8re de comp\u00e9tences professionnelles et de d\u00e9veloppement personnel.&nbsp;<\/p>\n\n\n\n<p>En optant pour le programme Essiso Business, vous acceptez de rendre l'ensemble de votre contenu \u00e9ligible \u00e0 l'inclusion dans les collections de contenu par abonnement d'Essiso. Nous pouvons choisir de s\u00e9lectionner ou non votre contenu pour l'inclure dans une collection, y compris tout ajout, variation ou sous-ensemble de cette collection, et nous pouvons modifier la s\u00e9lection de temps \u00e0 autre \u00e0 notre seule discr\u00e9tion.<\/p>\n\n\n\n<p>Les collections \u00e9tant bas\u00e9es sur un abonnement, nous pouvons s\u00e9lectionner des prix de vente et proposer des essais gratuits \u00e0 notre discr\u00e9tion. Lorsque votre contenu est inclus dans une collection, vous ne pouvez pas le d\u00e9publier ou le rendre priv\u00e9.&nbsp;<\/p>\n\n\n\n<p>Si vous avez accept\u00e9 de fournir des questions d'\u00e9valuation (telles que d\u00e9finies ci-dessous), vous \u00eates \u00e9galement soumis aux conditions suppl\u00e9mentaires de la section 4 (\u00c9valuations).<\/p>\n\n\n\n<p>Les formateurs qui ont d\u00e9j\u00e0 opt\u00e9 pour le \"Programme d'abonnement Essiso\" sont soumis aux conditions de la pr\u00e9sente section.&nbsp;&nbsp;<\/p>\n\n\n\n<p><strong>3.1 Part des recettes<\/strong><\/p>\n\n\n\n<p>En participant au programme Essiso Business, vous acceptez que pour chaque collecte, votre part de revenus soit calcul\u00e9e comme suit :<\/p>\n\n\n\n<ol>\n<li>Chaque mois, Essiso calculera le total des frais d'abonnement mensuels pay\u00e9s \u00e0 Essiso pour le compte de tous les Clients abonn\u00e9s actuels de cette collection, moins les taxes de transaction applicables, les frais de change et les frais de tiers, tels que les frais de revente, de promotion, de distribution ou de traitement des paiements.<\/li>\n\n\n\n<li>Vingt pour cent (20%) de ce montant seront allou\u00e9s aux instructeurs participant \u00e0 cette collecte (\"pool de revenus des instructeurs\"), comme d\u00e9crit ci-dessous. En 2025, la part des recettes sera de 17,5%, et en 2026, la part des recettes sera de 15%.<\/li>\n\n\n\n<li>Chaque mois, Essiso calculera le nombre total de minutes de contenu (y compris les vid\u00e9os de cours, les quiz, les tests pratiques et les exercices de codage) dans cette collection consomm\u00e9es par tous les clients abonn\u00e9s actuels dans le cadre de leur abonnement \u00e0 cette collection (\"minutes\").<strong>Total des minutes consomm\u00e9es<\/strong>\"). Par souci de clart\u00e9, le nombre total de minutes consomm\u00e9es n'inclut pas la consommation li\u00e9e \u00e0 l'acc\u00e8s par le biais d'un essai gratuit.<\/li>\n\n\n\n<li>Chaque mois, Essiso calculera \u00e9galement combien de minutes totales consomm\u00e9es sont attribuables \u00e0 chacun de vos \u00e9l\u00e9ments de contenu inclus dans cette collection ce mois-l\u00e0 (\"minutes totales consomm\u00e9es\").<strong>Vos minutes de contenu<\/strong>&#8220;).<\/li>\n\n\n\n<li>Pour calculer votre part de revenus chaque mois, Essiso divisera le pool de revenus de l'instructeur par le nombre total de minutes consomm\u00e9es, puis multipliera ce montant par minute par le nombre de minutes de votre contenu.<\/li>\n<\/ol>\n\n\n\n<p>Au fur et \u00e0 mesure qu'Essiso met \u00e0 disposition des types de contenu suppl\u00e9mentaires (tels que des \u00e9valuations et des laboratoires) \u00e0 travers les collections, nous pouvons mettre \u00e0 jour le paragraphe (3) ci-dessus pour sp\u00e9cifier des types de contenu suppl\u00e9mentaires qui seront inclus dans les calculs pour d\u00e9terminer le nombre total de minutes consomm\u00e9es et le nombre de minutes de votre contenu.<\/p>\n\n\n\n<p><strong>3.2 Exclusivit\u00e9<\/strong><\/p>\n\n\n\n<p>Sauf disposition contraire dans les questions d'\u00e9valuation ci-dessous, une fois que votre contenu est inclus dans une collection, vous acceptez de ne pas commencer \u00e0 proposer de contenu \u00e0 la demande, tel que des cours pr\u00e9enregistr\u00e9s, qui soit en concurrence directe avec les ventes de ce contenu sur un site ou une plateforme autre que le v\u00f4tre, ou qui leur porte pr\u00e9judice. Pour plus de clart\u00e9, cela n'inclut pas les \u0153uvres litt\u00e9raires ou les formations en personne. Si vous d\u00e9cidez de mettre fin \u00e0 votre participation au programme Essiso Business, vous acceptez que cette clause d'exclusivit\u00e9 reste en vigueur jusqu'\u00e0 ce que nous supprimions votre contenu de toutes les collections.<\/p>\n\n\n\n<p><strong>3.3 R\u00e9siliation<\/strong><\/p>\n\n\n\n<p>Vous pouvez choisir de mettre fin \u00e0 votre participation au programme commercial d'Essiso \u00e0 tout moment en envoyant un courriel \u00e0 instructorsupport@Essiso.com. Essiso retirera votre contenu des collections dans les 12 mois suivant la r\u00e9siliation et continuera \u00e0 vous payer des parts de revenus sur la base des tarifs en vigueur jusqu'\u00e0 ce que votre contenu soit retir\u00e9 de la collection concern\u00e9e.&nbsp;<\/p>\n\n\n\n<p>Lorsque votre contenu est retir\u00e9 d'une collection pour quelque raison que ce soit, les clients abonn\u00e9s ne pourront plus s'inscrire \u00e0 votre contenu et vous ne percevrez plus de part de revenu de cette collection. Toutefois, tout utilisateur final qui s'est pr\u00e9c\u00e9demment inscrit \u00e0 votre contenu pourra continuer \u00e0 acc\u00e9der \u00e0 ce contenu tant qu'il restera abonn\u00e9 \u00e0 la collection concern\u00e9e.<\/p>\n\n\n\n<h2 class=\"wp-block-heading\" id=\"h_01HAQT4TCCA2WTYXYDH63WJBC5\"><strong>4. \u00c9valuations<\/strong><\/h2>\n\n\n\n<p>Les \u00e9valuations d'Essiso (\"<strong>\u00c9valuations<\/strong>\") consistent en des paires de questions et de r\u00e9ponses accompagn\u00e9es d'explications (chacune, un \"<strong>Question d'\u00e9valuation<\/strong>\") pour mesurer la ma\u00eetrise et l'apprentissage de certains sujets, comp\u00e9tences, domaines ou professions. Les \u00e9valuations sont mises \u00e0 disposition par Essiso en tant que type de contenu autonome, distinct des cours. Pour plus de clart\u00e9, les tests pratiques, les quiz, les exercices de codage et les laboratoires ne sont pas consid\u00e9r\u00e9s comme des \u00e9valuations ou des questions d'\u00e9valuation.&nbsp;<\/p>\n\n\n\n<p>En fournissant une question d'\u00e9valuation, comme convenu entre nous par \u00e9crit (y compris par courrier \u00e9lectronique), vous acceptez les conditions \u00e9nonc\u00e9es dans la pr\u00e9sente section.<\/p>\n\n\n\n<p>Nous pouvons choisir de s\u00e9lectionner votre question d'\u00e9valuation pour l'inclure sur Essiso.com ou dans le programme Essiso Business, et nous pouvons modifier cette s\u00e9lection de temps en temps et \u00e0 notre seule discr\u00e9tion. Si votre question d'\u00e9valuation est incluse dans le programme Essiso Business, vous serez soumis aux conditions relatives \u00e0 ce programme ci-dessus.&nbsp;<\/p>\n\n\n\n<p>Vous acceptez que vos questions d'\u00e9valuation soient conformes \u00e0 tous les crit\u00e8res convenus par \u00e9crit (y compris par courrier \u00e9lectronique) entre vous et Essiso, tels que le sujet, le format, le domaine, le niveau de difficult\u00e9 et la quantit\u00e9.<\/p>\n\n\n\n<p>En fournissant votre question d'\u00e9valuation, vous accordez \u00e0 Essiso une licence exclusive d'utilisation, de copie, de reproduction, de distribution, d'affichage, de publication et de pr\u00e9paration de travaux d\u00e9riv\u00e9s de votre question d'\u00e9valuation. Vous vous engagez \u00e0 ne pas mettre votre question d'\u00e9valuation \u00e0 la disposition d'autres personnes (y compris sur votre propre site ou plateforme) et \u00e0 ne pas accorder de licence ou d'autorisation \u00e0 un tiers \u00e0 cet effet.<\/p>\n\n\n\n<p>Vous pouvez choisir de mettre fin \u00e0 votre licence d'utilisation d'une question d'\u00e9valuation \u00e0 tout moment en envoyant un courrier \u00e9lectronique \u00e0 l'adresse suivante&nbsp;<a href=\"mailto:instructorsupport@udemy.com\" target=\"_blank\" rel=\"noreferrer noopener\">instructorsupport@Essiso.com<\/a>. Essiso retirera votre question d'\u00e9valuation des services dans les 12 mois suivant la r\u00e9siliation et continuera \u00e0 vous payer toute part de revenu pertinente sur la base des taux alors en vigueur jusqu'\u00e0 ce que votre question d'\u00e9valuation soit retir\u00e9e de la partie concern\u00e9e des services.&nbsp;&nbsp;<\/p>\n\n\n\n<h2 class=\"wp-block-heading\" id=\"h_01HAQT4TCCRZAHXABR549YMG95\"><strong>5. Modifications<\/strong><\/h2>\n\n\n\n<p>Nous pouvons mettre \u00e0 jour la pr\u00e9sente politique de temps \u00e0 autre afin de clarifier nos pratiques ou de refl\u00e9ter des pratiques nouvelles ou diff\u00e9rentes. En cas de modification substantielle, nous vous en informerons par des moyens visibles, tels qu'une notification par courrier \u00e9lectronique envoy\u00e9e \u00e0 l'adresse \u00e9lectronique sp\u00e9cifi\u00e9e dans votre compte ou par la publication d'un avis par l'interm\u00e9diaire de nos services. Les modifications entreront en vigueur le jour de leur publication, sauf indication contraire.<\/p>\n\n\n\n<h2 class=\"wp-block-heading\" id=\"h_01HAQT4TCCRYHZJ9PVWV04AHJ7\"><strong>6. Comment nous contacter<\/strong><\/h2>\n\n\n\n<p>Si vous avez des questions concernant la pr\u00e9sente politique, veuillez contacter notre&nbsp;<a href=\"https:\/\/support.udemy.com\/hc\/requests\/new?type=instructor\" target=\"_blank\" rel=\"noreferrer noopener\">\u00e9quipe de soutien<\/a>.<\/p>","protected":false},"excerpt":{"rendered":"<p>This Promotions Policy was last updated on 22nd December 2023. This Promotions Policy (\u201cPolicy\u201d) includes information about methods that Essiso instructors can use to promote their content, including instructor coupons, course referral links, and Essiso\u2019s optional marketing programs. This Policy is incorporated by reference into our&nbsp;Terms of Use&nbsp;and&nbsp;Instructor Terms. Any capitalized terms that aren\u2019t defined &#8230; <a title=\"Politique de promotion\" class=\"read-more\" href=\"https:\/\/esisoc.com\/fr\/politique-de-promotion\/\" aria-label=\"Read more about Promotions Policy\">Lire plus<\/a><\/p>","protected":false},"author":2,"featured_media":0,"parent":0,"menu_order":0,"comment_status":"closed","ping_status":"closed","template":"","meta":{"footnotes":""},"yoast_head":"<!-- This site is optimized with the Yoast SEO Premium plugin v21.9 (Yoast SEO v21.9.1) - https:\/\/yoast.com\/wordpress\/plugins\/seo\/ -->\n<title>Promotions Policy - ESISOC | ESSID Solutions<\/title>\n<meta name=\"robots\" content=\"index, follow, max-snippet:-1, max-image-preview:large, max-video-preview:-1\" \/>\n<link rel=\"canonical\" href=\"https:\/\/esisoc.com\/fr\/politique-de-promotion\/\" \/>\n<meta property=\"og:locale\" content=\"fr_FR\" \/>\n<meta property=\"og:type\" content=\"article\" \/>\n<meta property=\"og:title\" content=\"Promotions Policy\" \/>\n<meta property=\"og:description\" content=\"This Promotions Policy was last updated on 22nd December 2023. This Promotions Policy (\u201cPolicy\u201d) includes information about methods that Essiso instructors can use to promote their content, including instructor coupons, course referral links, and Essiso\u2019s optional marketing programs. This Policy is incorporated by reference into our&nbsp;Terms of Use&nbsp;and&nbsp;Instructor Terms. Any capitalized terms that aren\u2019t defined ... Lire plus\" \/>\n<meta property=\"og:url\" content=\"https:\/\/esisoc.com\/fr\/politique-de-promotion\/\" \/>\n<meta property=\"og:site_name\" content=\"ESISOC | ESSID Solutions\" \/>\n<meta property=\"article:modified_time\" content=\"2024-02-18T13:14:58+00:00\" \/>\n<meta name=\"twitter:card\" content=\"summary_large_image\" \/>\n<meta name=\"twitter:label1\" content=\"Dur\u00e9e de lecture estim\u00e9e\" \/>\n\t<meta name=\"twitter:data1\" content=\"8 minutes\" \/>\n<script type=\"application\/ld+json\" class=\"yoast-schema-graph\">{\"@context\":\"https:\/\/schema.org\",\"@graph\":[{\"@type\":\"WebPage\",\"@id\":\"https:\/\/esisoc.com\/promotions-policy\/\",\"url\":\"https:\/\/esisoc.com\/promotions-policy\/\",\"name\":\"Promotions Policy - ESISOC | ESSID Solutions\",\"isPartOf\":{\"@id\":\"https:\/\/esisoc.com\/#website\"},\"datePublished\":\"2024-02-18T13:14:55+00:00\",\"dateModified\":\"2024-02-18T13:14:58+00:00\",\"breadcrumb\":{\"@id\":\"https:\/\/esisoc.com\/promotions-policy\/#breadcrumb\"},\"inLanguage\":\"fr-FR\",\"potentialAction\":[{\"@type\":\"ReadAction\",\"target\":[\"https:\/\/esisoc.com\/promotions-policy\/\"]}]},{\"@type\":\"BreadcrumbList\",\"@id\":\"https:\/\/esisoc.com\/promotions-policy\/#breadcrumb\",\"itemListElement\":[{\"@type\":\"ListItem\",\"position\":1,\"name\":\"Home\",\"item\":\"https:\/\/esisoc.com\/\"},{\"@type\":\"ListItem\",\"position\":2,\"name\":\"Promotions Policy\"}]},{\"@type\":\"WebSite\",\"@id\":\"https:\/\/esisoc.com\/#website\",\"url\":\"https:\/\/esisoc.com\/\",\"name\":\"ESISOC | ESSID Solutions\",\"description\":\"Data Science Consulting and AI | Online Books, Videos, Courses and more\",\"publisher\":{\"@id\":\"https:\/\/esisoc.com\/#organization\"},\"potentialAction\":[{\"@type\":\"SearchAction\",\"target\":{\"@type\":\"EntryPoint\",\"urlTemplate\":\"https:\/\/esisoc.com\/?s={search_term_string}\"},\"query-input\":\"required name=search_term_string\"}],\"inLanguage\":\"fr-FR\"},{\"@type\":\"Organization\",\"@id\":\"https:\/\/esisoc.com\/#organization\",\"name\":\"ESISOC | ESSID Solutions\",\"url\":\"https:\/\/esisoc.com\/\",\"logo\":{\"@type\":\"ImageObject\",\"inLanguage\":\"fr-FR\",\"@id\":\"https:\/\/esisoc.com\/#\/schema\/logo\/image\/\",\"url\":\"https:\/\/esisoc.com\/wp-content\/uploads\/2024\/02\/logo-esisoc.png\",\"contentUrl\":\"https:\/\/esisoc.com\/wp-content\/uploads\/2024\/02\/logo-esisoc.png\",\"width\":350,\"height\":63,\"caption\":\"ESISOC | ESSID Solutions\"},\"image\":{\"@id\":\"https:\/\/esisoc.com\/#\/schema\/logo\/image\/\"}}]}<\/script>\n<!-- \/ Yoast SEO Premium plugin. -->","yoast_head_json":{"title":"Promotions Policy - ESISOC | ESSID Solutions","robots":{"index":"index","follow":"follow","max-snippet":"max-snippet:-1","max-image-preview":"max-image-preview:large","max-video-preview":"max-video-preview:-1"},"canonical":"https:\/\/esisoc.com\/fr\/politique-de-promotion\/","og_locale":"fr_FR","og_type":"article","og_title":"Promotions Policy","og_description":"This Promotions Policy was last updated on 22nd December 2023. This Promotions Policy (\u201cPolicy\u201d) includes information about methods that Essiso instructors can use to promote their content, including instructor coupons, course referral links, and Essiso\u2019s optional marketing programs. This Policy is incorporated by reference into our&nbsp;Terms of Use&nbsp;and&nbsp;Instructor Terms. Any capitalized terms that aren\u2019t defined ... Lire plus","og_url":"https:\/\/esisoc.com\/fr\/politique-de-promotion\/","og_site_name":"ESISOC | ESSID Solutions","article_modified_time":"2024-02-18T13:14:58+00:00","twitter_card":"summary_large_image","twitter_misc":{"Dur\u00e9e de lecture estim\u00e9e":"8 minutes"},"schema":{"@context":"https:\/\/schema.org","@graph":[{"@type":"WebPage","@id":"https:\/\/esisoc.com\/promotions-policy\/","url":"https:\/\/esisoc.com\/promotions-policy\/","name":"Promotions Policy - ESISOC | ESSID Solutions","isPartOf":{"@id":"https:\/\/esisoc.com\/#website"},"datePublished":"2024-02-18T13:14:55+00:00","dateModified":"2024-02-18T13:14:58+00:00","breadcrumb":{"@id":"https:\/\/esisoc.com\/promotions-policy\/#breadcrumb"},"inLanguage":"fr-FR","potentialAction":[{"@type":"ReadAction","target":["https:\/\/esisoc.com\/promotions-policy\/"]}]},{"@type":"BreadcrumbList","@id":"https:\/\/esisoc.com\/promotions-policy\/#breadcrumb","itemListElement":[{"@type":"ListItem","position":1,"name":"Home","item":"https:\/\/esisoc.com\/"},{"@type":"ListItem","position":2,"name":"Promotions Policy"}]},{"@type":"WebSite","@id":"https:\/\/esisoc.com\/#website","url":"https:\/\/esisoc.com\/","name":"ESISOC | ESSID Solutions","description":"Data Science Consulting and AI | Online Books, Videos, Courses and more","publisher":{"@id":"https:\/\/esisoc.com\/#organization"},"potentialAction":[{"@type":"SearchAction","target":{"@type":"EntryPoint","urlTemplate":"https:\/\/esisoc.com\/?s={search_term_string}"},"query-input":"required name=search_term_string"}],"inLanguage":"fr-FR"},{"@type":"Organization","@id":"https:\/\/esisoc.com\/#organization","name":"ESISOC | ESSID Solutions","url":"https:\/\/esisoc.com\/","logo":{"@type":"ImageObject","inLanguage":"fr-FR","@id":"https:\/\/esisoc.com\/#\/schema\/logo\/image\/","url":"https:\/\/esisoc.com\/wp-content\/uploads\/2024\/02\/logo-esisoc.png","contentUrl":"https:\/\/esisoc.com\/wp-content\/uploads\/2024\/02\/logo-esisoc.png","width":350,"height":63,"caption":"ESISOC | ESSID Solutions"},"image":{"@id":"https:\/\/esisoc.com\/#\/schema\/logo\/image\/"}}]}},"_links":{"self":[{"href":"https:\/\/esisoc.com\/fr\/wp-json\/wp\/v2\/pages\/2809"}],"collection":[{"href":"https:\/\/esisoc.com\/fr\/wp-json\/wp\/v2\/pages"}],"about":[{"href":"https:\/\/esisoc.com\/fr\/wp-json\/wp\/v2\/types\/page"}],"author":[{"embeddable":true,"href":"https:\/\/esisoc.com\/fr\/wp-json\/wp\/v2\/users\/2"}],"replies":[{"embeddable":true,"href":"https:\/\/esisoc.com\/fr\/wp-json\/wp\/v2\/comments?post=2809"}],"version-history":[{"count":1,"href":"https:\/\/esisoc.com\/fr\/wp-json\/wp\/v2\/pages\/2809\/revisions"}],"predecessor-version":[{"id":2811,"href":"https:\/\/esisoc.com\/fr\/wp-json\/wp\/v2\/pages\/2809\/revisions\/2811"}],"wp:attachment":[{"href":"https:\/\/esisoc.com\/fr\/wp-json\/wp\/v2\/media?parent=2809"}],"curies":[{"name":"wp","href":"https:\/\/api.w.org\/{rel}","templated":true}]}}