{"id":3207,"date":"2024-02-21T12:46:26","date_gmt":"2024-02-21T12:46:26","guid":{"rendered":"https:\/\/esisoc.com\/?page_id=3207"},"modified":"2024-02-21T17:37:08","modified_gmt":"2024-02-21T17:37:08","slug":"for-talents","status":"publish","type":"page","link":"https:\/\/esisoc.com\/fr\/pour-les-talents\/","title":{"rendered":"Pour les talents"},"content":{"rendered":"<div class=\"gb-container gb-container-56b4537c alignwide\">\n<div class=\"gb-container gb-container-c95b6af6 alignwide\">\n<div class=\"gb-container gb-container-5d860c6d\">\n\n<div class=\"wp-block-columns is-layout-flex wp-container-core-columns-layout-1 wp-block-columns-is-layout-flex\">\n<div class=\"wp-block-column is-layout-flow wp-block-column-is-layout-flow\">\n<h1 class=\"gb-headline gb-headline-e9d1ef15 gb-headline-text\"><strong>Quel est le prochain <\/strong><\/h1>\n\n\n\n<h1 class=\"gb-headline gb-headline-d0dc8451 gb-headline-text\"><strong>\u00e9tape de votre carri\u00e8re ?<\/strong><\/h1>\n<\/div>\n\n\n\n<div class=\"wp-block-column is-layout-flow wp-block-column-is-layout-flow\">\n<a class=\"gb-button gb-button-4b314091 gb-button-text\" href=\"https:\/\/esisoc.com\/fr\/emplois\/\" target=\"_blank\" rel=\"noopener noreferrer\">TROUVEZ VOTRE PROCHAIN EMPLOI D\u00c8S MAINTENANT<\/a>\n<\/div>\n<\/div>\n\n<\/div>\n<\/div>\n<\/div>\n\n<div class=\"gb-container gb-container-ab8d6465\">\n<div class=\"gb-container gb-container-1ac9b3ae alignwide\">\n\n<h2 class=\"gb-headline gb-headline-bdd306dc gb-headline-text\"><strong>Faire partie d'une communaut\u00e9 mondiale<\/strong><\/h2>\n\n\n\n<p>Nous avons aid\u00e9 plus de 4 500 professionnels de la technologie du monde entier \u00e0 changer leur vie.<\/p>\n\n\n\n<p>Vous pouvez \u00eatre le prochain<\/p>\n\n\n\n<a class=\"gb-button gb-button-7a66189b gb-button-text\" href=\"https:\/\/esisoc.com\/fr\/registre\/\" target=\"_blank\" rel=\"noopener noreferrer\">S'INSCRIRE MAINTENANT<\/a>\n\n<\/div>\n<\/div>\n\n<div class=\"gb-container gb-container-70e219d6\">\n\n<div class=\"wp-block-columns is-layout-flex wp-container-core-columns-layout-2 wp-block-columns-is-layout-flex\">\n<div class=\"wp-block-column is-layout-flow wp-block-column-is-layout-flow\">\n<h2 class=\"gb-headline gb-headline-c5d60cb8 gb-headline-text\"><strong>Votre carri\u00e8re est notre mission<\/strong><\/h2>\n\n\n\n<p class=\"has-text-align-center\">Vous savez quelle est la prochaine \u00e9tape que vous souhaitez franchir. Nous sommes l\u00e0 pour vous aider \u00e0 y parvenir.<\/p>\n<\/div>\n<\/div>\n\n<\/div>\n\n<div class=\"gb-container gb-container-f7eecdb5\">\n<div class=\"gb-container gb-container-60ad3251\">\n<div class=\"gb-grid-wrapper gb-grid-wrapper-330be022\">\n<div class=\"gb-grid-column gb-grid-column-00b9f36c\"><div class=\"gb-container gb-container-00b9f36c\">\n\n<h4 class=\"gb-headline gb-headline-bafeb5f6\"><span class=\"gb-icon\"><svg viewbox=\"0 0 16 16\" class=\"bi bi-cloud-download\" height=\"16\" width=\"16\" xmlns=\"http:\/\/www.w3.org\/2000\/svg\">   <path d=\"M4.406 1.342A5.53 5.53 0 0 1 8 0c2.69 0 4.923 2 5.166 4.579C14.758 4.804 16 6.137 16 7.773 16 9.569 14.502 11 12.687 11H10a.5.5 0 0 1 0-1h2.688C13.979 10 15 8.988 15 7.773c0-1.216-1.02-2.228-2.313-2.228h-.5v-.5C12.188 2.825 10.328 1 8 1a4.53 4.53 0 0 0-2.941 1.1c-.757.652-1.153 1.438-1.153 2.055v.448l-.445.049C2.064 4.805 1 5.952 1 7.318 1 8.785 2.23 10 3.781 10H6a.5.5 0 0 1 0 1H3.781C1.708 11 0 9.366 0 7.318c0-1.763 1.266-3.223 2.942-3.593.143-.863.698-1.723 1.464-2.383z\"><\/path>   <path d=\"M7.646 15.854a.5.5 0 0 0 .708 0l3-3a.5.5 0 0 0-.708-.708L8.5 14.293V5.5a.5.5 0 0 0-1 0v8.793l-2.146-2.147a.5.5 0 0 0-.708.708l3 3z\"><\/path> <\/svg><\/span><span class=\"gb-headline-text\"><strong>Emplois dans le domaine de l'am\u00e9nagement du territoire<\/strong><\/span><\/h4>\n\n\n\n<p>Un seul fournisseur pour tous les produits dont vous avez besoin en mati\u00e8re de talents technologiques.<\/p>\n\n<\/div><\/div>\n\n<div class=\"gb-grid-column gb-grid-column-69fe2156\"><div class=\"gb-container gb-container-69fe2156\">\n\n<h4 class=\"gb-headline gb-headline-1887caaf\"><span class=\"gb-icon\"><svg viewbox=\"0 0 16 16\" class=\"bi bi-cpu\" height=\"16\" width=\"16\" xmlns=\"http:\/\/www.w3.org\/2000\/svg\">   <path d=\"M5 0a.5.5 0 0 1 .5.5V2h1V.5a.5.5 0 0 1 1 0V2h1V.5a.5.5 0 0 1 1 0V2h1V.5a.5.5 0 0 1 1 0V2A2.5 2.5 0 0 1 14 4.5h1.5a.5.5 0 0 1 0 1H14v1h1.5a.5.5 0 0 1 0 1H14v1h1.5a.5.5 0 0 1 0 1H14v1h1.5a.5.5 0 0 1 0 1H14a2.5 2.5 0 0 1-2.5 2.5v1.5a.5.5 0 0 1-1 0V14h-1v1.5a.5.5 0 0 1-1 0V14h-1v1.5a.5.5 0 0 1-1 0V14h-1v1.5a.5.5 0 0 1-1 0V14A2.5 2.5 0 0 1 2 11.5H.5a.5.5 0 0 1 0-1H2v-1H.5a.5.5 0 0 1 0-1H2v-1H.5a.5.5 0 0 1 0-1H2v-1H.5a.5.5 0 0 1 0-1H2A2.5 2.5 0 0 1 4.5 2V.5A.5.5 0 0 1 5 0zm-.5 3A1.5 1.5 0 0 0 3 4.5v7A1.5 1.5 0 0 0 4.5 13h7a1.5 1.5 0 0 0 1.5-1.5v-7A1.5 1.5 0 0 0 11.5 3h-7zM5 6.5A1.5 1.5 0 0 1 6.5 5h3A1.5 1.5 0 0 1 11 6.5v3A1.5 1.5 0 0 1 9.5 11h-3A1.5 1.5 0 0 1 5 9.5v-3zM6.5 6a.5.5 0 0 0-.5.5v3a.5.5 0 0 0 .5.5h3a.5.5 0 0 0 .5-.5v-3a.5.5 0 0 0-.5-.5h-3z\"><\/path> <\/svg><\/span><span class=\"gb-headline-text\"><strong>Image de marque de l'employeur<\/strong><\/span><\/h4>\n\n\n\n<p>Renforcez la notori\u00e9t\u00e9 de votre marque aupr\u00e8s de vos segments de talents cibles, montrez vos atouts en tant qu'employeur, augmentez la qualit\u00e9 et la quantit\u00e9 des candidats.<\/p>\n\n<\/div><\/div>\n\n<div class=\"gb-grid-column gb-grid-column-0e0f4ab4\"><div class=\"gb-container gb-container-0e0f4ab4\">\n\n<h4 class=\"gb-headline gb-headline-de7ff87a\"><span class=\"gb-icon\"><svg viewbox=\"0 0 16 16\" class=\"bi bi-shield-lock\" height=\"16\" width=\"16\" xmlns=\"http:\/\/www.w3.org\/2000\/svg\">   <path d=\"M5.338 1.59a61.44 61.44 0 0 0-2.837.856.481.481 0 0 0-.328.39c-.554 4.157.726 7.19 2.253 9.188a10.725 10.725 0 0 0 2.287 2.233c.346.244.652.42.893.533.12.057.218.095.293.118a.55.55 0 0 0 .101.025.615.615 0 0 0 .1-.025c.076-.023.174-.061.294-.118.24-.113.547-.29.893-.533a10.726 10.726 0 0 0 2.287-2.233c1.527-1.997 2.807-5.031 2.253-9.188a.48.48 0 0 0-.328-.39c-.651-.213-1.75-.56-2.837-.855C9.552 1.29 8.531 1.067 8 1.067c-.53 0-1.552.223-2.662.524zM5.072.56C6.157.265 7.31 0 8 0s1.843.265 2.928.56c1.11.3 2.229.655 2.887.87a1.54 1.54 0 0 1 1.044 1.262c.596 4.477-.787 7.795-2.465 9.99a11.775 11.775 0 0 1-2.517 2.453 7.159 7.159 0 0 1-1.048.625c-.28.132-.581.24-.829.24s-.548-.108-.829-.24a7.158 7.158 0 0 1-1.048-.625 11.777 11.777 0 0 1-2.517-2.453C1.928 10.487.545 7.169 1.141 2.692A1.54 1.54 0 0 1 2.185 1.43 62.456 62.456 0 0 1 5.072.56z\"><\/path>   <path d=\"M9.5 6.5a1.5 1.5 0 0 1-1 1.415l.385 1.99a.5.5 0 0 1-.491.595h-.788a.5.5 0 0 1-.49-.595l.384-1.99a1.5 1.5 0 1 1 2-1.415z\"><\/path> <\/svg><\/span><span class=\"gb-headline-text\"><strong>Plate-forme de recrutement<\/strong><\/span><\/h4>\n\n\n\n<p>Sourcez directement \u00e0 partir de notre base d'utilisateurs de plus de 250 000 personnes, g\u00e9rez des professionnels de la technologie pr\u00e9-v\u00e9rifi\u00e9s et int\u00e9grez-les \u00e0 votre syst\u00e8me de gestion des ressources humaines (ATS). De Junior Dev \u00e0 CTO, de quelques personnes \u00e0 des centaines d'embauches.<\/p>\n\n<\/div><\/div>\n<\/div>\n<\/div>\n<\/div>\n\n<div class=\"gb-container gb-container-5d9e4e5e\">\n\n<div class=\"wp-block-columns is-layout-flex wp-container-core-columns-layout-3 wp-block-columns-is-layout-flex\">\n<div class=\"wp-block-column is-layout-flow wp-block-column-is-layout-flow\">\n<h3 class=\"gb-headline gb-headline-8cb45011 gb-headline-text\"><strong>Vous avez le pouvoir d'orienter votre carri\u00e8re comme vous le souhaitez, d'am\u00e9liorer votre vie et d'atteindre l'avenir que vous m\u00e9ritez.<br>Nous sommes l\u00e0 pour vous aider \u00e0 y parvenir.<\/strong><\/h3>\n\n\n\n<h2 class=\"gb-headline gb-headline-26119011 gb-headline-text\"><strong>Nous vous soutenons.<\/strong><\/h2>\n<\/div>\n<\/div>\n\n<\/div>\n\n<div class=\"gb-container gb-container-069b3014\">\n<div class=\"gb-container gb-container-f5ff9121\">\n<div class=\"gb-container gb-container-986da397\">\n\n<div class=\"wp-block-columns is-layout-flex wp-container-core-columns-layout-4 wp-block-columns-is-layout-flex\">\n<div class=\"wp-block-column is-layout-flow wp-block-column-is-layout-flow\">\n<h2 class=\"gb-headline gb-headline-e42e201c gb-headline-text\"><strong>Ressources<\/strong><\/h2>\n\n\n\n<p>T\u00e9l\u00e9chargez des livres \u00e9lectroniques et des rapports sur le march\u00e9 des carri\u00e8res dans la technologie, avec des informations sur les salaires, les avantages, le travail transfrontalier, etc.<\/p>\n\n\n\n<a class=\"gb-button gb-button-bd9a28e3 gb-button-text\" href=\"https:\/\/esisoc.com\/fr\/ressources\/\" target=\"_blank\" rel=\"noopener noreferrer\">EXPLOREZ<\/a>\n<\/div>\n\n\n\n<div class=\"wp-block-column is-layout-flow wp-block-column-is-layout-flow\">\n<figure class=\"wp-block-image size-full\"><img loading=\"lazy\" decoding=\"async\" width=\"839\" height=\"514\" src=\"https:\/\/esisoc.com\/wp-content\/uploads\/2024\/02\/0f5d32757e0948ba810abc3d2bf83f79.webp\" alt=\"Cr\u00e9ation d&#039;un module d&#039;analyse pr\u00e9dictive pour une plateforme de commerce \u00e9lectronique\" class=\"wp-image-2894\" srcset=\"https:\/\/esisoc.com\/wp-content\/uploads\/2024\/02\/0f5d32757e0948ba810abc3d2bf83f79.webp 839w, https:\/\/esisoc.com\/wp-content\/uploads\/2024\/02\/0f5d32757e0948ba810abc3d2bf83f79-300x184.webp 300w, https:\/\/esisoc.com\/wp-content\/uploads\/2024\/02\/0f5d32757e0948ba810abc3d2bf83f79-768x471.webp 768w, https:\/\/esisoc.com\/wp-content\/uploads\/2024\/02\/0f5d32757e0948ba810abc3d2bf83f79-600x368.webp 600w\" sizes=\"(max-width: 839px) 100vw, 839px\" \/><figcaption class=\"wp-element-caption\">Cr\u00e9ation d'un module d'analyse pr\u00e9dictive pour une plateforme de commerce \u00e9lectronique<\/figcaption><\/figure>\n<\/div>\n<\/div>\n\n<\/div>\n\n<div class=\"gb-container gb-container-c976a91a\">\n\n<div class=\"wp-block-columns is-layout-flex wp-container-core-columns-layout-5 wp-block-columns-is-layout-flex\">\n<div class=\"wp-block-column is-layout-flow wp-block-column-is-layout-flow\"><\/div>\n<\/div>\n\n\n\n<div class=\"wp-block-columns is-layout-flex wp-container-core-columns-layout-6 wp-block-columns-is-layout-flex\">\n<div class=\"wp-block-column is-layout-flow wp-block-column-is-layout-flow\">\n<figure class=\"wp-block-image size-full\"><img loading=\"lazy\" decoding=\"async\" width=\"839\" height=\"514\" src=\"https:\/\/esisoc.com\/wp-content\/uploads\/2024\/02\/0f5d32757e0948ba810abc3d2bf83f79.webp\" alt=\"Cr\u00e9ation d&#039;un module d&#039;analyse pr\u00e9dictive pour une plateforme de commerce \u00e9lectronique\" class=\"wp-image-2894\" srcset=\"https:\/\/esisoc.com\/wp-content\/uploads\/2024\/02\/0f5d32757e0948ba810abc3d2bf83f79.webp 839w, https:\/\/esisoc.com\/wp-content\/uploads\/2024\/02\/0f5d32757e0948ba810abc3d2bf83f79-300x184.webp 300w, https:\/\/esisoc.com\/wp-content\/uploads\/2024\/02\/0f5d32757e0948ba810abc3d2bf83f79-768x471.webp 768w, https:\/\/esisoc.com\/wp-content\/uploads\/2024\/02\/0f5d32757e0948ba810abc3d2bf83f79-600x368.webp 600w\" sizes=\"(max-width: 839px) 100vw, 839px\" \/><figcaption class=\"wp-element-caption\">Cr\u00e9ation d'un module d'analyse pr\u00e9dictive pour une plateforme de commerce \u00e9lectronique<\/figcaption><\/figure>\n<\/div>\n\n\n\n<div class=\"wp-block-column is-layout-flow wp-block-column-is-layout-flow\">\n<h2 class=\"gb-headline gb-headline-afa7accc gb-headline-text\"><strong>Ev\u00e9nements<\/strong><\/h2>\n\n\n\n<p>Participez \u00e0 des \u00e9v\u00e9nements exclusifs sur la formation, les tendances et les carri\u00e8res dans le domaine de la technologie, anim\u00e9s par des conf\u00e9renciers et des entreprises de renom.<\/p>\n\n\n\n<a class=\"gb-button gb-button-e05c4086 gb-button-text\" href=\"https:\/\/esisoc.com\/fr\/evenements-conferences\/\" target=\"_blank\" rel=\"noopener noreferrer\">EXPLOREZ<\/a>\n<\/div>\n<\/div>\n\n<\/div>\n\n<div class=\"gb-container gb-container-99756f6c\">\n\n<div class=\"wp-block-columns is-layout-flex wp-container-core-columns-layout-7 wp-block-columns-is-layout-flex\">\n<div class=\"wp-block-column is-layout-flow wp-block-column-is-layout-flow\">\n<h2 class=\"gb-headline gb-headline-d83942e9 gb-headline-text\"><strong>Blog<\/strong><\/h2>\n\n\n\n<p>Lisez les derni\u00e8res nouvelles sur la technologie, les carri\u00e8res et d'autres sujets pertinents sur notre blog communautaire.<\/p>\n\n\n\n<a class=\"gb-button gb-button-520ce67c gb-button-text\" href=\"https:\/\/esisoc.com\/fr\/blog\/\" target=\"_blank\" rel=\"noopener noreferrer\">EXPLOREZ<\/a>\n<\/div>\n\n\n\n<div class=\"wp-block-column is-layout-flow wp-block-column-is-layout-flow\">\n<figure class=\"wp-block-image size-full\"><img loading=\"lazy\" decoding=\"async\" width=\"839\" height=\"514\" src=\"https:\/\/esisoc.com\/wp-content\/uploads\/2024\/02\/0f5d32757e0948ba810abc3d2bf83f79.webp\" alt=\"Cr\u00e9ation d&#039;un module d&#039;analyse pr\u00e9dictive pour une plateforme de commerce \u00e9lectronique\" class=\"wp-image-2894\" srcset=\"https:\/\/esisoc.com\/wp-content\/uploads\/2024\/02\/0f5d32757e0948ba810abc3d2bf83f79.webp 839w, https:\/\/esisoc.com\/wp-content\/uploads\/2024\/02\/0f5d32757e0948ba810abc3d2bf83f79-300x184.webp 300w, https:\/\/esisoc.com\/wp-content\/uploads\/2024\/02\/0f5d32757e0948ba810abc3d2bf83f79-768x471.webp 768w, https:\/\/esisoc.com\/wp-content\/uploads\/2024\/02\/0f5d32757e0948ba810abc3d2bf83f79-600x368.webp 600w\" sizes=\"(max-width: 839px) 100vw, 839px\" \/><figcaption class=\"wp-element-caption\">Cr\u00e9ation d'un module d'analyse pr\u00e9dictive pour une plateforme de commerce \u00e9lectronique<\/figcaption><\/figure>\n<\/div>\n<\/div>\n\n<\/div>\n<\/div>\n<\/div>\n\n<div class=\"gb-container gb-container-6fff4a51\"><\/div>","protected":false},"excerpt":{"rendered":"<p>Quelle est la prochaine \u00e9tape de votre carri\u00e8re ? Faites partie d'une communaut\u00e9 mondiale Nous avons aid\u00e9 plus de 4 500 professionnels de la technologie du monde entier \u00e0 changer leur vie. Vous pouvez \u00eatre le prochain Votre carri\u00e8re est notre mission Vous savez quelle est la prochaine \u00e9tape que vous voulez franchir. Nous sommes l\u00e0 pour vous aider \u00e0 y parvenir. ... Lire plus <a title=\"Pour les talents\" class=\"read-more\" href=\"https:\/\/esisoc.com\/fr\/pour-les-talents\/\" aria-label=\"Read more about For Talents\">Lire plus<\/a><\/p>","protected":false},"author":2,"featured_media":0,"parent":0,"menu_order":0,"comment_status":"closed","ping_status":"closed","template":"","meta":{"footnotes":""},"yoast_head":"<!-- This site is optimized with the Yoast SEO Premium plugin v21.9 (Yoast SEO v21.9.1) - https:\/\/yoast.com\/wordpress\/plugins\/seo\/ -->\n<title>For Talents - ESISOC | ESSID Solutions<\/title>\n<meta name=\"robots\" content=\"index, follow, max-snippet:-1, max-image-preview:large, max-video-preview:-1\" \/>\n<link rel=\"canonical\" href=\"https:\/\/esisoc.com\/fr\/pour-les-talents\/\" \/>\n<meta property=\"og:locale\" content=\"fr_FR\" \/>\n<meta property=\"og:type\" content=\"article\" \/>\n<meta property=\"og:title\" content=\"For Talents\" \/>\n<meta property=\"og:description\" content=\"What\u2019s the next step in your career? Be part of a global community We\u2019ve helped than 4.500 tech professionals from all over the world change their lives. You can be the next one Your career is our mission You know the next step you want to take. We are here to help you get there. ... Lire plus\" \/>\n<meta property=\"og:url\" content=\"https:\/\/esisoc.com\/fr\/pour-les-talents\/\" \/>\n<meta property=\"og:site_name\" content=\"ESISOC | ESSID Solutions\" \/>\n<meta property=\"article:modified_time\" content=\"2024-02-21T17:37:08+00:00\" \/>\n<meta property=\"og:image\" content=\"https:\/\/esisoc.com\/wp-content\/uploads\/2024\/02\/0f5d32757e0948ba810abc3d2bf83f79.webp\" \/>\n<meta name=\"twitter:card\" content=\"summary_large_image\" \/>\n<meta name=\"twitter:label1\" content=\"Dur\u00e9e de lecture estim\u00e9e\" \/>\n\t<meta name=\"twitter:data1\" content=\"2 minutes\" \/>\n<script type=\"application\/ld+json\" class=\"yoast-schema-graph\">{\"@context\":\"https:\/\/schema.org\",\"@graph\":[{\"@type\":\"WebPage\",\"@id\":\"https:\/\/esisoc.com\/for-talents\/\",\"url\":\"https:\/\/esisoc.com\/for-talents\/\",\"name\":\"For Talents - ESISOC | ESSID Solutions\",\"isPartOf\":{\"@id\":\"https:\/\/esisoc.com\/#website\"},\"datePublished\":\"2024-02-21T12:46:26+00:00\",\"dateModified\":\"2024-02-21T17:37:08+00:00\",\"breadcrumb\":{\"@id\":\"https:\/\/esisoc.com\/for-talents\/#breadcrumb\"},\"inLanguage\":\"fr-FR\",\"potentialAction\":[{\"@type\":\"ReadAction\",\"target\":[\"https:\/\/esisoc.com\/for-talents\/\"]}]},{\"@type\":\"BreadcrumbList\",\"@id\":\"https:\/\/esisoc.com\/for-talents\/#breadcrumb\",\"itemListElement\":[{\"@type\":\"ListItem\",\"position\":1,\"name\":\"Home\",\"item\":\"https:\/\/esisoc.com\/\"},{\"@type\":\"ListItem\",\"position\":2,\"name\":\"For Talents\"}]},{\"@type\":\"WebSite\",\"@id\":\"https:\/\/esisoc.com\/#website\",\"url\":\"https:\/\/esisoc.com\/\",\"name\":\"ESISOC | ESSID Solutions\",\"description\":\"Data Science Consulting and AI | Online Books, Videos, Courses and more\",\"publisher\":{\"@id\":\"https:\/\/esisoc.com\/#organization\"},\"potentialAction\":[{\"@type\":\"SearchAction\",\"target\":{\"@type\":\"EntryPoint\",\"urlTemplate\":\"https:\/\/esisoc.com\/?s={search_term_string}\"},\"query-input\":\"required name=search_term_string\"}],\"inLanguage\":\"fr-FR\"},{\"@type\":\"Organization\",\"@id\":\"https:\/\/esisoc.com\/#organization\",\"name\":\"ESISOC | ESSID Solutions\",\"url\":\"https:\/\/esisoc.com\/\",\"logo\":{\"@type\":\"ImageObject\",\"inLanguage\":\"fr-FR\",\"@id\":\"https:\/\/esisoc.com\/#\/schema\/logo\/image\/\",\"url\":\"https:\/\/esisoc.com\/wp-content\/uploads\/2024\/02\/logo-esisoc.png\",\"contentUrl\":\"https:\/\/esisoc.com\/wp-content\/uploads\/2024\/02\/logo-esisoc.png\",\"width\":350,\"height\":63,\"caption\":\"ESISOC | ESSID Solutions\"},\"image\":{\"@id\":\"https:\/\/esisoc.com\/#\/schema\/logo\/image\/\"}}]}<\/script>\n<!-- \/ Yoast SEO Premium plugin. -->","yoast_head_json":{"title":"For Talents - ESISOC | ESSID Solutions","robots":{"index":"index","follow":"follow","max-snippet":"max-snippet:-1","max-image-preview":"max-image-preview:large","max-video-preview":"max-video-preview:-1"},"canonical":"https:\/\/esisoc.com\/fr\/pour-les-talents\/","og_locale":"fr_FR","og_type":"article","og_title":"For Talents","og_description":"What\u2019s the next step in your career? Be part of a global community We\u2019ve helped than 4.500 tech professionals from all over the world change their lives. You can be the next one Your career is our mission You know the next step you want to take. We are here to help you get there. ... Lire plus","og_url":"https:\/\/esisoc.com\/fr\/pour-les-talents\/","og_site_name":"ESISOC | ESSID Solutions","article_modified_time":"2024-02-21T17:37:08+00:00","og_image":[{"url":"https:\/\/esisoc.com\/wp-content\/uploads\/2024\/02\/0f5d32757e0948ba810abc3d2bf83f79.webp"}],"twitter_card":"summary_large_image","twitter_misc":{"Dur\u00e9e de lecture estim\u00e9e":"2 minutes"},"schema":{"@context":"https:\/\/schema.org","@graph":[{"@type":"WebPage","@id":"https:\/\/esisoc.com\/for-talents\/","url":"https:\/\/esisoc.com\/for-talents\/","name":"For Talents - ESISOC | ESSID Solutions","isPartOf":{"@id":"https:\/\/esisoc.com\/#website"},"datePublished":"2024-02-21T12:46:26+00:00","dateModified":"2024-02-21T17:37:08+00:00","breadcrumb":{"@id":"https:\/\/esisoc.com\/for-talents\/#breadcrumb"},"inLanguage":"fr-FR","potentialAction":[{"@type":"ReadAction","target":["https:\/\/esisoc.com\/for-talents\/"]}]},{"@type":"BreadcrumbList","@id":"https:\/\/esisoc.com\/for-talents\/#breadcrumb","itemListElement":[{"@type":"ListItem","position":1,"name":"Home","item":"https:\/\/esisoc.com\/"},{"@type":"ListItem","position":2,"name":"For Talents"}]},{"@type":"WebSite","@id":"https:\/\/esisoc.com\/#website","url":"https:\/\/esisoc.com\/","name":"ESISOC | ESSID Solutions","description":"Data Science Consulting and AI | Online Books, Videos, Courses and more","publisher":{"@id":"https:\/\/esisoc.com\/#organization"},"potentialAction":[{"@type":"SearchAction","target":{"@type":"EntryPoint","urlTemplate":"https:\/\/esisoc.com\/?s={search_term_string}"},"query-input":"required name=search_term_string"}],"inLanguage":"fr-FR"},{"@type":"Organization","@id":"https:\/\/esisoc.com\/#organization","name":"ESISOC | ESSID Solutions","url":"https:\/\/esisoc.com\/","logo":{"@type":"ImageObject","inLanguage":"fr-FR","@id":"https:\/\/esisoc.com\/#\/schema\/logo\/image\/","url":"https:\/\/esisoc.com\/wp-content\/uploads\/2024\/02\/logo-esisoc.png","contentUrl":"https:\/\/esisoc.com\/wp-content\/uploads\/2024\/02\/logo-esisoc.png","width":350,"height":63,"caption":"ESISOC | ESSID Solutions"},"image":{"@id":"https:\/\/esisoc.com\/#\/schema\/logo\/image\/"}}]}},"_links":{"self":[{"href":"https:\/\/esisoc.com\/fr\/wp-json\/wp\/v2\/pages\/3207"}],"collection":[{"href":"https:\/\/esisoc.com\/fr\/wp-json\/wp\/v2\/pages"}],"about":[{"href":"https:\/\/esisoc.com\/fr\/wp-json\/wp\/v2\/types\/page"}],"author":[{"embeddable":true,"href":"https:\/\/esisoc.com\/fr\/wp-json\/wp\/v2\/users\/2"}],"replies":[{"embeddable":true,"href":"https:\/\/esisoc.com\/fr\/wp-json\/wp\/v2\/comments?post=3207"}],"version-history":[{"count":2,"href":"https:\/\/esisoc.com\/fr\/wp-json\/wp\/v2\/pages\/3207\/revisions"}],"predecessor-version":[{"id":3289,"href":"https:\/\/esisoc.com\/fr\/wp-json\/wp\/v2\/pages\/3207\/revisions\/3289"}],"wp:attachment":[{"href":"https:\/\/esisoc.com\/fr\/wp-json\/wp\/v2\/media?parent=3207"}],"curies":[{"name":"wp","href":"https:\/\/api.w.org\/{rel}","templated":true}]}}