{"id":3210,"date":"2024-02-21T12:46:53","date_gmt":"2024-02-21T12:46:53","guid":{"rendered":"https:\/\/esisoc.com\/?page_id=3210"},"modified":"2024-02-22T17:07:34","modified_gmt":"2024-02-22T17:07:34","slug":"for-employers","status":"publish","type":"page","link":"https:\/\/esisoc.com\/fr\/pour-les-employeurs\/","title":{"rendered":"Pour les employeurs"},"content":{"rendered":"<div class=\"gb-container gb-container-56b4537c\">\n<div class=\"gb-container gb-container-c95b6af6 alignwide\">\n<div class=\"gb-container gb-container-5d860c6d\">\n\n<div class=\"wp-block-columns is-layout-flex wp-container-core-columns-layout-1 wp-block-columns-is-layout-flex\">\n<div class=\"wp-block-column is-layout-flow wp-block-column-is-layout-flow\">\n<h1 class=\"gb-headline gb-headline-e9d1ef15 gb-headline-text\"><strong>Votre partenaire mondial de confiance pour trouver, embaucher et r\u00e9mun\u00e9rer des talents technologiques<\/strong><\/h1>\n<\/div>\n\n\n\n<div class=\"wp-block-column is-layout-flow wp-block-column-is-layout-flow\">\n<a class=\"gb-button gb-button-4b314091 gb-button-text\" href=\"https:\/\/esisoc.com\/fr\/contact\/\" target=\"_blank\" rel=\"noopener noreferrer\">PARLONS-EN<\/a>\n<\/div>\n<\/div>\n\n<\/div>\n<\/div>\n<\/div>\n\n<div class=\"gb-container gb-container-1ac9b3ae alignwide\">\n\n<h2 class=\"gb-headline gb-headline-bdd306dc gb-headline-text\"><strong>Faire partie d'une communaut\u00e9 mondiale<\/strong><\/h2>\n\n\n\n<p>Nous avons aid\u00e9 plus de 4 500 professionnels de la technologie du monde entier \u00e0 changer leur vie.<\/p>\n\n\n\n<p>Vous pouvez \u00eatre le prochain<\/p>\n\n\n\n<a class=\"gb-button gb-button-7a66189b gb-button-text\" href=\"https:\/\/esisoc.com\/fr\/registre\/\" target=\"_blank\" rel=\"noopener noreferrer\">S'INSCRIRE MAINTENANT<\/a>\n\n<\/div>\n\n<div class=\"gb-container gb-container-09bf0a96\">\n\n<h2 class=\"gb-headline gb-headline-4bebe25b gb-headline-text\"><strong>Vos besoins en mati\u00e8re de recrutement dans le domaine de la technologie de A \u00e0 Z<\/strong><\/h2>\n\n<\/div>\n\n<div class=\"gb-container gb-container-60ad3251\">\n<div class=\"gb-grid-wrapper gb-grid-wrapper-330be022\">\n<div class=\"gb-grid-column gb-grid-column-00b9f36c\"><div class=\"gb-container gb-container-00b9f36c\">\n\n<h1 class=\"gb-headline gb-headline-4df61000 gb-headline-text\"><strong>Un seul fournisseur pour tous vos besoins<\/strong><\/h1>\n\n<\/div><\/div>\n\n<div class=\"gb-grid-column gb-grid-column-69fe2156\"><div class=\"gb-container gb-container-69fe2156\">\n\n<h4 class=\"gb-headline gb-headline-1887caaf gb-headline-text\"><strong>Image de marque de l'employeur<\/strong><\/h4>\n\n\n\n<p>Renforcez la notori\u00e9t\u00e9 de votre marque aupr\u00e8s de vos segments de talents cibles, montrez vos atouts en tant qu'employeur, augmentez la qualit\u00e9 et la quantit\u00e9 des candidats.<\/p>\n\n<\/div><\/div>\n\n<div class=\"gb-grid-column gb-grid-column-0e0f4ab4\"><div class=\"gb-container gb-container-0e0f4ab4\">\n\n<h4 class=\"gb-headline gb-headline-de7ff87a gb-headline-text\"><strong>Plate-forme de recrutement<\/strong><\/h4>\n\n\n\n<p>Sourcez directement \u00e0 partir de notre base d'utilisateurs de plus de 250 000 personnes, g\u00e9rez des professionnels de la technologie pr\u00e9-v\u00e9rifi\u00e9s et int\u00e9grez-les \u00e0 votre syst\u00e8me de gestion des ressources humaines (ATS). De Junior Dev \u00e0 CTO, de quelques personnes \u00e0 des centaines d'embauches.<\/p>\n\n<\/div><\/div>\n<\/div>\n<\/div>\n\n<div class=\"gb-container gb-container-9f1a0ae3\">\n<div class=\"gb-grid-wrapper gb-grid-wrapper-25245cd6\">\n<div class=\"gb-grid-column gb-grid-column-482b3248\"><div class=\"gb-container gb-container-482b3248\">\n\n<h4 class=\"gb-headline gb-headline-b73e516e gb-headline-text\"><strong>Int\u00e9gration de l'ATS<\/strong><\/h4>\n\n\n\n<p>Notre plateforme de recrutement s'int\u00e8gre de mani\u00e8re transparente \u00e0 plus de 50 ATS, afin de rationaliser votre processus d'embauche et de centraliser toutes les donn\u00e9es relatives aux candidats.<\/p>\n\n<\/div><\/div>\n\n<div class=\"gb-grid-column gb-grid-column-8cff70f6\"><div class=\"gb-container gb-container-8cff70f6\">\n\n<h4 class=\"gb-headline gb-headline-527a1d40 gb-headline-text\"><strong>Sourcing &amp; vetting<\/strong><\/h4>\n\n\n\n<p>Garantir un vivier constant de candidats de haut niveau dans le domaine de la technologie, pr\u00e9s\u00e9lectionn\u00e9s et adapt\u00e9s \u00e0 vos besoins sp\u00e9cifiques par notre \u00e9quipe de recrutement.<\/p>\n\n<\/div><\/div>\n\n<div class=\"gb-grid-column gb-grid-column-516c1bb7\"><div class=\"gb-container gb-container-516c1bb7\">\n\n<h4 class=\"gb-headline gb-headline-b6657e95 gb-headline-text\"><strong>Visa et relocalisation<\/strong><\/h4>\n\n\n\n<p>Adoptez la mondialisation du travail technologique et \u00e9vitez la p\u00e9nurie de talents en recrutant dans un vivier mondial, nous nous chargeons pour vous de tous les processus redoutables li\u00e9s \u00e0 l'obtention d'un visa.<\/p>\n\n<\/div><\/div>\n<\/div>\n<\/div>\n\n<div class=\"gb-container gb-container-80f693ce\">\n<div class=\"gb-grid-wrapper gb-grid-wrapper-c162c155\">\n<div class=\"gb-grid-column gb-grid-column-a3214469\"><div class=\"gb-container gb-container-a3214469\">\n\n<h4 class=\"gb-headline gb-headline-acb60a53 gb-headline-text\"><strong>RPO (externalisation des processus \u00e0 distance)<\/strong><\/h4>\n\n\n\n<p>Renforcez votre \u00e9quipe TR gr\u00e2ce \u00e0 nos recruteurs temporaires sp\u00e9cialis\u00e9s dans la technologie, qui ont une connaissance et une exp\u00e9rience locales. D'un RPO \u00e0 une \u00e9quipe de recrutement compl\u00e8te.<\/p>\n\n<\/div><\/div>\n\n<div class=\"gb-grid-column gb-grid-column-4b4fcfc3\"><div class=\"gb-container gb-container-4b4fcfc3\">\n\n<h4 class=\"gb-headline gb-headline-21ad853a gb-headline-text\"><strong>EOR (Employer of Record)<\/strong><\/h4>\n\n\n\n<p>Embauchez de grands talents technologiques dans des pays o\u00f9 vous n'avez pas d'entit\u00e9 juridique. Laissez-nous nous occuper de l'int\u00e9gration, de l'expatriation, de la paie et de toutes les exigences de conformit\u00e9.<\/p>\n\n<\/div><\/div>\n\n<div class=\"gb-grid-column gb-grid-column-23c41c72\"><div class=\"gb-container gb-container-23c41c72\">\n\n<h4 class=\"gb-headline gb-headline-36e81a06 gb-headline-text\"><strong>AOR (Agent d'enregistrement)<\/strong><\/h4>\n\n\n\n<p>Concentrez-vous sur votre c\u0153ur de m\u00e9tier et d\u00e9veloppez vos activit\u00e9s internationales en toute confiance en nous confiant la gestion de toutes les obligations salariales, juridiques et de conformit\u00e9 de votre \u00e9quipe de sous-traitants techniques.<\/p>\n\n<\/div><\/div>\n<\/div>\n<\/div>\n\n<div class=\"gb-container gb-container-5fbc3db0\">\n<div class=\"gb-grid-wrapper gb-grid-wrapper-76841fa5\">\n<div class=\"gb-grid-column gb-grid-column-2aa20a08\"><div class=\"gb-container gb-container-2aa20a08\">\n\n<h4 class=\"gb-headline gb-headline-3773ba34 gb-headline-text\"><strong>RPO (externalisation des processus \u00e0 distance)<\/strong><\/h4>\n\n\n\n<p>Renforcez votre \u00e9quipe TR gr\u00e2ce \u00e0 nos recruteurs temporaires sp\u00e9cialis\u00e9s dans la technologie, qui ont une connaissance et une exp\u00e9rience locales. D'un RPO \u00e0 une \u00e9quipe de recrutement compl\u00e8te.<\/p>\n\n<\/div><\/div>\n\n<div class=\"gb-grid-column gb-grid-column-8ca4a7a8\"><div class=\"gb-container gb-container-8ca4a7a8\">\n\n<h4 class=\"gb-headline gb-headline-b5c35a3e gb-headline-text\"><strong>EOR (Employer of Record)<\/strong><\/h4>\n\n\n\n<p>Embauchez de grands talents technologiques dans des pays o\u00f9 vous n'avez pas d'entit\u00e9 juridique. Laissez-nous nous occuper de l'int\u00e9gration, de l'expatriation, de la paie et de toutes les exigences de conformit\u00e9.<\/p>\n\n<\/div><\/div>\n\n<div class=\"gb-grid-column gb-grid-column-168670df\"><div class=\"gb-container gb-container-168670df\">\n\n<h4 class=\"gb-headline gb-headline-b8587f22 gb-headline-text\"><strong>AOR (Agent d'enregistrement)<\/strong><\/h4>\n\n\n\n<p>Concentrez-vous sur votre c\u0153ur de m\u00e9tier et d\u00e9veloppez vos activit\u00e9s internationales en toute confiance en nous confiant la gestion de toutes les obligations salariales, juridiques et de conformit\u00e9 de votre \u00e9quipe de sous-traitants techniques.<\/p>\n\n<\/div><\/div>\n<\/div>\n<\/div>","protected":false},"excerpt":{"rendered":"<p>Votre partenaire mondial de confiance pour trouver, embaucher et r\u00e9mun\u00e9rer des talents technologiques Faites partie d'une communaut\u00e9 mondiale Nous avons aid\u00e9 plus de 4 500 professionnels de la technologie du monde entier \u00e0 changer leur vie. Vous pouvez \u00eatre le prochain Vos besoins en recrutement de A \u00e0 Z<\/p>","protected":false},"author":2,"featured_media":0,"parent":0,"menu_order":0,"comment_status":"closed","ping_status":"closed","template":"","meta":{"footnotes":""},"yoast_head":"<!-- This site is optimized with the Yoast SEO Premium plugin v21.9 (Yoast SEO v21.9.1) - https:\/\/yoast.com\/wordpress\/plugins\/seo\/ -->\n<title>For Employers - ESISOC | ESSID Solutions<\/title>\n<meta name=\"robots\" content=\"index, follow, max-snippet:-1, max-image-preview:large, max-video-preview:-1\" \/>\n<link rel=\"canonical\" href=\"https:\/\/esisoc.com\/fr\/pour-les-employeurs\/\" \/>\n<meta property=\"og:locale\" content=\"fr_FR\" \/>\n<meta property=\"og:type\" content=\"article\" \/>\n<meta property=\"og:title\" content=\"For Employers\" \/>\n<meta property=\"og:description\" content=\"Your trusted global partner to find, hire and pay tech talent Be part of a global community We\u2019ve helped than 4.500 tech professionals from all over the world change their lives. You can be the next one Your tech recruitment needs from A to Z\" \/>\n<meta property=\"og:url\" content=\"https:\/\/esisoc.com\/fr\/pour-les-employeurs\/\" \/>\n<meta property=\"og:site_name\" content=\"ESISOC | ESSID Solutions\" \/>\n<meta property=\"article:modified_time\" content=\"2024-02-22T17:07:34+00:00\" \/>\n<meta name=\"twitter:card\" content=\"summary_large_image\" \/>\n<meta name=\"twitter:label1\" content=\"Dur\u00e9e de lecture estim\u00e9e\" \/>\n\t<meta name=\"twitter:data1\" content=\"2 minutes\" \/>\n<script type=\"application\/ld+json\" class=\"yoast-schema-graph\">{\"@context\":\"https:\/\/schema.org\",\"@graph\":[{\"@type\":\"WebPage\",\"@id\":\"https:\/\/esisoc.com\/for-employers\/\",\"url\":\"https:\/\/esisoc.com\/for-employers\/\",\"name\":\"For Employers - ESISOC | ESSID Solutions\",\"isPartOf\":{\"@id\":\"https:\/\/esisoc.com\/#website\"},\"datePublished\":\"2024-02-21T12:46:53+00:00\",\"dateModified\":\"2024-02-22T17:07:34+00:00\",\"breadcrumb\":{\"@id\":\"https:\/\/esisoc.com\/for-employers\/#breadcrumb\"},\"inLanguage\":\"fr-FR\",\"potentialAction\":[{\"@type\":\"ReadAction\",\"target\":[\"https:\/\/esisoc.com\/for-employers\/\"]}]},{\"@type\":\"BreadcrumbList\",\"@id\":\"https:\/\/esisoc.com\/for-employers\/#breadcrumb\",\"itemListElement\":[{\"@type\":\"ListItem\",\"position\":1,\"name\":\"Home\",\"item\":\"https:\/\/esisoc.com\/\"},{\"@type\":\"ListItem\",\"position\":2,\"name\":\"For Employers\"}]},{\"@type\":\"WebSite\",\"@id\":\"https:\/\/esisoc.com\/#website\",\"url\":\"https:\/\/esisoc.com\/\",\"name\":\"ESISOC | ESSID Solutions\",\"description\":\"Data Science Consulting and AI | Online Books, Videos, Courses and more\",\"publisher\":{\"@id\":\"https:\/\/esisoc.com\/#organization\"},\"potentialAction\":[{\"@type\":\"SearchAction\",\"target\":{\"@type\":\"EntryPoint\",\"urlTemplate\":\"https:\/\/esisoc.com\/?s={search_term_string}\"},\"query-input\":\"required name=search_term_string\"}],\"inLanguage\":\"fr-FR\"},{\"@type\":\"Organization\",\"@id\":\"https:\/\/esisoc.com\/#organization\",\"name\":\"ESISOC | ESSID Solutions\",\"url\":\"https:\/\/esisoc.com\/\",\"logo\":{\"@type\":\"ImageObject\",\"inLanguage\":\"fr-FR\",\"@id\":\"https:\/\/esisoc.com\/#\/schema\/logo\/image\/\",\"url\":\"https:\/\/esisoc.com\/wp-content\/uploads\/2024\/02\/logo-esisoc.png\",\"contentUrl\":\"https:\/\/esisoc.com\/wp-content\/uploads\/2024\/02\/logo-esisoc.png\",\"width\":350,\"height\":63,\"caption\":\"ESISOC | ESSID Solutions\"},\"image\":{\"@id\":\"https:\/\/esisoc.com\/#\/schema\/logo\/image\/\"}}]}<\/script>\n<!-- \/ Yoast SEO Premium plugin. -->","yoast_head_json":{"title":"For Employers - ESISOC | ESSID Solutions","robots":{"index":"index","follow":"follow","max-snippet":"max-snippet:-1","max-image-preview":"max-image-preview:large","max-video-preview":"max-video-preview:-1"},"canonical":"https:\/\/esisoc.com\/fr\/pour-les-employeurs\/","og_locale":"fr_FR","og_type":"article","og_title":"For Employers","og_description":"Your trusted global partner to find, hire and pay tech talent Be part of a global community We\u2019ve helped than 4.500 tech professionals from all over the world change their lives. You can be the next one Your tech recruitment needs from A to Z","og_url":"https:\/\/esisoc.com\/fr\/pour-les-employeurs\/","og_site_name":"ESISOC | ESSID Solutions","article_modified_time":"2024-02-22T17:07:34+00:00","twitter_card":"summary_large_image","twitter_misc":{"Dur\u00e9e de lecture estim\u00e9e":"2 minutes"},"schema":{"@context":"https:\/\/schema.org","@graph":[{"@type":"WebPage","@id":"https:\/\/esisoc.com\/for-employers\/","url":"https:\/\/esisoc.com\/for-employers\/","name":"For Employers - ESISOC | ESSID Solutions","isPartOf":{"@id":"https:\/\/esisoc.com\/#website"},"datePublished":"2024-02-21T12:46:53+00:00","dateModified":"2024-02-22T17:07:34+00:00","breadcrumb":{"@id":"https:\/\/esisoc.com\/for-employers\/#breadcrumb"},"inLanguage":"fr-FR","potentialAction":[{"@type":"ReadAction","target":["https:\/\/esisoc.com\/for-employers\/"]}]},{"@type":"BreadcrumbList","@id":"https:\/\/esisoc.com\/for-employers\/#breadcrumb","itemListElement":[{"@type":"ListItem","position":1,"name":"Home","item":"https:\/\/esisoc.com\/"},{"@type":"ListItem","position":2,"name":"For Employers"}]},{"@type":"WebSite","@id":"https:\/\/esisoc.com\/#website","url":"https:\/\/esisoc.com\/","name":"ESISOC | ESSID Solutions","description":"Data Science Consulting and AI | Online Books, Videos, Courses and more","publisher":{"@id":"https:\/\/esisoc.com\/#organization"},"potentialAction":[{"@type":"SearchAction","target":{"@type":"EntryPoint","urlTemplate":"https:\/\/esisoc.com\/?s={search_term_string}"},"query-input":"required name=search_term_string"}],"inLanguage":"fr-FR"},{"@type":"Organization","@id":"https:\/\/esisoc.com\/#organization","name":"ESISOC | ESSID Solutions","url":"https:\/\/esisoc.com\/","logo":{"@type":"ImageObject","inLanguage":"fr-FR","@id":"https:\/\/esisoc.com\/#\/schema\/logo\/image\/","url":"https:\/\/esisoc.com\/wp-content\/uploads\/2024\/02\/logo-esisoc.png","contentUrl":"https:\/\/esisoc.com\/wp-content\/uploads\/2024\/02\/logo-esisoc.png","width":350,"height":63,"caption":"ESISOC | ESSID Solutions"},"image":{"@id":"https:\/\/esisoc.com\/#\/schema\/logo\/image\/"}}]}},"_links":{"self":[{"href":"https:\/\/esisoc.com\/fr\/wp-json\/wp\/v2\/pages\/3210"}],"collection":[{"href":"https:\/\/esisoc.com\/fr\/wp-json\/wp\/v2\/pages"}],"about":[{"href":"https:\/\/esisoc.com\/fr\/wp-json\/wp\/v2\/types\/page"}],"author":[{"embeddable":true,"href":"https:\/\/esisoc.com\/fr\/wp-json\/wp\/v2\/users\/2"}],"replies":[{"embeddable":true,"href":"https:\/\/esisoc.com\/fr\/wp-json\/wp\/v2\/comments?post=3210"}],"version-history":[{"count":8,"href":"https:\/\/esisoc.com\/fr\/wp-json\/wp\/v2\/pages\/3210\/revisions"}],"predecessor-version":[{"id":3359,"href":"https:\/\/esisoc.com\/fr\/wp-json\/wp\/v2\/pages\/3210\/revisions\/3359"}],"wp:attachment":[{"href":"https:\/\/esisoc.com\/fr\/wp-json\/wp\/v2\/media?parent=3210"}],"curies":[{"name":"wp","href":"https:\/\/api.w.org\/{rel}","templated":true}]}}