{"id":659,"date":"2021-04-20T20:09:02","date_gmt":"2021-04-20T20:09:02","guid":{"rendered":"https:\/\/gpsites.co\/cloud\/?page_id=659"},"modified":"2024-02-23T14:50:03","modified_gmt":"2024-02-23T14:50:03","slug":"about","status":"publish","type":"page","link":"https:\/\/esisoc.com\/fr\/a-propos-de\/","title":{"rendered":"A propos de"},"content":{"rendered":"<div class=\"gb-container gb-container-134f4244\">\n<div class=\"gb-container gb-container-f997d5fe\">\n<div class=\"gb-container gb-container-9bf944cc\">\n\n<h2 class=\"gb-headline gb-headline-ab82fada gb-headline-text\">\u00c0 propos de l'ESISOC : fa\u00e7onner l'avenir de l'excellence num\u00e9rique<\/h2>\n\n\n\n<p>Au c\u0153ur d'ESSID Solutions se trouve une passion pour la red\u00e9finition des fronti\u00e8res du monde num\u00e9rique. N\u00e9s d'une vision visant \u00e0 exploiter le pouvoir de transformation de la technologie, nous nous sommes d\u00e9velopp\u00e9s pour devenir un phare de l'innovation et de l'expertise.<\/p>\n\n\n\n<p>Notre \u00e9quipe multidisciplinaire se nourrit de d\u00e9fis, transformant des probl\u00e8mes complexes en solutions r\u00e9volutionnaires dans divers domaines. Du big data et de l'IA aux strat\u00e9gies compl\u00e8tes de marketing num\u00e9rique, nos efforts sont aliment\u00e9s par un engagement envers nos clients, visant \u00e0 propulser leurs entreprises \u00e0 l'avant-garde de leurs industries.<\/p>\n\n\n\n<p>Entrez dans notre monde et d\u00e9couvrez un partenariat o\u00f9 votre vision rencontre notre passion, ce qui se traduit par une excellence num\u00e9rique in\u00e9gal\u00e9e.<\/p>\n\n<\/div>\n\n<div class=\"gb-container gb-container-02de4410\">\n\n<figure class=\"wp-block-image size-large photo-shadow img\"><img loading=\"lazy\" decoding=\"async\" width=\"800\" height=\"533\" src=\"https:\/\/esisoc.com\/wp-content\/uploads\/2021\/04\/peter-gombos-8y3e2M6APy4-unsplash.jpg\" alt=\"\" class=\"wp-image-448\" srcset=\"https:\/\/esisoc.com\/wp-content\/uploads\/2021\/04\/peter-gombos-8y3e2M6APy4-unsplash.jpg 800w, https:\/\/esisoc.com\/wp-content\/uploads\/2021\/04\/peter-gombos-8y3e2M6APy4-unsplash-600x400.jpg 600w, https:\/\/esisoc.com\/wp-content\/uploads\/2021\/04\/peter-gombos-8y3e2M6APy4-unsplash-300x200.jpg 300w, https:\/\/esisoc.com\/wp-content\/uploads\/2021\/04\/peter-gombos-8y3e2M6APy4-unsplash-768x512.jpg 768w\" sizes=\"(max-width: 800px) 100vw, 800px\" \/><\/figure>\n\n<\/div>\n<\/div>\n<\/div>\n\n<div class=\"gb-container gb-container-5274ce86\">\n\n<h3 class=\"gb-headline gb-headline-07023119 gb-headline-text\">D\u00e9couvrez comment nous pouvons rendre votre entreprise plus efficace<\/h3>\n\n\n<div class=\"gb-button-wrapper gb-button-wrapper-a9ecfcf8\">\n\n<a class=\"gb-button gb-button-388980d5\" href=\"https:\/\/esisoc.com\/fr\/services\/\" target=\"_blank\" rel=\"noopener noreferrer\"><span class=\"gb-button-text\">Voir nos services<\/span><span class=\"gb-icon\"><svg viewbox=\"0 0 16 16\" class=\"bi bi-arrow-right-short\" fill=\"currentColor\" height=\"16\" width=\"16\" xmlns=\"http:\/\/www.w3.org\/2000\/svg\">   <path d=\"M4 8a.5.5 0 0 1 .5-.5h5.793L8.146 5.354a.5.5 0 1 1 .708-.708l3 3a.5.5 0 0 1 0 .708l-3 3a.5.5 0 0 1-.708-.708L10.293 8.5H4.5A.5.5 0 0 1 4 8z\" fill-rule=\"evenodd\"><\/path> <\/svg><\/span><\/a>\n\n<\/div>\n<\/div>","protected":false},"excerpt":{"rendered":"<p>A propos d'ESISOC : Fa\u00e7onner l'avenir de l'excellence num\u00e9rique Au c\u0153ur d'ESSID Solutions se trouve une passion pour la red\u00e9finition des fronti\u00e8res du monde num\u00e9rique. N\u00e9s d'une vision visant \u00e0 exploiter le pouvoir de transformation de la technologie, nous sommes devenus un phare de l'innovation et de l'expertise. Notre \u00e9quipe multidisciplinaire s'\u00e9panouit dans les d\u00e9fis, transformant les probl\u00e8mes complexes ... Lire plus <a title=\"A propos de\" class=\"read-more\" href=\"https:\/\/esisoc.com\/fr\/a-propos-de\/\" aria-label=\"Read more about About\">Lire plus<\/a><\/p>","protected":false},"author":2,"featured_media":0,"parent":0,"menu_order":0,"comment_status":"closed","ping_status":"closed","template":"","meta":{"footnotes":""},"yoast_head":"<!-- This site is optimized with the Yoast SEO Premium plugin v21.9 (Yoast SEO v21.9.1) - https:\/\/yoast.com\/wordpress\/plugins\/seo\/ -->\n<title>About - ESISOC | ESSID Solutions<\/title>\n<meta name=\"robots\" content=\"index, follow, max-snippet:-1, max-image-preview:large, max-video-preview:-1\" \/>\n<link rel=\"canonical\" href=\"https:\/\/esisoc.com\/fr\/a-propos-de\/\" \/>\n<meta property=\"og:locale\" content=\"fr_FR\" \/>\n<meta property=\"og:type\" content=\"article\" \/>\n<meta property=\"og:title\" content=\"About\" \/>\n<meta property=\"og:description\" content=\"About ESISOC : Shaping the Future of Digital Excellence At the heart of ESSID Solutions lies a passion for redefining the boundaries of the digital world. Born from a vision to harness the transformative power of technology, we\u2019ve grown into a beacon of innovation and expertise. Our multidisciplinary team thrives on challenges, turning complex problems ... Lire plus\" \/>\n<meta property=\"og:url\" content=\"https:\/\/esisoc.com\/fr\/a-propos-de\/\" \/>\n<meta property=\"og:site_name\" content=\"ESISOC | ESSID Solutions\" \/>\n<meta property=\"article:modified_time\" content=\"2024-02-23T14:50:03+00:00\" \/>\n<meta property=\"og:image\" content=\"https:\/\/esisoc.com\/wp-content\/uploads\/2021\/04\/peter-gombos-8y3e2M6APy4-unsplash.jpg\" \/>\n<meta name=\"twitter:card\" content=\"summary_large_image\" \/>\n<meta name=\"twitter:label1\" content=\"Dur\u00e9e de lecture estim\u00e9e\" \/>\n\t<meta name=\"twitter:data1\" content=\"1 minute\" \/>\n<script type=\"application\/ld+json\" class=\"yoast-schema-graph\">{\"@context\":\"https:\/\/schema.org\",\"@graph\":[{\"@type\":\"WebPage\",\"@id\":\"https:\/\/esisoc.com\/about\/\",\"url\":\"https:\/\/esisoc.com\/about\/\",\"name\":\"About - ESISOC | ESSID Solutions\",\"isPartOf\":{\"@id\":\"https:\/\/esisoc.com\/#website\"},\"datePublished\":\"2021-04-20T20:09:02+00:00\",\"dateModified\":\"2024-02-23T14:50:03+00:00\",\"breadcrumb\":{\"@id\":\"https:\/\/esisoc.com\/about\/#breadcrumb\"},\"inLanguage\":\"fr-FR\",\"potentialAction\":[{\"@type\":\"ReadAction\",\"target\":[\"https:\/\/esisoc.com\/about\/\"]}]},{\"@type\":\"BreadcrumbList\",\"@id\":\"https:\/\/esisoc.com\/about\/#breadcrumb\",\"itemListElement\":[{\"@type\":\"ListItem\",\"position\":1,\"name\":\"Home\",\"item\":\"https:\/\/esisoc.com\/\"},{\"@type\":\"ListItem\",\"position\":2,\"name\":\"About\"}]},{\"@type\":\"WebSite\",\"@id\":\"https:\/\/esisoc.com\/#website\",\"url\":\"https:\/\/esisoc.com\/\",\"name\":\"ESISOC | ESSID Solutions\",\"description\":\"Data Science Consulting and AI | Online Books, Videos, Courses and more\",\"publisher\":{\"@id\":\"https:\/\/esisoc.com\/#organization\"},\"potentialAction\":[{\"@type\":\"SearchAction\",\"target\":{\"@type\":\"EntryPoint\",\"urlTemplate\":\"https:\/\/esisoc.com\/?s={search_term_string}\"},\"query-input\":\"required name=search_term_string\"}],\"inLanguage\":\"fr-FR\"},{\"@type\":\"Organization\",\"@id\":\"https:\/\/esisoc.com\/#organization\",\"name\":\"ESISOC | ESSID Solutions\",\"url\":\"https:\/\/esisoc.com\/\",\"logo\":{\"@type\":\"ImageObject\",\"inLanguage\":\"fr-FR\",\"@id\":\"https:\/\/esisoc.com\/#\/schema\/logo\/image\/\",\"url\":\"https:\/\/esisoc.com\/wp-content\/uploads\/2024\/02\/logo-esisoc.png\",\"contentUrl\":\"https:\/\/esisoc.com\/wp-content\/uploads\/2024\/02\/logo-esisoc.png\",\"width\":350,\"height\":63,\"caption\":\"ESISOC | ESSID Solutions\"},\"image\":{\"@id\":\"https:\/\/esisoc.com\/#\/schema\/logo\/image\/\"}}]}<\/script>\n<!-- \/ Yoast SEO Premium plugin. -->","yoast_head_json":{"title":"About - ESISOC | ESSID Solutions","robots":{"index":"index","follow":"follow","max-snippet":"max-snippet:-1","max-image-preview":"max-image-preview:large","max-video-preview":"max-video-preview:-1"},"canonical":"https:\/\/esisoc.com\/fr\/a-propos-de\/","og_locale":"fr_FR","og_type":"article","og_title":"About","og_description":"About ESISOC : Shaping the Future of Digital Excellence At the heart of ESSID Solutions lies a passion for redefining the boundaries of the digital world. Born from a vision to harness the transformative power of technology, we\u2019ve grown into a beacon of innovation and expertise. Our multidisciplinary team thrives on challenges, turning complex problems ... Lire plus","og_url":"https:\/\/esisoc.com\/fr\/a-propos-de\/","og_site_name":"ESISOC | ESSID Solutions","article_modified_time":"2024-02-23T14:50:03+00:00","og_image":[{"url":"https:\/\/esisoc.com\/wp-content\/uploads\/2021\/04\/peter-gombos-8y3e2M6APy4-unsplash.jpg"}],"twitter_card":"summary_large_image","twitter_misc":{"Dur\u00e9e de lecture estim\u00e9e":"1 minute"},"schema":{"@context":"https:\/\/schema.org","@graph":[{"@type":"WebPage","@id":"https:\/\/esisoc.com\/about\/","url":"https:\/\/esisoc.com\/about\/","name":"About - ESISOC | ESSID Solutions","isPartOf":{"@id":"https:\/\/esisoc.com\/#website"},"datePublished":"2021-04-20T20:09:02+00:00","dateModified":"2024-02-23T14:50:03+00:00","breadcrumb":{"@id":"https:\/\/esisoc.com\/about\/#breadcrumb"},"inLanguage":"fr-FR","potentialAction":[{"@type":"ReadAction","target":["https:\/\/esisoc.com\/about\/"]}]},{"@type":"BreadcrumbList","@id":"https:\/\/esisoc.com\/about\/#breadcrumb","itemListElement":[{"@type":"ListItem","position":1,"name":"Home","item":"https:\/\/esisoc.com\/"},{"@type":"ListItem","position":2,"name":"About"}]},{"@type":"WebSite","@id":"https:\/\/esisoc.com\/#website","url":"https:\/\/esisoc.com\/","name":"ESISOC | ESSID Solutions","description":"Data Science Consulting and AI | Online Books, Videos, Courses and more","publisher":{"@id":"https:\/\/esisoc.com\/#organization"},"potentialAction":[{"@type":"SearchAction","target":{"@type":"EntryPoint","urlTemplate":"https:\/\/esisoc.com\/?s={search_term_string}"},"query-input":"required name=search_term_string"}],"inLanguage":"fr-FR"},{"@type":"Organization","@id":"https:\/\/esisoc.com\/#organization","name":"ESISOC | ESSID Solutions","url":"https:\/\/esisoc.com\/","logo":{"@type":"ImageObject","inLanguage":"fr-FR","@id":"https:\/\/esisoc.com\/#\/schema\/logo\/image\/","url":"https:\/\/esisoc.com\/wp-content\/uploads\/2024\/02\/logo-esisoc.png","contentUrl":"https:\/\/esisoc.com\/wp-content\/uploads\/2024\/02\/logo-esisoc.png","width":350,"height":63,"caption":"ESISOC | ESSID Solutions"},"image":{"@id":"https:\/\/esisoc.com\/#\/schema\/logo\/image\/"}}]}},"_links":{"self":[{"href":"https:\/\/esisoc.com\/fr\/wp-json\/wp\/v2\/pages\/659"}],"collection":[{"href":"https:\/\/esisoc.com\/fr\/wp-json\/wp\/v2\/pages"}],"about":[{"href":"https:\/\/esisoc.com\/fr\/wp-json\/wp\/v2\/types\/page"}],"author":[{"embeddable":true,"href":"https:\/\/esisoc.com\/fr\/wp-json\/wp\/v2\/users\/2"}],"replies":[{"embeddable":true,"href":"https:\/\/esisoc.com\/fr\/wp-json\/wp\/v2\/comments?post=659"}],"version-history":[{"count":4,"href":"https:\/\/esisoc.com\/fr\/wp-json\/wp\/v2\/pages\/659\/revisions"}],"predecessor-version":[{"id":3304,"href":"https:\/\/esisoc.com\/fr\/wp-json\/wp\/v2\/pages\/659\/revisions\/3304"}],"wp:attachment":[{"href":"https:\/\/esisoc.com\/fr\/wp-json\/wp\/v2\/media?parent=659"}],"curies":[{"name":"wp","href":"https:\/\/api.w.org\/{rel}","templated":true}]}}