{"id":2800,"date":"2024-02-18T13:11:07","date_gmt":"2024-02-18T13:11:07","guid":{"rendered":"https:\/\/esisoc.com\/?page_id=2800"},"modified":"2024-02-18T13:11:11","modified_gmt":"2024-02-18T13:11:11","slug":"business-leadership-academy-terms-conditions","status":"publish","type":"page","link":"https:\/\/esisoc.com\/pt\/termos-e-condicoes-da-academia-de-lideranca-empresarial\/","title":{"rendered":"Termos e Condi\u00e7\u00f5es da Business Leadership Academy"},"content":{"rendered":"<p><em>Estes termos e condi\u00e7\u00f5es foram actualizados pela \u00faltima vez em 18 de outubro de 2023.<\/em><\/p>\n\n\n\n<p>Os termos e condi\u00e7\u00f5es abaixo aplicam-se \u00e0 utiliza\u00e7\u00e3o pelo Cliente da plataforma da Essiso, Essiso Business Leadership Academy (\"<strong><em>Essiso Business Leadership Academy<\/em><\/strong>\"), conforme descrito abaixo. Todos os termos n\u00e3o definidos neste documento t\u00eam as defini\u00e7\u00f5es que lhes s\u00e3o atribu\u00eddas no Contrato Principal de Servi\u00e7os (\"<strong><em>Acordo<\/em><\/strong>\") entre a Essiso e o Cliente.<\/p>\n\n\n\n<ol>\n<li>Oferta da Essiso Business Leadership Academy. Ao adquirir o acesso \u00e0 Essiso Business Leadership Academy, conforme especificado no Formul\u00e1rio de Pedido relevante, o Cliente receber\u00e1 licen\u00e7as para aceder a conte\u00fados de aprendizagem espec\u00edficos (o \"<strong><em>Licen\u00e7as de coortes<\/em><\/strong>\") acess\u00edvel atrav\u00e9s de uma plataforma de aprendizagem em linha (a \"<strong><em>Plataforma da Essiso Business Leadership Academy<\/em><\/strong>\") que inclui os Servi\u00e7os de Coorte (conforme definido abaixo).<\/li>\n\n\n\n<li>Plataforma da Essiso Business Leadership Academy. O Cliente ter\u00e1 acesso \u00e0 Plataforma da Essiso Business Leadership Academy, conforme detalhado no Formul\u00e1rio de Encomenda aplic\u00e1vel, onde os Utilizadores podem aceder ao conte\u00fado de aprendizagem espec\u00edfico do grupo (\"<strong><em>Conte\u00fado da Essiso Business Leadership Academy<\/em><\/strong>\") e\/ou qualquer conte\u00fado, materiais e informa\u00e7\u00f5es de propriedade do Cliente (\"<strong><em>IP do cliente<\/em><\/strong>\"). O Cliente pode adquirir acesso para utilizadores adicionais da Plataforma Essiso Business Leadership Academy (para al\u00e9m dos que constam do Formul\u00e1rio de Encomenda aplic\u00e1vel), sujeito a uma taxa adicional e aos termos e condi\u00e7\u00f5es aqui estabelecidos.<\/li>\n\n\n\n<li>Licen\u00e7as de Coorte. O acesso ao Conte\u00fado da Essiso Business Leadership Academy est\u00e1 limitado aos Utilizadores com Licen\u00e7as de Coorte e est\u00e1 dispon\u00edvel durante o per\u00edodo de um programa de coorte aplic\u00e1vel (ou qualquer outro per\u00edodo acordado entre as Partes), cada um dos quais ser\u00e1 composto por um m\u00ednimo de 25 participantes (o \"<strong><em>Programa de coortes<\/em><\/strong>\"). O Cliente notificar\u00e1 a Essiso pelo menos seis semanas antes do lan\u00e7amento de um Programa de Coorte. Na medida em que um Programa de Coorte tenha que ser cancelado ou reagendado sem culpa da Essiso (por exemplo, n\u00e3o atingiu os 25 participantes necess\u00e1rios, etc.), a Essiso n\u00e3o ter\u00e1 qualquer responsabilidade por tal cancelamento e poder\u00e1 cobrar uma taxa adicional para acomodar o Programa de Coorte reagendado. Qualquer pedido de reagendamento de um Programa de Coorte pelo Cliente requer um aviso por escrito com pelo menos 14 dias de anteced\u00eancia.<\/li>\n\n\n\n<li>Servi\u00e7os adicionais. Produtos opcionais de terceiros (\"<strong><em>Complementos do fornecedor<\/em><\/strong>\") ou servi\u00e7os de apoio adicionais (\"<strong><em>Servi\u00e7os de coortes<\/em><\/strong>\") podem ser inclu\u00eddos na Essiso Business Leadership Academy. A disponibilidade dos Add-ons do Fornecedor e\/ou dos Servi\u00e7os de Coorte est\u00e1 inclu\u00edda na Licen\u00e7a de Coorte do Cliente a um custo adicional por Utilizador, que ser\u00e1 definido num Formul\u00e1rio de Encomenda. Os Servi\u00e7os de Cohort n\u00e3o est\u00e3o dispon\u00edveis para o conte\u00fado de propriedade do Cliente. Quaisquer servi\u00e7os adicionais solicitados pelo Cliente ser\u00e3o objeto de uma defini\u00e7\u00e3o de \u00e2mbito separada, com um custo adicional.<\/li>\n\n\n\n<li>IP do Cliente. O Cliente declara e garante que o Cliente tem todos os direitos, t\u00edtulos e interesses sobre todos os IPs do Cliente fornecidos \u00e0 Essiso para executar os Servi\u00e7os estabelecidos no Formul\u00e1rio de Pedido aplic\u00e1vel e deve defender, indemnizar e isentar de responsabilidade a Essiso e as suas Afiliadas, subsidi\u00e1rias, diretores, funcion\u00e1rios, empregados e agentes no que diz respeito a quaisquer reclama\u00e7\u00f5es contra a Essiso em rela\u00e7\u00e3o a tais IPs do Cliente.<\/li>\n\n\n\n<li>Restri\u00e7\u00f5es \u00e0 utiliza\u00e7\u00e3o de licen\u00e7as. Cada Licen\u00e7a de Coorte, uma vez atribu\u00edda a um Utilizador, \u00e9 \u00fanica para esse Utilizador e n\u00e3o pode ser atribu\u00edda ou partilhada com qualquer outra pessoa atrav\u00e9s de login partilhado ou qualquer outro m\u00e9todo. Todas as Licen\u00e7as de Coorte expiram na data de anivers\u00e1rio de um ano da emiss\u00e3o de tais Licen\u00e7as de Coorte pela Essiso e devem ser renovadas anualmente a partir de ent\u00e3o.<\/li>\n<\/ol>","protected":false},"excerpt":{"rendered":"<p>Estes termos e condi\u00e7\u00f5es foram actualizados pela \u00faltima vez em 18 de outubro de 2023. Os termos e condi\u00e7\u00f5es abaixo aplicam-se \u00e0 utiliza\u00e7\u00e3o pelo Cliente da plataforma da Essiso, Essiso Business Leadership Academy (\"Essiso Business Leadership Academy\"), conforme descrito abaixo. Todos os termos n\u00e3o definidos neste documento t\u00eam as defini\u00e7\u00f5es que lhes s\u00e3o atribu\u00eddas no Contrato de Servi\u00e7os Principais (\"Contrato\") entre a Essiso e o Cliente.<\/p>","protected":false},"author":2,"featured_media":0,"parent":0,"menu_order":0,"comment_status":"closed","ping_status":"closed","template":"","meta":{"footnotes":""},"yoast_head":"<!-- This site is optimized with the Yoast SEO Premium plugin v21.9 (Yoast SEO v21.9.1) - https:\/\/yoast.com\/wordpress\/plugins\/seo\/ -->\n<title>Business Leadership Academy Terms &amp; Conditions - ESISOC | ESSID Solutions<\/title>\n<meta name=\"robots\" content=\"index, follow, max-snippet:-1, max-image-preview:large, max-video-preview:-1\" \/>\n<link rel=\"canonical\" href=\"https:\/\/esisoc.com\/pt\/termos-e-condicoes-da-academia-de-lideranca-empresarial\/\" \/>\n<meta property=\"og:locale\" content=\"pt_PT\" \/>\n<meta property=\"og:type\" content=\"article\" \/>\n<meta property=\"og:title\" content=\"Business Leadership Academy Terms &amp; Conditions\" \/>\n<meta property=\"og:description\" content=\"These terms and conditions were last updated on October 18, 2023. The terms and conditions below apply to Customer\u2019s use of Essiso\u2019s platform, Essiso Business Leadership Academy (\u201cEssiso Business Leadership Academy\u201d), as described below. All terms not defined herein have the definitions ascribed to them in the Master Services Agreement (\u201cAgreement\u201d) between Essiso and Customer.\" \/>\n<meta property=\"og:url\" content=\"https:\/\/esisoc.com\/pt\/termos-e-condicoes-da-academia-de-lideranca-empresarial\/\" \/>\n<meta property=\"og:site_name\" content=\"ESISOC | ESSID Solutions\" \/>\n<meta property=\"article:modified_time\" content=\"2024-02-18T13:11:11+00:00\" \/>\n<meta name=\"twitter:card\" content=\"summary_large_image\" \/>\n<meta name=\"twitter:label1\" content=\"Tempo estimado de leitura\" \/>\n\t<meta name=\"twitter:data1\" content=\"3 minutos\" \/>\n<script type=\"application\/ld+json\" class=\"yoast-schema-graph\">{\"@context\":\"https:\/\/schema.org\",\"@graph\":[{\"@type\":\"WebPage\",\"@id\":\"https:\/\/esisoc.com\/business-leadership-academy-terms-conditions\/\",\"url\":\"https:\/\/esisoc.com\/business-leadership-academy-terms-conditions\/\",\"name\":\"Business Leadership Academy Terms &amp; Conditions - ESISOC | ESSID Solutions\",\"isPartOf\":{\"@id\":\"https:\/\/esisoc.com\/#website\"},\"datePublished\":\"2024-02-18T13:11:07+00:00\",\"dateModified\":\"2024-02-18T13:11:11+00:00\",\"breadcrumb\":{\"@id\":\"https:\/\/esisoc.com\/business-leadership-academy-terms-conditions\/#breadcrumb\"},\"inLanguage\":\"pt-PT\",\"potentialAction\":[{\"@type\":\"ReadAction\",\"target\":[\"https:\/\/esisoc.com\/business-leadership-academy-terms-conditions\/\"]}]},{\"@type\":\"BreadcrumbList\",\"@id\":\"https:\/\/esisoc.com\/business-leadership-academy-terms-conditions\/#breadcrumb\",\"itemListElement\":[{\"@type\":\"ListItem\",\"position\":1,\"name\":\"Home\",\"item\":\"https:\/\/esisoc.com\/\"},{\"@type\":\"ListItem\",\"position\":2,\"name\":\"Business Leadership Academy Terms &amp; Conditions\"}]},{\"@type\":\"WebSite\",\"@id\":\"https:\/\/esisoc.com\/#website\",\"url\":\"https:\/\/esisoc.com\/\",\"name\":\"ESISOC | ESSID Solutions\",\"description\":\"Data Science Consulting and AI | Online Books, Videos, Courses and more\",\"publisher\":{\"@id\":\"https:\/\/esisoc.com\/#organization\"},\"potentialAction\":[{\"@type\":\"SearchAction\",\"target\":{\"@type\":\"EntryPoint\",\"urlTemplate\":\"https:\/\/esisoc.com\/?s={search_term_string}\"},\"query-input\":\"required name=search_term_string\"}],\"inLanguage\":\"pt-PT\"},{\"@type\":\"Organization\",\"@id\":\"https:\/\/esisoc.com\/#organization\",\"name\":\"ESISOC | ESSID Solutions\",\"url\":\"https:\/\/esisoc.com\/\",\"logo\":{\"@type\":\"ImageObject\",\"inLanguage\":\"pt-PT\",\"@id\":\"https:\/\/esisoc.com\/#\/schema\/logo\/image\/\",\"url\":\"https:\/\/esisoc.com\/wp-content\/uploads\/2024\/02\/logo-esisoc.png\",\"contentUrl\":\"https:\/\/esisoc.com\/wp-content\/uploads\/2024\/02\/logo-esisoc.png\",\"width\":350,\"height\":63,\"caption\":\"ESISOC | ESSID Solutions\"},\"image\":{\"@id\":\"https:\/\/esisoc.com\/#\/schema\/logo\/image\/\"}}]}<\/script>\n<!-- \/ Yoast SEO Premium plugin. -->","yoast_head_json":{"title":"Business Leadership Academy Terms &amp; Conditions - ESISOC | ESSID Solutions","robots":{"index":"index","follow":"follow","max-snippet":"max-snippet:-1","max-image-preview":"max-image-preview:large","max-video-preview":"max-video-preview:-1"},"canonical":"https:\/\/esisoc.com\/pt\/termos-e-condicoes-da-academia-de-lideranca-empresarial\/","og_locale":"pt_PT","og_type":"article","og_title":"Business Leadership Academy Terms &amp; Conditions","og_description":"These terms and conditions were last updated on October 18, 2023. The terms and conditions below apply to Customer\u2019s use of Essiso\u2019s platform, Essiso Business Leadership Academy (\u201cEssiso Business Leadership Academy\u201d), as described below. All terms not defined herein have the definitions ascribed to them in the Master Services Agreement (\u201cAgreement\u201d) between Essiso and Customer.","og_url":"https:\/\/esisoc.com\/pt\/termos-e-condicoes-da-academia-de-lideranca-empresarial\/","og_site_name":"ESISOC | ESSID Solutions","article_modified_time":"2024-02-18T13:11:11+00:00","twitter_card":"summary_large_image","twitter_misc":{"Tempo estimado de leitura":"3 minutos"},"schema":{"@context":"https:\/\/schema.org","@graph":[{"@type":"WebPage","@id":"https:\/\/esisoc.com\/business-leadership-academy-terms-conditions\/","url":"https:\/\/esisoc.com\/business-leadership-academy-terms-conditions\/","name":"Business Leadership Academy Terms &amp; Conditions - ESISOC | ESSID Solutions","isPartOf":{"@id":"https:\/\/esisoc.com\/#website"},"datePublished":"2024-02-18T13:11:07+00:00","dateModified":"2024-02-18T13:11:11+00:00","breadcrumb":{"@id":"https:\/\/esisoc.com\/business-leadership-academy-terms-conditions\/#breadcrumb"},"inLanguage":"pt-PT","potentialAction":[{"@type":"ReadAction","target":["https:\/\/esisoc.com\/business-leadership-academy-terms-conditions\/"]}]},{"@type":"BreadcrumbList","@id":"https:\/\/esisoc.com\/business-leadership-academy-terms-conditions\/#breadcrumb","itemListElement":[{"@type":"ListItem","position":1,"name":"Home","item":"https:\/\/esisoc.com\/"},{"@type":"ListItem","position":2,"name":"Business Leadership Academy Terms &amp; Conditions"}]},{"@type":"WebSite","@id":"https:\/\/esisoc.com\/#website","url":"https:\/\/esisoc.com\/","name":"ESISOC | ESSID Solutions","description":"Data Science Consulting and AI | Online Books, Videos, Courses and more","publisher":{"@id":"https:\/\/esisoc.com\/#organization"},"potentialAction":[{"@type":"SearchAction","target":{"@type":"EntryPoint","urlTemplate":"https:\/\/esisoc.com\/?s={search_term_string}"},"query-input":"required name=search_term_string"}],"inLanguage":"pt-PT"},{"@type":"Organization","@id":"https:\/\/esisoc.com\/#organization","name":"ESISOC | ESSID Solutions","url":"https:\/\/esisoc.com\/","logo":{"@type":"ImageObject","inLanguage":"pt-PT","@id":"https:\/\/esisoc.com\/#\/schema\/logo\/image\/","url":"https:\/\/esisoc.com\/wp-content\/uploads\/2024\/02\/logo-esisoc.png","contentUrl":"https:\/\/esisoc.com\/wp-content\/uploads\/2024\/02\/logo-esisoc.png","width":350,"height":63,"caption":"ESISOC | ESSID Solutions"},"image":{"@id":"https:\/\/esisoc.com\/#\/schema\/logo\/image\/"}}]}},"_links":{"self":[{"href":"https:\/\/esisoc.com\/pt\/wp-json\/wp\/v2\/pages\/2800"}],"collection":[{"href":"https:\/\/esisoc.com\/pt\/wp-json\/wp\/v2\/pages"}],"about":[{"href":"https:\/\/esisoc.com\/pt\/wp-json\/wp\/v2\/types\/page"}],"author":[{"embeddable":true,"href":"https:\/\/esisoc.com\/pt\/wp-json\/wp\/v2\/users\/2"}],"replies":[{"embeddable":true,"href":"https:\/\/esisoc.com\/pt\/wp-json\/wp\/v2\/comments?post=2800"}],"version-history":[{"count":1,"href":"https:\/\/esisoc.com\/pt\/wp-json\/wp\/v2\/pages\/2800\/revisions"}],"predecessor-version":[{"id":2802,"href":"https:\/\/esisoc.com\/pt\/wp-json\/wp\/v2\/pages\/2800\/revisions\/2802"}],"wp:attachment":[{"href":"https:\/\/esisoc.com\/pt\/wp-json\/wp\/v2\/media?parent=2800"}],"curies":[{"name":"wp","href":"https:\/\/api.w.org\/{rel}","templated":true}]}}