{"id":2803,"date":"2024-02-18T13:11:55","date_gmt":"2024-02-18T13:11:55","guid":{"rendered":"https:\/\/esisoc.com\/?page_id=2803"},"modified":"2024-02-18T13:11:58","modified_gmt":"2024-02-18T13:11:58","slug":"business-pro-terms-conditions","status":"publish","type":"page","link":"https:\/\/esisoc.com\/pt\/termos-e-condicoes-do-business-pro\/","title":{"rendered":"Termos e condi\u00e7\u00f5es do Business Pro"},"content":{"rendered":"<p><em>Estes termos e condi\u00e7\u00f5es foram actualizados pela \u00faltima vez em 1 de junho de 2023.<\/em><\/p>\n\n\n\n<p>Estes Termos e Condi\u00e7\u00f5es do Essiso Business Pro (estes&nbsp;<strong><em>\"Condi\u00e7\u00f5es\"<\/em><\/strong>) aplicam-se ao acesso e uso do Essiso Business Pro pelo Cliente. Todos os termos n\u00e3o definidos de outra forma nestes Termos ter\u00e3o os significados atribu\u00eddos a eles no Acordo Principal de Servi\u00e7os entre a Essiso e o Cliente (o&nbsp;<strong><em>\"Acordo\"<\/em><\/strong>).<\/p>\n\n\n\n<ol>\n<li>O Essiso Business Pro \u00e9 um servi\u00e7o que proporciona uma experi\u00eancia interactiva com laborat\u00f3rios de aprendizagem pr\u00e1tica, espa\u00e7os de trabalho, percursos de fun\u00e7\u00f5es e avalia\u00e7\u00f5es.<\/li>\n\n\n\n<li>Os utilizadores podem aceder a determinadas plataformas de terceiros atrav\u00e9s do Essiso Business Pro, que s\u00e3o regidas e sujeitas a termos e condi\u00e7\u00f5es separados.<\/li>\n\n\n\n<li>O Cliente reconhece e concorda que: (a) O Cliente \u00e9 o \u00fanico respons\u00e1vel por todo o conte\u00fado introduzido pelo Cliente ou pelos seus Utilizadores em rela\u00e7\u00e3o \u00e0 utiliza\u00e7\u00e3o do Essiso Business Pro (coletivamente,&nbsp;<strong><em>\"Conte\u00fado interativo\"<\/em><\/strong>) incluindo nas inst\u00e2ncias de servidor que fornecem ambientes interactivos como parte do Essiso Business Pro (<strong><em>\"Sess\u00f5es interactivas\"<\/em><\/strong>); e (b) a Essiso, as suas Afiliadas ou licenciantes n\u00e3o preservar\u00e3o, far\u00e3o c\u00f3pias de seguran\u00e7a ou armazenar\u00e3o o Conte\u00fado Interativo.<\/li>\n\n\n\n<li>As partes concordam que os itens a seguir s\u00e3o incorporados aos Termos de Uso. No que diz respeito aos Servi\u00e7os Essiso Business Pro, o Cliente n\u00e3o dever\u00e1, nem permitir\u00e1 que os seus Utilizadores o fa\u00e7am:<ol><li>Fornecer acesso \u00e0 web, a bases de dados ou a f\u00f3runs, ou envolver-se em extra\u00e7\u00e3o de criptomoedas, no ou atrav\u00e9s do Essiso Business Pro,<\/li><\/ol><ol><li>Exceder as limita\u00e7\u00f5es de utiliza\u00e7\u00e3o (incluindo, mas n\u00e3o se limitando a, quantidade ou dura\u00e7\u00e3o da Sess\u00e3o Interactiva, ou limita\u00e7\u00f5es do n\u00famero de Utilizadores) aplic\u00e1veis \u00e0 utiliza\u00e7\u00e3o do Essiso Business Pro pelo Cliente,<\/li><\/ol><ol><li>Utilizar ou aceder a uma Sess\u00e3o Interactiva em qualquer ambiente de produ\u00e7\u00e3o comercial, ou<\/li><\/ol>\n<ol>\n<li>utilizar quaisquer dados ou informa\u00e7\u00f5es que n\u00e3o sejam dados simulados, an\u00f3nimos, n\u00e3o pessoais e n\u00e3o vivos ao utilizar o Essiso Business Pro.<\/li>\n<\/ol>\n<\/li>\n\n\n\n<li>Para al\u00e9m dos recursos dispon\u00edveis para a Essiso ao abrigo do Acordo, a Essiso pode remover qualquer Conte\u00fado Interativo que viole os Termos de Utiliza\u00e7\u00e3o.<\/li>\n<\/ol>","protected":false},"excerpt":{"rendered":"<p>Estes termos e condi\u00e7\u00f5es foram actualizados pela \u00faltima vez em 1 de junho de 2023. Estes Termos e Condi\u00e7\u00f5es do Essiso Business Pro (estes \"Termos\") aplicam-se ao acesso e uso do Essiso Business Pro pelo Cliente. Todos os termos n\u00e3o definidos de outra forma nestes Termos ter\u00e3o os significados atribu\u00eddos a eles no Acordo de Servi\u00e7os Principais entre a Essiso e o Cliente (o \"Acordo\").<\/p>","protected":false},"author":2,"featured_media":0,"parent":0,"menu_order":0,"comment_status":"closed","ping_status":"closed","template":"","meta":{"footnotes":""},"yoast_head":"<!-- This site is optimized with the Yoast SEO Premium plugin v21.9 (Yoast SEO v21.9.1) - https:\/\/yoast.com\/wordpress\/plugins\/seo\/ -->\n<title>Business Pro Terms &amp; Conditions - ESISOC | ESSID Solutions<\/title>\n<meta name=\"robots\" content=\"index, follow, max-snippet:-1, max-image-preview:large, max-video-preview:-1\" \/>\n<link rel=\"canonical\" href=\"https:\/\/esisoc.com\/pt\/termos-e-condicoes-do-business-pro\/\" \/>\n<meta property=\"og:locale\" content=\"pt_PT\" \/>\n<meta property=\"og:type\" content=\"article\" \/>\n<meta property=\"og:title\" content=\"Business Pro Terms &amp; Conditions\" \/>\n<meta property=\"og:description\" content=\"These terms and conditions were last updated on June 1, 2023. These Essiso Business Pro Terms and Conditions (these&nbsp;\u201cTerms\u201d) apply to Customer\u2019s access and use of Essiso Business Pro. All terms not otherwise defined in these Terms will have the meanings ascribed to them in the Master Services Agreement between Essiso and Customer (the&nbsp;\u201cAgreement\u201d).\" \/>\n<meta property=\"og:url\" content=\"https:\/\/esisoc.com\/pt\/termos-e-condicoes-do-business-pro\/\" \/>\n<meta property=\"og:site_name\" content=\"ESISOC | ESSID Solutions\" \/>\n<meta property=\"article:modified_time\" content=\"2024-02-18T13:11:58+00:00\" \/>\n<meta name=\"twitter:card\" content=\"summary_large_image\" \/>\n<meta name=\"twitter:label1\" content=\"Tempo estimado de leitura\" \/>\n\t<meta name=\"twitter:data1\" content=\"2 minutos\" \/>\n<script type=\"application\/ld+json\" class=\"yoast-schema-graph\">{\"@context\":\"https:\/\/schema.org\",\"@graph\":[{\"@type\":\"WebPage\",\"@id\":\"https:\/\/esisoc.com\/business-pro-terms-conditions\/\",\"url\":\"https:\/\/esisoc.com\/business-pro-terms-conditions\/\",\"name\":\"Business Pro Terms &amp; Conditions - ESISOC | ESSID Solutions\",\"isPartOf\":{\"@id\":\"https:\/\/esisoc.com\/#website\"},\"datePublished\":\"2024-02-18T13:11:55+00:00\",\"dateModified\":\"2024-02-18T13:11:58+00:00\",\"breadcrumb\":{\"@id\":\"https:\/\/esisoc.com\/business-pro-terms-conditions\/#breadcrumb\"},\"inLanguage\":\"pt-PT\",\"potentialAction\":[{\"@type\":\"ReadAction\",\"target\":[\"https:\/\/esisoc.com\/business-pro-terms-conditions\/\"]}]},{\"@type\":\"BreadcrumbList\",\"@id\":\"https:\/\/esisoc.com\/business-pro-terms-conditions\/#breadcrumb\",\"itemListElement\":[{\"@type\":\"ListItem\",\"position\":1,\"name\":\"Home\",\"item\":\"https:\/\/esisoc.com\/\"},{\"@type\":\"ListItem\",\"position\":2,\"name\":\"Business Pro Terms &amp; Conditions\"}]},{\"@type\":\"WebSite\",\"@id\":\"https:\/\/esisoc.com\/#website\",\"url\":\"https:\/\/esisoc.com\/\",\"name\":\"ESISOC | ESSID Solutions\",\"description\":\"Data Science Consulting and AI | Online Books, Videos, Courses and more\",\"publisher\":{\"@id\":\"https:\/\/esisoc.com\/#organization\"},\"potentialAction\":[{\"@type\":\"SearchAction\",\"target\":{\"@type\":\"EntryPoint\",\"urlTemplate\":\"https:\/\/esisoc.com\/?s={search_term_string}\"},\"query-input\":\"required name=search_term_string\"}],\"inLanguage\":\"pt-PT\"},{\"@type\":\"Organization\",\"@id\":\"https:\/\/esisoc.com\/#organization\",\"name\":\"ESISOC | ESSID Solutions\",\"url\":\"https:\/\/esisoc.com\/\",\"logo\":{\"@type\":\"ImageObject\",\"inLanguage\":\"pt-PT\",\"@id\":\"https:\/\/esisoc.com\/#\/schema\/logo\/image\/\",\"url\":\"https:\/\/esisoc.com\/wp-content\/uploads\/2024\/02\/logo-esisoc.png\",\"contentUrl\":\"https:\/\/esisoc.com\/wp-content\/uploads\/2024\/02\/logo-esisoc.png\",\"width\":350,\"height\":63,\"caption\":\"ESISOC | ESSID Solutions\"},\"image\":{\"@id\":\"https:\/\/esisoc.com\/#\/schema\/logo\/image\/\"}}]}<\/script>\n<!-- \/ Yoast SEO Premium plugin. -->","yoast_head_json":{"title":"Business Pro Terms &amp; Conditions - ESISOC | ESSID Solutions","robots":{"index":"index","follow":"follow","max-snippet":"max-snippet:-1","max-image-preview":"max-image-preview:large","max-video-preview":"max-video-preview:-1"},"canonical":"https:\/\/esisoc.com\/pt\/termos-e-condicoes-do-business-pro\/","og_locale":"pt_PT","og_type":"article","og_title":"Business Pro Terms &amp; Conditions","og_description":"These terms and conditions were last updated on June 1, 2023. These Essiso Business Pro Terms and Conditions (these&nbsp;\u201cTerms\u201d) apply to Customer\u2019s access and use of Essiso Business Pro. All terms not otherwise defined in these Terms will have the meanings ascribed to them in the Master Services Agreement between Essiso and Customer (the&nbsp;\u201cAgreement\u201d).","og_url":"https:\/\/esisoc.com\/pt\/termos-e-condicoes-do-business-pro\/","og_site_name":"ESISOC | ESSID Solutions","article_modified_time":"2024-02-18T13:11:58+00:00","twitter_card":"summary_large_image","twitter_misc":{"Tempo estimado de leitura":"2 minutos"},"schema":{"@context":"https:\/\/schema.org","@graph":[{"@type":"WebPage","@id":"https:\/\/esisoc.com\/business-pro-terms-conditions\/","url":"https:\/\/esisoc.com\/business-pro-terms-conditions\/","name":"Business Pro Terms &amp; Conditions - ESISOC | ESSID Solutions","isPartOf":{"@id":"https:\/\/esisoc.com\/#website"},"datePublished":"2024-02-18T13:11:55+00:00","dateModified":"2024-02-18T13:11:58+00:00","breadcrumb":{"@id":"https:\/\/esisoc.com\/business-pro-terms-conditions\/#breadcrumb"},"inLanguage":"pt-PT","potentialAction":[{"@type":"ReadAction","target":["https:\/\/esisoc.com\/business-pro-terms-conditions\/"]}]},{"@type":"BreadcrumbList","@id":"https:\/\/esisoc.com\/business-pro-terms-conditions\/#breadcrumb","itemListElement":[{"@type":"ListItem","position":1,"name":"Home","item":"https:\/\/esisoc.com\/"},{"@type":"ListItem","position":2,"name":"Business Pro Terms &amp; Conditions"}]},{"@type":"WebSite","@id":"https:\/\/esisoc.com\/#website","url":"https:\/\/esisoc.com\/","name":"ESISOC | ESSID Solutions","description":"Data Science Consulting and AI | Online Books, Videos, Courses and more","publisher":{"@id":"https:\/\/esisoc.com\/#organization"},"potentialAction":[{"@type":"SearchAction","target":{"@type":"EntryPoint","urlTemplate":"https:\/\/esisoc.com\/?s={search_term_string}"},"query-input":"required name=search_term_string"}],"inLanguage":"pt-PT"},{"@type":"Organization","@id":"https:\/\/esisoc.com\/#organization","name":"ESISOC | ESSID Solutions","url":"https:\/\/esisoc.com\/","logo":{"@type":"ImageObject","inLanguage":"pt-PT","@id":"https:\/\/esisoc.com\/#\/schema\/logo\/image\/","url":"https:\/\/esisoc.com\/wp-content\/uploads\/2024\/02\/logo-esisoc.png","contentUrl":"https:\/\/esisoc.com\/wp-content\/uploads\/2024\/02\/logo-esisoc.png","width":350,"height":63,"caption":"ESISOC | ESSID Solutions"},"image":{"@id":"https:\/\/esisoc.com\/#\/schema\/logo\/image\/"}}]}},"_links":{"self":[{"href":"https:\/\/esisoc.com\/pt\/wp-json\/wp\/v2\/pages\/2803"}],"collection":[{"href":"https:\/\/esisoc.com\/pt\/wp-json\/wp\/v2\/pages"}],"about":[{"href":"https:\/\/esisoc.com\/pt\/wp-json\/wp\/v2\/types\/page"}],"author":[{"embeddable":true,"href":"https:\/\/esisoc.com\/pt\/wp-json\/wp\/v2\/users\/2"}],"replies":[{"embeddable":true,"href":"https:\/\/esisoc.com\/pt\/wp-json\/wp\/v2\/comments?post=2803"}],"version-history":[{"count":1,"href":"https:\/\/esisoc.com\/pt\/wp-json\/wp\/v2\/pages\/2803\/revisions"}],"predecessor-version":[{"id":2805,"href":"https:\/\/esisoc.com\/pt\/wp-json\/wp\/v2\/pages\/2803\/revisions\/2805"}],"wp:attachment":[{"href":"https:\/\/esisoc.com\/pt\/wp-json\/wp\/v2\/media?parent=2803"}],"curies":[{"name":"wp","href":"https:\/\/api.w.org\/{rel}","templated":true}]}}