{"id":2806,"date":"2024-02-18T13:13:36","date_gmt":"2024-02-18T13:13:36","guid":{"rendered":"https:\/\/esisoc.com\/?page_id=2806"},"modified":"2024-02-18T13:13:39","modified_gmt":"2024-02-18T13:13:39","slug":"launch-services","status":"publish","type":"page","link":"https:\/\/esisoc.com\/pt\/servicos-de-lancamento\/","title":{"rendered":"Servi\u00e7os de lan\u00e7amento"},"content":{"rendered":"<p><em>O presente Acordo foi atualizado pela \u00faltima vez em 1 de junho de 2023.<\/em><\/p>\n\n\n\n<h2 class=\"wp-block-heading\" id=\"h-1-scope-of-launch-services\">1. \u00c2mbito dos servi\u00e7os de lan\u00e7amento<\/h2>\n\n\n\n<p>A Essiso fornecer\u00e1 acesso a um gestor de projeto dedicado e a um programa de lan\u00e7amento para ajudar os Clientes no lan\u00e7amento dos Servi\u00e7os, conforme detalhado no Anexo A ((<strong><em>\"Servi\u00e7os de lan\u00e7amento\"<\/em><\/strong>). A presta\u00e7\u00e3o dos Servi\u00e7os de Lan\u00e7amento est\u00e1 dependente da aquisi\u00e7\u00e3o pelo Cliente de subscri\u00e7\u00f5es para utilizar os Servi\u00e7os que s\u00e3o fornecidos nos termos do Contrato Principal de Servi\u00e7os ((<strong><em>\"MSA\"<\/em><\/strong>). Exceto nos casos especificamente referidos no presente documento, o Acordo de Venda M\u00fatua mant\u00e9m-se em pleno vigor e efeito, sendo complementado e incorporado no presente documento por refer\u00eancia.<\/p>\n\n\n\n<h2 class=\"wp-block-heading\" id=\"h-2-customer-cooperation-responsibilities\">2. Coopera\u00e7\u00e3o\/Responsabilidades do cliente<\/h2>\n\n\n\n<p>O Cliente ir\u00e1 cooperar razoavelmente e de boa f\u00e9 com a Essiso no desempenho dos Servi\u00e7os de Lan\u00e7amento, sem limita\u00e7\u00e3o, (a) alocando recursos suficientes e realizando atempadamente quaisquer tarefas razoavelmente necess\u00e1rias para permitir que a Essiso cumpra as suas obriga\u00e7\u00f5es ao abrigo de cada Formul\u00e1rio de Pedido, (b) entregando atempadamente quaisquer materiais e outras obriga\u00e7\u00f5es exigidas ao abrigo de cada Formul\u00e1rio de Pedido, (c) respondendo atempadamente \u00e0s perguntas da Essiso relacionadas com os Servi\u00e7os de Lan\u00e7amento, (d) designar um gestor de projeto interno para cada Formul\u00e1rio de Pedido para servir como um ponto de contacto principal para a Essiso, (e) participar ativamente nas reuni\u00f5es de projeto programadas, (f) de forma atempada e sem custos para a Essiso, acesso aos funcion\u00e1rios e agentes apropriados e conhecedores, acesso administrativo cont\u00ednuo \u00e0 Essiso, e coordena\u00e7\u00e3o de reuni\u00f5es remotas online e telef\u00f3nicas, tudo conforme razoavelmente exigido pela Essiso, e (g) informa\u00e7\u00f5es, dados e feedback completos, precisos e atempados, tudo conforme razoavelmente exigido.<\/p>\n\n\n\n<h2 class=\"wp-block-heading\" id=\"h-3-term\">3. Prazo<\/h2>\n\n\n\n<p>A presente Adenda permanecer\u00e1 em vigor at\u00e9 (a) \u00e0 conclus\u00e3o dos Servi\u00e7os de Lan\u00e7amento ou (b) 9 meses ap\u00f3s a data do Formul\u00e1rio de Encomenda, consoante o que ocorrer primeiro.<\/p>\n\n\n\n<h2 class=\"wp-block-heading\" id=\"h-4-fees-and-expenses\">4. Taxas e despesas<\/h2>\n\n\n\n<p>Todos os servi\u00e7os de lan\u00e7amento s\u00e3o facturados e facturados em conformidade com os termos do Acordo de Servi\u00e7o M\u00fatuo, ap\u00f3s rece\u00e7\u00e3o de uma nota de encomenda assinada. Todos os montantes relativos aos servi\u00e7os de lan\u00e7amento, incluindo as despesas e desloca\u00e7\u00f5es relacionadas com os servi\u00e7os de lan\u00e7amento, s\u00e3o devidos e pag\u00e1veis em conformidade com os termos da nota de encomenda.<\/p>\n\n\n\n<h2 class=\"wp-block-heading\" id=\"h-5-ndependent-contractor\">5. contratante independente<\/h2>\n\n\n\n<p>Cada uma das Partes, incluindo empregados e consultores, manter\u00e1 sempre o estatuto de contratante independente em rela\u00e7\u00e3o \u00e0 outra Parte.<\/p>\n\n\n\n<h2 class=\"wp-block-heading\" id=\"h-6-intellectual-property\">6. Propriedade intelectual<\/h2>\n\n\n\n<p>Exceto conforme expressamente estabelecido na presente adenda, nenhuma das partes concede \u00e0 outra parte, expressa ou implicitamente, direitos de propriedade intelectual.<\/p>\n\n\n\n<h2 class=\"wp-block-heading\" id=\"h-7-warranties-and-disclaimer\">7. Garantias e exclus\u00e3o de responsabilidade<\/h2>\n\n\n\n<p>A Essiso garante que os Servi\u00e7os de Lan\u00e7amento ser\u00e3o executados de forma profissional e profissional, de acordo com os padr\u00f5es geralmente aceites da ind\u00fastria, em conformidade com o Anexo A, e que a Essiso cumprir\u00e1 todas as leis aplic\u00e1veis ao fornecer os Servi\u00e7os de Lan\u00e7amento. Para qualquer viola\u00e7\u00e3o da garantia acima, excluindo o Gestor do Programa de Aprendizagem, o recurso exclusivo e a nossa responsabilidade total ser\u00e1 a re-execu\u00e7\u00e3o dos Servi\u00e7os de Lan\u00e7amento aplic\u00e1veis. Salvo o expressamente previsto nesta secao, a Essiso fornece os Servicos de Lanamento como estao e nao oferece garantias de qualquer tipo, expressas ou implicitas. Embora a Essiso envide esfor\u00e7os razo\u00e1veis para realizar os Servi\u00e7os de Lan\u00e7amento dentro do Prazo, a Essiso n\u00e3o garante que os Servi\u00e7os de Lan\u00e7amento ser\u00e3o conclu\u00eddos dentro do Prazo.<\/p>\n\n\n\n<h2 class=\"wp-block-heading\" id=\"h-8-schedule-a\">8. Calend\u00e1rio A<\/h2>\n\n\n\n<p>Os Servi\u00e7os de Lan\u00e7amento ajudam os clientes com o lan\u00e7amento dos produtos Essiso, fornecendo um Gestor de Projeto para acelerar o tempo de lan\u00e7amento. A equipa da Essiso fornece Servi\u00e7os de Lan\u00e7amento que podem incluir as seguintes fases:<\/p>\n\n\n\n<ul>\n<li><strong>Descobrir:<\/strong><\/li>\n<\/ul>\n\n\n\n<p>A fase de descoberta \u00e9 uma oportunidade para conectar a Essiso e as partes interessadas do cliente. A fase de descoberta inclui uma reuni\u00e3o de lan\u00e7amento do projeto, incluindo: revis\u00e3o do contrato, alinhamento de objectivos e apresenta\u00e7\u00e3o dos Servi\u00e7os de Lan\u00e7amento. Ap\u00f3s a conclus\u00e3o do lan\u00e7amento do projeto, as atividades de mobiliza\u00e7\u00e3o come\u00e7am, incluindo: alinhamento das partes interessadas, cronograma de lan\u00e7amento proposto, escopo e coordena\u00e7\u00e3o de recursos.<\/p>\n\n\n\n<ul>\n<li><strong>Plano:<\/strong><\/li>\n<\/ul>\n\n\n\n<p>Todo o desenvolvimento do plano do projeto, incluindo a defini\u00e7\u00e3o, a sequ\u00eancia, o calend\u00e1rio, a dura\u00e7\u00e3o, o desenvolvimento das etapas e o planeamento dos recursos, \u00e9 criado durante a fase de planeamento. Quaisquer riscos ou depend\u00eancias do cliente s\u00e3o identificados e comunicados \u00e0s partes interessadas do cliente.<\/p>\n\n\n\n<ul>\n<li><strong>Executar:<\/strong><\/li>\n<\/ul>\n\n\n\n<p>Toda a configura\u00e7\u00e3o do produto \u00e9 conclu\u00edda na fase de Execu\u00e7\u00e3o. O Gestor de Projeto fornece revis\u00f5es semanais do estado do projeto comunicadas por e-mail. O Gerente de Projetos orquestrar\u00e1 a colabora\u00e7\u00e3o com os especialistas no assunto da Essiso para fornecer ao cliente os recursos para apoiar o cumprimento de cada etapa. A configura\u00e7\u00e3o do produto Essiso, a atribui\u00e7\u00e3o de licen\u00e7as, a coordena\u00e7\u00e3o de recursos e o planeamento da gest\u00e3o de altera\u00e7\u00f5es s\u00e3o conclu\u00eddos durante esta fase para preparar o lan\u00e7amento.<\/p>\n\n\n\n<ul>\n<li><strong>Lan\u00e7amento:<\/strong><\/li>\n<\/ul>\n\n\n\n<p>A fase de lan\u00e7amento come\u00e7a quando todos os elementos da fase de execu\u00e7\u00e3o est\u00e3o conclu\u00eddos. A fase de lan\u00e7amento inclui a forma\u00e7\u00e3o dos clientes, o plano de comunica\u00e7\u00e3o e os modelos fornecidos, bem como o lan\u00e7amento do(s) produto(s).<\/p>\n\n\n\n<ul>\n<li><strong>P\u00f3s-lan\u00e7amento:<\/strong><\/li>\n<\/ul>\n\n\n\n<p>O Gestor de Projeto apoiar\u00e1 o projeto durante 10 dias \u00fateis ap\u00f3s o arranque e, durante esse per\u00edodo, monitorizar\u00e1 o lan\u00e7amento para verificar o progresso dos objectivos, identificar \u00e1reas de melhoria e otimizar as m\u00e9tricas de sucesso. O Gestor de Projeto fornecer\u00e1 uma comunica\u00e7\u00e3o formal por correio eletr\u00f3nico para concluir o projeto de lan\u00e7amento.<\/p>","protected":false},"excerpt":{"rendered":"<p>O presente Acordo foi atualizado pela \u00faltima vez em 1 de junho de 2023. 1. \u00c2mbito dos Servi\u00e7os de Lan\u00e7amento A Essiso fornecer\u00e1 acesso a um gestor de projeto dedicado e a um programa de lan\u00e7amento para ajudar os Clientes no lan\u00e7amento dos Servi\u00e7os, conforme detalhado no Anexo A (\"Servi\u00e7os de Lan\u00e7amento\"). A presta\u00e7\u00e3o dos Servi\u00e7os de Lan\u00e7amento est\u00e1 condicionada \u00e0 aquisi\u00e7\u00e3o pelo Cliente de ... Ler mais <a title=\"Servi\u00e7os de lan\u00e7amento\" class=\"read-more\" href=\"https:\/\/esisoc.com\/pt\/servicos-de-lancamento\/\" aria-label=\"Leia mais sobre Launch Services\">Ler mais<\/a><\/p>","protected":false},"author":2,"featured_media":0,"parent":0,"menu_order":0,"comment_status":"closed","ping_status":"closed","template":"","meta":{"footnotes":""},"yoast_head":"<!-- This site is optimized with the Yoast SEO Premium plugin v21.9 (Yoast SEO v21.9.1) - https:\/\/yoast.com\/wordpress\/plugins\/seo\/ -->\n<title>Launch Services - ESISOC | ESSID Solutions<\/title>\n<meta name=\"robots\" content=\"index, follow, max-snippet:-1, max-image-preview:large, max-video-preview:-1\" \/>\n<link rel=\"canonical\" href=\"https:\/\/esisoc.com\/pt\/servicos-de-lancamento\/\" \/>\n<meta property=\"og:locale\" content=\"pt_PT\" \/>\n<meta property=\"og:type\" content=\"article\" \/>\n<meta property=\"og:title\" content=\"Launch Services\" \/>\n<meta property=\"og:description\" content=\"This Agreement was last updated on June 1, 2023. 1. Scope of Launch Services Essiso will provide access to a dedicated project manager and launch program to assist Customers with the launch of the Services as further detailed in Schedule A ((\u201cLaunch Services\u201d). The provision of the Launch Services is contingent upon the Customer purchasing ... Ler mais\" \/>\n<meta property=\"og:url\" content=\"https:\/\/esisoc.com\/pt\/servicos-de-lancamento\/\" \/>\n<meta property=\"og:site_name\" content=\"ESISOC | ESSID Solutions\" \/>\n<meta property=\"article:modified_time\" content=\"2024-02-18T13:13:39+00:00\" \/>\n<meta name=\"twitter:card\" content=\"summary_large_image\" \/>\n<meta name=\"twitter:label1\" content=\"Tempo estimado de leitura\" \/>\n\t<meta name=\"twitter:data1\" content=\"4 minutos\" \/>\n<script type=\"application\/ld+json\" class=\"yoast-schema-graph\">{\"@context\":\"https:\/\/schema.org\",\"@graph\":[{\"@type\":\"WebPage\",\"@id\":\"https:\/\/esisoc.com\/launch-services\/\",\"url\":\"https:\/\/esisoc.com\/launch-services\/\",\"name\":\"Launch Services - ESISOC | ESSID Solutions\",\"isPartOf\":{\"@id\":\"https:\/\/esisoc.com\/#website\"},\"datePublished\":\"2024-02-18T13:13:36+00:00\",\"dateModified\":\"2024-02-18T13:13:39+00:00\",\"breadcrumb\":{\"@id\":\"https:\/\/esisoc.com\/launch-services\/#breadcrumb\"},\"inLanguage\":\"pt-PT\",\"potentialAction\":[{\"@type\":\"ReadAction\",\"target\":[\"https:\/\/esisoc.com\/launch-services\/\"]}]},{\"@type\":\"BreadcrumbList\",\"@id\":\"https:\/\/esisoc.com\/launch-services\/#breadcrumb\",\"itemListElement\":[{\"@type\":\"ListItem\",\"position\":1,\"name\":\"Home\",\"item\":\"https:\/\/esisoc.com\/\"},{\"@type\":\"ListItem\",\"position\":2,\"name\":\"Launch Services\"}]},{\"@type\":\"WebSite\",\"@id\":\"https:\/\/esisoc.com\/#website\",\"url\":\"https:\/\/esisoc.com\/\",\"name\":\"ESISOC | ESSID Solutions\",\"description\":\"Data Science Consulting and AI | Online Books, Videos, Courses and more\",\"publisher\":{\"@id\":\"https:\/\/esisoc.com\/#organization\"},\"potentialAction\":[{\"@type\":\"SearchAction\",\"target\":{\"@type\":\"EntryPoint\",\"urlTemplate\":\"https:\/\/esisoc.com\/?s={search_term_string}\"},\"query-input\":\"required name=search_term_string\"}],\"inLanguage\":\"pt-PT\"},{\"@type\":\"Organization\",\"@id\":\"https:\/\/esisoc.com\/#organization\",\"name\":\"ESISOC | ESSID Solutions\",\"url\":\"https:\/\/esisoc.com\/\",\"logo\":{\"@type\":\"ImageObject\",\"inLanguage\":\"pt-PT\",\"@id\":\"https:\/\/esisoc.com\/#\/schema\/logo\/image\/\",\"url\":\"https:\/\/esisoc.com\/wp-content\/uploads\/2024\/02\/logo-esisoc.png\",\"contentUrl\":\"https:\/\/esisoc.com\/wp-content\/uploads\/2024\/02\/logo-esisoc.png\",\"width\":350,\"height\":63,\"caption\":\"ESISOC | ESSID Solutions\"},\"image\":{\"@id\":\"https:\/\/esisoc.com\/#\/schema\/logo\/image\/\"}}]}<\/script>\n<!-- \/ Yoast SEO Premium plugin. -->","yoast_head_json":{"title":"Launch Services - ESISOC | ESSID Solutions","robots":{"index":"index","follow":"follow","max-snippet":"max-snippet:-1","max-image-preview":"max-image-preview:large","max-video-preview":"max-video-preview:-1"},"canonical":"https:\/\/esisoc.com\/pt\/servicos-de-lancamento\/","og_locale":"pt_PT","og_type":"article","og_title":"Launch Services","og_description":"This Agreement was last updated on June 1, 2023. 1. Scope of Launch Services Essiso will provide access to a dedicated project manager and launch program to assist Customers with the launch of the Services as further detailed in Schedule A ((\u201cLaunch Services\u201d). The provision of the Launch Services is contingent upon the Customer purchasing ... Ler mais","og_url":"https:\/\/esisoc.com\/pt\/servicos-de-lancamento\/","og_site_name":"ESISOC | ESSID Solutions","article_modified_time":"2024-02-18T13:13:39+00:00","twitter_card":"summary_large_image","twitter_misc":{"Tempo estimado de leitura":"4 minutos"},"schema":{"@context":"https:\/\/schema.org","@graph":[{"@type":"WebPage","@id":"https:\/\/esisoc.com\/launch-services\/","url":"https:\/\/esisoc.com\/launch-services\/","name":"Launch Services - ESISOC | ESSID Solutions","isPartOf":{"@id":"https:\/\/esisoc.com\/#website"},"datePublished":"2024-02-18T13:13:36+00:00","dateModified":"2024-02-18T13:13:39+00:00","breadcrumb":{"@id":"https:\/\/esisoc.com\/launch-services\/#breadcrumb"},"inLanguage":"pt-PT","potentialAction":[{"@type":"ReadAction","target":["https:\/\/esisoc.com\/launch-services\/"]}]},{"@type":"BreadcrumbList","@id":"https:\/\/esisoc.com\/launch-services\/#breadcrumb","itemListElement":[{"@type":"ListItem","position":1,"name":"Home","item":"https:\/\/esisoc.com\/"},{"@type":"ListItem","position":2,"name":"Launch Services"}]},{"@type":"WebSite","@id":"https:\/\/esisoc.com\/#website","url":"https:\/\/esisoc.com\/","name":"ESISOC | ESSID Solutions","description":"Data Science Consulting and AI | Online Books, Videos, Courses and more","publisher":{"@id":"https:\/\/esisoc.com\/#organization"},"potentialAction":[{"@type":"SearchAction","target":{"@type":"EntryPoint","urlTemplate":"https:\/\/esisoc.com\/?s={search_term_string}"},"query-input":"required name=search_term_string"}],"inLanguage":"pt-PT"},{"@type":"Organization","@id":"https:\/\/esisoc.com\/#organization","name":"ESISOC | ESSID Solutions","url":"https:\/\/esisoc.com\/","logo":{"@type":"ImageObject","inLanguage":"pt-PT","@id":"https:\/\/esisoc.com\/#\/schema\/logo\/image\/","url":"https:\/\/esisoc.com\/wp-content\/uploads\/2024\/02\/logo-esisoc.png","contentUrl":"https:\/\/esisoc.com\/wp-content\/uploads\/2024\/02\/logo-esisoc.png","width":350,"height":63,"caption":"ESISOC | ESSID Solutions"},"image":{"@id":"https:\/\/esisoc.com\/#\/schema\/logo\/image\/"}}]}},"_links":{"self":[{"href":"https:\/\/esisoc.com\/pt\/wp-json\/wp\/v2\/pages\/2806"}],"collection":[{"href":"https:\/\/esisoc.com\/pt\/wp-json\/wp\/v2\/pages"}],"about":[{"href":"https:\/\/esisoc.com\/pt\/wp-json\/wp\/v2\/types\/page"}],"author":[{"embeddable":true,"href":"https:\/\/esisoc.com\/pt\/wp-json\/wp\/v2\/users\/2"}],"replies":[{"embeddable":true,"href":"https:\/\/esisoc.com\/pt\/wp-json\/wp\/v2\/comments?post=2806"}],"version-history":[{"count":1,"href":"https:\/\/esisoc.com\/pt\/wp-json\/wp\/v2\/pages\/2806\/revisions"}],"predecessor-version":[{"id":2808,"href":"https:\/\/esisoc.com\/pt\/wp-json\/wp\/v2\/pages\/2806\/revisions\/2808"}],"wp:attachment":[{"href":"https:\/\/esisoc.com\/pt\/wp-json\/wp\/v2\/media?parent=2806"}],"curies":[{"name":"wp","href":"https:\/\/api.w.org\/{rel}","templated":true}]}}