{"id":2809,"date":"2024-02-18T13:14:55","date_gmt":"2024-02-18T13:14:55","guid":{"rendered":"https:\/\/esisoc.com\/?page_id=2809"},"modified":"2024-02-18T13:14:58","modified_gmt":"2024-02-18T13:14:58","slug":"promotions-policy","status":"publish","type":"page","link":"https:\/\/esisoc.com\/pt\/politica-de-promocoes\/","title":{"rendered":"Pol\u00edtica de promo\u00e7\u00f5es"},"content":{"rendered":"<p><em>A presente Pol\u00edtica de Promo\u00e7\u00f5es foi actualizada pela \u00faltima vez em 22 de dezembro de 2023.<\/em><\/p>\n\n\n\n<p>A presente Pol\u00edtica de Promo\u00e7\u00f5es (\"<strong>Pol\u00edtica<\/strong>\") inclui informa\u00e7\u00f5es sobre os m\u00e9todos que os instrutores da Essiso podem utilizar para promover o seu conte\u00fado, incluindo cup\u00f5es de instrutor, links de refer\u00eancia de cursos e programas de marketing opcionais da Essiso. Esta Pol\u00edtica \u00e9 incorporada por refer\u00eancia na nossa&nbsp;<a href=\"https:\/\/www.udemy.com\/terms\/\" target=\"_blank\" rel=\"noreferrer noopener\">Termos de utiliza\u00e7\u00e3o<\/a>&nbsp;e&nbsp;<a href=\"https:\/\/www.udemy.com\/terms\/instructor\/\" target=\"_blank\" rel=\"noreferrer noopener\">Termos do instrutor<\/a>. Quaisquer termos em mai\u00fasculas que n\u00e3o estejam definidos nesta Pol\u00edtica s\u00e3o definidos conforme especificado nos Termos de Utiliza\u00e7\u00e3o ou nos Termos do Instrutor.<\/p>\n\n\n\n<p>Pode encontrar vers\u00f5es traduzidas da presente Pol\u00edtica seguindo a nossa&nbsp;<a href=\"https:\/\/support.udemy.com\/hc\/articles\/229603768-How-to-Change-Your-Language-Settings\" target=\"_blank\" rel=\"noreferrer noopener\">Instru\u00e7\u00f5es lingu\u00edsticas do Centro de Ajuda<\/a>. As seguintes tradu\u00e7\u00f5es tamb\u00e9m est\u00e3o dispon\u00edveis para idiomas n\u00e3o suportados pelo Centro de Ajuda:<\/p>\n\n\n\n<ul>\n<li>Chin\u00eas - Tradicional (<a href=\"https:\/\/support.udemy.com\/hc\/en-us\/articles\/115013202407#zh-tw\" target=\"_blank\" rel=\"noreferrer noopener\">\u4fc3\u92b7\u653f\u7b56<\/a>)<\/li>\n\n\n\n<li>Chin\u00eas - Simplificado (<a href=\"https:\/\/support.udemy.com\/hc\/en-us\/articles\/115013202407#zh-hk\" target=\"_blank\" rel=\"noreferrer noopener\">\u63a8\u5e7f\u653f\u7b56<\/a>)<\/li>\n\n\n\n<li>neerland\u00eas (<a href=\"https:\/\/support.udemy.com\/hc\/en-us\/articles\/115013202407##nl\" target=\"_blank\" rel=\"noreferrer noopener\">Promotiebeleid<\/a>)<\/li>\n\n\n\n<li>Russo (<a href=\"https:\/\/support.udemy.com\/hc\/en-us\/articles\/115013202407##ru\" target=\"_blank\" rel=\"noreferrer noopener\">\u041f\u043e\u043b\u0438\u0442\u0438\u043a\u0430 \u043f\u043e\u0440\u044f\u0434\u043a\u0430 \u043f\u0440\u043e\u0432\u0435\u0434\u0435\u043d\u0438\u044f \u043f\u0440\u043e\u043c\u043e\u0430\u043a\u0446\u0438\u0439<\/a>)<\/li>\n\n\n\n<li>Romeno (<a href=\"https:\/\/support.udemy.com\/hc\/en-us\/articles\/115013202407##ro\" target=\"_blank\" rel=\"noreferrer noopener\">Pol\u00edtica de promo\u00e7\u00e3o<\/a>)<\/li>\n\n\n\n<li>Indon\u00e9sio (<a href=\"https:\/\/support.udemy.com\/hc\/en-us\/articles\/115013202407##in\" target=\"_blank\" rel=\"noreferrer noopener\">Promo\u00e7\u00e3o de produtos<\/a>)<\/li>\n\n\n\n<li>Tailand\u00eas (<a href=\"https:\/\/support.udemy.com\/hc\/en-us\/articles\/115013202407##th\" target=\"_blank\" rel=\"noreferrer noopener\">\u0e19\u0e42\u0e22\u0e1a\u0e32\u0e22\u0e42\u0e1b\u0e23\u0e42\u0e21\u0e0a\u0e31\u0e48\u0e19<\/a>)<\/li>\n\n\n\n<li>Vietnamita (<a href=\"https:\/\/support.udemy.com\/hc\/en-us\/articles\/115013202407#h_01HJP4K17KNP5JRXRCJRKMFVEZ\" target=\"_blank\" rel=\"noreferrer noopener\">Ch\u00ednh s\u00e1ch khuy\u1ebfn m\u1ea1i<\/a>)<\/li>\n<\/ul>\n\n\n\n<p>Qualquer vers\u00e3o desta Pol\u00edtica num idioma diferente do ingl\u00eas \u00e9 fornecida por conveni\u00eancia e o utilizador compreende e aceita que o idioma ingl\u00eas prevalecer\u00e1 em caso de conflito.<\/p>\n\n\n\n<h2 class=\"wp-block-heading\" id=\"h_01HAQT4TCC7E2B3FDTCFSM3JJ0\"><strong>1. Como funcionam os programas promocionais<\/strong><\/h2>\n\n\n\n<p>A Essiso oferece aos instrutores premium a oportunidade de participar em Programas Promocionais, aos quais pode aderir atrav\u00e9s do&nbsp;<a href=\"https:\/\/www.udemy.com\/user\/edit-instructor-info\/\" target=\"_blank\" rel=\"noreferrer noopener\">P\u00e1gina Acordos promocionais<\/a>&nbsp;das defini\u00e7\u00f5es do seu instrutor ou atrav\u00e9s de um acordo escrito (incluindo por e-mail) entre o utilizador e a Essiso para determinados programas, conforme detalhado abaixo. Os programas espec\u00edficos oferecidos podem mudar de tempos em tempos.&nbsp;<\/p>\n\n\n\n<p>Nem todas as ofertas ou programas estar\u00e3o dispon\u00edveis em todos os territ\u00f3rios geogr\u00e1ficos ou para todos os conte\u00fados da Essiso. A Essiso tem o crit\u00e9rio exclusivo de determinar qual o conte\u00fado a oferecer como parte dos Programas Promocionais e de definir ou atualizar os pre\u00e7os de venda. A Essiso pode remover qualquer conte\u00fado do utilizador dos Programas Promocionais a qualquer momento e a seu exclusivo crit\u00e9rio, com ou sem aviso pr\u00e9vio ao utilizador.<\/p>\n\n\n\n<p>Os montantes de desconto referidos abaixo s\u00e3o aproximados, uma vez que o desconto real pode ser ligeiramente superior devido ao arredondamento e \u00e0 convers\u00e3o de moeda. A Essiso n\u00e3o garante qualquer n\u00edvel m\u00ednimo de sucesso em rela\u00e7\u00e3o aos Programas Promocionais.<\/p>\n\n\n\n<h2 class=\"wp-block-heading\" id=\"h_01HAQT4TCCFSQAX23NV84BPZAA\"><strong>2. Programa Essiso Deals<\/strong><\/h2>\n\n\n\n<p>O Programa de Ofertas da Essiso ajuda a aumentar o seu potencial de receitas, permitindo que a Essiso ofere\u00e7a o seu conte\u00fado com um desconto atraente como parte de promo\u00e7\u00f5es direcionadas, bem como para otimizar o seu pre\u00e7o de lista. O Programa de Ofertas permite que a Essiso ofere\u00e7a o seu conte\u00fado aos estudantes a um pre\u00e7o com desconto ou pre\u00e7o de tabela n\u00e3o inferior a $9,99 USD (ou equivalente local), exceto nas vendas aos revendedores ou distribuidores da Essiso, onde o pre\u00e7o pode ser inferior. Para maior clareza, a Essiso determina os equivalentes locais de $9,99 USD utilizando factores econ\u00f3micos como o poder de compra, em vez de empregar uma convers\u00e3o direta de moeda. Uma tabela de pre\u00e7os m\u00ednimos de venda ap\u00f3s desconto em cada um dos principais mercados da Essiso pode ser encontrada na nossa&nbsp;<a href=\"https:\/\/support.udemy.com\/hc\/articles\/229605368-Instructors-Udemy-s-Pricing-Tiers-For-Courses\" target=\"_blank\" rel=\"noreferrer noopener\">Artigo do Centro de Ajuda sobre n\u00edveis de pre\u00e7os<\/a>. Reservamo-nos o direito de atualizar esta tabela e de alterar as op\u00e7\u00f5es de escal\u00f5es de pre\u00e7os de base periodicamente.<\/p>\n\n\n\n<p>Quando uma venda a um revendedor ou distribuidor da Essiso resultar num pre\u00e7o de venda do seu conte\u00fado inferior ao permitido por esta Pol\u00edtica, a Essiso calcular\u00e1 a sua quota de receitas com base num Montante Bruto permitido por esta Pol\u00edtica.<\/p>\n\n\n\n<p>Ofertas As ofertas do Programa podem ser promovidas atrav\u00e9s dos Servi\u00e7os, comunica\u00e7\u00f5es do utilizador ou plataformas de terceiros, e a dura\u00e7\u00e3o das ofertas pode variar.<\/p>\n\n\n\n<p>O utilizador pode optar por sair do Programa de Ofertas em qualquer altura. No entanto, o seu conte\u00fado continuar\u00e1 a estar sujeito a quaisquer vendas, campanhas ou promo\u00e7\u00f5es aplic\u00e1veis que j\u00e1 estejam activas no momento em que optar por n\u00e3o participar, at\u00e9 que essas vendas, campanhas ou promo\u00e7\u00f5es sejam conclu\u00eddas.<\/p>\n\n\n\n<h2 class=\"wp-block-heading\" id=\"h_01HAQT4TCCRW5RGS9PQPGAVNP7\"><strong>3. Programa Essiso Business<\/strong><\/h2>\n\n\n\n<p>Os instrutores Premium tamb\u00e9m podem participar no nosso programa de subscri\u00e7\u00e3o (\"<strong>Programa Essiso Business<\/strong>\"), sujeito aos termos adicionais desta sec\u00e7\u00e3o. O Programa Essiso Business consiste em colec\u00e7\u00f5es de conte\u00fado baseadas em subscri\u00e7\u00e3o da Essiso dispon\u00edveis para consumidores individuais e clientes empresariais, incluindo organiza\u00e7\u00f5es privadas, p\u00fablicas, sem fins lucrativos e governamentais (\"<strong>Clientes de assinatura<\/strong>\"), que apresenta um grupo selecionado dos melhores conte\u00fados da Essiso para o desenvolvimento de compet\u00eancias profissionais e pessoais.&nbsp;<\/p>\n\n\n\n<p>Ao optar pelo Programa Empresarial da Essiso, concorda em tornar todo o seu conte\u00fado eleg\u00edvel para inclus\u00e3o nas colec\u00e7\u00f5es de conte\u00fado baseadas em subscri\u00e7\u00e3o da Essiso. Podemos optar por selecionar o seu conte\u00fado para inclus\u00e3o em qualquer cole\u00e7\u00e3o, incluindo qualquer complemento, varia\u00e7\u00e3o ou subconjunto dessa cole\u00e7\u00e3o, e podemos alterar a sele\u00e7\u00e3o periodicamente, a nosso exclusivo crit\u00e9rio.<\/p>\n\n\n\n<p>Uma vez que as colec\u00e7\u00f5es se baseiam em subscri\u00e7\u00f5es, podemos selecionar pre\u00e7os de venda e oferecer avalia\u00e7\u00f5es gratuitas \u00e0 nossa discri\u00e7\u00e3o. Enquanto o seu conte\u00fado estiver inclu\u00eddo numa cole\u00e7\u00e3o, n\u00e3o pode cancelar a publica\u00e7\u00e3o desse conte\u00fado ou torn\u00e1-lo privado.&nbsp;<\/p>\n\n\n\n<p>Se concordou em fornecer quaisquer Perguntas de Avalia\u00e7\u00e3o (conforme definido abaixo), tamb\u00e9m est\u00e1 sujeito aos termos adicionais da Sec\u00e7\u00e3o 4 (Avalia\u00e7\u00f5es).<\/p>\n\n\n\n<p>Os instrutores que tenham optado anteriormente pelo \"Programa de Subscri\u00e7\u00e3o Essiso\" est\u00e3o sujeitos aos termos desta sec\u00e7\u00e3o.&nbsp;&nbsp;<\/p>\n\n\n\n<p><strong>3.1 Quota de receitas<\/strong><\/p>\n\n\n\n<p>Ao participar no Programa Essiso Business, o utilizador concorda que, para cada recolha, a sua quota de receitas ser\u00e1 calculada da seguinte forma:<\/p>\n\n\n\n<ol>\n<li>Todos os meses, a Essiso calcular\u00e1 o total das taxas de subscri\u00e7\u00e3o mensal pagas \u00e0 Essiso em nome de todos os actuais Clientes de Subscri\u00e7\u00e3o de tal cole\u00e7\u00e3o, menos quaisquer Impostos de Transa\u00e7\u00e3o aplic\u00e1veis, taxas de c\u00e2mbio e taxas de terceiros, tais como taxas de revendedor, promo\u00e7\u00e3o, distribui\u00e7\u00e3o ou processamento de pagamentos.<\/li>\n\n\n\n<li>Vinte por cento (20%) deste montante ser\u00e3o atribu\u00eddos aos instrutores que participam nessa coleta (\"Instructor Revenue Pool\"), tal como descrito mais adiante. Em 2025, a quota-parte das receitas ser\u00e1 de 17,5%, e em 2026, a quota-parte das receitas ser\u00e1 de 15%.<\/li>\n\n\n\n<li>Todos os meses, a Essiso calcular\u00e1 o total de minutos de conte\u00fado (incluindo v\u00eddeos de cursos, question\u00e1rios, testes pr\u00e1ticos e exerc\u00edcios de codifica\u00e7\u00e3o) nessa cole\u00e7\u00e3o consumidos por todos os actuais Clientes de Subscri\u00e7\u00e3o atrav\u00e9s da sua subscri\u00e7\u00e3o dessa cole\u00e7\u00e3o (\"<strong>Total de minutos consumidos<\/strong>\"). Para maior clareza, o Total de Minutos Consumidos n\u00e3o inclui qualquer consumo por acesso atrav\u00e9s de um teste gratuito.<\/li>\n\n\n\n<li>Todos os meses, a Essiso tamb\u00e9m calcular\u00e1 quantos dos Minutos Totais Consumidos s\u00e3o atribu\u00edveis a cada um dos seus itens de conte\u00fado que foram inclu\u00eddos nessa cole\u00e7\u00e3o nesse m\u00eas (\"<strong>Minutos do seu conte\u00fado<\/strong>&#8220;).<\/li>\n\n\n\n<li>Para calcular a sua quota de receitas todos os meses, a Essiso dividir\u00e1 o Conjunto de Receitas do Instrutor pelo Total de Minutos Consumidos e, em seguida, multiplicar\u00e1 esse valor por minuto pelos Seus Minutos de Conte\u00fado.<\/li>\n<\/ol>\n\n\n\n<p>\u00c0 medida que a Essiso disponibiliza tipos adicionais de conte\u00fado (tais como avalia\u00e7\u00f5es e laborat\u00f3rios) atrav\u00e9s das colec\u00e7\u00f5es, poderemos atualizar a subsec\u00e7\u00e3o (3) acima para especificar tipos adicionais de conte\u00fado que ser\u00e3o inclu\u00eddos nos c\u00e1lculos para determinar o Total de Minutos Consumidos e os Seus Minutos de Conte\u00fado.<\/p>\n\n\n\n<p><strong>3.2 Exclusividade<\/strong><\/p>\n\n\n\n<p>Salvo disposi\u00e7\u00e3o em contr\u00e1rio nas Perguntas de Avalia\u00e7\u00e3o abaixo, assim que o seu conte\u00fado for inclu\u00eddo numa cole\u00e7\u00e3o, o utilizador concorda que n\u00e3o come\u00e7ar\u00e1 a oferecer qualquer conte\u00fado a pedido, como cursos pr\u00e9-gravados, que concorra diretamente com ou prejudique as vendas desse conte\u00fado em qualquer s\u00edtio ou plataforma que n\u00e3o seja o seu. Para que fique claro, isto n\u00e3o inclui obras liter\u00e1rias ou forma\u00e7\u00f5es de instru\u00e7\u00e3o presenciais. Se optar por terminar a sua participa\u00e7\u00e3o no Programa Empresarial da Essiso, concorda que esta disposi\u00e7\u00e3o de exclusividade permanecer\u00e1 em vigor at\u00e9 removermos o seu conte\u00fado de todas as colec\u00e7\u00f5es.<\/p>\n\n\n\n<p><strong>3.3 Rescis\u00e3o<\/strong><\/p>\n\n\n\n<p>O utilizador pode optar por terminar a sua participa\u00e7\u00e3o no Programa Empresarial da Essiso a qualquer momento, enviando um e-mail para instructorsupport@Essiso.com. A Essiso remover\u00e1 o seu conte\u00fado das colec\u00e7\u00f5es no prazo de 12 meses ap\u00f3s a rescis\u00e3o e continuar\u00e1 a pagar-lhe uma participa\u00e7\u00e3o nos lucros com base nas taxas ent\u00e3o em vigor at\u00e9 que o seu conte\u00fado seja removido da cole\u00e7\u00e3o relevante.&nbsp;<\/p>\n\n\n\n<p>Quando o seu conte\u00fado for removido, por qualquer motivo, de uma cole\u00e7\u00e3o, os Clientes de Subscri\u00e7\u00e3o deixar\u00e3o de poder inscrever-se no seu conte\u00fado e deixar\u00e1 de receber a partilha de receitas dessa cole\u00e7\u00e3o. No entanto, qualquer utilizador final individual que se tenha inscrito anteriormente no seu conte\u00fado continuar\u00e1 a poder aceder a esse conte\u00fado enquanto se mantiver inscrito na cole\u00e7\u00e3o relevante.<\/p>\n\n\n\n<h2 class=\"wp-block-heading\" id=\"h_01HAQT4TCCA2WTYXYDH63WJBC5\"><strong>4. Avalia\u00e7\u00f5es<\/strong><\/h2>\n\n\n\n<p>As avalia\u00e7\u00f5es da Essiso (\"<strong>Avalia\u00e7\u00f5es<\/strong>\") consistem em pares de perguntas e respostas com explica\u00e7\u00f5es (cada um, um \"<strong>Pergunta de avalia\u00e7\u00e3o<\/strong>\") para medir a profici\u00eancia e a aprendizagem em determinados t\u00f3picos, compet\u00eancias, dom\u00ednios ou profiss\u00f5es. As Avalia\u00e7\u00f5es s\u00e3o disponibilizadas pela Essiso como um tipo de conte\u00fado aut\u00f3nomo, separado dos cursos. Para maior clareza, testes pr\u00e1ticos, question\u00e1rios, exerc\u00edcios de codifica\u00e7\u00e3o e laborat\u00f3rios n\u00e3o s\u00e3o considerados Avalia\u00e7\u00f5es ou Perguntas de Avalia\u00e7\u00e3o.&nbsp;<\/p>\n\n\n\n<p>Ao fornecer uma Pergunta de Avalia\u00e7\u00e3o, conforme mutuamente acordado entre n\u00f3s por escrito (incluindo por correio eletr\u00f3nico), o utilizador concorda com os termos desta sec\u00e7\u00e3o.<\/p>\n\n\n\n<p>Podemos optar por selecionar a sua Pergunta de Avalia\u00e7\u00e3o para inclus\u00e3o no Essiso.com ou no Programa Empresarial da Essiso, e podemos alterar essa sele\u00e7\u00e3o de tempos a tempos e a nosso exclusivo crit\u00e9rio. Se a sua Pergunta de Avalia\u00e7\u00e3o for inclu\u00edda no Programa Empresarial da Essiso, ent\u00e3o estar\u00e1 sujeito aos termos relevantes para esse programa acima.&nbsp;<\/p>\n\n\n\n<p>O utilizador concorda que as suas Perguntas de Avalia\u00e7\u00e3o cumprir\u00e3o todos os crit\u00e9rios que possam ser acordados por escrito (incluindo por correio eletr\u00f3nico) entre o utilizador e a Essiso, tais como o t\u00f3pico, formato, dom\u00ednio, n\u00edvel de dificuldade e quantidade.<\/p>\n\n\n\n<p>Ao fornecer a sua Pergunta de Avalia\u00e7\u00e3o, o utilizador concede \u00e0 Essiso uma licen\u00e7a exclusiva para utilizar, copiar, reproduzir, distribuir, exibir, publicar e preparar trabalhos derivados da sua Pergunta de Avalia\u00e7\u00e3o. O utilizador concorda que n\u00e3o disponibilizar\u00e1 a sua Pergunta de Avalia\u00e7\u00e3o a terceiros (incluindo atrav\u00e9s do seu pr\u00f3prio site ou plataforma), nem licenciar\u00e1 ou permitir\u00e1 que terceiros o fa\u00e7am.<\/p>\n\n\n\n<p>O utilizador pode optar por rescindir a sua licen\u00e7a de uma Pergunta de Avalia\u00e7\u00e3o em qualquer altura, enviando uma mensagem de correio eletr\u00f3nico para&nbsp;<a href=\"mailto:instructorsupport@udemy.com\" target=\"_blank\" rel=\"noreferrer noopener\">instructorsupport@Essiso.com<\/a>. A Essiso remover\u00e1 a sua Pergunta de Avalia\u00e7\u00e3o dos Servi\u00e7os no prazo de 12 meses ap\u00f3s a cessa\u00e7\u00e3o e continuar\u00e1 a pagar-lhe qualquer quota de receitas relevante com base nas taxas ent\u00e3o em vigor at\u00e9 que a sua Pergunta de Avalia\u00e7\u00e3o seja removida da parte relevante dos Servi\u00e7os.&nbsp;&nbsp;<\/p>\n\n\n\n<h2 class=\"wp-block-heading\" id=\"h_01HAQT4TCCRZAHXABR549YMG95\"><strong>5. Modifica\u00e7\u00f5es<\/strong><\/h2>\n\n\n\n<p>Poderemos atualizar esta Pol\u00edtica periodicamente para clarificar as nossas pr\u00e1ticas ou para refletir pr\u00e1ticas novas ou diferentes. Se efectuarmos qualquer altera\u00e7\u00e3o material, notific\u00e1-lo-emos atrav\u00e9s de meios proeminentes, tais como um aviso por correio eletr\u00f3nico enviado para o endere\u00e7o de correio eletr\u00f3nico especificado na sua conta ou atrav\u00e9s da publica\u00e7\u00e3o de um aviso nos nossos Servi\u00e7os. As altera\u00e7\u00f5es entrar\u00e3o em vigor no dia em que forem publicadas, salvo indica\u00e7\u00e3o em contr\u00e1rio.<\/p>\n\n\n\n<h2 class=\"wp-block-heading\" id=\"h_01HAQT4TCCRYHZJ9PVWV04AHJ7\"><strong>6. Como contactar-nos<\/strong><\/h2>\n\n\n\n<p>Se tiver alguma d\u00favida sobre esta Pol\u00edtica, contacte a nossa&nbsp;<a href=\"https:\/\/support.udemy.com\/hc\/requests\/new?type=instructor\" target=\"_blank\" rel=\"noreferrer noopener\">equipa de apoio<\/a>.<\/p>","protected":false},"excerpt":{"rendered":"<p>Esta Pol\u00edtica de Promo\u00e7\u00f5es foi actualizada pela \u00faltima vez em 22 de dezembro de 2023. Esta Pol\u00edtica de Promo\u00e7\u00f5es (\"Pol\u00edtica\") inclui informa\u00e7\u00f5es sobre os m\u00e9todos que os instrutores da Essiso podem usar para promover o seu conte\u00fado, incluindo cup\u00f5es de instrutor, links de refer\u00eancia de cursos e programas de marketing opcionais da Essiso. Esta Pol\u00edtica \u00e9 incorporada por refer\u00eancia aos nossos Termos de Uso e Termos do Instrutor. Quaisquer termos em mai\u00fasculas que n\u00e3o estejam definidos ... Ler mais <a title=\"Pol\u00edtica de promo\u00e7\u00f5es\" class=\"read-more\" href=\"https:\/\/esisoc.com\/pt\/politica-de-promocoes\/\" aria-label=\"Leia mais sobre Promotions Policy\">Ler mais<\/a><\/p>","protected":false},"author":2,"featured_media":0,"parent":0,"menu_order":0,"comment_status":"closed","ping_status":"closed","template":"","meta":{"footnotes":""},"yoast_head":"<!-- This site is optimized with the Yoast SEO Premium plugin v21.9 (Yoast SEO v21.9.1) - https:\/\/yoast.com\/wordpress\/plugins\/seo\/ -->\n<title>Promotions Policy - ESISOC | ESSID Solutions<\/title>\n<meta name=\"robots\" content=\"index, follow, max-snippet:-1, max-image-preview:large, max-video-preview:-1\" \/>\n<link rel=\"canonical\" href=\"https:\/\/esisoc.com\/pt\/politica-de-promocoes\/\" \/>\n<meta property=\"og:locale\" content=\"pt_PT\" \/>\n<meta property=\"og:type\" content=\"article\" \/>\n<meta property=\"og:title\" content=\"Promotions Policy\" \/>\n<meta property=\"og:description\" content=\"This Promotions Policy was last updated on 22nd December 2023. This Promotions Policy (\u201cPolicy\u201d) includes information about methods that Essiso instructors can use to promote their content, including instructor coupons, course referral links, and Essiso\u2019s optional marketing programs. This Policy is incorporated by reference into our&nbsp;Terms of Use&nbsp;and&nbsp;Instructor Terms. Any capitalized terms that aren\u2019t defined ... Ler mais\" \/>\n<meta property=\"og:url\" content=\"https:\/\/esisoc.com\/pt\/politica-de-promocoes\/\" \/>\n<meta property=\"og:site_name\" content=\"ESISOC | ESSID Solutions\" \/>\n<meta property=\"article:modified_time\" content=\"2024-02-18T13:14:58+00:00\" \/>\n<meta name=\"twitter:card\" content=\"summary_large_image\" \/>\n<meta name=\"twitter:label1\" content=\"Tempo estimado de leitura\" \/>\n\t<meta name=\"twitter:data1\" content=\"8 minutos\" \/>\n<script type=\"application\/ld+json\" class=\"yoast-schema-graph\">{\"@context\":\"https:\/\/schema.org\",\"@graph\":[{\"@type\":\"WebPage\",\"@id\":\"https:\/\/esisoc.com\/promotions-policy\/\",\"url\":\"https:\/\/esisoc.com\/promotions-policy\/\",\"name\":\"Promotions Policy - ESISOC | ESSID Solutions\",\"isPartOf\":{\"@id\":\"https:\/\/esisoc.com\/#website\"},\"datePublished\":\"2024-02-18T13:14:55+00:00\",\"dateModified\":\"2024-02-18T13:14:58+00:00\",\"breadcrumb\":{\"@id\":\"https:\/\/esisoc.com\/promotions-policy\/#breadcrumb\"},\"inLanguage\":\"pt-PT\",\"potentialAction\":[{\"@type\":\"ReadAction\",\"target\":[\"https:\/\/esisoc.com\/promotions-policy\/\"]}]},{\"@type\":\"BreadcrumbList\",\"@id\":\"https:\/\/esisoc.com\/promotions-policy\/#breadcrumb\",\"itemListElement\":[{\"@type\":\"ListItem\",\"position\":1,\"name\":\"Home\",\"item\":\"https:\/\/esisoc.com\/\"},{\"@type\":\"ListItem\",\"position\":2,\"name\":\"Promotions Policy\"}]},{\"@type\":\"WebSite\",\"@id\":\"https:\/\/esisoc.com\/#website\",\"url\":\"https:\/\/esisoc.com\/\",\"name\":\"ESISOC | ESSID Solutions\",\"description\":\"Data Science Consulting and AI | Online Books, Videos, Courses and more\",\"publisher\":{\"@id\":\"https:\/\/esisoc.com\/#organization\"},\"potentialAction\":[{\"@type\":\"SearchAction\",\"target\":{\"@type\":\"EntryPoint\",\"urlTemplate\":\"https:\/\/esisoc.com\/?s={search_term_string}\"},\"query-input\":\"required name=search_term_string\"}],\"inLanguage\":\"pt-PT\"},{\"@type\":\"Organization\",\"@id\":\"https:\/\/esisoc.com\/#organization\",\"name\":\"ESISOC | ESSID Solutions\",\"url\":\"https:\/\/esisoc.com\/\",\"logo\":{\"@type\":\"ImageObject\",\"inLanguage\":\"pt-PT\",\"@id\":\"https:\/\/esisoc.com\/#\/schema\/logo\/image\/\",\"url\":\"https:\/\/esisoc.com\/wp-content\/uploads\/2024\/02\/logo-esisoc.png\",\"contentUrl\":\"https:\/\/esisoc.com\/wp-content\/uploads\/2024\/02\/logo-esisoc.png\",\"width\":350,\"height\":63,\"caption\":\"ESISOC | ESSID Solutions\"},\"image\":{\"@id\":\"https:\/\/esisoc.com\/#\/schema\/logo\/image\/\"}}]}<\/script>\n<!-- \/ Yoast SEO Premium plugin. -->","yoast_head_json":{"title":"Promotions Policy - ESISOC | ESSID Solutions","robots":{"index":"index","follow":"follow","max-snippet":"max-snippet:-1","max-image-preview":"max-image-preview:large","max-video-preview":"max-video-preview:-1"},"canonical":"https:\/\/esisoc.com\/pt\/politica-de-promocoes\/","og_locale":"pt_PT","og_type":"article","og_title":"Promotions Policy","og_description":"This Promotions Policy was last updated on 22nd December 2023. This Promotions Policy (\u201cPolicy\u201d) includes information about methods that Essiso instructors can use to promote their content, including instructor coupons, course referral links, and Essiso\u2019s optional marketing programs. This Policy is incorporated by reference into our&nbsp;Terms of Use&nbsp;and&nbsp;Instructor Terms. Any capitalized terms that aren\u2019t defined ... Ler mais","og_url":"https:\/\/esisoc.com\/pt\/politica-de-promocoes\/","og_site_name":"ESISOC | ESSID Solutions","article_modified_time":"2024-02-18T13:14:58+00:00","twitter_card":"summary_large_image","twitter_misc":{"Tempo estimado de leitura":"8 minutos"},"schema":{"@context":"https:\/\/schema.org","@graph":[{"@type":"WebPage","@id":"https:\/\/esisoc.com\/promotions-policy\/","url":"https:\/\/esisoc.com\/promotions-policy\/","name":"Promotions Policy - ESISOC | ESSID Solutions","isPartOf":{"@id":"https:\/\/esisoc.com\/#website"},"datePublished":"2024-02-18T13:14:55+00:00","dateModified":"2024-02-18T13:14:58+00:00","breadcrumb":{"@id":"https:\/\/esisoc.com\/promotions-policy\/#breadcrumb"},"inLanguage":"pt-PT","potentialAction":[{"@type":"ReadAction","target":["https:\/\/esisoc.com\/promotions-policy\/"]}]},{"@type":"BreadcrumbList","@id":"https:\/\/esisoc.com\/promotions-policy\/#breadcrumb","itemListElement":[{"@type":"ListItem","position":1,"name":"Home","item":"https:\/\/esisoc.com\/"},{"@type":"ListItem","position":2,"name":"Promotions Policy"}]},{"@type":"WebSite","@id":"https:\/\/esisoc.com\/#website","url":"https:\/\/esisoc.com\/","name":"ESISOC | ESSID Solutions","description":"Data Science Consulting and AI | Online Books, Videos, Courses and more","publisher":{"@id":"https:\/\/esisoc.com\/#organization"},"potentialAction":[{"@type":"SearchAction","target":{"@type":"EntryPoint","urlTemplate":"https:\/\/esisoc.com\/?s={search_term_string}"},"query-input":"required name=search_term_string"}],"inLanguage":"pt-PT"},{"@type":"Organization","@id":"https:\/\/esisoc.com\/#organization","name":"ESISOC | ESSID Solutions","url":"https:\/\/esisoc.com\/","logo":{"@type":"ImageObject","inLanguage":"pt-PT","@id":"https:\/\/esisoc.com\/#\/schema\/logo\/image\/","url":"https:\/\/esisoc.com\/wp-content\/uploads\/2024\/02\/logo-esisoc.png","contentUrl":"https:\/\/esisoc.com\/wp-content\/uploads\/2024\/02\/logo-esisoc.png","width":350,"height":63,"caption":"ESISOC | ESSID Solutions"},"image":{"@id":"https:\/\/esisoc.com\/#\/schema\/logo\/image\/"}}]}},"_links":{"self":[{"href":"https:\/\/esisoc.com\/pt\/wp-json\/wp\/v2\/pages\/2809"}],"collection":[{"href":"https:\/\/esisoc.com\/pt\/wp-json\/wp\/v2\/pages"}],"about":[{"href":"https:\/\/esisoc.com\/pt\/wp-json\/wp\/v2\/types\/page"}],"author":[{"embeddable":true,"href":"https:\/\/esisoc.com\/pt\/wp-json\/wp\/v2\/users\/2"}],"replies":[{"embeddable":true,"href":"https:\/\/esisoc.com\/pt\/wp-json\/wp\/v2\/comments?post=2809"}],"version-history":[{"count":1,"href":"https:\/\/esisoc.com\/pt\/wp-json\/wp\/v2\/pages\/2809\/revisions"}],"predecessor-version":[{"id":2811,"href":"https:\/\/esisoc.com\/pt\/wp-json\/wp\/v2\/pages\/2809\/revisions\/2811"}],"wp:attachment":[{"href":"https:\/\/esisoc.com\/pt\/wp-json\/wp\/v2\/media?parent=2809"}],"curies":[{"name":"wp","href":"https:\/\/api.w.org\/{rel}","templated":true}]}}