{"id":659,"date":"2021-04-20T20:09:02","date_gmt":"2021-04-20T20:09:02","guid":{"rendered":"https:\/\/gpsites.co\/cloud\/?page_id=659"},"modified":"2024-02-23T14:50:03","modified_gmt":"2024-02-23T14:50:03","slug":"about","status":"publish","type":"page","link":"https:\/\/esisoc.com\/pt\/sobre\/","title":{"rendered":"Sobre"},"content":{"rendered":"<div class=\"gb-container gb-container-134f4244\">\n<div class=\"gb-container gb-container-f997d5fe\">\n<div class=\"gb-container gb-container-9bf944cc\">\n\n<h2 class=\"gb-headline gb-headline-ab82fada gb-headline-text\">Acerca da ESISOC: Moldar o futuro da excel\u00eancia digital<\/h2>\n\n\n\n<p>No cora\u00e7\u00e3o da ESSID Solutions est\u00e1 uma paix\u00e3o por redefinir os limites do mundo digital. Nascida de uma vis\u00e3o para aproveitar o poder transformador da tecnologia, torn\u00e1mo-nos num farol de inova\u00e7\u00e3o e especializa\u00e7\u00e3o.<\/p>\n\n\n\n<p>A nossa equipa multidisciplinar adora desafios, transformando problemas complexos em solu\u00e7\u00f5es inovadoras em v\u00e1rios dom\u00ednios. Desde big data e IA at\u00e9 estrat\u00e9gias abrangentes de marketing digital, os nossos esfor\u00e7os s\u00e3o alimentados por um compromisso com os nossos clientes, com o objetivo de impulsionar os seus neg\u00f3cios para a vanguarda dos seus sectores.<\/p>\n\n\n\n<p>Entre no nosso mundo e descubra uma parceria onde a sua vis\u00e3o se encontra com a nossa paix\u00e3o, resultando numa excel\u00eancia digital sem paralelo.<\/p>\n\n<\/div>\n\n<div class=\"gb-container gb-container-02de4410\">\n\n<figure class=\"wp-block-image size-large photo-shadow img\"><img loading=\"lazy\" decoding=\"async\" width=\"800\" height=\"533\" src=\"https:\/\/esisoc.com\/wp-content\/uploads\/2021\/04\/peter-gombos-8y3e2M6APy4-unsplash.jpg\" alt=\"\" class=\"wp-image-448\" srcset=\"https:\/\/esisoc.com\/wp-content\/uploads\/2021\/04\/peter-gombos-8y3e2M6APy4-unsplash.jpg 800w, https:\/\/esisoc.com\/wp-content\/uploads\/2021\/04\/peter-gombos-8y3e2M6APy4-unsplash-600x400.jpg 600w, https:\/\/esisoc.com\/wp-content\/uploads\/2021\/04\/peter-gombos-8y3e2M6APy4-unsplash-300x200.jpg 300w, https:\/\/esisoc.com\/wp-content\/uploads\/2021\/04\/peter-gombos-8y3e2M6APy4-unsplash-768x512.jpg 768w\" sizes=\"(max-width: 800px) 100vw, 800px\" \/><\/figure>\n\n<\/div>\n<\/div>\n<\/div>\n\n<div class=\"gb-container gb-container-5274ce86\">\n\n<h3 class=\"gb-headline gb-headline-07023119 gb-headline-text\">Veja como podemos tornar a sua empresa mais eficiente<\/h3>\n\n\n<div class=\"gb-button-wrapper gb-button-wrapper-a9ecfcf8\">\n\n<a class=\"gb-button gb-button-388980d5\" href=\"https:\/\/esisoc.com\/pt\/servicos\/\" target=\"_blank\" rel=\"noopener noreferrer\"><span class=\"gb-button-text\">Ver os nossos servi\u00e7os<\/span><span class=\"gb-icon\"><svg viewbox=\"0 0 16 16\" class=\"bi bi-arrow-right-short\" fill=\"currentColor\" height=\"16\" width=\"16\" xmlns=\"http:\/\/www.w3.org\/2000\/svg\">   <path d=\"M4 8a.5.5 0 0 1 .5-.5h5.793L8.146 5.354a.5.5 0 1 1 .708-.708l3 3a.5.5 0 0 1 0 .708l-3 3a.5.5 0 0 1-.708-.708L10.293 8.5H4.5A.5.5 0 0 1 4 8z\" fill-rule=\"evenodd\"><\/path> <\/svg><\/span><\/a>\n\n<\/div>\n<\/div>","protected":false},"excerpt":{"rendered":"<p>Acerca da ESISOC : Moldar o futuro da excel\u00eancia digital No cora\u00e7\u00e3o da ESSID Solutions est\u00e1 uma paix\u00e3o por redefinir os limites do mundo digital. Nascida de uma vis\u00e3o para aproveitar o poder transformador da tecnologia, torn\u00e1mo-nos num farol de inova\u00e7\u00e3o e especializa\u00e7\u00e3o. A nossa equipa multidisciplinar adora desafios, transformando problemas complexos ... Ler mais <a title=\"Sobre\" class=\"read-more\" href=\"https:\/\/esisoc.com\/pt\/sobre\/\" aria-label=\"Leia mais sobre About\">Ler mais<\/a><\/p>","protected":false},"author":2,"featured_media":0,"parent":0,"menu_order":0,"comment_status":"closed","ping_status":"closed","template":"","meta":{"footnotes":""},"yoast_head":"<!-- This site is optimized with the Yoast SEO Premium plugin v21.9 (Yoast SEO v21.9.1) - https:\/\/yoast.com\/wordpress\/plugins\/seo\/ -->\n<title>About - ESISOC | ESSID Solutions<\/title>\n<meta name=\"robots\" content=\"index, follow, max-snippet:-1, max-image-preview:large, max-video-preview:-1\" \/>\n<link rel=\"canonical\" href=\"https:\/\/esisoc.com\/pt\/sobre\/\" \/>\n<meta property=\"og:locale\" content=\"pt_PT\" \/>\n<meta property=\"og:type\" content=\"article\" \/>\n<meta property=\"og:title\" content=\"About\" \/>\n<meta property=\"og:description\" content=\"About ESISOC : Shaping the Future of Digital Excellence At the heart of ESSID Solutions lies a passion for redefining the boundaries of the digital world. Born from a vision to harness the transformative power of technology, we\u2019ve grown into a beacon of innovation and expertise. Our multidisciplinary team thrives on challenges, turning complex problems ... Ler mais\" \/>\n<meta property=\"og:url\" content=\"https:\/\/esisoc.com\/pt\/sobre\/\" \/>\n<meta property=\"og:site_name\" content=\"ESISOC | ESSID Solutions\" \/>\n<meta property=\"article:modified_time\" content=\"2024-02-23T14:50:03+00:00\" \/>\n<meta property=\"og:image\" content=\"https:\/\/esisoc.com\/wp-content\/uploads\/2021\/04\/peter-gombos-8y3e2M6APy4-unsplash.jpg\" \/>\n<meta name=\"twitter:card\" content=\"summary_large_image\" \/>\n<meta name=\"twitter:label1\" content=\"Tempo estimado de leitura\" \/>\n\t<meta name=\"twitter:data1\" content=\"1 minuto\" \/>\n<script type=\"application\/ld+json\" class=\"yoast-schema-graph\">{\"@context\":\"https:\/\/schema.org\",\"@graph\":[{\"@type\":\"WebPage\",\"@id\":\"https:\/\/esisoc.com\/about\/\",\"url\":\"https:\/\/esisoc.com\/about\/\",\"name\":\"About - ESISOC | ESSID Solutions\",\"isPartOf\":{\"@id\":\"https:\/\/esisoc.com\/#website\"},\"datePublished\":\"2021-04-20T20:09:02+00:00\",\"dateModified\":\"2024-02-23T14:50:03+00:00\",\"breadcrumb\":{\"@id\":\"https:\/\/esisoc.com\/about\/#breadcrumb\"},\"inLanguage\":\"pt-PT\",\"potentialAction\":[{\"@type\":\"ReadAction\",\"target\":[\"https:\/\/esisoc.com\/about\/\"]}]},{\"@type\":\"BreadcrumbList\",\"@id\":\"https:\/\/esisoc.com\/about\/#breadcrumb\",\"itemListElement\":[{\"@type\":\"ListItem\",\"position\":1,\"name\":\"Home\",\"item\":\"https:\/\/esisoc.com\/\"},{\"@type\":\"ListItem\",\"position\":2,\"name\":\"About\"}]},{\"@type\":\"WebSite\",\"@id\":\"https:\/\/esisoc.com\/#website\",\"url\":\"https:\/\/esisoc.com\/\",\"name\":\"ESISOC | ESSID Solutions\",\"description\":\"Data Science Consulting and AI | Online Books, Videos, Courses and more\",\"publisher\":{\"@id\":\"https:\/\/esisoc.com\/#organization\"},\"potentialAction\":[{\"@type\":\"SearchAction\",\"target\":{\"@type\":\"EntryPoint\",\"urlTemplate\":\"https:\/\/esisoc.com\/?s={search_term_string}\"},\"query-input\":\"required name=search_term_string\"}],\"inLanguage\":\"pt-PT\"},{\"@type\":\"Organization\",\"@id\":\"https:\/\/esisoc.com\/#organization\",\"name\":\"ESISOC | ESSID Solutions\",\"url\":\"https:\/\/esisoc.com\/\",\"logo\":{\"@type\":\"ImageObject\",\"inLanguage\":\"pt-PT\",\"@id\":\"https:\/\/esisoc.com\/#\/schema\/logo\/image\/\",\"url\":\"https:\/\/esisoc.com\/wp-content\/uploads\/2024\/02\/logo-esisoc.png\",\"contentUrl\":\"https:\/\/esisoc.com\/wp-content\/uploads\/2024\/02\/logo-esisoc.png\",\"width\":350,\"height\":63,\"caption\":\"ESISOC | ESSID Solutions\"},\"image\":{\"@id\":\"https:\/\/esisoc.com\/#\/schema\/logo\/image\/\"}}]}<\/script>\n<!-- \/ Yoast SEO Premium plugin. -->","yoast_head_json":{"title":"About - ESISOC | ESSID Solutions","robots":{"index":"index","follow":"follow","max-snippet":"max-snippet:-1","max-image-preview":"max-image-preview:large","max-video-preview":"max-video-preview:-1"},"canonical":"https:\/\/esisoc.com\/pt\/sobre\/","og_locale":"pt_PT","og_type":"article","og_title":"About","og_description":"About ESISOC : Shaping the Future of Digital Excellence At the heart of ESSID Solutions lies a passion for redefining the boundaries of the digital world. Born from a vision to harness the transformative power of technology, we\u2019ve grown into a beacon of innovation and expertise. Our multidisciplinary team thrives on challenges, turning complex problems ... Ler mais","og_url":"https:\/\/esisoc.com\/pt\/sobre\/","og_site_name":"ESISOC | ESSID Solutions","article_modified_time":"2024-02-23T14:50:03+00:00","og_image":[{"url":"https:\/\/esisoc.com\/wp-content\/uploads\/2021\/04\/peter-gombos-8y3e2M6APy4-unsplash.jpg"}],"twitter_card":"summary_large_image","twitter_misc":{"Tempo estimado de leitura":"1 minuto"},"schema":{"@context":"https:\/\/schema.org","@graph":[{"@type":"WebPage","@id":"https:\/\/esisoc.com\/about\/","url":"https:\/\/esisoc.com\/about\/","name":"About - ESISOC | ESSID Solutions","isPartOf":{"@id":"https:\/\/esisoc.com\/#website"},"datePublished":"2021-04-20T20:09:02+00:00","dateModified":"2024-02-23T14:50:03+00:00","breadcrumb":{"@id":"https:\/\/esisoc.com\/about\/#breadcrumb"},"inLanguage":"pt-PT","potentialAction":[{"@type":"ReadAction","target":["https:\/\/esisoc.com\/about\/"]}]},{"@type":"BreadcrumbList","@id":"https:\/\/esisoc.com\/about\/#breadcrumb","itemListElement":[{"@type":"ListItem","position":1,"name":"Home","item":"https:\/\/esisoc.com\/"},{"@type":"ListItem","position":2,"name":"About"}]},{"@type":"WebSite","@id":"https:\/\/esisoc.com\/#website","url":"https:\/\/esisoc.com\/","name":"ESISOC | ESSID Solutions","description":"Data Science Consulting and AI | Online Books, Videos, Courses and more","publisher":{"@id":"https:\/\/esisoc.com\/#organization"},"potentialAction":[{"@type":"SearchAction","target":{"@type":"EntryPoint","urlTemplate":"https:\/\/esisoc.com\/?s={search_term_string}"},"query-input":"required name=search_term_string"}],"inLanguage":"pt-PT"},{"@type":"Organization","@id":"https:\/\/esisoc.com\/#organization","name":"ESISOC | ESSID Solutions","url":"https:\/\/esisoc.com\/","logo":{"@type":"ImageObject","inLanguage":"pt-PT","@id":"https:\/\/esisoc.com\/#\/schema\/logo\/image\/","url":"https:\/\/esisoc.com\/wp-content\/uploads\/2024\/02\/logo-esisoc.png","contentUrl":"https:\/\/esisoc.com\/wp-content\/uploads\/2024\/02\/logo-esisoc.png","width":350,"height":63,"caption":"ESISOC | ESSID Solutions"},"image":{"@id":"https:\/\/esisoc.com\/#\/schema\/logo\/image\/"}}]}},"_links":{"self":[{"href":"https:\/\/esisoc.com\/pt\/wp-json\/wp\/v2\/pages\/659"}],"collection":[{"href":"https:\/\/esisoc.com\/pt\/wp-json\/wp\/v2\/pages"}],"about":[{"href":"https:\/\/esisoc.com\/pt\/wp-json\/wp\/v2\/types\/page"}],"author":[{"embeddable":true,"href":"https:\/\/esisoc.com\/pt\/wp-json\/wp\/v2\/users\/2"}],"replies":[{"embeddable":true,"href":"https:\/\/esisoc.com\/pt\/wp-json\/wp\/v2\/comments?post=659"}],"version-history":[{"count":4,"href":"https:\/\/esisoc.com\/pt\/wp-json\/wp\/v2\/pages\/659\/revisions"}],"predecessor-version":[{"id":3304,"href":"https:\/\/esisoc.com\/pt\/wp-json\/wp\/v2\/pages\/659\/revisions\/3304"}],"wp:attachment":[{"href":"https:\/\/esisoc.com\/pt\/wp-json\/wp\/v2\/media?parent=659"}],"curies":[{"name":"wp","href":"https:\/\/api.w.org\/{rel}","templated":true}]}}